{"id":42118,"date":"2025-12-16T01:53:41","date_gmt":"2025-12-16T09:53:41","guid":{"rendered":"https:\/\/tangooled.com\/?post_type=product&#038;p=42118"},"modified":"2026-02-02T22:09:04","modified_gmt":"2026-02-03T06:09:04","slug":"waist-line-wall-recessed-lighting-indirect-ceiling-cove-12mm-led-strip-profile","status":"publish","type":"product","link":"https:\/\/tangooled.com\/fr\/product\/waist-line-wall-recessed-lighting-indirect-ceiling-cove-12mm-led-strip-profile\/","title":{"rendered":"Profil\u00e9 de bande LED de 12 mm pour \u00e9clairage indirect int\u00e9gr\u00e9 au mur du plafond"},"content":{"rendered":"<div class=\"wp-block-group is-vertical is-layout-flex wp-container-core-group-is-layout-d255d7c4 wp-block-group-is-layout-flex\" style=\"padding-top:var(--wp--preset--spacing--80);padding-bottom:var(--wp--preset--spacing--80)\">\n<p>Notre profil LED encastr\u00e9 \u00e0 la taille de taille est un canal en aluminium \u00e9l\u00e9gant qui illuminera vos murs et plafonds avec une lumi\u00e8re douce et brillante. Il s'int\u00e8gre parfaitement dans les plaques de pl\u00e2tre sans aucune finition, cachant la source de lumi\u00e8re et lui donnant un aspect propre et moderne. Cette technique donne l'impression que la lumi\u00e8re provient directement de la surface.<\/p>\n\n\n\n<p>Le profil peut accueillir des bandes LED jusqu'\u00e0 12mm de large et fonctionne le mieux pour l'\u00e9clairage indirect. Vous pouvez le placer dans une jonction mur-plafond ou \u00e0 hauteur de taille sur les murs pour cr\u00e9er une douce lueur chaleureuse qui transforme et am\u00e9liore l'atmosph\u00e8re de n'importe quelle pi\u00e8ce.<\/p>\n<\/div>\n\n\n\n<div class=\"wp-block-group has-background is-vertical is-layout-flex wp-container-core-group-is-layout-d255d7c4 wp-block-group-is-layout-flex\" style=\"background-color:#f1f1f1;padding-top:var(--wp--preset--spacing--80);padding-bottom:var(--wp--preset--spacing--80)\">\n<div class=\"wp-block-group is-vertical is-layout-flex wp-container-core-group-is-layout-8cf370e7 wp-block-group-is-layout-flex\">\n<h2 class=\"wp-block-heading\" style=\"padding-top:var(--wp--preset--spacing--40);padding-bottom:var(--wp--preset--spacing--40);font-size:25px;font-style:normal;font-weight:600;text-transform:capitalize\">Pourquoi choisir notre profil LED encastr\u00e9 \u00e0 la taille de taille ?<\/h2>\n\n\n\n<ul class=\"wp-block-list\">\n<li>L'\u00e9clairage est sans couture et sans points, avec un couvercle opale diffusant offrant une lueur lisse et uniforme.<\/li>\n\n\n\n<li>Fabriqu\u00e9 en aluminium anodis\u00e9 6063-T5 pour un solide dissipateur de chaleur et une longue dur\u00e9e de vie.&nbsp;<\/li>\n\n\n\n<li>Convient aux bandes LED standard de 12mm et fonctionne avec de nombreuses marques pour vous permettre de choisir la luminosit\u00e9 et les couleurs que vous souhaitez.<\/li>\n\n\n\n<li>Facile \u00e0 installer dans des plaques de pl\u00e2tre de 15mm.&nbsp;<\/li>\n\n\n\n<li>Offre un look architectural propre sans bords visibles.&nbsp;<\/li>\n\n\n\n<li>Prend en charge les courses continues et les connexions d'angle.<\/li>\n<\/ul>\n<\/div>\n<\/div>\n\n\n\n<div class=\"wp-block-group is-vertical is-layout-flex wp-container-core-group-is-layout-d255d7c4 wp-block-group-is-layout-flex\" style=\"padding-top:var(--wp--preset--spacing--80);padding-bottom:var(--wp--preset--spacing--80)\">\n<hr class=\"wp-block-separator has-alpha-channel-opacity\"\/>\n\n\n\n<div class=\"wp-block-media-text has-media-on-the-right is-stacked-on-mobile\" style=\"grid-template-columns:auto 40%\"><div class=\"wp-block-media-text__content\">\n<h2 class=\"wp-block-heading\" style=\"padding-top:var(--wp--preset--spacing--40);padding-bottom:var(--wp--preset--spacing--40);font-size:25px;font-style:normal;font-weight:600;text-transform:capitalize\">Conseils d'installation<\/h2>\n\n\n\n<ul class=\"wp-block-list\">\n<li>Fixez directement le profil \u00e0 l'ossature avant d'installer la plaque de pl\u00e2tre.<\/li>\n\n\n\n<li>Appliquez le compos\u00e9 \u00e0 joint ou le pl\u00e2tre sur le rebord et poncez lisse.<\/li>\n\n\n\n<li>Placez votre bande LED de 12mm choisie \u00e0 l'int\u00e9rieur et recouvrez-la avec le diffuseur inclus.<\/li>\n\n\n\n<li>Utilisez des pilotes et des variateurs LED pour modifier la luminosit\u00e9 et la temp\u00e9rature de couleur.<\/li>\n<\/ul>\n<\/div><figure class=\"wp-block-media-text__media\"><img loading=\"lazy\" decoding=\"async\" width=\"500\" height=\"500\" src=\"https:\/\/tangooled.com\/wp-content\/uploads\/2025\/12\/sk10-ins.webp\" alt=\"waist line wall recessed lighting indirect ceiling cove 12mm led strip profile\" class=\"wp-image-42154 size-full\" srcset=\"https:\/\/tangooled.com\/wp-content\/uploads\/2025\/12\/sk10-ins.webp 500w, https:\/\/tangooled.com\/wp-content\/uploads\/2025\/12\/sk10-ins-300x300.webp 300w, https:\/\/tangooled.com\/wp-content\/uploads\/2025\/12\/sk10-ins-150x150.webp 150w\" sizes=\"auto, (max-width: 500px) 100vw, 500px\" \/><\/figure><\/div>\n<\/div>\n\n\n\n<div class=\"wp-block-group has-background is-vertical is-layout-flex wp-container-core-group-is-layout-b429018a wp-block-group-is-layout-flex\" style=\"background-color:#f1f1f1f2;padding-top:var(--wp--preset--spacing--70);padding-bottom:var(--wp--preset--spacing--70)\">\n<h2 class=\"wp-block-heading\" style=\"padding-top:var(--wp--preset--spacing--40);padding-bottom:var(--wp--preset--spacing--40);font-size:25px;font-style:normal;font-weight:600\">Comment utiliser : Sc\u00e9narios d'utilisation<\/h2>\n\n\n\n<ul class=\"wp-block-list\">\n<li>Cove lighting for the ceiling: To make a glowing cove light, put this profile where the wall and ceiling meet. This can make the ceiling look like it&#8217;s floating, which makes spaces feel bigger and gentler.<\/li>\n\n\n\n<li>\u00c9clairage encastr\u00e9 dans le mur \u00e0 la taille : Pour un \u00e9clairage d'accent color\u00e9 et moderne dans les couloirs ou pour aider les gens \u00e0 s'orienter dans les h\u00f4tels et bureaux, placez-les horizontalement \u00e0 environ hauteur de taille.<\/li>\n\n\n\n<li>\u00c9clairage au niveau de la plinthe et du sol : Vous pouvez l'utiliser au niveau du sol pour \u00e9clairer doucement un chemin ou attirer l'attention sur des \u00e9l\u00e9ments architecturaux avec une ligne douce de lumi\u00e8re LED indirecte.<\/li>\n\n\n\n<li>Accents sur le mur : Utilisez ce profil verticalement pour laver les murs ou mettre en valeur des d\u00e9tails architecturaux sans \u00e9blouissement ni zones dures.<\/li>\n<\/ul>\n<\/div>\n\n\n\n<div class=\"wp-block-group is-vertical is-layout-flex wp-container-core-group-is-layout-d255d7c4 wp-block-group-is-layout-flex\" style=\"padding-top:var(--wp--preset--spacing--80);padding-bottom:var(--wp--preset--spacing--80)\">\n<h2 class=\"wp-block-heading\" style=\"padding-top:var(--wp--preset--spacing--40);padding-bottom:var(--wp--preset--spacing--40);font-size:25px;font-style:normal;font-weight:600;text-transform:capitalize\">Explorer les Produits Associ\u00e9s<\/h2>\n\n\n\n<p>Vous pourriez aimer ces autres profils pour vos projets LED :<\/p>\n\n\n\n<ul class=\"wp-block-list\">\n<li><a href=\"https:\/\/tangooled.com\/fr\/product\/black-led-diffuser-aluminum-channel-for-12mm-tape-lights\/\"><mark style=\"background-color:rgba(0, 0, 0, 0)\" class=\"has-inline-color has-vivid-red-color\">Profil en aluminium avec diffuseur LED noir pour bandes de 12 mm<\/mark><\/a><\/li>\n\n\n\n<li><a href=\"https:\/\/tangooled.com\/fr\/product\/18x18mm-led-strip-corner-profile-for-12mm-led-strips\/\"><mark style=\"background-color:rgba(0, 0, 0, 0)\" class=\"has-inline-color has-vivid-red-color\">Profil d\u2019angle 18x18 mm pour bandes LED de 12 mm<\/mark><\/a><\/li>\n\n\n\n<li><a href=\"https:\/\/tangooled.com\/fr\/product\/aluminum-drywall-led-skirting-profile-for-12mm-tape-light\/\"><mark style=\"background-color:rgba(0, 0, 0, 0)\" class=\"has-inline-color has-vivid-red-color\">Profil de plinthe LED en aluminium pour bandes lumineuses de 12 mm<\/mark><\/a><\/li>\n\n\n\n<li><a href=\"https:\/\/tangooled.com\/fr\/product\/recessed-led-aluminum-profile-up-and-down-lighting-channel-for-cabinet\/\"><mark style=\"background-color:rgba(0, 0, 0, 0)\" class=\"has-inline-color has-vivid-red-color\">Profil en aluminium LED encastr\u00e9 pour \u00e9clairage sup\u00e9rieur et inf\u00e9rieur pour meuble<\/mark><\/a><\/li>\n<\/ul>\n<\/div>\n\n\n\n<div class=\"wp-block-group has-background\" style=\"background-color:#f1f1f1;padding-top:var(--wp--preset--spacing--80);padding-bottom:var(--wp--preset--spacing--80)\"><div class=\"wp-block-group__inner-container is-layout-constrained wp-block-group-is-layout-constrained\">\n<h2 class=\"wp-block-heading\" style=\"padding-top:var(--wp--preset--spacing--40);padding-right:0;padding-bottom:var(--wp--preset--spacing--40);padding-left:0;font-size:25px;font-style:normal;font-weight:600;text-transform:capitalize\">r\u00e9sum\u00e9<\/h2>\n\n\n\n<p style=\"padding-right:var(--wp--preset--spacing--50);padding-left:var(--wp--preset--spacing--50)\">Notre profil LED encastr\u00e9 \u00e0 la taille de taille est l'approche id\u00e9ale pour obtenir un \u00e9clairage en corniche indirect et un \u00e9clairage d'accent propre et lisse. Ce profil en aluminium de qualit\u00e9 architecturale est facile \u00e0 installer dans des plaques de pl\u00e2tre. Il s'adapte aux bandes LED de 12mm et cr\u00e9e une lumi\u00e8re douce, sans points. Utilisez-le sur les murs, les plafonds, les plinthes ou les niches pour ajouter une lumi\u00e8re \u00e9l\u00e9gante et sans \u00e9blouissement \u00e0 n'importe quelle pi\u00e8ce.<\/p>\n<\/div><\/div>\n\n\n\n<p><\/p>","protected":false},"featured_media":13688,"template":"","meta":{"_acf_changed":true,"_seopress_robots_primary_cat":"none","_seopress_titles_title":"Waist Line Wall Recessed LED Profile for Indirect Lighting SK10 | TANGOOLED","_seopress_titles_desc":"The SK10 is a versatile waist line wall recessed led profile for 12mm strips. Create seamless horizontal light accents or small ceiling coves with this architectural aluminum channel.","_seopress_robots_index":""},"pcb-width":[228],"product-cat":[198],"class_list":{"0":"post-42118","1":"product","2":"type-product","3":"status-publish","4":"has-post-thumbnail","6":"pcb-width-6-12mm","7":"product-cat-skirting-profile"},"acf":[],"_links":{"self":[{"href":"https:\/\/tangooled.com\/fr\/wp-json\/wp\/v2\/product\/42118","targetHints":{"allow":["GET"]}}],"collection":[{"href":"https:\/\/tangooled.com\/fr\/wp-json\/wp\/v2\/product"}],"about":[{"href":"https:\/\/tangooled.com\/fr\/wp-json\/wp\/v2\/types\/product"}],"wp:featuredmedia":[{"embeddable":true,"href":"https:\/\/tangooled.com\/fr\/wp-json\/wp\/v2\/media\/13688"}],"wp:attachment":[{"href":"https:\/\/tangooled.com\/fr\/wp-json\/wp\/v2\/media?parent=42118"}],"wp:term":[{"taxonomy":"pcb-width","embeddable":true,"href":"https:\/\/tangooled.com\/fr\/wp-json\/wp\/v2\/pcb-width?post=42118"},{"taxonomy":"product-cat","embeddable":true,"href":"https:\/\/tangooled.com\/fr\/wp-json\/wp\/v2\/product-cat?post=42118"}],"curies":[{"name":"wp","href":"https:\/\/api.w.org\/{rel}","templated":true}]}}