{"id":42116,"date":"2025-12-16T01:45:06","date_gmt":"2025-12-16T09:45:06","guid":{"rendered":"https:\/\/tangooled.com\/?post_type=product&#038;p=42116"},"modified":"2026-02-02T22:08:49","modified_gmt":"2026-02-03T06:08:49","slug":"low-lighting-led-strip-skirting-board-trim-channel-for-10mm-led-strip","status":"publish","type":"product","link":"https:\/\/tangooled.com\/fr\/product\/low-lighting-led-strip-skirting-board-trim-channel-for-10mm-led-strip\/","title":{"rendered":"Plinthe d'\u00e9clairage LED pour bande de 10 mm"},"content":{"rendered":"<div class=\"wp-block-group is-vertical is-layout-flex wp-container-core-group-is-layout-d255d7c4 wp-block-group-is-layout-flex\" style=\"padding-top:var(--wp--preset--spacing--80);padding-bottom:var(--wp--preset--spacing--80)\">\n<p>Notre plinthe \u00e0 \u00e9clairage LED basse fonctionne aussi bien avec les murs carrel\u00e9s qu'avec ceux en placage bois. Le canal de plinthe LED en aluminium est cach\u00e9 l\u00e0 o\u00f9 le mur en carrelage rencontre le sol. Il fournit non seulement une lumi\u00e8re ambiante agr\u00e9able dans les petits espaces, mais s'int\u00e8gre aussi dans diff\u00e9rents styles de pi\u00e8ces.\u00a0<\/p>\n\n\n\n<p>This low lighting led skirting channel is 10 mm wide and 70 mm tall. It\u2019s suitable for compact spaces, such as kitchens and bathrooms, where space is relatively small. Its slim size won\u2019t take up too much space.<\/p>\n\n\n\n<p>La lumi\u00e8re de ce profil de plinthe LED brille vers le bas et est refl\u00e9t\u00e9e \u00e0 travers les arcs des profils vers la zone du sol, \u00e9vitant ainsi les probl\u00e8mes d'\u00e9blouissement et am\u00e9liorant le confort de l'\u00e9clairage des plinthes LED.<\/p>\n<\/div>\n\n\n\n<div class=\"wp-block-group has-background is-vertical is-layout-flex wp-container-core-group-is-layout-d255d7c4 wp-block-group-is-layout-flex\" style=\"background-color:#f1f1f1;padding-top:var(--wp--preset--spacing--80);padding-bottom:var(--wp--preset--spacing--80)\">\n<div class=\"wp-block-group is-vertical is-layout-flex wp-container-core-group-is-layout-8cf370e7 wp-block-group-is-layout-flex\">\n<h2 class=\"wp-block-heading\" style=\"padding-top:var(--wp--preset--spacing--40);padding-bottom:var(--wp--preset--spacing--40);font-size:25px;font-style:normal;font-weight:600;text-transform:capitalize\">Pourquoi choisir notre canal de plinthe \u00e0 \u00e9clairage LED basse ?<\/h2>\n\n\n\n<ul class=\"wp-block-list\">\n<li>S'adapte parfaitement aux bandes LED de 10 mm, vous permettant d'avoir un design \u00e9pur\u00e9 sans lumi\u00e8res ni c\u00e2bles visibles.<\/li>\n\n\n\n<li>Fabriqu\u00e9 en alliage d'aluminium 6063-T5 robuste, ce qui garde vos bandes LED au frais et en s\u00e9curit\u00e9.<\/li>\n\n\n\n<li>Il dispose d'un couvercle diffuseur d\u00e9poli qui rend la lumi\u00e8re douce et uniforme, sans points lumineux ni \u00e9blouissement.<\/li>\n\n\n\n<li>Con\u00e7u pour une installation encastr\u00e9e ou int\u00e9gr\u00e9e, s'adapte parfaitement \u00e0 vos murs ou plinthes pour un aspect soign\u00e9.<\/li>\n\n\n\n<li>Disponible en finitions en poudre argent\u00e9e, blanche et noire pour compl\u00e9ter le design de votre espace.\u00a0<\/li>\n\n\n\n<li>Vous pouvez facilement le d\u00e9couper \u00e0 la longueur souhait\u00e9e.<\/li>\n<\/ul>\n<\/div>\n<\/div>\n\n\n\n<div class=\"wp-block-group is-vertical is-layout-flex wp-container-core-group-is-layout-d255d7c4 wp-block-group-is-layout-flex\" style=\"padding-top:var(--wp--preset--spacing--80);padding-bottom:var(--wp--preset--spacing--80)\">\n<hr class=\"wp-block-separator has-alpha-channel-opacity\"\/>\n\n\n\n<div class=\"wp-block-media-text has-media-on-the-right is-stacked-on-mobile\" style=\"grid-template-columns:auto 40%\"><div class=\"wp-block-media-text__content\">\n<h2 class=\"wp-block-heading\" style=\"padding-top:var(--wp--preset--spacing--40);padding-bottom:var(--wp--preset--spacing--40);font-size:25px;font-style:normal;font-weight:600;text-transform:capitalize\">\u00c9tapes pour l'installation<\/h2>\n\n\n\n<ul class=\"wp-block-list\">\n<li>Coupez le canal et le couvercle diffuseur \u00e0 la longueur de votre plinthe.<\/li>\n\n\n\n<li>Set the aluminum\u00a0profile back into drywall, plasterboard, or already-installed skirting trimmings.<\/li>\n\n\n\n<li>Pour donner un aspect propre et lisse au mur, recouvrez les ailes de montage avec du pl\u00e2tre.<\/li>\n\n\n\n<li>Placez votre bande LED de 10 mm dans le canal.<\/li>\n\n\n\n<li>Pour adoucir la lumi\u00e8re, clipsez le couvercle diffuseur sur le canal.<\/li>\n\n\n\n<li>Branchez-le et profitez de vos nouvelles lumi\u00e8res ambiantes.<\/li>\n<\/ul>\n<\/div><figure class=\"wp-block-media-text__media\"><img loading=\"lazy\" decoding=\"async\" width=\"500\" height=\"500\" src=\"https:\/\/tangooled.com\/wp-content\/uploads\/2025\/12\/sk09-ins.webp\" alt=\"low lighting led strip skirting board trim channel for 10mm led strip\" class=\"wp-image-42153 size-full\" srcset=\"https:\/\/tangooled.com\/wp-content\/uploads\/2025\/12\/sk09-ins.webp 500w, https:\/\/tangooled.com\/wp-content\/uploads\/2025\/12\/sk09-ins-300x300.webp 300w, https:\/\/tangooled.com\/wp-content\/uploads\/2025\/12\/sk09-ins-150x150.webp 150w\" sizes=\"auto, (max-width: 500px) 100vw, 500px\" \/><\/figure><\/div>\n<\/div>\n\n\n\n<div class=\"wp-block-group has-background is-vertical is-layout-flex wp-container-core-group-is-layout-b429018a wp-block-group-is-layout-flex\" style=\"background-color:#f1f1f1f2;padding-top:var(--wp--preset--spacing--70);padding-bottom:var(--wp--preset--spacing--70)\">\n<h2 class=\"wp-block-heading\" style=\"padding-top:var(--wp--preset--spacing--40);padding-bottom:var(--wp--preset--spacing--40);font-size:25px;font-style:normal;font-weight:600\">O\u00f9 utiliser ?<\/h2>\n\n\n\n<p>Notre canal de plinthe \u00e0 \u00e9clairage LED basse est parfait pour de nombreux espaces :<\/p>\n\n\n\n<ul class=\"wp-block-list\">\n<li>Couloirs : Un \u00e9clairage de base LED doux rendra la marche de nuit s\u00fbre et \u00e9l\u00e9gante.<\/li>\n\n\n\n<li>Salons et chambres : Utilisez un \u00e9clairage d'ambiance qui longe vos murs pour rendre l'espace chaleureux et accueillant.<\/li>\n\n\n\n<li>Salles de cin\u00e9ma \u00e0 domicile : Utilisez des effets d'\u00e9clairage th\u00e9\u00e2tral pour donner \u00e0 votre salle de m\u00e9dias une douce lueur ambiante.<\/li>\n\n\n\n<li>Bureaux et entreprises : Utilisez des extrusions LED architecturales \u00e9l\u00e9gantes pour montrer aux gens le chemin et am\u00e9liorer l'apparence de la pi\u00e8ce.<\/li>\n<\/ul>\n<\/div>\n\n\n\n<div class=\"wp-block-group is-vertical is-layout-flex wp-container-core-group-is-layout-d255d7c4 wp-block-group-is-layout-flex\" style=\"padding-top:var(--wp--preset--spacing--80);padding-bottom:var(--wp--preset--spacing--80)\">\n<h2 class=\"wp-block-heading\" style=\"padding-top:var(--wp--preset--spacing--40);padding-bottom:var(--wp--preset--spacing--40);font-size:25px;font-style:normal;font-weight:600;text-transform:capitalize\">Produits connexes qui pourraient vous int\u00e9resser<\/h2>\n\n\n\n<ul class=\"wp-block-list\">\n<li><a href=\"https:\/\/tangooled.com\/fr\/product\/black-led-profile-with-black-diffuser-for-10mm-led-strip-light\/\"><mark style=\"background-color:rgba(0, 0, 0, 0)\" class=\"has-inline-color has-vivid-red-color\">Profil LED noir avec diffuseur noir pour bande LED de 10mm<\/mark><\/a> \u2014 For a sleek, modern black aluminum finish with excellent light control.<\/li>\n\n\n\n<li><a href=\"https:\/\/tangooled.com\/fr\/product\/led-light-diffuser-channel-aluminum-15x12mm-for-10mm-led-strips\/\"><mark style=\"background-color:rgba(0, 0, 0, 0)\" class=\"has-inline-color has-vivid-red-color\">Canal de diffuseur LED en aluminium 15x12mm pour bandes LED de 10mm<\/mark><\/a> \u2014 Extra sturdy profiles with great diffusion for 10mm LEDs.<\/li>\n\n\n\n<li><a href=\"https:\/\/tangooled.com\/fr\/product\/25x6mm-low-profile-led-strip-channel-for-10mm-led-strip-light\/\"><mark style=\"background-color:rgba(0, 0, 0, 0)\" class=\"has-inline-color has-vivid-red-color\">Canal LED \u00e0 profil bas 25x6mm pour bande LED de 10mm <\/mark><\/a>\u2014 Ideal for slim spaces needing hidden LED lighting.<\/li>\n\n\n\n<li><a href=\"https:\/\/tangooled.com\/fr\/product\/surface-mount-led-profile-with-frosted-diffuser-for-10mm-rope-lights\/\"><mark style=\"background-color:rgba(0, 0, 0, 0)\" class=\"has-inline-color has-vivid-red-color\">Profil LED \u00e0 monter en surface avec diffuseur d\u00e9poli pour lumi\u00e8res en corde de 10mm<\/mark><\/a> \u2014 Perfect for surface installations with soft light spread.<\/li>\n\n\n\n<li><a href=\"https:\/\/tangooled.com\/fr\/product\/recessed-led-baseboard-molding-for-5mm-strip-lighting\/\"><mark style=\"background-color:rgba(0, 0, 0, 0)\" class=\"has-inline-color has-vivid-red-color\">Moulure de plinthe LED encastr\u00e9e pour \u00e9clairage \u00e0 bande de 5 mm<\/mark><\/a> \u2014 A complementary choice for smaller, narrow LED strips.<\/li>\n<\/ul>\n<\/div>\n\n\n\n<p><\/p>","protected":false},"featured_media":13657,"template":"","meta":{"_acf_changed":true,"_seopress_robots_primary_cat":"none","_seopress_titles_title":"Low Lighting LED Skirting Board Trim Channel SK09 | TANGOOLED","_seopress_titles_desc":"The SK09 is a professional low lighting led skirting board optimized for 10mm strips. Create a soft, atmospheric glow at floor level with this durable aluminum trim channel.","_seopress_robots_index":""},"pcb-width":[228],"product-cat":[198],"class_list":{"0":"post-42116","1":"product","2":"type-product","3":"status-publish","4":"has-post-thumbnail","6":"pcb-width-6-12mm","7":"product-cat-skirting-profile"},"acf":[],"_links":{"self":[{"href":"https:\/\/tangooled.com\/fr\/wp-json\/wp\/v2\/product\/42116","targetHints":{"allow":["GET"]}}],"collection":[{"href":"https:\/\/tangooled.com\/fr\/wp-json\/wp\/v2\/product"}],"about":[{"href":"https:\/\/tangooled.com\/fr\/wp-json\/wp\/v2\/types\/product"}],"wp:featuredmedia":[{"embeddable":true,"href":"https:\/\/tangooled.com\/fr\/wp-json\/wp\/v2\/media\/13657"}],"wp:attachment":[{"href":"https:\/\/tangooled.com\/fr\/wp-json\/wp\/v2\/media?parent=42116"}],"wp:term":[{"taxonomy":"pcb-width","embeddable":true,"href":"https:\/\/tangooled.com\/fr\/wp-json\/wp\/v2\/pcb-width?post=42116"},{"taxonomy":"product-cat","embeddable":true,"href":"https:\/\/tangooled.com\/fr\/wp-json\/wp\/v2\/product-cat?post=42116"}],"curies":[{"name":"wp","href":"https:\/\/api.w.org\/{rel}","templated":true}]}}