{"id":42114,"date":"2025-12-16T01:39:52","date_gmt":"2025-12-16T09:39:52","guid":{"rendered":"https:\/\/tangooled.com\/?post_type=product&#038;p=42114"},"modified":"2026-02-02T22:08:31","modified_gmt":"2026-02-03T06:08:31","slug":"recessed-led-baseboard-molding-for-5mm-strip-lighting","status":"publish","type":"product","link":"https:\/\/tangooled.com\/fr\/product\/recessed-led-baseboard-molding-for-5mm-strip-lighting\/","title":{"rendered":"Moulure de plinthe LED encastr\u00e9e pour \u00e9clairage de bande de 5 mm"},"content":{"rendered":"<div class=\"wp-block-group is-vertical is-layout-flex wp-container-core-group-is-layout-d255d7c4 wp-block-group-is-layout-flex\" style=\"padding-top:var(--wp--preset--spacing--80);padding-bottom:var(--wp--preset--spacing--80)\">\n<p>Ce moulage LED encastr\u00e9 est un canal fin construit en alliage d'aluminium solide. Il est id\u00e9al pour \u00e9clairer le sol. La conception est faite pour maintenir en s\u00e9curit\u00e9 des bandes LED de 5 mm de large. Il n'y a pas d'\u00e9blouissement intense puisque le diffuseur d\u00e9poli maintient la lumi\u00e8re stable, douce et exempte de taches.<\/p>\n\n\n\n<p>Ce canal de plinthe n'a que 10 mm de large et 40 mm de haut, il peut donc s'adapter dans de petits espaces comme les cuisines et les salles de bains sans prendre trop de place. Il peut \u00eatre install\u00e9 sans garniture o\u00f9 le mur rencontre le sol, ce qui signifie qu'il fonctionne aussi bien avec des murs en placage de bois que carrel\u00e9s. La forme s'int\u00e8gre \u00e0 l'environnement sans supports ni bords visibles, lui conf\u00e9rant un aspect moderne et \u00e9pur\u00e9.<\/p>\n<\/div>\n\n\n\n<div class=\"wp-block-group has-background is-vertical is-layout-flex wp-container-core-group-is-layout-d255d7c4 wp-block-group-is-layout-flex\" style=\"background-color:#f1f1f1;padding-top:var(--wp--preset--spacing--80);padding-bottom:var(--wp--preset--spacing--80)\">\n<div class=\"wp-block-group is-vertical is-layout-flex wp-container-core-group-is-layout-8cf370e7 wp-block-group-is-layout-flex\">\n<h2 class=\"wp-block-heading\" style=\"padding-top:var(--wp--preset--spacing--40);padding-bottom:var(--wp--preset--spacing--40);font-size:25px;font-style:normal;font-weight:600;text-transform:capitalize\">Caract\u00e9ristiques cl\u00e9s &amp; avantages<\/h2>\n\n\n\n<ul class=\"wp-block-list\">\n<li>Conception affleurante : Le moulage encastr\u00e9 est au m\u00eame niveau que votre mur pour un aspect soign\u00e9.\u00a0<\/li>\n\n\n\n<li>Compatible avec les bandes LED de 5 mm : Maintient les bandes LED \u00e9troites en place sans espaces ni mouvements.<\/li>\n\n\n\n<li>Lumi\u00e8re uniforme et sans points : L'objectif du diffuseur d\u00e9poli rend la lumi\u00e8re plus douce, cr\u00e9ant ainsi un \u00e9clat fluide en tout temps.<\/li>\n\n\n\n<li>Fabriqu\u00e9 en aluminium robuste : Prot\u00e8ge les bandes LED et agit comme un dissipateur thermique pour prolonger leur dur\u00e9e de vie.<\/li>\n\n\n\n<li>Diff\u00e9rentes finitions : Vous pouvez l'obtenir en argent anodis\u00e9, noir laqu\u00e9 ou blanc peinturable.<\/li>\n\n\n\n<li>Convient \u00e0 la fois pour la construction neuve et les r\u00e9novations : il peut \u00eatre facilement install\u00e9 dans du placopl\u00e2tre ou du pl\u00e2tre.<\/li>\n<\/ul>\n<\/div>\n<\/div>\n\n\n\n<div class=\"wp-block-group\" style=\"padding-top:var(--wp--preset--spacing--60);padding-bottom:var(--wp--preset--spacing--60)\"><div class=\"wp-block-group__inner-container is-layout-constrained wp-block-group-is-layout-constrained\">\n<div class=\"wp-block-media-text has-media-on-the-right is-stacked-on-mobile\" style=\"grid-template-columns:auto 40%\"><div class=\"wp-block-media-text__content\">\n<h2 class=\"wp-block-heading\" style=\"padding-top:var(--wp--preset--spacing--40);padding-bottom:var(--wp--preset--spacing--40);font-size:25px;font-style:normal;font-weight:600;text-transform:capitalize\">Comment installer le moulage LED encastr\u00e9<\/h2>\n\n\n\n<ul class=\"wp-block-list\">\n<li>Faites une d\u00e9coupe dans le placopl\u00e2tre ou le pl\u00e2tre \u00e0 l'endroit o\u00f9 le moulage ira.<\/li>\n\n\n\n<li>Ins\u00e9rez le moulage en aluminium de mani\u00e8re \u00e0 ce qu'il soit de niveau avec le mur.<\/li>\n\n\n\n<li>Placez votre bande LED de 5 mm \u00e0 l'int\u00e9rieur du canal.<\/li>\n\n\n\n<li>Placez le diffuseur d\u00e9poli et fermez les extr\u00e9mit\u00e9s du profil avec des capuchons de fin. <\/li>\n\n\n\n<li>Pour donner l'apparence d'une seule pi\u00e8ce, terminez le pl\u00e2tre ou la peinture autour du moulage.<\/li>\n\n\n\n<li>Connectez \u00e0 un pilote LED fonctionnant en 12V ou 24V (vendu s\u00e9par\u00e9ment).<\/li>\n<\/ul>\n<\/div><figure class=\"wp-block-media-text__media\"><img loading=\"lazy\" decoding=\"async\" width=\"500\" height=\"500\" src=\"https:\/\/tangooled.com\/wp-content\/uploads\/2025\/12\/sk08-ins.webp\" alt=\"recessed led baseboard molding for 5mm strip lighting\" class=\"wp-image-42152 size-full\" srcset=\"https:\/\/tangooled.com\/wp-content\/uploads\/2025\/12\/sk08-ins.webp 500w, https:\/\/tangooled.com\/wp-content\/uploads\/2025\/12\/sk08-ins-300x300.webp 300w, https:\/\/tangooled.com\/wp-content\/uploads\/2025\/12\/sk08-ins-150x150.webp 150w\" sizes=\"auto, (max-width: 500px) 100vw, 500px\" \/><\/figure><\/div>\n<\/div><\/div>\n\n\n\n<div class=\"wp-block-group has-background is-vertical is-layout-flex wp-container-core-group-is-layout-b429018a wp-block-group-is-layout-flex\" style=\"background-color:#f1f1f1f2;padding-top:var(--wp--preset--spacing--70);padding-bottom:var(--wp--preset--spacing--70)\">\n<h2 class=\"wp-block-heading\" style=\"padding-top:var(--wp--preset--spacing--40);padding-bottom:var(--wp--preset--spacing--40);font-size:25px;font-style:normal;font-weight:600\">O\u00f9 l'utiliser ?<\/h2>\n\n\n\n<p>Notre moulage de plinthe LED encastr\u00e9 est id\u00e9al pour :<\/p>\n\n\n\n<ul class=\"wp-block-list\">\n<li>Couloirs et passages : Apparence moderne et illumination nocturne s\u00e9curis\u00e9e.<\/li>\n\n\n\n<li>Salles de s\u00e9jour et chambres : Ajoute une lueur chaleureuse au sol, rendant l'endroit accueillant.<\/li>\n\n\n\n<li>Cuisines et salles de bains : L'\u00e9clairage sous les meubles de cuisine est un moyen \u00e9l\u00e9gant et propre d'\u00e9clairer les t\u00e2ches.<\/li>\n\n\n\n<li>Espaces commerciaux : H\u00f4tels, restaurants et lieux de travail adorent l'\u00e9clairage indirect, si \u00e9l\u00e9gant.<\/li>\n<\/ul>\n<\/div>\n\n\n\n<div class=\"wp-block-group is-vertical is-layout-flex wp-container-core-group-is-layout-d255d7c4 wp-block-group-is-layout-flex\" style=\"padding-top:var(--wp--preset--spacing--80);padding-bottom:var(--wp--preset--spacing--80)\">\n<h2 class=\"wp-block-heading\" style=\"padding-top:var(--wp--preset--spacing--40);padding-bottom:var(--wp--preset--spacing--40);font-size:25px;font-style:normal;font-weight:600;text-transform:capitalize\">Produits associ\u00e9s<\/h2>\n\n\n\n<ul class=\"wp-block-list\">\n<li>Explorez le<a href=\"https:\/\/tangooled.com\/fr\/product\/8x9mm-led-profile-aluminum-channel-rigid-bar-for-5mm-led-strips\/\"><mark style=\"background-color:rgba(0, 0, 0, 0)\" class=\"has-inline-color has-vivid-red-color\"> Profil\u00e9 en aluminium 8x9 mm pour bandes LED de 5 mm<\/mark><\/a> pour des conceptions de canaux alternatives.<\/li>\n\n\n\n<li>Vous recherchez plus de canaux d'\u00e9clairage ? Essayez le <a href=\"https:\/\/tangooled.com\/fr\/product\/recessed-aluminum-profile-17x8mm-for-led-strip-lighting\/\"><mark style=\"background-color:rgba(0, 0, 0, 0)\" class=\"has-inline-color has-vivid-red-color\">Profil\u00e9 en aluminium LED encastr\u00e9 17x8 mm pour \u00e9clairage \u00e0 bande LED<\/mark> <\/a>pour diff\u00e9rentes tailles.<\/li>\n\n\n\n<li>Besoin d'un diffuseur pour des bandes plus larges ? Consultez <mark style=\"background-color:rgba(0, 0, 0, 0)\" class=\"has-inline-color has-vivid-red-color\"><a href=\"https:\/\/tangooled.com\/fr\/product\/black-led-diffuser-aluminum-channel-for-12mm-tape-lights\/\">Profil en aluminium avec diffuseur LED noir pour bandes de 12 mm<\/a><\/mark><mark style=\"background-color:rgba(0, 0, 0, 0)\" class=\"has-inline-color has-black-color\">.<\/mark><\/li>\n<\/ul>\n<\/div>\n\n\n\n<div class=\"wp-block-group has-background\" style=\"background-color:#f1f1f1;padding-top:var(--wp--preset--spacing--80);padding-bottom:var(--wp--preset--spacing--80)\"><div class=\"wp-block-group__inner-container is-layout-constrained wp-block-group-is-layout-constrained\">\n<h2 class=\"wp-block-heading\" style=\"padding-top:var(--wp--preset--spacing--40);padding-right:0;padding-bottom:var(--wp--preset--spacing--40);padding-left:0;font-size:25px;font-style:normal;font-weight:600;text-transform:capitalize\">R\u00e9sum\u00e9<\/h2>\n\n\n\n<p style=\"padding-right:var(--wp--preset--spacing--50);padding-left:var(--wp--preset--spacing--50)\">Notre moulage de plinthe LED encastr\u00e9 pour \u00e9clairage \u00e0 bande de 5 mm ajoute un \u00e9clairage \u00e9l\u00e9gant et discret aux maisons et entreprises modernes. Il fournit une lumi\u00e8re belle et uniforme le long des murs et des sols gr\u00e2ce \u00e0 son solide profil\u00e9 en aluminium, sa construction affleurante, et son objectif diffuseur d\u00e9poli. Il apporte s\u00e9curit\u00e9 et style aux couloirs, cuisines, espaces de vie et bureaux.<\/p>\n<\/div><\/div>\n\n\n\n<p><\/p>","protected":false},"featured_media":13655,"template":"","meta":{"_acf_changed":true,"_seopress_robots_primary_cat":"none","_seopress_titles_title":"Recessed LED Baseboard Molding for 5mm Strip SK08 | TANGOOLED","_seopress_titles_desc":"The SK08 is a premium recessed led baseboard molding specifically designed for ultra-narrow 5mm strips. Create a subtle, minimalist glowing line at the floor level with this slim aluminum profile.","_seopress_robots_index":""},"pcb-width":[228],"product-cat":[198],"class_list":{"0":"post-42114","1":"product","2":"type-product","3":"status-publish","4":"has-post-thumbnail","6":"pcb-width-6-12mm","7":"product-cat-skirting-profile"},"acf":[],"_links":{"self":[{"href":"https:\/\/tangooled.com\/fr\/wp-json\/wp\/v2\/product\/42114","targetHints":{"allow":["GET"]}}],"collection":[{"href":"https:\/\/tangooled.com\/fr\/wp-json\/wp\/v2\/product"}],"about":[{"href":"https:\/\/tangooled.com\/fr\/wp-json\/wp\/v2\/types\/product"}],"wp:featuredmedia":[{"embeddable":true,"href":"https:\/\/tangooled.com\/fr\/wp-json\/wp\/v2\/media\/13655"}],"wp:attachment":[{"href":"https:\/\/tangooled.com\/fr\/wp-json\/wp\/v2\/media?parent=42114"}],"wp:term":[{"taxonomy":"pcb-width","embeddable":true,"href":"https:\/\/tangooled.com\/fr\/wp-json\/wp\/v2\/pcb-width?post=42114"},{"taxonomy":"product-cat","embeddable":true,"href":"https:\/\/tangooled.com\/fr\/wp-json\/wp\/v2\/product-cat?post=42114"}],"curies":[{"name":"wp","href":"https:\/\/api.w.org\/{rel}","templated":true}]}}