{"id":42112,"date":"2025-12-16T01:34:52","date_gmt":"2025-12-16T09:34:52","guid":{"rendered":"https:\/\/tangooled.com\/?post_type=product&#038;p=42112"},"modified":"2026-02-02T22:08:15","modified_gmt":"2026-02-03T06:08:15","slug":"aluminum-drywall-led-skirting-profile-for-12mm-tape-light","status":"publish","type":"product","link":"https:\/\/tangooled.com\/fr\/product\/aluminum-drywall-led-skirting-profile-for-12mm-tape-light\/","title":{"rendered":"Profil de plinthe LED en aluminium pour plaque de pl\u00e2tre pour bande LED de 12 mm"},"content":{"rendered":"<div class=\"wp-block-group is-vertical is-layout-flex wp-container-core-group-is-layout-d255d7c4 wp-block-group-is-layout-flex\" style=\"padding-top:var(--wp--preset--spacing--80);padding-bottom:var(--wp--preset--spacing--80)\">\n<p>Ce profil de plinthe LED en aluminium pour bande LED de 12 mm est une pi\u00e8ce de finition simple et tr\u00e8s flexible, parfaite pour cr\u00e9er un \u00e9clairage d'accent propre et cach\u00e9. Fabriqu\u00e9 en aluminium r\u00e9sistant, il offre un aspect durable et minimaliste pour cr\u00e9er des lignes droites de lumi\u00e8re n'importe o\u00f9 vous le souhaitez. Contrairement \u00e0 de nombreux autres profils, ce design est intentionnellement sans diffuseur, gardant la structure simple afin que vous puissiez obtenir la lumi\u00e8re la plus directe possible de votre bande LED.<\/p>\n\n\n\n<p>Ce canal peut \u00eatre facilement encastr\u00e9 dans une plaque de pl\u00e2tre ou un placo, soit en tant que plinthe LED moderne pr\u00e8s du sol, soit en tant que profil mural subtil lorsqu'il est install\u00e9 plus haut sur le mur. Son design se concentre sur un placement bas \u00e0 moyen sur le mur pour fournir une lumi\u00e8re propre et indirecte sans s'\u00e9tendre aux jonctions hautes du mur ou du plafond.<\/p>\n\n\n\n<p>Since it&#8217;s designed to be trimless, the whole profile hides completely inside the wall. This provides an incredibly clean and modern finish, with no visible aluminum edges once installation and plastering are complete. The channel is compatible with a range of common strip light widths, fitting LED tapes that are 8 mm, 10 mm, and up to 12 mm wide, ensuring broad flexibility in your choice of lighting.<\/p>\n<\/div>\n\n\n\n<div class=\"wp-block-group has-background is-vertical is-layout-flex wp-container-core-group-is-layout-d255d7c4 wp-block-group-is-layout-flex\" style=\"background-color:#f1f1f1;padding-top:var(--wp--preset--spacing--80);padding-bottom:var(--wp--preset--spacing--80)\">\n<div class=\"wp-block-group is-vertical is-layout-flex wp-container-core-group-is-layout-8cf370e7 wp-block-group-is-layout-flex\">\n<h2 class=\"wp-block-heading\" style=\"padding-top:var(--wp--preset--spacing--40);padding-bottom:var(--wp--preset--spacing--40);font-size:25px;font-style:normal;font-weight:600;text-transform:capitalize\">Pourquoi choisir notre profil de plinthe LED en plaques de pl\u00e2tre<\/h2>\n\n\n\n<ul class=\"wp-block-list\">\n<li>Finition affleurante et sans bordure : Ce profil s'int\u00e8gre directement dans votre plaque de pl\u00e2tre. Vous le pl\u00e2trer sans interstices ni joints.<\/li>\n\n\n\n<li>Construction en aluminium robuste : Fabriqu\u00e9 en aluminium anodis\u00e9 6063-T5 de haute qualit\u00e9, il refroidit vos bandes LED pour les faire durer plus longtemps.<\/li>\n\n\n\n<li>S'adapte aux bandes LED de 12 mm de large : Taille parfaite pour la plupart des bandes LED sur le march\u00e9.<\/li>\n\n\n\n<li>Utilisation polyvalente : Id\u00e9al pour les couloirs, les escaliers, les salons, les h\u00f4tels, les magasins ou les bureaux.<\/li>\n<\/ul>\n<\/div>\n<\/div>\n\n\n\n<div class=\"wp-block-group\" style=\"padding-top:var(--wp--preset--spacing--60);padding-bottom:var(--wp--preset--spacing--60)\"><div class=\"wp-block-group__inner-container is-layout-constrained wp-block-group-is-layout-constrained\">\n<div class=\"wp-block-media-text has-media-on-the-right is-stacked-on-mobile\" style=\"grid-template-columns:auto 40%\"><div class=\"wp-block-media-text__content\">\n<h2 class=\"wp-block-heading\" style=\"padding-top:var(--wp--preset--spacing--40);padding-bottom:var(--wp--preset--spacing--40);font-size:25px;font-style:normal;font-weight:600;text-transform:capitalize\">\u00c9tapes simples \u00e0 installer<\/h2>\n\n\n\n<ul class=\"wp-block-list\">\n<li>Vissez le canal en aluminium \u00e0 votre plaque de pl\u00e2tre ou \u00e0 vos montants en bois.<\/li>\n\n\n\n<li>Recouvrez les flancs de pl\u00e2tre ou de p\u00e2te \u00e0 joint.<\/li>\n\n\n\n<li>Poncez-le lisse et peignez votre mur.<\/li>\n\n\n\n<li>Collez votre bande LED de 12 mm \u00e0 l'int\u00e9rieur.<\/li>\n\n\n\n<li>Brancher la bande LED sur une alimentation basse tension.<\/li>\n<\/ul>\n<\/div><figure class=\"wp-block-media-text__media\"><img loading=\"lazy\" decoding=\"async\" width=\"500\" height=\"500\" src=\"https:\/\/tangooled.com\/wp-content\/uploads\/2025\/12\/sk07-ins.webp\" alt=\"aluminum drywall led skirting profile for 12mm tape light\" class=\"wp-image-42147 size-full\" srcset=\"https:\/\/tangooled.com\/wp-content\/uploads\/2025\/12\/sk07-ins.webp 500w, https:\/\/tangooled.com\/wp-content\/uploads\/2025\/12\/sk07-ins-300x300.webp 300w, https:\/\/tangooled.com\/wp-content\/uploads\/2025\/12\/sk07-ins-150x150.webp 150w\" sizes=\"auto, (max-width: 500px) 100vw, 500px\" \/><\/figure><\/div>\n<\/div><\/div>\n\n\n\n<div class=\"wp-block-group has-background is-vertical is-layout-flex wp-container-core-group-is-layout-b429018a wp-block-group-is-layout-flex\" style=\"background-color:#f1f1f1f2;padding-top:var(--wp--preset--spacing--70);padding-bottom:var(--wp--preset--spacing--70)\">\n<h2 class=\"wp-block-heading\" style=\"padding-top:var(--wp--preset--spacing--40);padding-bottom:var(--wp--preset--spacing--40);font-size:25px;font-style:normal;font-weight:600\">Parfait pour de nombreux endroits<\/h2>\n\n\n\n<p>Ce plinthe LED en aluminium peut \u00eatre utilis\u00e9 dans de nombreuses pi\u00e8ces et zones diff\u00e9rentes :<\/p>\n\n\n\n<ul class=\"wp-block-list\">\n<li>Maison : Salons, escaliers et couloirs<\/li>\n\n\n\n<li>H\u00f4tels : halls, couloirs et chambres d'invit\u00e9s<\/li>\n\n\n\n<li>Magasins : \u00c9clairage d'accent pour mettre en valeur les murs<\/li>\n\n\n\n<li>Bureaux : Sous les bureaux ou le long des chemins pour un \u00e9clairage doux.<\/li>\n\n\n\n<li>H\u00f4pitaux et th\u00e9\u00e2tres : \u00c9clairage s\u00fbr et antireflet<\/li>\n<\/ul>\n<\/div>\n\n\n\n<div class=\"wp-block-group\" style=\"padding-top:var(--wp--preset--spacing--80);padding-bottom:var(--wp--preset--spacing--80)\"><div class=\"wp-block-group__inner-container is-layout-constrained wp-block-group-is-layout-constrained\">\n<h2 class=\"wp-block-heading\" style=\"padding-top:var(--wp--preset--spacing--40);padding-bottom:var(--wp--preset--spacing--40);font-size:25px;font-style:normal;font-weight:600;text-transform:capitalize\">Produits connexes qui pourraient vous int\u00e9resser<\/h2>\n\n\n\n<ul class=\"wp-block-list\">\n<li>Black LED diffuser aluminum channel for 12mm tape lights \u2014 <a href=\"https:\/\/tangooled.com\/fr\/product\/black-led-diffuser-aluminum-channel-for-12mm-tape-lights\/\"><mark style=\"background-color:rgba(0, 0, 0, 0)\" class=\"has-inline-color has-vivid-red-color\">Voir le produit<\/mark><\/a><\/li>\n\n\n\n<li>Surface mount LED profile with frosted diffuser for 10mm rope lights \u2014 <a href=\"https:\/\/tangooled.com\/fr\/product\/surface-mount-led-profile-with-frosted-diffuser-for-10mm-rope-lights\/\"><mark style=\"background-color:rgba(0, 0, 0, 0)\" class=\"has-inline-color has-vivid-red-color\">Voir le produit<\/mark><\/a><\/li>\n\n\n\n<li>18mm flexible LED profile for 12mm LED strips \u2014 <a href=\"https:\/\/tangooled.com\/fr\/product\/18mm-flexible-led-profile-for-12mm-led-strips\/\"><mark style=\"background-color:rgba(0, 0, 0, 0)\" class=\"has-inline-color has-vivid-red-color\">Voir le produit<\/mark><\/a><\/li>\n<\/ul>\n<\/div><\/div>\n\n\n\n<div class=\"wp-block-group has-background\" style=\"background-color:#f1f1f1;padding-top:var(--wp--preset--spacing--80);padding-bottom:var(--wp--preset--spacing--80)\"><div class=\"wp-block-group__inner-container is-layout-constrained wp-block-group-is-layout-constrained\">\n<h2 class=\"wp-block-heading\" style=\"padding-top:var(--wp--preset--spacing--40);padding-right:0;padding-bottom:var(--wp--preset--spacing--40);padding-left:0;font-size:25px;font-style:normal;font-weight:600;text-transform:capitalize\">R\u00e9sum\u00e9<\/h2>\n\n\n\n<p style=\"padding-right:var(--wp--preset--spacing--50);padding-left:var(--wp--preset--spacing--50)\">Le profil de plinthe LED en aluminium pour bande LED de 12 mm est un moyen intelligent d'appliquer un \u00e9clairage indirect sur vos murs qui est propre et fluide. Il fonctionne bien avec des bandes LED de 12 mm et se dissimule dans votre plaque de pl\u00e2tre pour une apparence impeccable. Utilisez-le dans les maisons, les entreprises, les h\u00f4tels ou le commerce de d\u00e9tail pour ajouter un \u00e9clairage \u00e9l\u00e9gant et moderne qui s'int\u00e8gre parfaitement.<\/p>\n<\/div><\/div>\n\n\n\n<p><\/p>","protected":false},"featured_media":13653,"template":"","meta":{"_acf_changed":true,"_seopress_robots_primary_cat":"none","_seopress_titles_title":"Aluminum Drywall LED Skirting Profile for 12mm Tape Light SK07 | TANGOOLED","_seopress_titles_desc":"The SK07 is a durable aluminum drywall led skirting profile optimized for 12mm tape lights. Achieve a clean, integrated linear light finish in plasterboard walls with this recessed baseboard.","_seopress_robots_index":""},"pcb-width":[228],"product-cat":[198],"class_list":{"0":"post-42112","1":"product","2":"type-product","3":"status-publish","4":"has-post-thumbnail","6":"pcb-width-6-12mm","7":"product-cat-skirting-profile"},"acf":[],"_links":{"self":[{"href":"https:\/\/tangooled.com\/fr\/wp-json\/wp\/v2\/product\/42112","targetHints":{"allow":["GET"]}}],"collection":[{"href":"https:\/\/tangooled.com\/fr\/wp-json\/wp\/v2\/product"}],"about":[{"href":"https:\/\/tangooled.com\/fr\/wp-json\/wp\/v2\/types\/product"}],"wp:featuredmedia":[{"embeddable":true,"href":"https:\/\/tangooled.com\/fr\/wp-json\/wp\/v2\/media\/13653"}],"wp:attachment":[{"href":"https:\/\/tangooled.com\/fr\/wp-json\/wp\/v2\/media?parent=42112"}],"wp:term":[{"taxonomy":"pcb-width","embeddable":true,"href":"https:\/\/tangooled.com\/fr\/wp-json\/wp\/v2\/pcb-width?post=42112"},{"taxonomy":"product-cat","embeddable":true,"href":"https:\/\/tangooled.com\/fr\/wp-json\/wp\/v2\/product-cat?post=42112"}],"curies":[{"name":"wp","href":"https:\/\/api.w.org\/{rel}","templated":true}]}}