{"id":42111,"date":"2025-12-16T01:31:08","date_gmt":"2025-12-16T09:31:08","guid":{"rendered":"https:\/\/tangooled.com\/?post_type=product&#038;p=42111"},"modified":"2026-02-02T22:07:57","modified_gmt":"2026-02-03T06:07:57","slug":"tile-trim-led-baseboard-profile-channel-for-10mm-strip-light","status":"publish","type":"product","link":"https:\/\/tangooled.com\/fr\/product\/tile-trim-led-baseboard-profile-channel-for-10mm-strip-light\/","title":{"rendered":"Profil de plinthe LED en aluminium pour bande LED de 10 mm"},"content":{"rendered":"<div class=\"wp-block-group is-vertical is-layout-flex wp-container-core-group-is-layout-d255d7c4 wp-block-group-is-layout-flex\" style=\"padding-top:var(--wp--preset--spacing--80);padding-bottom:var(--wp--preset--spacing--80)\">\n<p>Transformez votre espace avec notre profil de plinthe LED en aluminium ! La plinthe LED dispose d'un design modulaire unique, comprenant une partie d'installation fixe et une partie de corps lumineux. Ce design est tr\u00e8s flexible et facile \u00e0 installer, permettant \u00e0 la fois un montage en surface et une installation encastr\u00e9e pour r\u00e9pondre aux besoins en \u00e9clairage de divers endroits.<\/p>\n\n\n\n<p>La lumi\u00e8re brille vers le bas et \u00e0 travers la forme incurv\u00e9e de la plinthe, ce qui rend la zone pr\u00e8s du sol douce et uniforme. Elle fonctionne tr\u00e8s bien dans les r\u00e9sidences modernes et les entreprises, ou partout ailleurs o\u00f9 un fort accent d\u00e9coratif est n\u00e9cessaire.<\/p>\n\n\n\n<p>Cette plinthe est disponible en finitions argent, noir sable, gris fer et or, s'adaptant \u00e0 de nombreux styles de d\u00e9coration diff\u00e9rents. Vous pouvez choisir la couleur appropri\u00e9e pour am\u00e9liorer l'apparence de votre pi\u00e8ce, qu'elle soit moderne et minimaliste, industrielle ou luxueuse.<\/p>\n<\/div>\n\n\n\n<div class=\"wp-block-group has-background is-vertical is-layout-flex wp-container-core-group-is-layout-d255d7c4 wp-block-group-is-layout-flex\" style=\"background-color:#f1f1f1;padding-top:var(--wp--preset--spacing--80);padding-bottom:var(--wp--preset--spacing--80)\">\n<div class=\"wp-block-group is-vertical is-layout-flex wp-container-core-group-is-layout-8cf370e7 wp-block-group-is-layout-flex\">\n<h2 class=\"wp-block-heading\" style=\"padding-top:var(--wp--preset--spacing--40);padding-bottom:var(--wp--preset--spacing--40);font-size:25px;font-style:normal;font-weight:600;text-transform:capitalize\">Pourquoi choisir ce produit ?<\/h2>\n\n\n\n<ul class=\"wp-block-list\">\n<li>Design modulaire : dispose d'un design modulaire unique qui s\u00e9pare la partie d'installation fixe de la partie du corps lumineux.<\/li>\n\n\n\n<li> Installation polyvalente : supporte \u00e0 la fois le montage en surface et l'installation encastr\u00e9e.<\/li>\n\n\n\n<li>Options de couleurs multiples : finitions argent, noir, gris et or au choix.<\/li>\n\n\n\n<li>Facile \u00e0 installer : le design est tr\u00e8s flexible et facile \u00e0 installer.<\/li>\n\n\n\n<li>Multiples utilisations : id\u00e9al pour les sols de salle de bain, les cuisines, les escaliers, les couloirs et les murs. Il ajoute du style et de la s\u00e9curit\u00e9.<\/li>\n<\/ul>\n<\/div>\n<\/div>\n\n\n\n<div class=\"wp-block-group is-vertical is-layout-flex wp-container-core-group-is-layout-d255d7c4 wp-block-group-is-layout-flex\" style=\"padding-top:var(--wp--preset--spacing--80);padding-bottom:var(--wp--preset--spacing--80)\">\n<hr class=\"wp-block-separator has-alpha-channel-opacity\"\/>\n\n\n\n<div class=\"wp-block-media-text has-media-on-the-right is-stacked-on-mobile\" style=\"grid-template-columns:auto 40%\"><div class=\"wp-block-media-text__content\">\n<h2 class=\"wp-block-heading\" style=\"padding-top:var(--wp--preset--spacing--40);padding-bottom:var(--wp--preset--spacing--40);font-size:25px;font-style:normal;font-weight:600;text-transform:capitalize\">O\u00f9 utiliser<\/h2>\n\n\n\n<p>Notre profil de plinthe LED en aluminium est id\u00e9al pour :<\/p>\n\n\n\n<ul class=\"wp-block-list\">\n<li>Cuisine et salle de bain : faites briller les carreaux et les sols<\/li>\n\n\n\n<li>\u00c9clairage d'escalier : lumi\u00e8res s\u00fbres et \u00e9l\u00e9gantes pour les marches<\/li>\n\n\n\n<li>\u00c9clairage de plinthe dans le couloir : lumi\u00e8re douce pour les zones de passage<\/li>\n\n\n\n<li>Murs et plafonds accentu\u00e9s : cr\u00e9ez des lignes lumineuses pour mettre en valeur la texture des carreaux ou du pl\u00e2tre.<\/li>\n<\/ul>\n<\/div><figure class=\"wp-block-media-text__media\"><img loading=\"lazy\" decoding=\"async\" width=\"500\" height=\"500\" src=\"https:\/\/tangooled.com\/wp-content\/uploads\/2025\/12\/sk06-ins.webp\" alt=\"tile trim led baseboard profile channel for 10mm strip light\" class=\"wp-image-42145 size-full\" srcset=\"https:\/\/tangooled.com\/wp-content\/uploads\/2025\/12\/sk06-ins.webp 500w, https:\/\/tangooled.com\/wp-content\/uploads\/2025\/12\/sk06-ins-300x300.webp 300w, https:\/\/tangooled.com\/wp-content\/uploads\/2025\/12\/sk06-ins-150x150.webp 150w\" sizes=\"auto, (max-width: 500px) 100vw, 500px\" \/><\/figure><\/div>\n<\/div>\n\n\n\n<div class=\"wp-block-group has-background is-vertical is-layout-flex wp-container-core-group-is-layout-b429018a wp-block-group-is-layout-flex\" style=\"background-color:#f1f1f1f2;padding-top:var(--wp--preset--spacing--70);padding-bottom:var(--wp--preset--spacing--70)\">\n<h2 class=\"wp-block-heading\" style=\"padding-top:var(--wp--preset--spacing--40);padding-bottom:var(--wp--preset--spacing--40);font-size:25px;font-style:normal;font-weight:600\">Les avantages que vous constaterez<\/h2>\n\n\n\n<ul class=\"wp-block-list\">\n<li>Votre profil de plinthe LED en aluminium donne \u00e0 votre pi\u00e8ce une apparence professionnelle et laisse la lumi\u00e8re circuler librement.<\/li>\n\n\n\n<li>Agit comme un dissipateur de chaleur pour prot\u00e9ger les bandes LED et prolonger leur dur\u00e9e de vie<\/li>\n\n\n\n<li>S'int\u00e8gre parfaitement aux projets de carreaux ou de plaques de pl\u00e2tre pour des lignes lumineuses homog\u00e8nes<\/li>\n\n\n\n<li>Vous pouvez choisir parmi des finitions argent, blanche ou noire pour compl\u00e9ter ou contraster avec n'importe quelle pi\u00e8ce.<\/li>\n\n\n\n<li>Id\u00e9al pour les couloirs et les escaliers car ils fournissent une lumi\u00e8re douce et constante qui les rend s\u00fbrs et agr\u00e9ables.<\/li>\n<\/ul>\n<\/div>\n\n\n\n<div class=\"wp-block-group is-vertical is-layout-flex wp-container-core-group-is-layout-d255d7c4 wp-block-group-is-layout-flex\" style=\"padding-top:var(--wp--preset--spacing--80);padding-bottom:var(--wp--preset--spacing--80)\">\n<h2 class=\"wp-block-heading\" style=\"padding-top:var(--wp--preset--spacing--40);padding-bottom:var(--wp--preset--spacing--40);font-size:25px;font-style:normal;font-weight:600;text-transform:capitalize\">What&#8217; in a kit?<\/h2>\n\n\n\n<ul class=\"wp-block-list\">\n<li>Canal en aluminium pour plinthe LED<\/li>\n\n\n\n<li>Diffuseur opale en polycarbonate<\/li>\n\n\n\n<li>Capuchons de fin<\/li>\n<\/ul>\n<\/div>\n\n\n\n<div class=\"wp-block-group has-background\" style=\"background-color:#f1f1f1;padding-top:var(--wp--preset--spacing--80);padding-bottom:var(--wp--preset--spacing--80)\"><div class=\"wp-block-group__inner-container is-layout-constrained wp-block-group-is-layout-constrained\">\n<h2 class=\"wp-block-heading\" style=\"padding-top:var(--wp--preset--spacing--40);padding-right:0;padding-bottom:var(--wp--preset--spacing--40);padding-left:0;font-size:25px;font-style:normal;font-weight:600;text-transform:capitalize\">R\u00e9sum\u00e9<\/h2>\n\n\n\n<p style=\"padding-right:var(--wp--preset--spacing--50);padding-left:var(--wp--preset--spacing--50)\">Our tile trim led baseboard profile is a long-lasting, simple way to hide LED strips so they are flat with tiles or drywall. It protects your LED strips by acting as a heat sink and generating beautiful ambient light. It has a smooth, dot-free light line that makes it safe and beautiful. It&#8217;s great for modern homes, businesses, bathrooms, kitchens, and staircases. For details on other matching profiles and accessories, check our full <a href=\"https:\/\/tangooled.com\/fr\/led-profiles\/\"><mark style=\"background-color:rgba(0, 0, 0, 0)\" class=\"has-inline-color has-vivid-red-color\">collection de profils en aluminium LED.<\/mark><\/a> collection.<\/p>\n<\/div><\/div>\n\n\n\n<p><\/p>","protected":false},"featured_media":13644,"template":"","meta":{"_acf_changed":true,"_seopress_robots_primary_cat":"none","_seopress_titles_title":"Tile Trim LED Baseboard Profile for 10mm Strip SK06 | TANGOOLED","_seopress_titles_desc":"The SK06 is a versatile tile trim led baseboard profile for 10mm strips. Protect tile edges while creating a modern integrated light finish at the wall base.","_seopress_robots_index":""},"pcb-width":[228],"product-cat":[198],"class_list":{"0":"post-42111","1":"product","2":"type-product","3":"status-publish","4":"has-post-thumbnail","6":"pcb-width-6-12mm","7":"product-cat-skirting-profile"},"acf":[],"_links":{"self":[{"href":"https:\/\/tangooled.com\/fr\/wp-json\/wp\/v2\/product\/42111","targetHints":{"allow":["GET"]}}],"collection":[{"href":"https:\/\/tangooled.com\/fr\/wp-json\/wp\/v2\/product"}],"about":[{"href":"https:\/\/tangooled.com\/fr\/wp-json\/wp\/v2\/types\/product"}],"wp:featuredmedia":[{"embeddable":true,"href":"https:\/\/tangooled.com\/fr\/wp-json\/wp\/v2\/media\/13644"}],"wp:attachment":[{"href":"https:\/\/tangooled.com\/fr\/wp-json\/wp\/v2\/media?parent=42111"}],"wp:term":[{"taxonomy":"pcb-width","embeddable":true,"href":"https:\/\/tangooled.com\/fr\/wp-json\/wp\/v2\/pcb-width?post=42111"},{"taxonomy":"product-cat","embeddable":true,"href":"https:\/\/tangooled.com\/fr\/wp-json\/wp\/v2\/product-cat?post=42111"}],"curies":[{"name":"wp","href":"https:\/\/api.w.org\/{rel}","templated":true}]}}