{"id":42108,"date":"2025-12-16T01:28:09","date_gmt":"2025-12-16T09:28:09","guid":{"rendered":"https:\/\/tangooled.com\/?post_type=product&#038;p=42108"},"modified":"2026-02-02T22:07:20","modified_gmt":"2026-02-03T06:07:20","slug":"side-lighting-2-in-1-aluminum-led-baseboard-for-15mm-strips","status":"publish","type":"product","link":"https:\/\/tangooled.com\/fr\/product\/side-lighting-2-in-1-aluminum-led-baseboard-for-15mm-strips\/","title":{"rendered":"\u00c9clairage lat\u00e9ral aluminium LED 2-en-1 pour bandes de 15 mm"},"content":{"rendered":"<div class=\"wp-block-group is-vertical is-layout-flex wp-container-core-group-is-layout-d255d7c4 wp-block-group-is-layout-flex\" style=\"padding-top:var(--wp--preset--spacing--80);padding-bottom:var(--wp--preset--spacing--80)\">\n<p>Brighten your space with the 2-in-1 LED Baseboard\u2014a smart, modern way for room lighting. This creative LED aluminum skirting serves a dual purpose; it works as a standard wall baseboard and as a hidden lighting channel. The design features two aluminum parts: one for fixed installation, and the other holds the LED strip lights.<\/p>\n\n\n\n<p>Ce canal d'\u00e9clairage lat\u00e9ral en aluminium LED fonctionne pour de nombreuses bandes LED diff\u00e9rentes. La largeur int\u00e9rieure est de 16,8 mm, ce qui convient parfaitement \u00e0 la plupart des bandes LED jusqu'\u00e0 15 mm de large. Cela vous permet de s\u00e9lectionner des bandes LED avec diff\u00e9rents niveaux de luminosit\u00e9 et temp\u00e9ratures de couleur pour r\u00e9pondre \u00e0 vos exigences d'\u00e9clairage sp\u00e9cifiques et personnalis\u00e9es.<\/p>\n\n\n\n<p>Les dimensions ext\u00e9rieures du canal sont de 60 mm de hauteur et 16,5 mm de large. Et les couleurs sont disponibles dans quatre finitions \u00e9l\u00e9gantes : Argent, Blanc, Noir et Gris. Cela garantit que la plinthe compl\u00e8te une large gamme de styles d'int\u00e9rieur. Que votre espace soit minimaliste moderne, industriel ou luxueux, vous pouvez trouver celle qui \u00e9l\u00e8vera l'esth\u00e9tique g\u00e9n\u00e9rale.<\/p>\n<\/div>\n\n\n\n<div class=\"wp-block-group has-background is-vertical is-layout-flex wp-container-core-group-is-layout-d255d7c4 wp-block-group-is-layout-flex\" style=\"background-color:#f1f1f1;padding-top:var(--wp--preset--spacing--80);padding-bottom:var(--wp--preset--spacing--80)\">\n<div class=\"wp-block-group is-vertical is-layout-flex wp-container-core-group-is-layout-8cf370e7 wp-block-group-is-layout-flex\">\n<h2 class=\"wp-block-heading\" style=\"padding-top:var(--wp--preset--spacing--40);padding-bottom:var(--wp--preset--spacing--40);font-size:25px;font-style:normal;font-weight:600;text-transform:capitalize\">Pourquoi choisir cette plinthe LED 2-en-1 avec \u00e9clairage lat\u00e9ral ?<\/h2>\n\n\n\n<ul class=\"wp-block-list\">\n<li>Effet d'\u00e9clairage lat\u00e9ral : Les bandes LED brillent sur les c\u00f4t\u00e9s, offrant aux murs et aux sols une lumi\u00e8re douce et uniforme qui rend l'espace chaleureux et moderne.<\/li>\n\n\n\n<li>Plinthe en aluminium 2-en-1 : Cette extrusion en aluminium remplace les plinthes traditionnelles encombrantes et ajoute des lumi\u00e8res LED cach\u00e9es pour le style et la fonctionnalit\u00e9.<\/li>\n\n\n\n<li>Convient aux bandes LED de 15 mm de large : Cela offre suffisamment d'espace pour de nombreuses bandes LED populaires, y compris celles \u00e0 haute densit\u00e9 et \u00e9tanches.<\/li>\n\n\n\n<li>Durable et facile \u00e0 installer : Coupez \u00e0 la taille sur place et utilisez les capuchons d'extr\u00e9mit\u00e9 fournis pour les int\u00e9grer dans le pl\u00e2tre pour une finition propre.<\/li>\n\n\n\n<li>Gestion thermique am\u00e9lior\u00e9e : La plinthe en alliage d'aluminium \u00e9loigne la chaleur des LED pour \u00e9viter d'endommager et pour maintenir la luminosit\u00e9 plus longtemps.<br><br><br><\/li>\n<\/ul>\n<\/div>\n<\/div>\n\n\n\n<div class=\"wp-block-group is-vertical is-layout-flex wp-container-core-group-is-layout-d255d7c4 wp-block-group-is-layout-flex\" style=\"padding-top:var(--wp--preset--spacing--80);padding-bottom:var(--wp--preset--spacing--80)\">\n<hr class=\"wp-block-separator has-alpha-channel-opacity\"\/>\n\n\n\n<div class=\"wp-block-media-text has-media-on-the-right is-stacked-on-mobile\" style=\"grid-template-columns:auto 40%\"><div class=\"wp-block-media-text__content\">\n<h2 class=\"wp-block-heading\" style=\"padding-top:var(--wp--preset--spacing--40);padding-bottom:var(--wp--preset--spacing--40);font-size:25px;font-style:normal;font-weight:600;text-transform:capitalize\">Comment utiliser<\/h2>\n\n\n\n<ul class=\"wp-block-list\">\n<li>D\u00e9cidez o\u00f9 vous souhaitez la lumi\u00e8re et la plinthe.<\/li>\n\n\n\n<li>Coupez le profil en aluminium de la plinthe LED 2-en-1 pour qu'il s'adapte \u00e0 la longueur de votre mur.<\/li>\n\n\n\n<li>Placez la bande LED \u00e0 l'int\u00e9rieur du canal.<\/li>\n\n\n\n<li>Mettre le diffuseur d\u00e9poli pour que la lumi\u00e8re se r\u00e9pande uniform\u00e9ment.<\/li>\n\n\n\n<li>Installez le canal en aluminium de fa\u00e7on \u00e0 ce qu'il soit align\u00e9 avec le pl\u00e2tre.<\/li>\n\n\n\n<li>Connectez la bande LED \u00e0 une alimentation appropri\u00e9e.<\/li>\n<\/ul>\n<\/div><figure class=\"wp-block-media-text__media\"><img loading=\"lazy\" decoding=\"async\" width=\"500\" height=\"500\" src=\"https:\/\/tangooled.com\/wp-content\/uploads\/2025\/12\/sk05-ins.webp\" alt=\"side lighting 2 in 1 aluminum led baseboard for 15mm strips\" class=\"wp-image-42142 size-full\" srcset=\"https:\/\/tangooled.com\/wp-content\/uploads\/2025\/12\/sk05-ins.webp 500w, https:\/\/tangooled.com\/wp-content\/uploads\/2025\/12\/sk05-ins-300x300.webp 300w, https:\/\/tangooled.com\/wp-content\/uploads\/2025\/12\/sk05-ins-150x150.webp 150w\" sizes=\"auto, (max-width: 500px) 100vw, 500px\" \/><\/figure><\/div>\n<\/div>\n\n\n\n<div class=\"wp-block-group has-background is-vertical is-layout-flex wp-container-core-group-is-layout-b429018a wp-block-group-is-layout-flex\" style=\"background-color:#f1f1f1f2;padding-top:var(--wp--preset--spacing--70);padding-bottom:var(--wp--preset--spacing--70)\">\n<h2 class=\"wp-block-heading\" style=\"padding-top:var(--wp--preset--spacing--40);padding-bottom:var(--wp--preset--spacing--40);font-size:25px;font-style:normal;font-weight:600\">O\u00f9 pouvez-vous l'utiliser ?<\/h2>\n\n\n\n<ul class=\"wp-block-list\">\n<li>Couloirs et corridors<\/li>\n\n\n\n<li>Escaliers et paliers<\/li>\n\n\n\n<li>Cuisines (\u00e9clairage sous meuble)<\/li>\n\n\n\n<li>Salons et salles de cin\u00e9ma<\/li>\n\n\n\n<li>Chambres et salles de bains<\/li>\n\n\n\n<li>Bureaux et entreprises comme les h\u00f4tels et magasins<\/li>\n<\/ul>\n<\/div>\n\n\n\n<div class=\"wp-block-group is-vertical is-layout-flex wp-container-core-group-is-layout-d255d7c4 wp-block-group-is-layout-flex\" style=\"padding-top:var(--wp--preset--spacing--80);padding-bottom:var(--wp--preset--spacing--80)\">\n<h2 class=\"wp-block-heading\" style=\"padding-top:var(--wp--preset--spacing--40);padding-bottom:var(--wp--preset--spacing--40);font-size:25px;font-style:normal;font-weight:600;text-transform:capitalize\">What\u2019s in the kit?<\/h2>\n\n\n\n<ul class=\"wp-block-list\">\n<li>Canal LED plinthe en aluminium<\/li>\n\n\n\n<li>Couvercle diffuseur en polycarbonate d\u00e9poli<\/li>\n\n\n\n<li>Capuchons d'extr\u00e9mit\u00e9<\/li>\n\n\n\n<li>Connecteurs d'angle<\/li>\n<\/ul>\n<\/div>\n\n\n\n<div class=\"wp-block-group has-background\" style=\"background-color:#f1f1f1;padding-top:var(--wp--preset--spacing--80);padding-bottom:var(--wp--preset--spacing--80)\"><div class=\"wp-block-group__inner-container is-layout-constrained wp-block-group-is-layout-constrained\">\n<h2 class=\"wp-block-heading\" style=\"padding-top:var(--wp--preset--spacing--40);padding-right:0;padding-bottom:var(--wp--preset--spacing--40);padding-left:0;font-size:25px;font-style:normal;font-weight:600;text-transform:capitalize\">Produits associ\u00e9s pour votre projet<\/h2>\n\n\n\n<ul class=\"wp-block-list\">\n<li>Pour des bandes LED plus longues ou en double rang\u00e9e, choisissez notre <a href=\"https:\/\/tangooled.com\/fr\/product\/22x15mm-led-light-channel-aluminum-extrusion-for-flexible-strips\/\"><mark style=\"background-color:rgba(0, 0, 0, 0)\" class=\"has-inline-color has-vivid-red-color\">Extrusion de canal lumineux LED en aluminium 22x15mm pour bandes flexibles<\/mark><\/a><\/li>\n\n\n\n<li>D\u00e9couvrez le <a href=\"https:\/\/tangooled.com\/fr\/product\/25mm-u-shape-led-mounting-channel-for-15mm-double-row-led-strip-lights\/\"><mark style=\"background-color:rgba(0, 0, 0, 0)\" class=\"has-inline-color has-vivid-red-color\">Canal de montage LED en forme de U de 25mm pour bandes LED \u00e0 double rang\u00e9e de 15mm<\/mark><\/a> si vous souhaitez un \u00e9clairage de bord \u00e9l\u00e9gant.<\/li>\n\n\n\n<li>Regardez le <a href=\"https:\/\/tangooled.com\/fr\/product\/black-led-profile-with-black-diffuser-for-10mm-led-strip-light\/\"><mark style=\"background-color:rgba(0, 0, 0, 0)\" class=\"has-inline-color has-vivid-red-color\">profil LED noir avec diffuseur noir pour bande lumineuse LED de 10 mm<\/mark><\/a>.<\/li>\n\n\n\n<li>Ajoutez des diffuseurs en consultant le <a href=\"https:\/\/tangooled.com\/fr\/product\/led-light-diffuser-channel-aluminum-15x12mm-for-10mm-led-strips\/\"><mark style=\"background-color:rgba(0, 0, 0, 0)\" class=\"has-inline-color has-vivid-red-color\">Canal diffuseur de lumi\u00e8re LED en aluminium 15x12mm pour bandes LED de 10mm<\/mark><\/a>.<\/li>\n<\/ul>\n<\/div><\/div>\n\n\n\n<div class=\"wp-block-group\" style=\"padding-top:var(--wp--preset--spacing--80);padding-bottom:var(--wp--preset--spacing--80)\"><div class=\"wp-block-group__inner-container is-layout-constrained wp-block-group-is-layout-constrained\">\n<p>Our side lighting 2-in-1 aluminum LED baseboard is a simple solution to have durable, long-lasting baseboards that look great in your house or business. It&#8217;s a modern, sleek way to light up your home and decorate it.<br>Pour plus d'infos sur des produits et accessoires similaires, visitez notre <a href=\"https:\/\/tangooled.com\/fr\/led-profiles\/\"><mark style=\"background-color:rgba(0, 0, 0, 0)\" class=\"has-inline-color has-vivid-red-color\">profil en aluminium pour canal de bande LED<\/mark><\/a> collection ou consultez nos <mark style=\"background-color:rgba(0, 0, 0, 0)\" class=\"has-inline-color has-vivid-red-color\">profil LED \u00e0 monter en surface avec diffuseur d\u00e9poli pour \u00e9clairage \u00e0 corde de 10 mm<\/mark> pour correspondre parfaitement \u00e0 vos besoins d'\u00e9clairage.<\/p>\n<\/div><\/div>","protected":false},"featured_media":13640,"template":"","meta":{"_acf_changed":true,"_seopress_robots_primary_cat":"none","_seopress_titles_title":"Side Lighting 2-in-1 LED Baseboard for 15mm Strip SK05 | TANGOOLED","_seopress_titles_desc":"The SK05 is a high-performance side lighting 2-in-1 led baseboard optimized for 15mm strips. Create a sophisticated, integrated linear glow at the wall base with this heavy-duty aluminum profile.","_seopress_robots_index":""},"pcb-width":[228],"product-cat":[198],"class_list":{"0":"post-42108","1":"product","2":"type-product","3":"status-publish","4":"has-post-thumbnail","6":"pcb-width-6-12mm","7":"product-cat-skirting-profile"},"acf":[],"_links":{"self":[{"href":"https:\/\/tangooled.com\/fr\/wp-json\/wp\/v2\/product\/42108","targetHints":{"allow":["GET"]}}],"collection":[{"href":"https:\/\/tangooled.com\/fr\/wp-json\/wp\/v2\/product"}],"about":[{"href":"https:\/\/tangooled.com\/fr\/wp-json\/wp\/v2\/types\/product"}],"wp:featuredmedia":[{"embeddable":true,"href":"https:\/\/tangooled.com\/fr\/wp-json\/wp\/v2\/media\/13640"}],"wp:attachment":[{"href":"https:\/\/tangooled.com\/fr\/wp-json\/wp\/v2\/media?parent=42108"}],"wp:term":[{"taxonomy":"pcb-width","embeddable":true,"href":"https:\/\/tangooled.com\/fr\/wp-json\/wp\/v2\/pcb-width?post=42108"},{"taxonomy":"product-cat","embeddable":true,"href":"https:\/\/tangooled.com\/fr\/wp-json\/wp\/v2\/product-cat?post=42108"}],"curies":[{"name":"wp","href":"https:\/\/api.w.org\/{rel}","templated":true}]}}