{"id":42107,"date":"2025-12-16T01:24:38","date_gmt":"2025-12-16T09:24:38","guid":{"rendered":"https:\/\/tangooled.com\/?post_type=product&#038;p=42107"},"modified":"2026-02-02T22:07:04","modified_gmt":"2026-02-03T06:07:04","slug":"80mm-aluminum-embedded-led-floor-baseboard-for-8mm-tape-light","status":"publish","type":"product","link":"https:\/\/tangooled.com\/fr\/product\/80mm-aluminum-embedded-led-floor-baseboard-for-8mm-tape-light\/","title":{"rendered":"Plinthe LED encastr\u00e9e en aluminium de 80 mm pour bande LED de 8 mm"},"content":{"rendered":"<div class=\"wp-block-group is-vertical is-layout-flex wp-container-core-group-is-layout-d255d7c4 wp-block-group-is-layout-flex\" style=\"padding-top:var(--wp--preset--spacing--80);padding-bottom:var(--wp--preset--spacing--80)\">\n<p>Cette plinthe LED encastr\u00e9e de 80 mm poss\u00e8de un design modulaire unique avec une partie de canal en aluminium \u00e0 installation fixe et un corps de lumi\u00e8re en aluminium s\u00e9par\u00e9.<\/p>\n\n\n\n<p>Ce design flexible permet d'installer la plinthe de deux mani\u00e8res pour r\u00e9pondre aux besoins d'\u00e9clairage d'espaces diff\u00e9rents : elle peut \u00eatre encastr\u00e9e (cach\u00e9e) pour un aspect lisse et affleurant, ou mont\u00e9e en surface (install\u00e9e de mani\u00e8re ouverte) lors d'une r\u00e9novation ou d'une nouvelle construction. Elle peut \u00eatre facilement ajout\u00e9e aux carreaux existants, aux panneaux en bois ou aux cloisons s\u00e8ches.<\/p>\n\n\n\n<p>The 80\u00a0mm height of the baseboard clearly defines the boundary between the wall and the floor. This dimension also provides a larger reflection area, ensuring the LED lighting effect is more pronounced. The baseboard&#8217;s arched shape directs the light down and softly spreads it out, making the area near the floor softly and evenly lit.<\/p>\n\n\n\n<p>.<\/p>\n<\/div>\n\n\n\n<div class=\"wp-block-group has-background is-vertical is-layout-flex wp-container-core-group-is-layout-d255d7c4 wp-block-group-is-layout-flex\" style=\"background-color:#f1f1f1;padding-top:var(--wp--preset--spacing--80);padding-bottom:var(--wp--preset--spacing--80)\">\n<div class=\"wp-block-group is-vertical is-layout-flex wp-container-core-group-is-layout-8cf370e7 wp-block-group-is-layout-flex\">\n<h2 class=\"wp-block-heading\" style=\"padding-top:var(--wp--preset--spacing--40);padding-bottom:var(--wp--preset--spacing--40);font-size:25px;font-style:normal;font-weight:600;text-transform:capitalize\">Pourquoi choisir cette plinthe LED encastr\u00e9e ?<\/h2>\n\n\n\n<ul class=\"wp-block-list\">\n<li>Structure simple deux-en-un : la partie de montage et le corps de lumi\u00e8re sont combin\u00e9s, rendant l'installation plus facile et plus rapide.<\/li>\n\n\n\n<li>Hauteur de profil de 80 mm : fait que la plinthe a meilleure allure et prot\u00e8ge vos murs de base des dommages.<\/li>\n\n\n\n<li>Mat\u00e9riau de haute qualit\u00e9 : alliage d'aluminium oxyd\u00e9 qui dure longtemps et prot\u00e8ge vos lumi\u00e8res.<\/li>\n\n\n\n<li>Plinthe LED \u00e0 montage affleurant : elle s'int\u00e8gre bien dans votre mur et votre sol, lui donnant un aspect soign\u00e9.<\/li>\n\n\n\n<li>Convient aux bandeaux LED standards : fonctionne bien avec des lumi\u00e8res en bande LED de 8 mm de large.<\/li>\n<\/ul>\n<\/div>\n<\/div>\n\n\n\n<div class=\"wp-block-group is-vertical is-layout-flex wp-container-core-group-is-layout-d255d7c4 wp-block-group-is-layout-flex\" style=\"padding-top:var(--wp--preset--spacing--80);padding-bottom:var(--wp--preset--spacing--80)\">\n<hr class=\"wp-block-separator has-alpha-channel-opacity\"\/>\n\n\n\n<div class=\"wp-block-media-text has-media-on-the-right is-stacked-on-mobile\" style=\"grid-template-columns:auto 40%\"><div class=\"wp-block-media-text__content\">\n<h2 class=\"wp-block-heading\" style=\"padding-top:var(--wp--preset--spacing--40);padding-bottom:var(--wp--preset--spacing--40);font-size:25px;font-style:normal;font-weight:600;text-transform:capitalize\">Comment utiliser la plinthe LED encastr\u00e9e de 80 mm<\/h2>\n\n\n\n<ul class=\"wp-block-list\">\n<li>Faites une fente sur le bord de votre sol ou mur afin que la plinthe en aluminium encastr\u00e9e s'ajuste.<\/li>\n\n\n\n<li>Mettez la partie de canal en aluminium encastr\u00e9e dans la fente et utilisez du pl\u00e2tre pour maintenir le cadre LED en place.<\/li>\n\n\n\n<li>Fixez votre bande LED de 8 mm \u00e0 l'int\u00e9rieur de la partie \u00e9clairante en aluminium.<\/li>\n\n\n\n<li>Ins\u00e9rez le corps lumineux en aluminium dans le canal fixe et clipsez le diffuseur en verre d\u00e9poli.<\/li>\n\n\n\n<li>Utilisez le bon pilote LED et variateur pour connecter l'alimentation et le contr\u00f4le.<\/li>\n<\/ul>\n<\/div><figure class=\"wp-block-media-text__media\"><img loading=\"lazy\" decoding=\"async\" width=\"500\" height=\"500\" src=\"https:\/\/tangooled.com\/wp-content\/uploads\/2025\/12\/sk04-ins.webp\" alt=\"80mm aluminum embedded led floor baseboard for 8mm tape light\" class=\"wp-image-42138 size-full\" srcset=\"https:\/\/tangooled.com\/wp-content\/uploads\/2025\/12\/sk04-ins.webp 500w, https:\/\/tangooled.com\/wp-content\/uploads\/2025\/12\/sk04-ins-300x300.webp 300w, https:\/\/tangooled.com\/wp-content\/uploads\/2025\/12\/sk04-ins-150x150.webp 150w\" sizes=\"auto, (max-width: 500px) 100vw, 500px\" \/><\/figure><\/div>\n<\/div>\n\n\n\n<div class=\"wp-block-group has-background is-vertical is-layout-flex wp-container-core-group-is-layout-b429018a wp-block-group-is-layout-flex\" style=\"background-color:#f1f1f1f2;padding-top:var(--wp--preset--spacing--70);padding-bottom:var(--wp--preset--spacing--70)\">\n<h2 class=\"wp-block-heading\" style=\"padding-top:var(--wp--preset--spacing--40);padding-bottom:var(--wp--preset--spacing--40);font-size:25px;font-style:normal;font-weight:600\">O\u00f9 pouvez-vous l'utiliser ?<\/h2>\n\n\n\n<p>La plinthe LED encastr\u00e9e de 80 mm est id\u00e9ale pour :<\/p>\n\n\n\n<ul class=\"wp-block-list\">\n<li>Couloirs et corridors (\u00e9clairage de guidage s\u00fbr)<\/li>\n\n\n\n<li>Chambres et espaces de vie modernes\u00a0<\/li>\n\n\n\n<li>H\u00f4tels et autres lieux d'hospitalit\u00e9<\/li>\n\n\n\n<li>Cuisines (\u00e9clairage excellent sous les placards et au niveau du socle)<\/li>\n\n\n\n<li>Marches et salles de bains (lumi\u00e8re douce au niveau du sol)<\/li>\n<\/ul>\n<\/div>\n\n\n\n<div class=\"wp-block-group is-vertical is-layout-flex wp-container-core-group-is-layout-d255d7c4 wp-block-group-is-layout-flex\" style=\"padding-top:var(--wp--preset--spacing--80);padding-bottom:var(--wp--preset--spacing--80)\">\n<h2 class=\"wp-block-heading\" style=\"padding-top:var(--wp--preset--spacing--40);padding-bottom:var(--wp--preset--spacing--40);font-size:25px;font-style:normal;font-weight:600;text-transform:capitalize\">What\u2019s in the box?<\/h2>\n\n\n\n<ul class=\"wp-block-list\">\n<li>Canal en aluminium pour plinthes LED<\/li>\n\n\n\n<li>Diffuseur opale<\/li>\n\n\n\n<li>Capuchons de fin<\/li>\n\n\n\n<li>Connecteurs d'angle<\/li>\n<\/ul>\n<\/div>\n\n\n\n<div class=\"wp-block-group has-background\" style=\"background-color:#f1f1f1;padding-top:var(--wp--preset--spacing--80);padding-bottom:var(--wp--preset--spacing--80)\"><div class=\"wp-block-group__inner-container is-layout-constrained wp-block-group-is-layout-constrained\">\n<h2 class=\"wp-block-heading\" style=\"padding-top:var(--wp--preset--spacing--40);padding-right:0;padding-bottom:var(--wp--preset--spacing--40);padding-left:0;font-size:25px;font-style:normal;font-weight:600;text-transform:capitalize\">r\u00e9sum\u00e9<\/h2>\n\n\n\n<p style=\"padding-right:var(--wp--preset--spacing--50);padding-left:var(--wp--preset--spacing--50)\">Notre plinthe LED encastr\u00e9e de 80 mm est une fa\u00e7on moderne, durable et ordonn\u00e9e d'\u00e9clairer les zones de faible hauteur. Elle s'adapte parfaitement \u00e0 une bande LED de 8 mm et produit une lumi\u00e8re ambiante douce sans cr\u00e9er de d\u00e9sordre. Vos murs auront un aspect lisse et attrayant gr\u00e2ce au design \u00e0 montage affleurant. Choisissez TG-SK04 aujourd'hui pour un \u00e9clairage au niveau du sol facile \u00e0 installer, s\u00fbr, qui a fi\u00e8re allure dans n'importe quelle maison ou entreprise.<\/p>\n<\/div><\/div>\n\n\n\n<p><\/p>","protected":false},"featured_media":13628,"template":"","meta":{"_acf_changed":true,"_seopress_robots_primary_cat":"none","_seopress_titles_title":"80mm Embedded LED Floor Baseboard | Flush Aluminum Profile SK04","_seopress_titles_desc":"The SK04 is an 80mm embedded led floor baseboard designed for a seamless flush finish. This aluminum profile houses 8mm tape lights to create a professional linear glow at the wall base.","_seopress_robots_index":""},"pcb-width":[228],"product-cat":[198],"class_list":{"0":"post-42107","1":"product","2":"type-product","3":"status-publish","4":"has-post-thumbnail","6":"pcb-width-6-12mm","7":"product-cat-skirting-profile"},"acf":[],"_links":{"self":[{"href":"https:\/\/tangooled.com\/fr\/wp-json\/wp\/v2\/product\/42107","targetHints":{"allow":["GET"]}}],"collection":[{"href":"https:\/\/tangooled.com\/fr\/wp-json\/wp\/v2\/product"}],"about":[{"href":"https:\/\/tangooled.com\/fr\/wp-json\/wp\/v2\/types\/product"}],"wp:featuredmedia":[{"embeddable":true,"href":"https:\/\/tangooled.com\/fr\/wp-json\/wp\/v2\/media\/13628"}],"wp:attachment":[{"href":"https:\/\/tangooled.com\/fr\/wp-json\/wp\/v2\/media?parent=42107"}],"wp:term":[{"taxonomy":"pcb-width","embeddable":true,"href":"https:\/\/tangooled.com\/fr\/wp-json\/wp\/v2\/pcb-width?post=42107"},{"taxonomy":"product-cat","embeddable":true,"href":"https:\/\/tangooled.com\/fr\/wp-json\/wp\/v2\/product-cat?post=42107"}],"curies":[{"name":"wp","href":"https:\/\/api.w.org\/{rel}","templated":true}]}}