{"id":42104,"date":"2025-12-16T01:19:59","date_gmt":"2025-12-16T09:19:59","guid":{"rendered":"https:\/\/tangooled.com\/?post_type=product&#038;p=42104"},"modified":"2026-02-02T22:06:44","modified_gmt":"2026-02-03T06:06:44","slug":"tile-wall-skirting-board-black-aluminum-profile-for-8mm-led-strip","status":"publish","type":"product","link":"https:\/\/tangooled.com\/fr\/product\/tile-wall-skirting-board-black-aluminum-profile-for-8mm-led-strip\/","title":{"rendered":"Profil de parement mural en aluminium noir pour carreaux, con\u00e7u pour bandes LED de 8 mm"},"content":{"rendered":"<div class=\"wp-block-group is-vertical is-layout-flex wp-container-core-group-is-layout-d255d7c4 wp-block-group-is-layout-flex\" style=\"padding-top:var(--wp--preset--spacing--80);padding-bottom:var(--wp--preset--spacing--80)\">\n<p>Notre profil de parement mural en aluminium de haute qualit\u00e9 est d\u00e9velopp\u00e9 pour les bandes LED de 8 mm et am\u00e9liorera l'apparence de l'\u00e9clairage au sol dans votre pi\u00e8ce. Ce profil en aluminium anodis\u00e9 noir lisse s'int\u00e8gre parfaitement \u00e0 votre mur, fournissant une douce lumi\u00e8re ambiante. Son design moderne assure une atmosph\u00e8re apaisante et accueillante qui compl\u00e8te tout d\u00e9cor. Le socle avec \u00e9clairage cr\u00e9e un effet de lumi\u00e8re et d'ombre entre le sol et le mur, rendant instantan\u00e9ment la pi\u00e8ce plus ouverte et spacieuse.<\/p>\n\n\n\n<p>Ce profil est con\u00e7u pour donner \u00e0 vos murs \u00e0 la fois lumi\u00e8re et protection, et il vous aide \u00e0 r\u00e9aliser des plinthes modernes et \u00e9l\u00e9gantes. Ce produit est parfait pour l'\u00e9clairage d'accent et pour les bordures de sol durables. Am\u00e9liorez la conception de votre prochaine pi\u00e8ce avec notre plinthe lumineuse LED.<\/p>\n<\/div>\n\n\n\n<div class=\"wp-block-group has-background is-vertical is-layout-flex wp-container-core-group-is-layout-d255d7c4 wp-block-group-is-layout-flex\" style=\"background-color:#f1f1f1;padding-top:var(--wp--preset--spacing--80);padding-bottom:var(--wp--preset--spacing--80)\">\n<div class=\"wp-block-group is-vertical is-layout-flex wp-container-core-group-is-layout-8cf370e7 wp-block-group-is-layout-flex\">\n<h2 class=\"wp-block-heading\" style=\"padding-top:var(--wp--preset--spacing--40);padding-bottom:var(--wp--preset--spacing--40);font-size:25px;font-style:normal;font-weight:600;text-transform:capitalize\">Pourquoi choisir notre plinthe murale en carreaux ?<\/h2>\n\n\n\n<ul class=\"wp-block-list\">\n<li>Solide et durable : Il est fabriqu\u00e9 en alliage d'aluminium 6063, qui r\u00e9siste mieux \u00e0 l'humidit\u00e9 et aux dommages que le bois ou le MDF.<\/li>\n\n\n\n<li>La taille id\u00e9ale pour les bandes LED de 8 mm ; elle maintient votre bande lumineuse bien en place.<\/li>\n\n\n\n<li>La finition noir mat est fantastique avec tout style de d\u00e9cor.<\/li>\n\n\n\n<li>Le diffuseur en polycarbonate inclus offre un \u00e9clairage doux et sans \u00e9blouissement.<\/li>\n\n\n\n<li>Aide \u00e0 masquer les espaces dans le sol et le c\u00e2blage de mani\u00e8re soign\u00e9e.<\/li>\n<\/ul>\n<\/div>\n<\/div>\n\n\n\n<div class=\"wp-block-group\" style=\"padding-top:var(--wp--preset--spacing--60);padding-bottom:var(--wp--preset--spacing--60)\"><div class=\"wp-block-group__inner-container is-layout-constrained wp-block-group-is-layout-constrained\">\n<div class=\"wp-block-media-text has-media-on-the-right is-stacked-on-mobile\" style=\"grid-template-columns:auto 40%\"><div class=\"wp-block-media-text__content\">\n<h2 class=\"wp-block-heading\" style=\"padding-top:var(--wp--preset--spacing--40);padding-bottom:var(--wp--preset--spacing--40);font-size:25px;font-style:normal;font-weight:600;text-transform:capitalize\">Installation<\/h2>\n\n\n\n<ul class=\"wp-block-list\">\n<li>Collez la bande LED \u00e0 l'int\u00e9rieur de ce profil en aluminium.<\/li>\n\n\n\n<li>Embo\u00eetez le diffuseur dans ce profil en aluminium.<\/li>\n\n\n\n<li>Facile \u00e0 installer : Fixez le profil de plinthe au mur avec des vis ou utilisez un adh\u00e9sif de construction puissant pour une finition \u00e0 ras.<\/li>\n<\/ul>\n<\/div><figure class=\"wp-block-media-text__media\"><img loading=\"lazy\" decoding=\"async\" width=\"500\" height=\"500\" src=\"https:\/\/tangooled.com\/wp-content\/uploads\/2025\/12\/sk03-ins.webp\" alt=\"tile wall skirting board black aluminum profile for 8mm led strip\" class=\"wp-image-42135 size-full\" srcset=\"https:\/\/tangooled.com\/wp-content\/uploads\/2025\/12\/sk03-ins.webp 500w, https:\/\/tangooled.com\/wp-content\/uploads\/2025\/12\/sk03-ins-300x300.webp 300w, https:\/\/tangooled.com\/wp-content\/uploads\/2025\/12\/sk03-ins-150x150.webp 150w\" sizes=\"auto, (max-width: 500px) 100vw, 500px\" \/><\/figure><\/div>\n<\/div><\/div>\n\n\n\n<div class=\"wp-block-group has-background is-vertical is-layout-flex wp-container-core-group-is-layout-b429018a wp-block-group-is-layout-flex\" style=\"background-color:#f1f1f1f2;padding-top:var(--wp--preset--spacing--70);padding-bottom:var(--wp--preset--spacing--70)\">\n<h2 class=\"wp-block-heading\" style=\"padding-top:var(--wp--preset--spacing--40);padding-bottom:var(--wp--preset--spacing--40);font-size:25px;font-style:normal;font-weight:600\">Sc\u00e9narios d'utilisation &amp; avantages<\/h2>\n\n\n\n<p>Votre profil en aluminium noir pour plinthe murale peut \u00eatre utilis\u00e9 dans les lieux suivants :<\/p>\n\n\n\n<ul class=\"wp-block-list\">\n<li>Plinthe murale LED pour couloirs et corridors : un \u00e9clairage de chemin vous offre une lumi\u00e8re douce et s\u00e9curis\u00e9e au niveau du sol pour vous aider \u00e0 vous orienter.<\/li>\n\n\n\n<li>Salons et chambres : Utilisez des lignes de lumi\u00e8re douces et uniformes pour rendre l'ambiance plus relaxante.<\/li>\n\n\n\n<li>Dans les b\u00e2timents commerciaux comme les bureaux et les h\u00f4tels, un \u00e9clairage architectural propre est important, et les murs doivent \u00eatre prot\u00e9g\u00e9s contre les dommages.<\/li>\n\n\n\n<li>Utilisez-le comme protection des bords de sol o\u00f9 les carreaux rencontrent des plaques de pl\u00e2tre.<\/li>\n\n\n\n<li>Id\u00e9al pour cacher les fils dans des espaces modernes afin de garder le design simple.<\/li>\n<\/ul>\n\n\n\n<p>Avec ce profil, vous b\u00e9n\u00e9ficiez \u00e9galement d'une protection contre les \u00e9raflures et la salet\u00e9, masquant le joint d'expansion courant dans les installations de carrelage.<\/p>\n<\/div>\n\n\n\n<div class=\"wp-block-group is-vertical is-layout-flex wp-container-core-group-is-layout-d255d7c4 wp-block-group-is-layout-flex\" style=\"padding-top:var(--wp--preset--spacing--80);padding-bottom:var(--wp--preset--spacing--80)\">\n<h2 class=\"wp-block-heading\" style=\"padding-top:var(--wp--preset--spacing--40);padding-bottom:var(--wp--preset--spacing--40);font-size:25px;font-style:normal;font-weight:600;text-transform:capitalize\">Produits associ\u00e9s<\/h2>\n\n\n\n<ul class=\"wp-block-list\">\n<li>Explorez le <a href=\"https:\/\/tangooled.com\/fr\/product\/black-led-profile-with-black-diffuser-for-10mm-led-strip-light\/\"><mark style=\"background-color:rgba(0, 0, 0, 0)\" class=\"has-inline-color has-vivid-red-color\">profil LED noir avec diffuseur noir pour bande lumineuse LED de 10 mm<\/mark><\/a><\/li>\n\n\n\n<li>Voir le <a href=\"https:\/\/tangooled.com\/fr\/product\/led-strip-light-channel-aluminum-profile-with-diffused-cover-6mm-height\/\"><mark style=\"background-color:rgba(0, 0, 0, 0)\" class=\"has-inline-color has-vivid-red-color\">Profil en aluminium pour bande LED avec couvercle diffusant de 6 mm de hauteur<\/mark><\/a><\/li>\n\n\n\n<li>V\u00e9rifiez le <a href=\"https:\/\/tangooled.com\/fr\/product\/surface-mount-led-profile-with-frosted-diffuser-for-10mm-rope-lights\/\"><mark style=\"background-color:rgba(0, 0, 0, 0)\" class=\"has-inline-color has-vivid-red-color\">profil LED \u00e0 monter en surface avec diffuseur d\u00e9poli pour \u00e9clairage \u00e0 corde de 10 mm<\/mark><\/a><\/li>\n<\/ul>\n<\/div>\n\n\n\n<div class=\"wp-block-group has-background\" style=\"background-color:#f1f1f1;padding-top:var(--wp--preset--spacing--80);padding-bottom:var(--wp--preset--spacing--80)\"><div class=\"wp-block-group__inner-container is-layout-constrained wp-block-group-is-layout-constrained\">\n<p style=\"padding-right:var(--wp--preset--spacing--50);padding-left:var(--wp--preset--spacing--50)\">Ce profil en aluminium pour plinthe murale de carreaux pour bandes LED de 8 mm est un excellent moyen d'ajouter du style et de l'utilit\u00e9 \u00e0 votre environnement. Cette solution d'\u00e9clairage architectural est indispensable car elle ajoute une beaut\u00e9 durable et prot\u00e8ge les bords de vos sols.<\/p>\n<\/div><\/div>\n\n\n\n<p><\/p>","protected":false},"featured_media":13626,"template":"","meta":{"_acf_changed":true,"_seopress_robots_primary_cat":"none","_seopress_titles_title":"Tile Wall Skirting Board | Recessed Aluminum LED Profile SK03","_seopress_titles_desc":"The SK03 is a professional tile wall skirting board made from black aluminum. Optimized for 8mm led strips, it creates a sleek, recessed light path between tiles and floors.","_seopress_robots_index":""},"pcb-width":[228],"product-cat":[198],"class_list":{"0":"post-42104","1":"product","2":"type-product","3":"status-publish","4":"has-post-thumbnail","6":"pcb-width-6-12mm","7":"product-cat-skirting-profile"},"acf":[],"_links":{"self":[{"href":"https:\/\/tangooled.com\/fr\/wp-json\/wp\/v2\/product\/42104","targetHints":{"allow":["GET"]}}],"collection":[{"href":"https:\/\/tangooled.com\/fr\/wp-json\/wp\/v2\/product"}],"about":[{"href":"https:\/\/tangooled.com\/fr\/wp-json\/wp\/v2\/types\/product"}],"wp:featuredmedia":[{"embeddable":true,"href":"https:\/\/tangooled.com\/fr\/wp-json\/wp\/v2\/media\/13626"}],"wp:attachment":[{"href":"https:\/\/tangooled.com\/fr\/wp-json\/wp\/v2\/media?parent=42104"}],"wp:term":[{"taxonomy":"pcb-width","embeddable":true,"href":"https:\/\/tangooled.com\/fr\/wp-json\/wp\/v2\/pcb-width?post=42104"},{"taxonomy":"product-cat","embeddable":true,"href":"https:\/\/tangooled.com\/fr\/wp-json\/wp\/v2\/product-cat?post=42104"}],"curies":[{"name":"wp","href":"https:\/\/api.w.org\/{rel}","templated":true}]}}