{"id":42103,"date":"2025-12-16T01:16:15","date_gmt":"2025-12-16T09:16:15","guid":{"rendered":"https:\/\/tangooled.com\/?post_type=product&#038;p=42103"},"modified":"2026-02-02T22:06:25","modified_gmt":"2026-02-03T06:06:25","slug":"ultra-thin-aluminum-skirting-wall-profile-for-10mm-tile-wall","status":"publish","type":"product","link":"https:\/\/tangooled.com\/fr\/product\/ultra-thin-aluminum-skirting-wall-profile-for-10mm-tile-wall\/","title":{"rendered":"Profil de plinthe en aluminium ultra-fin pour mur de carrelage de 10 mm"},"content":{"rendered":"<div class=\"wp-block-group is-vertical is-layout-flex wp-container-core-group-is-layout-d255d7c4 wp-block-group-is-layout-flex\" style=\"padding-top:var(--wp--preset--spacing--80);padding-bottom:var(--wp--preset--spacing--80)\">\n<p>If you want a clean, modern, and long-lasting finish for your space, our Ultra-Thin Aluminum Skirting Wall Profile is the way to go. It is made to fit nicely with tiles that are 10 mm thick, especially very thin ceramic or porcelain tiles, so the baseboard doesn&#8217;t make the borders look too thick. You can&#8217;t see the fixtures when this profile is placed; only the light is visible. When the skirting is put into the drywall, it makes the room look cleaner and more organized.<\/p>\n\n\n\n<p>La source lumineuse est intentionnellement plac\u00e9e \u00e0 40 mm du sol dans ce profil en aluminium pour fournir de la lumi\u00e8re. Cette hauteur planifi\u00e9e est parfaite pour les int\u00e9rieurs modernes comme les cuisines et les salons, car elle diffuse une lumi\u00e8re ambiante douce. La finition en aluminium noir s'harmonise bien avec de nombreuses d\u00e9corations int\u00e9rieures diff\u00e9rentes.<\/p>\n<\/div>\n\n\n\n<div class=\"wp-block-group has-background is-vertical is-layout-flex wp-container-core-group-is-layout-d255d7c4 wp-block-group-is-layout-flex\" style=\"background-color:#f1f1f1;padding-top:var(--wp--preset--spacing--80);padding-bottom:var(--wp--preset--spacing--80)\">\n<div class=\"wp-block-group is-vertical is-layout-flex wp-container-core-group-is-layout-8cf370e7 wp-block-group-is-layout-flex\">\n<h2 class=\"wp-block-heading\" style=\"padding-top:var(--wp--preset--spacing--40);padding-bottom:var(--wp--preset--spacing--40);font-size:25px;font-style:normal;font-weight:600;text-transform:capitalize\">Pourquoi choisir notre Profil de Plinthe en Aluminium Ultra Fin ?<\/h2>\n\n\n\n<ul class=\"wp-block-list\">\n<li>Conception Int\u00e9gr\u00e9e et Minimaliste : Le profil tr\u00e8s fin cr\u00e9e un bord lisse et discret qui s'accorde bien avec vos murs et votre sol.<\/li>\n\n\n\n<li>Durable and Rust-Resistant: This product is made of anodized aluminum, which makes it resistant to rust, corrosion, and wear. It&#8217;s great for bathrooms, kitchens, and places with a lot of foot traffic.<\/li>\n\n\n\n<li>Simple to put together: just cut it to size, stick it on the wall, and you&#8217;re done. Special end caps help keep corners clean.<\/li>\n\n\n\n<li>Emp\u00eache les carreaux de s'effriter ou de se fissurer et comble les espaces entre les murs et les sols.<\/li>\n\n\n\n<li>Disponible en finitions anodis\u00e9es argent, noir, blanc, or, et en bois pour s'adapter \u00e0 tous les styles.<\/li>\n<\/ul>\n<\/div>\n<\/div>\n\n\n\n<div class=\"wp-block-group\" style=\"padding-top:var(--wp--preset--spacing--60);padding-bottom:var(--wp--preset--spacing--60)\"><div class=\"wp-block-group__inner-container is-layout-constrained wp-block-group-is-layout-constrained\">\n<div class=\"wp-block-media-text has-media-on-the-right is-stacked-on-mobile\" style=\"grid-template-columns:auto 40%\"><div class=\"wp-block-media-text__content\">\n<h2 class=\"wp-block-heading\" style=\"padding-top:var(--wp--preset--spacing--40);padding-bottom:var(--wp--preset--spacing--40);font-size:25px;font-style:normal;font-weight:600;text-transform:capitalize\">Instructions d'installation<\/h2>\n\n\n\n<ul class=\"wp-block-list\">\n<li>Collez la bande LED de 6 mm \u00e0 l'int\u00e9rieur de ce profil en aluminium.<\/li>\n\n\n\n<li>Embo\u00eetez le diffuseur dans ce profil en aluminium.<\/li>\n\n\n\n<li>Facile \u00e0 installer : Fixez le profil de plinthe au mur avec des vis ou utilisez un adh\u00e9sif de construction puissant pour une finition \u00e0 ras.<\/li>\n<\/ul>\n<\/div><figure class=\"wp-block-media-text__media\"><img loading=\"lazy\" decoding=\"async\" width=\"500\" height=\"500\" src=\"https:\/\/tangooled.com\/wp-content\/uploads\/2025\/12\/sk02-ins.webp\" alt=\"ultra thin aluminum skirting wall profile for 10mm tile wall\" class=\"wp-image-42132 size-full\" srcset=\"https:\/\/tangooled.com\/wp-content\/uploads\/2025\/12\/sk02-ins.webp 500w, https:\/\/tangooled.com\/wp-content\/uploads\/2025\/12\/sk02-ins-300x300.webp 300w, https:\/\/tangooled.com\/wp-content\/uploads\/2025\/12\/sk02-ins-150x150.webp 150w\" sizes=\"auto, (max-width: 500px) 100vw, 500px\" \/><\/figure><\/div>\n<\/div><\/div>\n\n\n\n<div class=\"wp-block-group has-background is-vertical is-layout-flex wp-container-core-group-is-layout-b429018a wp-block-group-is-layout-flex\" style=\"background-color:#f1f1f1f2;padding-top:var(--wp--preset--spacing--70);padding-bottom:var(--wp--preset--spacing--70)\">\n<h2 class=\"wp-block-heading\" style=\"padding-top:var(--wp--preset--spacing--40);padding-bottom:var(--wp--preset--spacing--40);font-size:25px;font-style:normal;font-weight:600;text-transform:capitalize\">Parfait pour ces applications<\/h2>\n\n\n\n<ul class=\"wp-block-list\">\n<li>Utilisation R\u00e9sidentielle : Couloirs, salons, cuisines et salles de bains. Prot\u00e8ge les carreaux et les murs contre l'eau et les dommages.<\/li>\n\n\n\n<li>Espaces Commerciaux : Salons, bureaux, h\u00f4tels et d\u00e9taillants. Aide \u00e0 maintenir les murs propres et exempts de dommages.<\/li>\n\n\n\n<li>B\u00e2timents Publics : H\u00f4pitaux et \u00e9coles r\u00e9pondent aux besoins de propret\u00e9 et de durabilit\u00e9.<\/li>\n\n\n\n<li>Utilisations Sp\u00e9ciales : Peut \u00eatre utilis\u00e9 pour couvrir les bords des murs et des sols.<\/li>\n<\/ul>\n<\/div>\n\n\n\n<div class=\"wp-block-group is-vertical is-layout-flex wp-container-core-group-is-layout-d255d7c4 wp-block-group-is-layout-flex\" style=\"padding-top:var(--wp--preset--spacing--80);padding-bottom:var(--wp--preset--spacing--80)\">\n<p>Produits Associ\u00e9s sur Tangooled<\/p>\n\n\n\n<ul class=\"wp-block-list\">\n<li><a href=\"https:\/\/tangooled.com\/fr\/product\/black-aluminum-u-channel-profile-for-10mm-led-strips\/\"><mark style=\"background-color:rgba(0, 0, 0, 0)\" class=\"has-inline-color has-vivid-red-color\">Profil en U en aluminium noir pour bandes LED de 10 mm.<\/mark><\/a><\/li>\n\n\n\n<li><mark style=\"background-color:rgba(0, 0, 0, 0)\" class=\"has-inline-color has-vivid-red-color\"><a href=\"https:\/\/tangooled.com\/fr\/product\/surface-mount-led-profile-with-frosted-diffuser-for-10mm-rope-lights\/\">Profil LED en montage de surface avec diffuseur d\u00e9poli.<\/a>.<\/mark><\/li>\n\n\n\n<li><a href=\"https:\/\/tangooled.com\/fr\/product\/black-led-profile-with-black-diffuser-for-10mm-led-strip-light\/\"><mark style=\"background-color:rgba(0, 0, 0, 0)\" class=\"has-inline-color has-vivid-red-color\">Profil LED noir avec diffuseur noir pour bande LED de 10 mm<\/mark><\/a>.<\/li>\n\n\n\n<li><a href=\"https:\/\/tangooled.com\/fr\/product\/surface-mount-led-profile-with-frosted-diffuser-for-10mm-rope-lights\/\"><mark style=\"background-color:rgba(0, 0, 0, 0)\" class=\"has-inline-color has-vivid-red-color\">Profil LED \u00e0 montage en surface avec diffuseur d\u00e9poli pour bandes de 10 mm<\/mark><\/a>.<\/li>\n\n\n\n<li><a href=\"https:\/\/tangooled.com\/fr\/product\/ultra-thin-aluminum-skirting-wall-profile-for-10mm-tile-wall\/\"><mark style=\"background-color:rgba(0, 0, 0, 0)\" class=\"has-inline-color has-vivid-red-color\">Profil de plinthe en aluminium ultra-fin pour mur de carrelage de 10 mm<\/mark><\/a>.<\/li>\n<\/ul>\n<\/div>\n\n\n\n<div class=\"wp-block-group has-background\" style=\"background-color:#f1f1f1;padding-top:var(--wp--preset--spacing--80);padding-bottom:var(--wp--preset--spacing--80)\"><div class=\"wp-block-group__inner-container is-layout-constrained wp-block-group-is-layout-constrained\">\n<h2 class=\"wp-block-heading\" style=\"padding-top:var(--wp--preset--spacing--40);padding-right:0;padding-bottom:var(--wp--preset--spacing--40);padding-left:0;font-size:25px;font-style:normal;font-weight:600;text-transform:capitalize\">r\u00e9sum\u00e9<\/h2>\n\n\n\n<p style=\"padding-right:var(--wp--preset--spacing--50);padding-left:var(--wp--preset--spacing--50)\">If you want a modern, long-lasting, and easy-to-install tile edge protector and baseboard, our Ultra Thin Aluminum Skirting Wall Profile for 10mm Tile Wall is the way to go. It protects against chipping, cracking, and dampness for a long time and gives walls and floors a smooth, stylish look. Choose this aluminum profile for homes, workplaces, hospitals, or stores. It&#8217;s lightweight yet robust and won&#8217;t rust, and it will keep its neat edges for years.<\/p>\n<\/div><\/div>\n\n\n\n<p><\/p>","protected":false},"featured_media":13624,"template":"","meta":{"_acf_changed":true,"_seopress_robots_primary_cat":"none","_seopress_titles_title":"Ultra Thin LED Skirting Profile | Baseboard for 10mm Tile SK02","_seopress_titles_desc":"The SK02 is an ultra thin aluminum led skirting profile designed specifically for 10mm tile walls. Achieve a flush, minimalist baseboard finish with integrated linear lighting.","_seopress_robots_index":""},"pcb-width":[228],"product-cat":[198],"class_list":{"0":"post-42103","1":"product","2":"type-product","3":"status-publish","4":"has-post-thumbnail","6":"pcb-width-6-12mm","7":"product-cat-skirting-profile"},"acf":[],"_links":{"self":[{"href":"https:\/\/tangooled.com\/fr\/wp-json\/wp\/v2\/product\/42103","targetHints":{"allow":["GET"]}}],"collection":[{"href":"https:\/\/tangooled.com\/fr\/wp-json\/wp\/v2\/product"}],"about":[{"href":"https:\/\/tangooled.com\/fr\/wp-json\/wp\/v2\/types\/product"}],"wp:featuredmedia":[{"embeddable":true,"href":"https:\/\/tangooled.com\/fr\/wp-json\/wp\/v2\/media\/13624"}],"wp:attachment":[{"href":"https:\/\/tangooled.com\/fr\/wp-json\/wp\/v2\/media?parent=42103"}],"wp:term":[{"taxonomy":"pcb-width","embeddable":true,"href":"https:\/\/tangooled.com\/fr\/wp-json\/wp\/v2\/pcb-width?post=42103"},{"taxonomy":"product-cat","embeddable":true,"href":"https:\/\/tangooled.com\/fr\/wp-json\/wp\/v2\/product-cat?post=42103"}],"curies":[{"name":"wp","href":"https:\/\/api.w.org\/{rel}","templated":true}]}}