{"id":42071,"date":"2025-12-15T00:37:30","date_gmt":"2025-12-15T08:37:30","guid":{"rendered":"https:\/\/tangooled.com\/?post_type=product&#038;p=42071"},"modified":"2026-01-31T06:28:44","modified_gmt":"2026-01-31T14:28:44","slug":"up-lighting-led-wall-aluminum-channel-with-tall-flange-for-12mm-led-tape-light","status":"publish","type":"product","link":"https:\/\/tangooled.com\/fr\/product\/up-lighting-led-wall-aluminum-channel-with-tall-flange-for-12mm-led-tape-light\/","title":{"rendered":"profil en aluminium pour \u00e9clairage LED mural avec rebord haut pour bande LED de 12 mm"},"content":{"rendered":"<div class=\"wp-block-group is-vertical is-layout-flex wp-container-core-group-is-layout-d255d7c4 wp-block-group-is-layout-flex\" style=\"padding-top:var(--wp--preset--spacing--80);padding-bottom:var(--wp--preset--spacing--80)\">\n<p>Notre canal mural LED d'\u00e9clairage a une grande flasque qui le rend facile et s\u00fbr \u00e0 placer sur un mur. Ce profil est id\u00e9al pour cr\u00e9er un magnifique \u00e9clairage indirect sur vos murs.<\/p>\n\n\n\n<p>Le canal est fabriqu\u00e9 en aluminium extrud\u00e9 6063 T5 solide, ce qui permet \u00e0 votre bande lumineuse LED de 12 mm de rester froide et de durer plus longtemps. Il dispose d'un diffuseur en polycarbonate (PC) clipsable qui adoucit la lumi\u00e8re, \u00e9limine les spots et cr\u00e9e une lueur ambiante douce.<\/p>\n\n\n\n<p>Vous pouvez visser la grande flasque directement sur le mur, ce qui en fait un canal de montage mural pour \u00e9clairage robuste. Une fois le profil mural en aluminium fix\u00e9, mettez votre bande LED et clipsez les capuchons de fin et le diffuseur pour lui donner un aspect propre et professionnel.<\/p>\n\n\n\n<p>Ce profil adaptable fonctionne bien pour de nombreuses utilisations diff\u00e9rentes. Utilisez-le chez vous pour ajouter une touche moderne aux salons ou aux couloirs. Il apporte une ambiance accueillante et \u00e9l\u00e9gante aux h\u00f4tels et restaurants. Il est \u00e9galement id\u00e9al pour les espaces professionnels souhaitant mettre en valeur des points architecturaux avec un \u00e9clairage d\u00e9licat.<\/p>\n<\/div>\n\n\n\n<div class=\"wp-block-group has-background is-vertical is-layout-flex wp-container-core-group-is-layout-d255d7c4 wp-block-group-is-layout-flex\" style=\"background-color:#f1f1f1;padding-top:var(--wp--preset--spacing--80);padding-bottom:var(--wp--preset--spacing--80)\">\n<div class=\"wp-block-group is-vertical is-layout-flex wp-container-core-group-is-layout-8cf370e7 wp-block-group-is-layout-flex\">\n<h2 class=\"wp-block-heading\" style=\"padding-top:var(--wp--preset--spacing--40);padding-bottom:var(--wp--preset--spacing--40);font-size:25px;font-style:normal;font-weight:600;text-transform:capitalize\">Pourquoi choisir ce canal mural LED d'\u00e9clairage avec grande flasque ?<\/h2>\n\n\n\n<ul class=\"wp-block-list\">\n<li>Contr\u00f4le de la direction de la lumi\u00e8re : L'angle de 45 degr\u00e9s permet \u00e0 la lumi\u00e8re de monter et de sortir, ce qui est id\u00e9al pour l'\u00e9clairage mural et l'\u00e9clairage indirect.<\/li>\n\n\n\n<li>Convient aux bandes LED jusqu'\u00e0 14 mm de largeur, y compris les bandes LED \u00e0 haute puissance, RGB+W et les bandes COB. Cela signifie que vous pouvez satisfaire tous vos besoins en \u00e9clairage.<\/li>\n\n\n\n<li>Facile \u00e0 assembler : Il est fourni avec des capuchons de fin et des clips de montage pour une finition soign\u00e9e. Vous pouvez le suspendre sur des murs ou le placer dans des niches architecturales.<\/li>\n\n\n\n<li>Fonctionne bien dans des maisons modernes, bureaux, magasins et h\u00f4tels.<\/li>\n\n\n\n<li>Peut \u00eatre coup\u00e9 sur place pour des installations uniques.<\/li>\n<\/ul>\n<\/div>\n<\/div>\n\n\n\n<div class=\"wp-block-group is-vertical is-layout-flex wp-container-core-group-is-layout-d255d7c4 wp-block-group-is-layout-flex\" style=\"padding-top:var(--wp--preset--spacing--80);padding-bottom:var(--wp--preset--spacing--80)\">\n<hr class=\"wp-block-separator has-alpha-channel-opacity\"\/>\n\n\n\n<div class=\"wp-block-media-text has-media-on-the-right is-stacked-on-mobile\" style=\"grid-template-columns:auto 40%\"><div class=\"wp-block-media-text__content\">\n<h2 class=\"wp-block-heading\" style=\"padding-top:var(--wp--preset--spacing--40);padding-bottom:var(--wp--preset--spacing--40);font-size:25px;font-style:normal;font-weight:600;text-transform:capitalize\">Comment utiliser ce canal en aluminium LED d'\u00e9clairage mural<\/h2>\n\n\n\n<ul class=\"wp-block-list\">\n<li>Coupez le canal \u00e0 la longueur de votre choix.<\/li>\n\n\n\n<li>Utilisez des vis pour fixer le canal aux montants du mur ou au placopl\u00e2tre.<\/li>\n\n\n\n<li>Placez votre bande lumineuse LED de 12 mm \u00e0 l'int\u00e9rieur.<\/li>\n\n\n\n<li>Pour adoucir la lumi\u00e8re, mettez le couvercle diffuseur d\u00e9poli.<\/li>\n\n\n\n<li>Ajoutez des capuchons de fin pour un aspect soign\u00e9.<\/li>\n<\/ul>\n<\/div><figure class=\"wp-block-media-text__media\"><img loading=\"lazy\" decoding=\"async\" width=\"500\" height=\"500\" src=\"https:\/\/tangooled.com\/wp-content\/uploads\/2025\/12\/wp08-ins.webp\" alt=\"up lighting wall angled led channel inner width 14mm (copy)\" class=\"wp-image-42072 size-full\" srcset=\"https:\/\/tangooled.com\/wp-content\/uploads\/2025\/12\/wp08-ins.webp 500w, https:\/\/tangooled.com\/wp-content\/uploads\/2025\/12\/wp08-ins-300x300.webp 300w, https:\/\/tangooled.com\/wp-content\/uploads\/2025\/12\/wp08-ins-150x150.webp 150w\" sizes=\"auto, (max-width: 500px) 100vw, 500px\" \/><\/figure><\/div>\n<\/div>\n\n\n\n<div class=\"wp-block-group has-background is-vertical is-layout-flex wp-container-core-group-is-layout-b429018a wp-block-group-is-layout-flex\" style=\"background-color:#f1f1f1f2;padding-top:var(--wp--preset--spacing--70);padding-bottom:var(--wp--preset--spacing--70)\">\n<h2 class=\"wp-block-heading\" style=\"padding-top:var(--wp--preset--spacing--40);padding-bottom:var(--wp--preset--spacing--40);font-size:25px;font-style:normal;font-weight:600\">Sc\u00e9narios d'utilisation<\/h2>\n\n\n\n<ul class=\"wp-block-list\">\n<li>Utilisez dans les couloirs et les salons pour ajouter un \u00e9clairage d\u00e9licat.<\/li>\n\n\n\n<li>Id\u00e9al pour les cuisines modernes ou les salles de cin\u00e9ma \u00e0 domicile o\u00f9 l'\u00e9clairage d'ambiance est crucial.<\/li>\n\n\n\n<li>Parfait pour les murs de restaurants, les halls d'h\u00f4tels, les couloirs de bureaux et les vitrines de magasins.<\/li>\n\n\n\n<li>Cr\u00e9e des lumi\u00e8res d'accent avec des lignes nettes qui mettent en valeur l'architecture.<\/li>\n<\/ul>\n<\/div>\n\n\n\n<div class=\"wp-block-group is-vertical is-layout-flex wp-container-core-group-is-layout-d255d7c4 wp-block-group-is-layout-flex\" style=\"padding-top:var(--wp--preset--spacing--80);padding-bottom:var(--wp--preset--spacing--80)\">\n<h2 class=\"wp-block-heading\" style=\"padding-top:var(--wp--preset--spacing--40);padding-bottom:var(--wp--preset--spacing--40);font-size:25px;font-style:normal;font-weight:600;text-transform:capitalize\">Produits associ\u00e9s pour votre projet<\/h2>\n\n\n\n<ul class=\"wp-block-list\">\n<li>Explorez le <a href=\"https:\/\/tangooled.com\/fr\/product\/black-led-diffuser-aluminum-channel-for-12mm-tape-lights\/\"><mark style=\"background-color:rgba(0, 0, 0, 0)\" class=\"has-inline-color has-vivid-red-color\">canal en aluminium diffuseur LED noir pour lumi\u00e8res \u00e0 bande de 12 mm <\/mark><\/a>pour une finition sombre et \u00e9l\u00e9gante.<\/li>\n\n\n\n<li>V\u00e9rifiez ceci <a href=\"https:\/\/tangooled.com\/fr\/product\/surface-mount-led-profile-with-frosted-diffuser-for-10mm-rope-lights\/\"><mark style=\"background-color:rgba(0, 0, 0, 0)\" class=\"has-inline-color has-vivid-red-color\">profil LED \u00e0 monter en surface avec diffuseur d\u00e9poli pour \u00e9clairage \u00e0 corde de 10 mm<\/mark><\/a> si vous souhaitez une option de montage en surface.<\/li>\n\n\n\n<li>Essayez le <a href=\"https:\/\/tangooled.com\/fr\/product\/18x18mm-led-strip-corner-profile-for-12mm-led-strips\/\"><mark style=\"background-color:rgba(0, 0, 0, 0)\" class=\"has-inline-color has-vivid-red-color\">Profil d\u2019angle 18x18 mm pour bandes LED de 12 mm<\/mark><\/a> pour des installations d'angle.<\/li>\n\n\n\n<li>Consid\u00e9rez le <a href=\"https:\/\/tangooled.com\/fr\/product\/recessed-led-aluminum-profile-up-and-down-lighting-channel-for-cabinet\/\"><mark style=\"background-color:rgba(0, 0, 0, 0)\" class=\"has-inline-color has-vivid-red-color\">canal d'\u00e9clairage \u00e0 LED en aluminium encastr\u00e9 haut et bas pour cabinet<\/mark><\/a> pour des effets d'\u00e9clairage montant et descendant.<\/li>\n\n\n\n<li>Voir le <a href=\"https:\/\/tangooled.com\/fr\/product\/25x14m-surface-mounted-led-light-aluminum-profile\/\"><mark style=\"background-color:rgba(0, 0, 0, 0)\" class=\"has-inline-color has-vivid-red-color\">Profil en aluminium LED mont\u00e9 en surface 25x14m<\/mark><\/a> pour des projets de montage en surface prolong\u00e9s.<\/li>\n<\/ul>\n<\/div>\n\n\n\n<div class=\"wp-block-group has-background\" style=\"background-color:#f1f1f1;padding-top:var(--wp--preset--spacing--80);padding-bottom:var(--wp--preset--spacing--80)\"><div class=\"wp-block-group__inner-container is-layout-constrained wp-block-group-is-layout-constrained\">\n<h2 class=\"wp-block-heading\" style=\"padding-top:var(--wp--preset--spacing--40);padding-bottom:var(--wp--preset--spacing--40);font-size:25px;font-style:normal;font-weight:600;text-transform:capitalize\">Pourquoi notre canal mural LED d'\u00e9clairage est le meilleur choix<\/h2>\n\n\n\n<p style=\"padding-right:var(--wp--preset--spacing--50);padding-left:var(--wp--preset--spacing--50)\">This product is designed for simple installation and long-lasting. It meets the standards for professional architectural lighting and is great for anyone who wants modern lighting design.The tall flange and durable aluminum alloy keep your LED tape safe while giving it a smooth, professional look. It\u2019s also a flexible choice for many locations \u2014 from residential to office to retail.<\/p>\n<\/div><\/div>\n\n\n\n<p><\/p>","protected":false},"featured_media":13519,"template":"","meta":{"_acf_changed":true,"_seopress_robots_primary_cat":"none","_seopress_titles_title":"Up Lighting LED Wall Channel with Tall Flange | TANGOOLED","_seopress_titles_desc":"The WP08 is a professional up lighting led wall channel featuring a tall flange to eliminate glare. Optimized for 12mm led tape lights, this aluminum profile creates a clean upward glow for architectural wall washing.","_seopress_robots_index":""},"pcb-width":[228],"product-cat":[195],"class_list":{"0":"post-42071","1":"product","2":"type-product","3":"status-publish","4":"has-post-thumbnail","6":"pcb-width-6-12mm","7":"product-cat-wall-mout-profile"},"acf":[],"_links":{"self":[{"href":"https:\/\/tangooled.com\/fr\/wp-json\/wp\/v2\/product\/42071","targetHints":{"allow":["GET"]}}],"collection":[{"href":"https:\/\/tangooled.com\/fr\/wp-json\/wp\/v2\/product"}],"about":[{"href":"https:\/\/tangooled.com\/fr\/wp-json\/wp\/v2\/types\/product"}],"wp:featuredmedia":[{"embeddable":true,"href":"https:\/\/tangooled.com\/fr\/wp-json\/wp\/v2\/media\/13519"}],"wp:attachment":[{"href":"https:\/\/tangooled.com\/fr\/wp-json\/wp\/v2\/media?parent=42071"}],"wp:term":[{"taxonomy":"pcb-width","embeddable":true,"href":"https:\/\/tangooled.com\/fr\/wp-json\/wp\/v2\/pcb-width?post=42071"},{"taxonomy":"product-cat","embeddable":true,"href":"https:\/\/tangooled.com\/fr\/wp-json\/wp\/v2\/product-cat?post=42071"}],"curies":[{"name":"wp","href":"https:\/\/api.w.org\/{rel}","templated":true}]}}