{"id":38886,"date":"2025-08-20T22:52:22","date_gmt":"2025-08-21T06:52:22","guid":{"rendered":"https:\/\/tangooled.com\/?post_type=product&#038;p=38886"},"modified":"2026-02-02T02:20:38","modified_gmt":"2026-02-02T10:20:38","slug":"v-shape-diffuser-corner-led-profile-inner-20mm","status":"publish","type":"product","link":"https:\/\/tangooled.com\/fr\/product\/v-shape-diffuser-corner-led-profile-inner-20mm\/","title":{"rendered":"Profil d'aluminium en coin pour diffuseur en forme de V int\u00e9rieur 20 mm"},"content":{"rendered":"<div class=\"wp-block-group is-vertical is-layout-flex wp-container-core-group-is-layout-d255d7c4 wp-block-group-is-layout-flex\" style=\"padding-top:var(--wp--preset--spacing--80);padding-bottom:var(--wp--preset--spacing--80)\">\n<p>Notre profil LED en forme de V \u00e0 diffuseur en coin est un moyen id\u00e9al pour \u00e9clairer vos coins. Ce canal en aluminium robuste est con\u00e7u pour s'adapter parfaitement dans tout coin de 90 degr\u00e9s. Il peut supporter des bandes LED allant jusqu'\u00e0 20 mm de large.<\/p>\n\n\n\n<p>Ce profil diffuse une lumi\u00e8re douce et uniforme sans zones de brillance, assurant ainsi un \u00e9clairage fluide et propre. Le couvercle diffuseur d\u00e9poli qui l'accompagne couvre les zones chaudes et adoucit les points LED nets en une lumi\u00e8re continue. Le profil en aluminium anodis\u00e9 robuste aide \u00e9galement \u00e0 garder vos bandes LED au frais, les prot\u00e9geant de la poussi\u00e8re et des dommages et prolongeant leur dur\u00e9e de vie.<\/p>\n<\/div>\n\n\n\n<div class=\"wp-block-group has-background is-vertical is-layout-flex wp-container-core-group-is-layout-d255d7c4 wp-block-group-is-layout-flex\" style=\"background-color:#f1f1f1;padding-top:var(--wp--preset--spacing--80);padding-bottom:var(--wp--preset--spacing--80)\">\n<div class=\"wp-block-group is-vertical is-layout-flex wp-container-core-group-is-layout-8cf370e7 wp-block-group-is-layout-flex\">\n<h2 class=\"wp-block-heading\" style=\"padding-top:var(--wp--preset--spacing--40);padding-bottom:var(--wp--preset--spacing--40);font-size:25px;font-style:normal;font-weight:600;text-transform:capitalize\">Qu'est-ce qui rend ce profil en V sp\u00e9cial ?<\/h2>\n\n\n\n<ul class=\"wp-block-list\">\n<li>\u00c9mission de lumi\u00e8re uniforme : Le diffuseur d\u00e9poli cr\u00e9e une ligne de lumi\u00e8re fluide sans taches ni \u00e9blouissements.<\/li>\n\n\n\n<li>Aluminium de haute qualit\u00e9 : Un canal robuste qui dure longtemps et fonctionne comme un dissipateur thermique.<\/li>\n\n\n\n<li>Facile \u00e0 assembler : Il suffit de visser le profil \u00e0 la surface et de clipser le diffuseur.&nbsp;<\/li>\n\n\n\n<li>Compatible avec des bandes LED \u00e0 haute luminosit\u00e9, des bandes LED intelligentes ou des bandes LED \u00e0 double rang\u00e9e avec espace suppl\u00e9mentaire. Il fonctionne tr\u00e8s bien avec des bandes LED de 20 mm.<\/li>\n<\/ul>\n<\/div>\n<\/div>\n\n\n\n<div class=\"wp-block-group\" style=\"padding-top:var(--wp--preset--spacing--60);padding-bottom:var(--wp--preset--spacing--60)\"><div class=\"wp-block-group__inner-container is-layout-constrained wp-block-group-is-layout-constrained\">\n<div class=\"wp-block-media-text has-media-on-the-right is-stacked-on-mobile\" style=\"grid-template-columns:auto 40%\"><div class=\"wp-block-media-text__content\">\n<h2 class=\"wp-block-heading\" style=\"padding-top:var(--wp--preset--spacing--40);padding-bottom:var(--wp--preset--spacing--40);font-size:25px;font-style:normal;font-weight:600;text-transform:capitalize\">Comment installer facilement<\/h2>\n\n\n\n<ul class=\"wp-block-list\">\n<li>Utilisez des vis pour fixer ce canal dans le coin.<\/li>\n\n\n\n<li>Placez la bande LED \u00e0 l'int\u00e9rieur du canal.<\/li>\n\n\n\n<li>Clipsez le diffuseur LED pour que la lumi\u00e8re se diffuse uniform\u00e9ment.<\/li>\n\n\n\n<li>Mettez les capuchons de finition pour donner un aspect soign\u00e9.<\/li>\n<\/ul>\n<\/div><figure class=\"wp-block-media-text__media\"><img loading=\"lazy\" decoding=\"async\" width=\"500\" height=\"500\" src=\"https:\/\/tangooled.com\/wp-content\/uploads\/2025\/08\/la30a-ins.webp\" alt=\"Profil d&#039;aluminium en coin pour diffuseur en forme de V int\u00e9rieur 20 mm\" class=\"wp-image-41961 size-full\" srcset=\"https:\/\/tangooled.com\/wp-content\/uploads\/2025\/08\/la30a-ins.webp 500w, https:\/\/tangooled.com\/wp-content\/uploads\/2025\/08\/la30a-ins-300x300.webp 300w, https:\/\/tangooled.com\/wp-content\/uploads\/2025\/08\/la30a-ins-150x150.webp 150w\" sizes=\"auto, (max-width: 500px) 100vw, 500px\" \/><\/figure><\/div>\n<\/div><\/div>\n\n\n\n<div class=\"wp-block-group has-background is-vertical is-layout-flex wp-container-core-group-is-layout-b429018a wp-block-group-is-layout-flex\" style=\"background-color:#f1f1f1f2;padding-top:var(--wp--preset--spacing--70);padding-bottom:var(--wp--preset--spacing--70)\">\n<h2 class=\"wp-block-heading\" style=\"padding-top:var(--wp--preset--spacing--40);padding-bottom:var(--wp--preset--spacing--40);font-size:25px;font-style:normal;font-weight:600;text-transform:capitalize\">Comment utiliser le profil LED \u00e0 diffuseur en V<\/h2>\n\n\n\n<p style=\"padding-right:var(--wp--preset--spacing--50);padding-left:var(--wp--preset--spacing--50)\">Ce canal en aluminium est tr\u00e8s utile pour de nombreux projets d'\u00e9clairage. Il diffuse la lumi\u00e8re \u00e0 un angle de 45 degr\u00e9s et fonctionne avec de larges bandes LED (jusqu'\u00e0 20 mm). Id\u00e9al pour les endroits o\u00f9 la lumi\u00e8re doit se r\u00e9pandre uniform\u00e9ment dans les coins.<\/p>\n\n\n\n<ul class=\"wp-block-list\">\n<li>\u00c9clairages sous les meubles de cuisine&nbsp;<\/li>\n\n\n\n<li>\u00c9clairages dans les garde-robes et placards&nbsp;<\/li>\n\n\n\n<li>\u00c9clairages sur les \u00e9tag\u00e8res d'exposition<\/li>\n\n\n\n<li>\u00c9clairages dans les corniches architecturales&nbsp;<\/li>\n<\/ul>\n<\/div>\n\n\n\n<div class=\"wp-block-group is-vertical is-layout-flex wp-container-core-group-is-layout-d255d7c4 wp-block-group-is-layout-flex\" style=\"padding-top:var(--wp--preset--spacing--80);padding-bottom:var(--wp--preset--spacing--80)\">\n<h2 class=\"wp-block-heading\" style=\"padding-top:var(--wp--preset--spacing--40);padding-bottom:var(--wp--preset--spacing--40);font-size:25px;font-style:normal;font-weight:600;text-transform:capitalize\">Applications de profil LED \u00e0 monter en surface<\/h2>\n\n\n\n<p>Notre profil LED en aluminium \u00e0 diffuseur en forme de V est con\u00e7u pour donner \u00e0 vos lumi\u00e8res un aspect propre, lumineux et professionnel. Il s'adapte aux larges bandes LED, les prot\u00e8ge et diffuse la lumi\u00e8re uniform\u00e9ment dans les petits espaces. Utilisez-le dans les cuisines, placards, bureaux et pr\u00e9sentoirs pour trouver le bon \u00e9quilibre entre style et fonctionnalit\u00e9. Vous pouvez rapidement finaliser votre syst\u00e8me d'\u00e9clairage en consultant divers <a href=\"https:\/\/tangooled.com\/fr\/led-profiles\/\"><mark style=\"background-color:rgba(0, 0, 0, 0)\" class=\"has-inline-color has-vivid-red-color\">profils en aluminium<\/mark><\/a> sur le site web de Tangooled<\/p>\n<\/div>","protected":false},"featured_media":40756,"template":"","meta":{"_acf_changed":false,"_seopress_robots_primary_cat":"none","_seopress_titles_title":"V Shape Diffuser Corner LED Profile | 20mm Inner Width | TANGOOLED","_seopress_titles_desc":"Source the LA30A V shape diffuser corner LED profile. Features a 20mm inner width for high-output strips and heavy-duty aluminum for heat management.","_seopress_robots_index":""},"pcb-width":[229],"product-cat":[196],"class_list":{"0":"post-38886","1":"product","2":"type-product","3":"status-publish","4":"has-post-thumbnail","6":"pcb-width-15-20mm","7":"product-cat-corner-profile"},"acf":[],"_links":{"self":[{"href":"https:\/\/tangooled.com\/fr\/wp-json\/wp\/v2\/product\/38886","targetHints":{"allow":["GET"]}}],"collection":[{"href":"https:\/\/tangooled.com\/fr\/wp-json\/wp\/v2\/product"}],"about":[{"href":"https:\/\/tangooled.com\/fr\/wp-json\/wp\/v2\/types\/product"}],"wp:featuredmedia":[{"embeddable":true,"href":"https:\/\/tangooled.com\/fr\/wp-json\/wp\/v2\/media\/40756"}],"wp:attachment":[{"href":"https:\/\/tangooled.com\/fr\/wp-json\/wp\/v2\/media?parent=38886"}],"wp:term":[{"taxonomy":"pcb-width","embeddable":true,"href":"https:\/\/tangooled.com\/fr\/wp-json\/wp\/v2\/pcb-width?post=38886"},{"taxonomy":"product-cat","embeddable":true,"href":"https:\/\/tangooled.com\/fr\/wp-json\/wp\/v2\/product-cat?post=38886"}],"curies":[{"name":"wp","href":"https:\/\/api.w.org\/{rel}","templated":true}]}}