{"id":35408,"date":"2025-07-03T22:21:36","date_gmt":"2025-07-04T06:21:36","guid":{"rendered":"https:\/\/tangooled.com\/?post_type=product&#038;p=35408"},"modified":"2026-01-31T01:47:57","modified_gmt":"2026-01-31T09:47:57","slug":"up-lighting-wall-angled-led-channel-inner-width-14mm","status":"publish","type":"product","link":"https:\/\/tangooled.com\/fr\/product\/up-lighting-wall-angled-led-channel-inner-width-14mm\/","title":{"rendered":"canal en aluminium LED inclin\u00e9 pour \u00e9clairage mural, largeur int\u00e9rieure 14 mm"},"content":{"rendered":"<div class=\"wp-block-group is-vertical is-layout-flex wp-container-core-group-is-layout-d255d7c4 wp-block-group-is-layout-flex\" style=\"padding-top:var(--wp--preset--spacing--80);padding-bottom:var(--wp--preset--spacing--80)\">\n<p>Notre canal LED inclin\u00e9 pour \u00e9clairage mural rendra vos murs plus lumineux. Le canal est fabriqu\u00e9 en aluminium anodis\u00e9 6063-T5, ce qui le rend solide. Il est con\u00e7u pour projeter de la lumi\u00e8re sur les murs \u00e0 un angle de 45 degr\u00e9s. Cette position pr\u00e9cise diffuse une lumi\u00e8re douce sans \u00e9blouissement ni zones sombres.<\/p>\n\n\n\n<p>Ce canal LED pour \u00e9clairage mural peut contenir de nombreuses bandes LED et a une largeur int\u00e9rieure de 14 mm. Nous avons \u00e9galement trois diffuseurs diff\u00e9rents : opale, givr\u00e9 et transparent. Vous pouvez choisir celui qui vous donne la meilleure lumi\u00e8re. Le canal contient des bouchons de fin et des clips de montage pour garantir que la finition est soign\u00e9e et compl\u00e8te.<\/p>\n\n\n\n<p>Cette technologie est id\u00e9ale pour l'\u00e9clairage architectural, car elle diffuse une lumi\u00e8re douce, sans points, qui monte. Elle fonctionne efficacement dans les r\u00e9sidences, les h\u00f4tels et les entreprises.<\/p>\n<\/div>\n\n\n\n<div class=\"wp-block-group has-background is-vertical is-layout-flex wp-container-core-group-is-layout-d255d7c4 wp-block-group-is-layout-flex\" style=\"background-color:#f1f1f1;padding-top:var(--wp--preset--spacing--80);padding-bottom:var(--wp--preset--spacing--80)\">\n<div class=\"wp-block-group is-vertical is-layout-flex wp-container-core-group-is-layout-8cf370e7 wp-block-group-is-layout-flex\">\n<h2 class=\"wp-block-heading\" style=\"padding-top:var(--wp--preset--spacing--40);padding-bottom:var(--wp--preset--spacing--40);font-size:25px;font-style:normal;font-weight:600;text-transform:capitalize\">Pourquoi choisir notre canal LED inclin\u00e9 pour \u00e9clairage mural ?<\/h2>\n\n\n\n<ul class=\"wp-block-list\">\n<li>Contr\u00f4le de la direction de la lumi\u00e8re : L'angle de 45 degr\u00e9s permet \u00e0 la lumi\u00e8re de monter et de sortir, ce qui est id\u00e9al pour l'\u00e9clairage mural et l'\u00e9clairage indirect.<\/li>\n\n\n\n<li>Convient aux bandes LED jusqu'\u00e0 14 mm de largeur, y compris les bandes LED \u00e0 haute puissance, RGB+W et les bandes COB. Cela signifie que vous pouvez satisfaire tous vos besoins en \u00e9clairage.<\/li>\n\n\n\n<li>Facile \u00e0 assembler : Il est fourni avec des capuchons de fin et des clips de montage pour une finition soign\u00e9e. Vous pouvez le suspendre sur des murs ou le placer dans des niches architecturales.<\/li>\n\n\n\n<li>Fonctionne bien dans des maisons modernes, bureaux, magasins et h\u00f4tels.<\/li>\n\n\n\n<li>Peut \u00eatre coup\u00e9 sur place pour des installations uniques.<\/li>\n<\/ul>\n<\/div>\n<\/div>\n\n\n\n<div class=\"wp-block-group\" style=\"padding-top:var(--wp--preset--spacing--60);padding-bottom:var(--wp--preset--spacing--60)\"><div class=\"wp-block-group__inner-container is-layout-constrained wp-block-group-is-layout-constrained\">\n<div class=\"wp-block-media-text has-media-on-the-right is-stacked-on-mobile\"><div class=\"wp-block-media-text__content\">\n<h2 class=\"wp-block-heading\" style=\"padding-top:var(--wp--preset--spacing--40);padding-bottom:var(--wp--preset--spacing--40);font-size:25px;font-style:normal;font-weight:600;text-transform:capitalize\">Sc\u00e9narios d'utilisation courants<\/h2>\n\n\n\n<ul class=\"wp-block-list\">\n<li>Murs d'accent : Utilisez notre canal pour faire ressortir des murs avec des textures comme la brique ou la pierre.<\/li>\n\n\n\n<li>Salons et chambres \u00e0 coucher : Ajoutez un \u00e9clairage d'appoint doux et chaleureux pour instaurer une ambiance cosy.<\/li>\n\n\n\n<li>Hallways and Corridors: Give modern lighting that doesn&#8217;t glare.<\/li>\n\n\n\n<li>Home Theaters: Make the perfect mood lighting that isn&#8217;t too bright.<\/li>\n<\/ul>\n<\/div><figure class=\"wp-block-media-text__media\"><img loading=\"lazy\" decoding=\"async\" width=\"500\" height=\"500\" src=\"https:\/\/tangooled.com\/wp-content\/uploads\/2025\/07\/wp02-ins.webp\" alt=\"up lighting led wall aluminum channel with tall flange for 12mm led tape light\" class=\"wp-image-42068 size-full\" srcset=\"https:\/\/tangooled.com\/wp-content\/uploads\/2025\/07\/wp02-ins.webp 500w, https:\/\/tangooled.com\/wp-content\/uploads\/2025\/07\/wp02-ins-300x300.webp 300w, https:\/\/tangooled.com\/wp-content\/uploads\/2025\/07\/wp02-ins-150x150.webp 150w\" sizes=\"auto, (max-width: 500px) 100vw, 500px\" \/><\/figure><\/div>\n<\/div><\/div>\n\n\n\n<div class=\"wp-block-group has-background is-vertical is-layout-flex wp-container-core-group-is-layout-b429018a wp-block-group-is-layout-flex\" style=\"background-color:#f1f1f1f2;padding-top:var(--wp--preset--spacing--70);padding-bottom:var(--wp--preset--spacing--70)\">\n<h2 class=\"wp-block-heading\" style=\"padding-top:var(--wp--preset--spacing--40);padding-bottom:var(--wp--preset--spacing--40);font-size:25px;font-style:normal;font-weight:600\">What\u2019s in the Box?<\/h2>\n\n\n\n<ul class=\"wp-block-list\">\n<li>1 x Canal LED en aluminium inclin\u00e9 <\/li>\n\n\n\n<li>1 x Couvercle de diffuseur givr\u00e9 (\u00e0 clipser)<\/li>\n\n\n\n<li>2 x Clips de montage par m\u00e8tre<\/li>\n\n\n\n<li>2 x Bouchons de fin (plat et avec trou pour fil)<\/li>\n<\/ul>\n<\/div>\n\n\n\n<div class=\"wp-block-group is-vertical is-layout-flex wp-container-core-group-is-layout-d255d7c4 wp-block-group-is-layout-flex\" style=\"padding-top:var(--wp--preset--spacing--80);padding-bottom:var(--wp--preset--spacing--80)\">\n<h2 class=\"wp-block-heading\" style=\"padding-top:var(--wp--preset--spacing--40);padding-bottom:var(--wp--preset--spacing--40);font-size:25px;font-style:normal;font-weight:600;text-transform:capitalize\">Explorer les Produits Associ\u00e9s<\/h2>\n\n\n\n<ul class=\"wp-block-list\">\n<li>Pour les bandes LED \u00e9troites, consultez ce <a href=\"https:\/\/tangooled.com\/fr\/product\/black-led-profile-with-black-diffuser-for-10mm-led-strip-light\/\"><mark style=\"background-color:rgba(0, 0, 0, 0)\" class=\"has-inline-color has-vivid-red-color\">profil LED noir avec diffuseur noir pour bande lumineuse LED de 10 mm<\/mark><\/a>.<\/li>\n\n\n\n<li>Besoin d'un diffuseur pour une largeur moyenne ? Voir le <a href=\"https:\/\/tangooled.com\/fr\/product\/black-led-diffuser-aluminum-channel-for-12mm-tape-lights\/\"><mark style=\"background-color:rgba(0, 0, 0, 0)\" class=\"has-inline-color has-vivid-red-color\">canal en aluminium diffuseur noir pour bande de 12 mm <\/mark><\/a><a href=\"https:\/\/tangooled.com\/fr\/product\/led-strip-light-channel-aluminum-profile-with-diffused-cover-6mm-height\/\"><mark style=\"background-color:rgba(0, 0, 0, 0)\" class=\"has-inline-color has-vivid-red-color\">lumi\u00e8res<\/mark><\/a>.<\/li>\n\n\n\n<li>Vous voulez un profil mince ? Essayez le <a href=\"https:\/\/tangooled.com\/fr\/product\/led-strip-light-channel-aluminum-profile-with-diffused-cover-6mm-height\/\"><mark style=\"background-color:rgba(0, 0, 0, 0)\" class=\"has-inline-color has-vivid-red-color\">Profil en aluminium pour bande LED avec couvercle diffusant de 6 mm de hauteur<\/mark><\/a>.<\/li>\n<\/ul>\n<\/div>\n\n\n\n<div class=\"wp-block-group has-background\" style=\"background-color:#f1f1f1;padding-top:var(--wp--preset--spacing--80);padding-bottom:var(--wp--preset--spacing--80)\"><div class=\"wp-block-group__inner-container is-layout-constrained wp-block-group-is-layout-constrained\">\n<h2 class=\"wp-block-heading\" style=\"padding-top:var(--wp--preset--spacing--40);padding-bottom:var(--wp--preset--spacing--40);font-size:25px;font-style:normal;font-weight:600;text-transform:capitalize\">R\u00e9sum\u00e9<\/h2>\n\n\n\n<p style=\"padding-right:var(--wp--preset--spacing--50);padding-left:var(--wp--preset--spacing--50)\">Notre canal LED inclin\u00e9 pour \u00e9clairage mural avec une largeur int\u00e9rieure de 14 mm est le meilleur choix pour un \u00e9clairage d'appoint propre, lumineux et durable. Il s'adapte \u00e0 de nombreuses bandes LED, prot\u00e8ge vos LEDs et cr\u00e9e de beaux effets d'\u00e9clairage indirect dans n'importe quel espace.<\/p>\n<\/div><\/div>\n\n\n\n<p><\/p>","protected":false},"featured_media":13473,"template":"","meta":{"_acf_changed":true,"_seopress_robots_primary_cat":"none","_seopress_titles_title":"Up Lighting Wall Angled LED Channel | 14mm Inner Width WP01 Profile | TANGOOLED","_seopress_titles_desc":"The WP02 is a professional up lighting wall angled led channel with a 14mm inner width. Designed for indirect wall washing, its angled aluminum profile creates a soft upward glow.","_seopress_robots_index":""},"pcb-width":[228],"product-cat":[195],"class_list":{"0":"post-35408","1":"product","2":"type-product","3":"status-publish","4":"has-post-thumbnail","6":"pcb-width-6-12mm","7":"product-cat-wall-mout-profile"},"acf":[],"_links":{"self":[{"href":"https:\/\/tangooled.com\/fr\/wp-json\/wp\/v2\/product\/35408","targetHints":{"allow":["GET"]}}],"collection":[{"href":"https:\/\/tangooled.com\/fr\/wp-json\/wp\/v2\/product"}],"about":[{"href":"https:\/\/tangooled.com\/fr\/wp-json\/wp\/v2\/types\/product"}],"wp:featuredmedia":[{"embeddable":true,"href":"https:\/\/tangooled.com\/fr\/wp-json\/wp\/v2\/media\/13473"}],"wp:attachment":[{"href":"https:\/\/tangooled.com\/fr\/wp-json\/wp\/v2\/media?parent=35408"}],"wp:term":[{"taxonomy":"pcb-width","embeddable":true,"href":"https:\/\/tangooled.com\/fr\/wp-json\/wp\/v2\/pcb-width?post=35408"},{"taxonomy":"product-cat","embeddable":true,"href":"https:\/\/tangooled.com\/fr\/wp-json\/wp\/v2\/product-cat?post=35408"}],"curies":[{"name":"wp","href":"https:\/\/api.w.org\/{rel}","templated":true}]}}