{"id":35407,"date":"2025-07-03T22:18:59","date_gmt":"2025-07-04T06:18:59","guid":{"rendered":"https:\/\/tangooled.com\/?post_type=product&#038;p=35407"},"modified":"2026-01-26T23:41:44","modified_gmt":"2026-01-27T07:41:44","slug":"wall-mount-up-lighting-led-profile-with-outer-curved-aluminum-channel","status":"publish","type":"product","link":"https:\/\/tangooled.com\/fr\/product\/wall-mount-up-lighting-led-profile-with-outer-curved-aluminum-channel\/","title":{"rendered":"profil LED mural pour \u00e9clairage ascendant avec canal en aluminium courb\u00e9 ext\u00e9rieur"},"content":{"rendered":"<div class=\"wp-block-group is-vertical is-layout-flex wp-container-core-group-is-layout-d255d7c4 wp-block-group-is-layout-flex\" style=\"padding-top:var(--wp--preset--spacing--80);padding-bottom:var(--wp--preset--spacing--80)\">\n<p>D\u00e9couvrez notre profil LED mural avec une extrusion en aluminium courb\u00e9e \u00e0 l'ext\u00e9rieur. Ce nouveau design se compose de deux parties : un canal principal pour votre bande LED et un couvercle en aluminium courb\u00e9 qui se clipse \u00e0 l'ext\u00e9rieur. Le diffuseur en PC inclus adoucit la lumi\u00e8re, lui donnant un \u00e9clat doux et agr\u00e9able.<\/p>\n\n\n\n<p>L'installation est simple. Il suffit de visser le canal de montage mural principal au mur, puis de clipser le couvercle en aluminium courb\u00e9 pour un aspect lisse, sans vis. Vous pouvez l'installer pour un \u00e9clairage indirect ou un \u00e9clairage fonctionnel, vous permettant de contr\u00f4ler compl\u00e8tement l'ambiance de votre pi\u00e8ce.<\/p>\n\n\n\n<p>Ce qui rend ce profil sp\u00e9cial, c'est sa capacit\u00e9 \u00e0 cr\u00e9er des lignes de lumi\u00e8re continues. En utilisant des connecteurs, vous pouvez facilement relier des sections pour naviguer \u00e0 l'int\u00e9rieur et \u00e0 l'ext\u00e9rieur des coins, id\u00e9al pour souligner les murs ou les caract\u00e9ristiques architecturales.<\/p>\n\n\n\n<p>Ce canal d'\u00e9clairage mural adaptable est parfait pour n'importe quel environnement. Il peut \u00eatre utilis\u00e9 dans des r\u00e9sidences comme accents modernes dans des couloirs ou des salons, dans des h\u00f4tels pour ajouter une touche de raffinement, ou dans des espaces commerciaux pour cr\u00e9er des ambiances dynamiques et attrayantes.<\/p>\n<\/div>\n\n\n\n<div class=\"wp-block-group has-background is-vertical is-layout-flex wp-container-core-group-is-layout-d255d7c4 wp-block-group-is-layout-flex\" style=\"background-color:#f1f1f1;padding-top:var(--wp--preset--spacing--80);padding-bottom:var(--wp--preset--spacing--80)\">\n<div class=\"wp-block-group is-vertical is-layout-flex wp-container-core-group-is-layout-8cf370e7 wp-block-group-is-layout-flex\">\n<h2 class=\"wp-block-heading\" style=\"padding-top:var(--wp--preset--spacing--40);padding-bottom:var(--wp--preset--spacing--40);font-size:25px;font-style:normal;font-weight:600;text-transform:capitalize\">Pourquoi choisir ce profil ?<\/h2>\n\n\n\n<ul class=\"wp-block-list\">\n<li>Con\u00e7u pour des logements modernes et des utilisations architecturales.<\/li>\n\n\n\n<li>Id\u00e9al pour l'\u00e9clairage des appliques murales et l'\u00e9clairage d'accent.<\/li>\n\n\n\n<li>Produit des effets de lavage mural d\u00e9licats et de p\u00e2turage sans \u00e9blouir.<\/li>\n\n\n\n<li>Convient \u00e0 une large gamme d'utilisations commerciales, telles que l'\u00e9clairage pour h\u00f4tels, entreprises et \u00e9coles.<\/li>\n<\/ul>\n<\/div>\n<\/div>\n\n\n\n<div class=\"wp-block-group\" style=\"padding-top:var(--wp--preset--spacing--60);padding-bottom:var(--wp--preset--spacing--60)\"><div class=\"wp-block-group__inner-container is-layout-constrained wp-block-group-is-layout-constrained\">\n<div class=\"wp-block-media-text has-media-on-the-right is-stacked-on-mobile\" style=\"grid-template-columns:auto 40%\"><div class=\"wp-block-media-text__content\">\n<h2 class=\"wp-block-heading\" style=\"padding-top:var(--wp--preset--spacing--40);padding-bottom:var(--wp--preset--spacing--40);font-size:25px;font-style:normal;font-weight:600;text-transform:capitalize\">Comment Installer<\/h2>\n\n\n\n<ul class=\"wp-block-list\">\n<li>Fixez le canal d'\u00e9clairage en aluminium au mur par vissage.<\/li>\n\n\n\n<li>Attachez les bandes LED \u00e0 l'int\u00e9rieur de ce canal d'\u00e9clairage.<\/li>\n\n\n\n<li>Clipsez le couvercle diffuseur pour prot\u00e9ger les LED et adoucir la lumi\u00e8re.<\/li>\n\n\n\n<li>Fixez la partie en aluminium courb\u00e9e et les capuchons de fin pour une finition soign\u00e9e.<\/li>\n\n\n\n<li>Connectez l'alimentation et profitez de votre \u00e9clairage indirect.<\/li>\n<\/ul>\n<\/div><figure class=\"wp-block-media-text__media\"><img loading=\"lazy\" decoding=\"async\" width=\"500\" height=\"500\" src=\"https:\/\/tangooled.com\/wp-content\/uploads\/2025\/07\/wp07-ins.webp\" alt=\"profil LED mural pour \u00e9clairage ascendant avec canal en aluminium courb\u00e9 ext\u00e9rieur\" class=\"wp-image-42099 size-full\" srcset=\"https:\/\/tangooled.com\/wp-content\/uploads\/2025\/07\/wp07-ins.webp 500w, https:\/\/tangooled.com\/wp-content\/uploads\/2025\/07\/wp07-ins-300x300.webp 300w, https:\/\/tangooled.com\/wp-content\/uploads\/2025\/07\/wp07-ins-150x150.webp 150w\" sizes=\"auto, (max-width: 500px) 100vw, 500px\" \/><\/figure><\/div>\n<\/div><\/div>\n\n\n\n<div class=\"wp-block-group has-background is-vertical is-layout-flex wp-container-core-group-is-layout-b429018a wp-block-group-is-layout-flex\" style=\"background-color:#f1f1f1f2;padding-top:var(--wp--preset--spacing--70);padding-bottom:var(--wp--preset--spacing--70)\">\n<h2 class=\"wp-block-heading\" style=\"padding-top:var(--wp--preset--spacing--40);padding-bottom:var(--wp--preset--spacing--40);font-size:25px;font-style:normal;font-weight:600;text-transform:capitalize\">what&#8217;s in the kit?<\/h2>\n\n\n\n<ul class=\"wp-block-list\">\n<li>2x Canaux en aluminium anodis\u00e9 (un pour le montage, un pour les bandes LED)<\/li>\n\n\n\n<li>1x Diffuseur de lumi\u00e8re opale<\/li>\n\n\n\n<li>Capuchons de fin<\/li>\n\n\n\n<li>Connecteurs pour liaison continue<\/li>\n<\/ul>\n<\/div>\n\n\n\n<div class=\"wp-block-group is-vertical is-layout-flex wp-container-core-group-is-layout-d255d7c4 wp-block-group-is-layout-flex\" style=\"padding-top:var(--wp--preset--spacing--80);padding-bottom:var(--wp--preset--spacing--80)\">\n<h2 class=\"wp-block-heading\" style=\"padding-top:var(--wp--preset--spacing--40);padding-bottom:var(--wp--preset--spacing--40);font-size:25px;font-style:normal;font-weight:600;text-transform:capitalize\">O\u00f9 utiliser<\/h2>\n\n\n\n<ul class=\"wp-block-list\">\n<li>Salons : Cr\u00e9e une atmosph\u00e8re chaleureuse et sophistiqu\u00e9e avec une lumi\u00e8re indirecte.<\/li>\n\n\n\n<li>Couloirs : Ajoute une lumi\u00e8re utile sans prendre trop de place.<\/li>\n\n\n\n<li>Salles de cin\u00e9ma maison : R\u00e9duit l'\u00e9blouissement et met en valeur les murs et les plafonds.<\/li>\n\n\n\n<li>Magasins de d\u00e9tail : Utilise un \u00e9clairage d'accent moderne pour attirer l'attention sur les produits.<\/li>\n\n\n\n<li>Restaurants : Une lumi\u00e8re douce et accueillante fait du bien aux gens.<\/li>\n\n\n\n<li>Offices: A modern style and light that doesn&#8217;t glare make it comfortable.<\/li>\n<\/ul>\n<\/div>\n\n\n\n<div class=\"wp-block-group has-background\" style=\"background-color:#f1f1f1;padding-top:var(--wp--preset--spacing--80);padding-bottom:var(--wp--preset--spacing--80)\"><div class=\"wp-block-group__inner-container is-layout-constrained wp-block-group-is-layout-constrained\">\n<h2 class=\"wp-block-heading\" style=\"padding-top:var(--wp--preset--spacing--40);padding-bottom:var(--wp--preset--spacing--40);font-size:25px;font-style:normal;font-weight:600;text-transform:capitalize\">Explorez plus de profils et d'accessoires :<\/h2>\n\n\n\n<ul class=\"wp-block-list\">\n<li><a href=\"https:\/\/tangooled.com\/fr\/product\/black-led-profile-with-black-diffuser-for-10mm-led-strip-light\/\"><mark style=\"background-color:rgba(0, 0, 0, 0)\" class=\"has-inline-color has-vivid-red-color\">Profil LED noir avec diffuseur noir pour bande LED de 10 mm.<\/mark><\/a><\/li>\n\n\n\n<li><a href=\"https:\/\/tangooled.com\/fr\/product\/surface-mount-led-profile-with-frosted-diffuser-for-10mm-rope-lights\/\"><mark style=\"background-color:rgba(0, 0, 0, 0)\" class=\"has-inline-color has-vivid-red-color\">Profil LED \u00e0 montage en surface avec diffuseur d\u00e9poli pour bandes de 10 mm<\/mark><\/a>.<\/li>\n\n\n\n<li><a href=\"https:\/\/tangooled.com\/fr\/product\/aluminum-led-profile-with-30-degree-lens-diffuser-for-10mm-led-strips\/\"><mark style=\"background-color:rgba(0, 0, 0, 0)\" class=\"has-inline-color has-vivid-red-color\">Profil LED en aluminium avec diffuseur de lentille \u00e0 30 degr\u00e9s pour bandes LED de 10 mm<\/mark><\/a>.<\/li>\n\n\n\n<li><a href=\"https:\/\/tangooled.com\/fr\/product\/vertical-wall-mount-curved-led-profile-for-upward-lighting\/\"><mark style=\"background-color:rgba(0, 0, 0, 0)\" class=\"has-inline-color has-vivid-red-color\">Profil LED courb\u00e9 \u00e0 montage mural vertical pour \u00e9clairage vers le haut<\/mark><\/a><\/li>\n<\/ul>\n<\/div><\/div>\n\n\n\n<div class=\"wp-block-group\" style=\"padding-top:var(--wp--preset--spacing--80);padding-bottom:var(--wp--preset--spacing--80)\"><div class=\"wp-block-group__inner-container is-layout-constrained wp-block-group-is-layout-constrained\">\n<h2 class=\"wp-block-heading\" style=\"padding-top:var(--wp--preset--spacing--40);padding-bottom:var(--wp--preset--spacing--40);font-size:25px;font-style:normal;font-weight:600;text-transform:capitalize\">Pourquoi utiliser notre profil mural LED ?<\/h2>\n\n\n\n<p>Notre profil mural LED a une extrusion en aluminium courb\u00e9e \u00e0 l'ext\u00e9rieur qui lui donne un aspect \u00e9pur\u00e9 et prot\u00e8ge mieux les LED tout en g\u00e9rant mieux la chaleur. Cela en fait un excellent choix pour de belles appliques murales et un \u00e9clairage indirect en architecture. Il est con\u00e7u pour fonctionner pour une vari\u00e9t\u00e9 d'usages, comme l'\u00e9clairage vers le haut, vers le bas et d'accentuation, avec une finition professionnelle. Vous pouvez acqu\u00e9rir des services OEM et ODM pour modifier les longueurs, les finitions et les accessoires qui y sont associ\u00e9s.<\/p>\n\n\n\n<p><\/p>\n<\/div><\/div>","protected":false},"featured_media":33662,"template":"","meta":{"_acf_changed":true,"_seopress_robots_primary_cat":"none","_seopress_titles_title":"Wall Mount LED Profile with Outer Curved Aluminum Channel | TANGOOLED","_seopress_titles_desc":"The WP07 is a premium wall mount up lighting led profile featuring a distinctive outer curved aluminum channel. Designed for soft indirect illumination, this curved profile adds architectural elegance to walls while providing a smooth upward glow.","_seopress_robots_index":""},"pcb-width":[228],"product-cat":[195],"class_list":{"0":"post-35407","1":"product","2":"type-product","3":"status-publish","4":"has-post-thumbnail","6":"pcb-width-6-12mm","7":"product-cat-wall-mout-profile"},"acf":[],"_links":{"self":[{"href":"https:\/\/tangooled.com\/fr\/wp-json\/wp\/v2\/product\/35407","targetHints":{"allow":["GET"]}}],"collection":[{"href":"https:\/\/tangooled.com\/fr\/wp-json\/wp\/v2\/product"}],"about":[{"href":"https:\/\/tangooled.com\/fr\/wp-json\/wp\/v2\/types\/product"}],"wp:featuredmedia":[{"embeddable":true,"href":"https:\/\/tangooled.com\/fr\/wp-json\/wp\/v2\/media\/33662"}],"wp:attachment":[{"href":"https:\/\/tangooled.com\/fr\/wp-json\/wp\/v2\/media?parent=35407"}],"wp:term":[{"taxonomy":"pcb-width","embeddable":true,"href":"https:\/\/tangooled.com\/fr\/wp-json\/wp\/v2\/pcb-width?post=35407"},{"taxonomy":"product-cat","embeddable":true,"href":"https:\/\/tangooled.com\/fr\/wp-json\/wp\/v2\/product-cat?post=35407"}],"curies":[{"name":"wp","href":"https:\/\/api.w.org\/{rel}","templated":true}]}}