{"id":35406,"date":"2025-07-03T22:13:06","date_gmt":"2025-07-04T06:13:06","guid":{"rendered":"https:\/\/tangooled.com\/?post_type=product&#038;p=35406"},"modified":"2026-01-31T01:54:58","modified_gmt":"2026-01-31T09:54:58","slug":"low-lighting-slim-in-wall-aluminum-led-channel-for-8mm-led-strip","status":"publish","type":"product","link":"https:\/\/tangooled.com\/fr\/product\/low-lighting-slim-in-wall-aluminum-led-channel-for-8mm-led-strip\/","title":{"rendered":"Canal LED en aluminium mince pour \u00e9clairage en int\u00e9rieur avec bande LED de 8 mm"},"content":{"rendered":"<div class=\"wp-block-group is-vertical is-layout-flex wp-container-core-group-is-layout-d255d7c4 wp-block-group-is-layout-flex\" style=\"padding-top:var(--wp--preset--spacing--80);padding-bottom:var(--wp--preset--spacing--80)\">\n<p>Rencontrez notre profil LED encastr\u00e9 pour faible \u00e9clairage, un choix fantastique pour ajouter une lumi\u00e8re d'accent subtile et moderne \u00e0 vos espaces. Ce canal de pl\u00e2tre LED encastr\u00e9 est fabriqu\u00e9 \u00e0 partir d'aluminium 6063 robuste, qui aide \u00e0 garder vos bandes LED au frais pour qu'elles durent plus longtemps. Il comprend un couvercle en polycarbonate (PC) qui se clipse en place, cr\u00e9ant une lumi\u00e8re douce et uniforme sans spots lumineux.<\/p>\n\n\n\n<p>Con\u00e7u pour \u00eatre encastr\u00e9, ce canal LED en aluminium s'ajuste parfaitement dans le pl\u00e2tre avec des clips \u00e0 ressort faciles \u00e0 utiliser, vous offrant un look professionnel et int\u00e9gr\u00e9. Le profil projette la lumi\u00e8re vers le bas, ce qui le rend parfait pour cr\u00e9er un \u00e9clairage doux et indirect le long des murs.<\/p>\n\n\n\n<p>It&#8217;s a versatile solution for many places. Use it in your home to light up hallways or stairs. In hotels and restaurants, it creates a warm and welcoming atmosphere. It\u2019s also great for commercial spaces like retail stores or offices wanting a touch of sleek, understated light.<\/p>\n<\/div>\n\n\n\n<div class=\"wp-block-group has-background is-vertical is-layout-flex wp-container-core-group-is-layout-d255d7c4 wp-block-group-is-layout-flex\" style=\"background-color:#f1f1f1;padding-top:var(--wp--preset--spacing--80);padding-bottom:var(--wp--preset--spacing--80)\">\n<div class=\"wp-block-group is-vertical is-layout-flex wp-container-core-group-is-layout-8cf370e7 wp-block-group-is-layout-flex\">\n<h2 class=\"wp-block-heading\" style=\"padding-top:var(--wp--preset--spacing--40);padding-bottom:var(--wp--preset--spacing--40);font-size:25px;font-style:normal;font-weight:600;text-transform:capitalize\">Pourquoi choisir notre profil LED encastr\u00e9 pour faible \u00e9clairage<\/h2>\n\n\n\n<ul class=\"wp-block-list\">\n<li>Pas de finition, conception \u00e0 pl\u00e2tre facilite son utilisation avec le placo<\/li>\n\n\n\n<li>Fonctionne avec les bandes LED typiques de 8 mm, comme COB et 2835<\/li>\n\n\n\n<li>Id\u00e9al pour l'\u00e9clairage de coves ou l'\u00e9clairage architectural<\/li>\n\n\n\n<li>Peut \u00eatre utilis\u00e9 dans les LED de sol, les \u00e9tag\u00e8res ou l'\u00e9clairage pour escaliers<\/li>\n\n\n\n<li>Le profil super mince s'accorde bien avec les styles modernes et minimalistes.<\/li>\n<\/ul>\n<\/div>\n<\/div>\n\n\n\n<div class=\"wp-block-group\" style=\"padding-top:var(--wp--preset--spacing--60);padding-bottom:var(--wp--preset--spacing--60)\"><div class=\"wp-block-group__inner-container is-layout-constrained wp-block-group-is-layout-constrained\">\n<div class=\"wp-block-media-text has-media-on-the-right is-stacked-on-mobile\" style=\"grid-template-columns:auto 40%\"><div class=\"wp-block-media-text__content\">\n<h2 class=\"wp-block-heading\" style=\"padding-top:var(--wp--preset--spacing--40);padding-bottom:var(--wp--preset--spacing--40);font-size:25px;font-style:normal;font-weight:600;text-transform:capitalize\">Comment utiliser<\/h2>\n\n\n\n<ul class=\"wp-block-list\">\n<li>Notre canal LED en aluminium \u00e0 profil bas est con\u00e7u pour une installation facile dans du placo ou des plafonds.<\/li>\n\n\n\n<li>Le canal est maintenu en place par des clips de support \u00e0 ressort dans une rainure pr\u00e9-d\u00e9coup\u00e9e, ce qui facilite le montage et \u00e9vite le besoin de pl\u00e2tre ou de boue de pl\u00e2tre sur un rebord.<\/li>\n\n\n\n<li>Une fois en place, il est con\u00e7u pour projeter la lumi\u00e8re dans une direction sp\u00e9cifique, soit vers le bas, soit sur le c\u00f4t\u00e9 (gauche ou droite).<\/li>\n\n\n\n<li>Il suffit de placer votre bande LED de 8 mm \u00e0 l'int\u00e9rieur du profil et d'ajouter le diffuseur d\u00e9poli pour finaliser le design. Cela vous donnera un \u00e9clairage uniforme, sans points lumineux.<\/li>\n<\/ul>\n<\/div><figure class=\"wp-block-media-text__media\"><img loading=\"lazy\" decoding=\"async\" width=\"500\" height=\"500\" src=\"https:\/\/tangooled.com\/wp-content\/uploads\/2025\/07\/wp06-ins.webp\" alt=\"low lighting slim in wall aluminum led channel for 8mm led strip\" class=\"wp-image-42094 size-full\" srcset=\"https:\/\/tangooled.com\/wp-content\/uploads\/2025\/07\/wp06-ins.webp 500w, https:\/\/tangooled.com\/wp-content\/uploads\/2025\/07\/wp06-ins-300x300.webp 300w, https:\/\/tangooled.com\/wp-content\/uploads\/2025\/07\/wp06-ins-150x150.webp 150w\" sizes=\"auto, (max-width: 500px) 100vw, 500px\" \/><\/figure><\/div>\n<\/div><\/div>\n\n\n\n<div class=\"wp-block-group has-background is-vertical is-layout-flex wp-container-core-group-is-layout-b429018a wp-block-group-is-layout-flex\" style=\"background-color:#f1f1f1f2;padding-top:var(--wp--preset--spacing--70);padding-bottom:var(--wp--preset--spacing--70)\">\n<h2 class=\"wp-block-heading\" style=\"padding-top:var(--wp--preset--spacing--40);padding-bottom:var(--wp--preset--spacing--40);font-size:25px;font-style:normal;font-weight:600\">Meilleures applications pour le profil LED encastr\u00e9 pour faible \u00e9clairage<\/h2>\n\n\n\n<ul class=\"wp-block-list\">\n<li>\u00c9clairage d'accent architectural : Utilisez une lumi\u00e8re lin\u00e9aire pour faire ressortir les murs, \u00e9tag\u00e8res ou plafonds.<\/li>\n\n\n\n<li>\u00c9clairage de coves : Disposez-le autour des plafonds pour cr\u00e9er une lueur subtile et indirecte.<\/li>\n\n\n\n<li>\u00c9clairage pour armoires et \u00e9tag\u00e8res : Ajoutez de belles bandes lumineuses discr\u00e8tes \u00e0 votre mobilier.<\/li>\n\n\n\n<li>\u00c9clairage pour escaliers et plinthes : Rendez les marches ou les bords de sol s\u00fbrs et pas trop lumineux.<\/li>\n\n\n\n<li>Int\u00e9gration au pl\u00e2tre : Fonctionne avec du pl\u00e2tre ou de la boue, ce qui le rend id\u00e9al pour les constructions en plaques modernes.<\/li>\n<\/ul>\n<\/div>\n\n\n\n<div class=\"wp-block-group is-vertical is-layout-flex wp-container-core-group-is-layout-d255d7c4 wp-block-group-is-layout-flex\" style=\"padding-top:var(--wp--preset--spacing--80);padding-bottom:var(--wp--preset--spacing--80)\">\n<h2 class=\"wp-block-heading\" style=\"font-size:25px;font-style:normal;font-weight:600;text-transform:capitalize\">Produits associ\u00e9s<\/h2>\n\n\n\n<ul class=\"wp-block-list\">\n<li>Essayez notre <a href=\"https:\/\/tangooled.com\/fr\/product\/black-led-diffuser-aluminum-channel-for-12mm-tape-lights\/\"><mark style=\"background-color:rgba(0, 0, 0, 0)\" class=\"has-inline-color has-vivid-red-color\">canal en aluminium diffuseur noir pour lumi\u00e8res \u00e0 bande de 12mm<\/mark><\/a> pour les bandes LED plus larges.<\/li>\n\n\n\n<li>V\u00e9rifiez le <a href=\"https:\/\/tangooled.com\/fr\/product\/led-strip-light-channel-aluminum-profile-with-diffused-cover-6mm-height\/\"><mark style=\"background-color:rgba(0, 0, 0, 0)\" class=\"has-inline-color has-vivid-red-color\">Profil en aluminium pour bande LED avec couvercle diffusant de 6 mm de hauteur<\/mark><\/a> pour des besoins ultra-fins.<\/li>\n\n\n\n<li>Pour des besoins de montage en surface, voir notre <a href=\"https:\/\/tangooled.com\/fr\/product\/surface-mount-led-profile-with-frosted-diffuser-for-10mm-rope-lights\/\"><mark style=\"background-color:rgba(0, 0, 0, 0)\" class=\"has-inline-color has-vivid-red-color\">profil LED \u00e0 monter en surface avec diffuseur d\u00e9poli pour \u00e9clairage \u00e0 corde de 10 mm<\/mark><\/a>.<\/li>\n<\/ul>\n<\/div>\n\n\n\n<p><\/p>","protected":false},"featured_media":13499,"template":"","meta":{"_acf_changed":true,"_seopress_robots_primary_cat":"none","_seopress_titles_title":"Slim In-Wall LED Channel for Low Lighting WP06 | TANGOOLED","_seopress_titles_desc":"The WP06 is an ultra-slim in-wall led channel designed for low lighting applications. Optimized for 8mm led strips, this minimalist aluminum profile provides subtle footlight and path illumination for modern hallways.","_seopress_robots_index":""},"pcb-width":[228],"product-cat":[195],"class_list":{"0":"post-35406","1":"product","2":"type-product","3":"status-publish","4":"has-post-thumbnail","6":"pcb-width-6-12mm","7":"product-cat-wall-mout-profile"},"acf":[],"_links":{"self":[{"href":"https:\/\/tangooled.com\/fr\/wp-json\/wp\/v2\/product\/35406","targetHints":{"allow":["GET"]}}],"collection":[{"href":"https:\/\/tangooled.com\/fr\/wp-json\/wp\/v2\/product"}],"about":[{"href":"https:\/\/tangooled.com\/fr\/wp-json\/wp\/v2\/types\/product"}],"wp:featuredmedia":[{"embeddable":true,"href":"https:\/\/tangooled.com\/fr\/wp-json\/wp\/v2\/media\/13499"}],"wp:attachment":[{"href":"https:\/\/tangooled.com\/fr\/wp-json\/wp\/v2\/media?parent=35406"}],"wp:term":[{"taxonomy":"pcb-width","embeddable":true,"href":"https:\/\/tangooled.com\/fr\/wp-json\/wp\/v2\/pcb-width?post=35406"},{"taxonomy":"product-cat","embeddable":true,"href":"https:\/\/tangooled.com\/fr\/wp-json\/wp\/v2\/product-cat?post=35406"}],"curies":[{"name":"wp","href":"https:\/\/api.w.org\/{rel}","templated":true}]}}