{"id":35405,"date":"2025-07-03T22:11:08","date_gmt":"2025-07-04T06:11:08","guid":{"rendered":"https:\/\/tangooled.com\/?post_type=product&#038;p=35405"},"modified":"2026-01-26T23:35:02","modified_gmt":"2026-01-27T07:35:02","slug":"wall-recessed-down-lighting-60mm-led-aluminum-profile","status":"publish","type":"product","link":"https:\/\/tangooled.com\/fr\/product\/wall-recessed-down-lighting-60mm-led-aluminum-profile\/","title":{"rendered":"profil\u00e9 aluminium LED encastr\u00e9 pour \u00e9clairage de 60 mm"},"content":{"rendered":"<div class=\"wp-block-group is-vertical is-layout-flex wp-container-core-group-is-layout-d255d7c4 wp-block-group-is-layout-flex\" style=\"padding-top:var(--wp--preset--spacing--80);padding-bottom:var(--wp--preset--spacing--80)\">\n<p>Notre profil mural LED encastr\u00e9 de 60 mm est int\u00e9gr\u00e9 au mur pour donner \u00e0 votre \u00e9clairage architectural un look \u00e9l\u00e9gant et moderne. C'est un canal pour l'\u00e9clairage encastr\u00e9 dans un mur qui est fix\u00e9 dans les plaques de pl\u00e2tre avec des clips \u00e0 ressort pour un aspect propre et sans finition. Avec des dimensions externes globales de 70 mm (largeur) 24,5 mm (profondeur), le canal est con\u00e7u pour \u00eatre encastr\u00e9 dans le mur ou le plafond avec une hauteur int\u00e9gr\u00e9e de 60 mm pour obtenir l'effet souhait\u00e9. Ce design robuste garantit que le profil s'adapte \u00e0 ras et en toute s\u00e9curit\u00e9, ce qui est parfait pour g\u00e9n\u00e9rer des effets d'\u00e9clairage lin\u00e9aires saisissants.<\/p>\n\n\n\n<p>This 60mm downlighting LED wall profile features a simple design that makes it very useful. It can make homes&#8217; halls, living rooms, and stairs look elegant. It&#8217;s fantastic for emphasizing things in modern office environments, galleries, and stores when used for commercial lighting. It looks good and functions properly.<\/p>\n<\/div>\n\n\n\n<div class=\"wp-block-group has-background is-vertical is-layout-flex wp-container-core-group-is-layout-d255d7c4 wp-block-group-is-layout-flex\" style=\"background-color:#f1f1f1;padding-top:var(--wp--preset--spacing--80);padding-bottom:var(--wp--preset--spacing--80)\">\n<div class=\"wp-block-group is-vertical is-layout-flex wp-container-core-group-is-layout-8cf370e7 wp-block-group-is-layout-flex\">\n<h2 class=\"wp-block-heading\" style=\"padding-top:var(--wp--preset--spacing--40);padding-bottom:var(--wp--preset--spacing--40);font-size:25px;font-style:normal;font-weight:600;text-transform:capitalize\">Pourquoi choisir notre profil mural LED encastr\u00e9 de 60 mm ?<\/h2>\n\n\n\n<ul class=\"wp-block-list\">\n<li>Fabriqu\u00e9 en aluminium anodis\u00e9 6063, qui dissipe bien la chaleur et prolonge la dur\u00e9e de vie de vos lumi\u00e8res LED.<\/li>\n\n\n\n<li>Le design sans finition, \u00e0 encastrer, permet de le cacher dans les plaques de pl\u00e2tre ou le pl\u00e2tre. Il n'y a pas de cadres, seulement une ligne de lumi\u00e8re pure.<\/li>\n\n\n\n<li>\u00c9quip\u00e9 d'un diffuseur d\u00e9poli qui rend la lumi\u00e8re douce et uniforme, sans spots g\u00eanants ni ombres.<\/li>\n\n\n\n<li>Id\u00e9al pour nettoyer les murs, ajouter de la lumi\u00e8re aux plafonds, escaliers et plinthes.<\/li>\n<\/ul>\n<\/div>\n<\/div>\n\n\n\n<div class=\"wp-block-group\" style=\"padding-top:var(--wp--preset--spacing--60);padding-bottom:var(--wp--preset--spacing--60)\"><div class=\"wp-block-group__inner-container is-layout-constrained wp-block-group-is-layout-constrained\">\n<div class=\"wp-block-media-text has-media-on-the-right is-stacked-on-mobile\" style=\"grid-template-columns:auto 40%\"><div class=\"wp-block-media-text__content\">\n<h2 class=\"wp-block-heading\" style=\"padding-top:var(--wp--preset--spacing--40);padding-bottom:var(--wp--preset--spacing--40);font-size:25px;font-style:normal;font-weight:600;text-transform:capitalize\">Comment Installer<\/h2>\n\n\n\n<ul class=\"wp-block-list\">\n<li>Cut a precise groove in the drywall or plasterboard. This cavity&#8217;s dimensions, particularly its height, must be suitable for the profile&#8217;s 60mm embedding section and allow space for the spring support clips.<\/li>\n\n\n\n<li>Fixez les clips de support \u00e0 ressort \u00e0 l'arri\u00e8re du profil LED.<\/li>\n\n\n\n<li>Fixez la bande LED \u00e0 l'int\u00e9rieur du canal, puis attachez le diffuseur d\u00e9poli et les bouchons d'extr\u00e9mit\u00e9.<\/li>\n\n\n\n<li>Ins\u00e9rez le profil dans la cavit\u00e9 pr\u00e9par\u00e9e. Les clips \u00e0 ressort vont se comprimer puis s'\u00e9tendre derri\u00e8re le panneau de pl\u00e2tre, maintenant fermement le profil \u00e0 ras de la surface.<\/li>\n\n\n\n<li>Enfin, connectez le profil LED \u00e0 l'alimentation.<\/li>\n<\/ul>\n<\/div><figure class=\"wp-block-media-text__media\"><img loading=\"lazy\" decoding=\"async\" width=\"500\" height=\"500\" src=\"https:\/\/tangooled.com\/wp-content\/uploads\/2025\/07\/wp05-ins.webp\" alt=\"profil\u00e9 aluminium LED encastr\u00e9 pour \u00e9clairage de 60 mm\" class=\"wp-image-42081 size-full\" srcset=\"https:\/\/tangooled.com\/wp-content\/uploads\/2025\/07\/wp05-ins.webp 500w, https:\/\/tangooled.com\/wp-content\/uploads\/2025\/07\/wp05-ins-300x300.webp 300w, https:\/\/tangooled.com\/wp-content\/uploads\/2025\/07\/wp05-ins-150x150.webp 150w\" sizes=\"auto, (max-width: 500px) 100vw, 500px\" \/><\/figure><\/div>\n<\/div><\/div>\n\n\n\n<div class=\"wp-block-group has-background is-vertical is-layout-flex wp-container-core-group-is-layout-b429018a wp-block-group-is-layout-flex\" style=\"background-color:#f1f1f1f2;padding-top:var(--wp--preset--spacing--70);padding-bottom:var(--wp--preset--spacing--70)\">\n<h2 class=\"wp-block-heading\" style=\"padding-top:var(--wp--preset--spacing--40);padding-bottom:var(--wp--preset--spacing--40);font-size:25px;font-style:normal;font-weight:600;text-transform:capitalize\">Les meilleures fa\u00e7ons d'utiliser notre profil mural LED encastr\u00e9 de 60 mm<\/h2>\n\n\n\n<ul class=\"wp-block-list\">\n<li>Cafards et corridors : Utilisez des lumi\u00e8res murales lisses et \u00e9l\u00e9gantes pour \u00e9clairer votre chemin.<\/li>\n\n\n\n<li>Pour les escaliers, il doit y avoir un \u00e9clairage doux et s\u00e9curis\u00e9 sur les marches et les murs.<\/li>\n\n\n\n<li>Murs d'accent : Utilisez un \u00e9clairage encastr\u00e9 pour attirer l'attention sur des \u0153uvres d'art ou des \u00e9l\u00e9ments de design.<\/li>\n\n\n\n<li>Magasins et bureaux : \u00c9clairage moderne et efficace pour le travail et l'exposition.<\/li>\n\n\n\n<li>Plinthes : \u00c9clairage de bas niveau qui a fi\u00e8re allure.<\/li>\n<\/ul>\n<\/div>\n\n\n\n<div class=\"wp-block-group is-vertical is-layout-flex wp-container-core-group-is-layout-d255d7c4 wp-block-group-is-layout-flex\" style=\"padding-top:var(--wp--preset--spacing--80);padding-bottom:var(--wp--preset--spacing--80)\">\n<h2 class=\"wp-block-heading\" style=\"padding-top:var(--wp--preset--spacing--40);padding-bottom:var(--wp--preset--spacing--40);font-size:25px;font-style:normal;font-weight:600;text-transform:capitalize\">Que contient la bo\u00eete ?<\/h2>\n\n\n\n<ul class=\"wp-block-list\">\n<li>1 x profil en aluminium de 2,5 m\u00e8tres<\/li>\n\n\n\n<li>1 x couvercle de diffuseur de 2,5 m\u00e8tres<\/li>\n\n\n\n<li>2 x bouchons d'extr\u00e9mit\u00e9 (un avec un trou pour le c\u00e2blage)<\/li>\n\n\n\n<li>2 x clips \u00e0 ressort<\/li>\n<\/ul>\n<\/div>\n\n\n\n<div class=\"wp-block-group has-background\" style=\"background-color:#f1f1f1;padding-top:var(--wp--preset--spacing--80);padding-bottom:var(--wp--preset--spacing--80)\"><div class=\"wp-block-group__inner-container is-layout-constrained wp-block-group-is-layout-constrained\">\n<h2 class=\"wp-block-heading\" style=\"padding-top:var(--wp--preset--spacing--40);padding-bottom:var(--wp--preset--spacing--40);font-size:25px;font-style:normal;font-weight:600;text-transform:capitalize\">r\u00e9sum\u00e9<\/h2>\n\n\n\n<p style=\"padding-right:var(--wp--preset--spacing--50);padding-left:var(--wp--preset--spacing--50)\">It\u2019s an ideal method to bring modern, clean, and soft linear lighting to any area is with our recessed 60mm LED wall profile. The robust aluminum body, broad channel, and frosted diffuser top make it easy to put powerful LED strips in walls or ceilings to generate beautiful, smooth lines of light.<\/p>\n<\/div><\/div>\n\n\n\n<p><\/p>","protected":false},"featured_media":13493,"template":"","meta":{"_acf_changed":true,"_seopress_robots_primary_cat":"none","_seopress_titles_title":"Recessed 60mm LED Wall Profile | Wall Recessed Down Lighting Channel | TANGOOLED","_seopress_titles_desc":"The WP05 is a professional recessed 60mm led wall profile designed for seamless down lighting. This 60mm aluminum channel integrates into the wall to create a clean, modern wash light effect.","_seopress_robots_index":""},"pcb-width":[229],"product-cat":[195],"class_list":{"0":"post-35405","1":"product","2":"type-product","3":"status-publish","4":"has-post-thumbnail","6":"pcb-width-15-20mm","7":"product-cat-wall-mout-profile"},"acf":[],"_links":{"self":[{"href":"https:\/\/tangooled.com\/fr\/wp-json\/wp\/v2\/product\/35405","targetHints":{"allow":["GET"]}}],"collection":[{"href":"https:\/\/tangooled.com\/fr\/wp-json\/wp\/v2\/product"}],"about":[{"href":"https:\/\/tangooled.com\/fr\/wp-json\/wp\/v2\/types\/product"}],"wp:featuredmedia":[{"embeddable":true,"href":"https:\/\/tangooled.com\/fr\/wp-json\/wp\/v2\/media\/13493"}],"wp:attachment":[{"href":"https:\/\/tangooled.com\/fr\/wp-json\/wp\/v2\/media?parent=35405"}],"wp:term":[{"taxonomy":"pcb-width","embeddable":true,"href":"https:\/\/tangooled.com\/fr\/wp-json\/wp\/v2\/pcb-width?post=35405"},{"taxonomy":"product-cat","embeddable":true,"href":"https:\/\/tangooled.com\/fr\/wp-json\/wp\/v2\/product-cat?post=35405"}],"curies":[{"name":"wp","href":"https:\/\/api.w.org\/{rel}","templated":true}]}}