{"id":35404,"date":"2025-07-03T22:08:51","date_gmt":"2025-07-04T06:08:51","guid":{"rendered":"https:\/\/tangooled.com\/?post_type=product&#038;p=35404"},"modified":"2026-01-26T23:29:38","modified_gmt":"2026-01-27T07:29:38","slug":"up-and-down-wall-sconce-light-led-strip-channel-for-15mm-white-led-strip","status":"publish","type":"product","link":"https:\/\/tangooled.com\/fr\/product\/up-and-down-wall-sconce-light-led-strip-channel-for-15mm-white-led-strip\/","title":{"rendered":"canal de bande LED pour applique murale ascendante et descendante pour bande LED blanche de 15 mm"},"content":{"rendered":"<div class=\"wp-block-group is-vertical is-layout-flex wp-container-core-group-is-layout-d255d7c4 wp-block-group-is-layout-flex\" style=\"padding-top:var(--wp--preset--spacing--80);padding-bottom:var(--wp--preset--spacing--80)\">\n<p>This modern wall sconce LED strip channel will make your place look better by providing balanced up and down lighting. The profile is made of long-lasting 6063 aluminum alloy, which helps it stay cool and last a long time. The entire height is 50mm, and there are two different lighting grooves, one on top and one on the bottom, each with a width of\u00a017.6mm. The two lighting surfaces shown can each hold an LED strip that is up to 15.0mm wide. The diffusers are composed of high-quality polycarbonate (PC), which makes sure that the light is smooth, soft, and even. The diffusers are composed of high-quality polycarbonate (PC), which makes sure that the light is smooth, soft, and even.<\/p>\n\n\n\n<p>Ce profil pr\u00e9sente une approche simple en deux \u00e9tapes avec clips pour une installation propre et constante en surface. Il offre un \u00e9clairage suppl\u00e9mentaire efficace qui \u00e9limine parfaitement les ombres en projetant de la lumi\u00e8re vers le haut et vers le bas en m\u00eame temps. Ce profil d'\u00e9clairage vers le haut et vers le bas est id\u00e9al pour ajouter des accents accrocheurs aux maisons, aux couloirs d'h\u00f4tel, aux commerces et aux projets d'\u00e9clairage architectural.<\/p>\n<\/div>\n\n\n\n<div class=\"wp-block-group has-background is-vertical is-layout-flex wp-container-core-group-is-layout-d255d7c4 wp-block-group-is-layout-flex\" style=\"background-color:#f1f1f1;padding-top:var(--wp--preset--spacing--80);padding-bottom:var(--wp--preset--spacing--80)\">\n<div class=\"wp-block-group is-vertical is-layout-flex wp-container-core-group-is-layout-8cf370e7 wp-block-group-is-layout-flex\">\n<h2 class=\"wp-block-heading\" style=\"padding-top:var(--wp--preset--spacing--40);padding-bottom:var(--wp--preset--spacing--40);font-size:25px;font-style:normal;font-weight:600;text-transform:capitalize\">Pourquoi choisir ce canal pour applique murale LED ?<\/h2>\n\n\n\n<ul class=\"wp-block-list\">\n<li>Conception \u00e0 double \u00e9mission : La lumi\u00e8re brille \u00e0 la fois vers le haut et vers le bas, faisant briller vos murs d'une douce lueur.<\/li>\n\n\n\n<li>Convient aux bandes LED de 15 mm : Fonctionne bien avec des bandes larges, comme les bandes COB (Chip on Board) et les bandes LED \u00e0 haute densit\u00e9.<\/li>\n\n\n\n<li>Lumi\u00e8re lisse : Le couvercle diffuseur opale rend la lumi\u00e8re douce et lisse, sans zones lumineuses.<\/li>\n\n\n\n<li>Bo\u00eetier en aluminium robuste : L'enveloppe en aluminium anodis\u00e9 prot\u00e8ge votre bande LED de la rouille et la maintient fra\u00eeche.<\/li>\n\n\n\n<li>Facile \u00e0 installer : Des clips vous permettent de le fixer \u00e0 n'importe quel mur. Il a fi\u00e8re allure et s'int\u00e8gre parfaitement \u00e0 votre espace.<\/li>\n\n\n\n<li>Diff\u00e9rentes couleurs : Vous pouvez choisir une finition blanche mate, noire mate ou argent\u00e9e qui correspond \u00e0 votre style.<\/li>\n<\/ul>\n<\/div>\n<\/div>\n\n\n\n<div class=\"wp-block-group\" style=\"padding-top:var(--wp--preset--spacing--60);padding-bottom:var(--wp--preset--spacing--60)\"><div class=\"wp-block-group__inner-container is-layout-constrained wp-block-group-is-layout-constrained\">\n<div class=\"wp-block-media-text has-media-on-the-right is-stacked-on-mobile\" style=\"grid-template-columns:auto 40%\"><div class=\"wp-block-media-text__content\">\n<h2 class=\"wp-block-heading\" style=\"font-size:25px;font-style:normal;font-weight:600;text-transform:capitalize\">O\u00f9 utiliser votre canal pour applique murale LED<\/h2>\n\n\n\n<ul class=\"wp-block-list\">\n<li>Couloirs et escaliers : \u00c9clairage de chemin s\u00fbr, lumineux et beau.<\/li>\n\n\n\n<li>Chambres \u00e0 coucher et salons : Utilisez la lumi\u00e8re vers le haut et vers le bas pour cr\u00e9er l'ambiance ou mettre en valeur les murs.<\/li>\n\n\n\n<li>Salles de bains et coiffeuses : Id\u00e9al pour un \u00e9clairage doux et propre pr\u00e8s des miroirs.<\/li>\n\n\n\n<li>Restaurants et h\u00f4tels : Faites en sorte que les clients se sentent plus chez eux avec un \u00e9clairage moderne et chaleureux.<\/li>\n\n\n\n<li>Bureaux et magasins : \u00c9clairage styl\u00e9 et efficace qui illumine les pi\u00e8ces et met en valeur les articles.<\/li>\n<\/ul>\n<\/div><figure class=\"wp-block-media-text__media\"><img loading=\"lazy\" decoding=\"async\" width=\"500\" height=\"500\" src=\"https:\/\/tangooled.com\/wp-content\/uploads\/2025\/07\/wp04-ins.webp\" alt=\"canal de bande LED pour applique murale ascendante et descendante pour bande LED blanche de 15 mm\" class=\"wp-image-42077 size-full\" srcset=\"https:\/\/tangooled.com\/wp-content\/uploads\/2025\/07\/wp04-ins.webp 500w, https:\/\/tangooled.com\/wp-content\/uploads\/2025\/07\/wp04-ins-300x300.webp 300w, https:\/\/tangooled.com\/wp-content\/uploads\/2025\/07\/wp04-ins-150x150.webp 150w\" sizes=\"auto, (max-width: 500px) 100vw, 500px\" \/><\/figure><\/div>\n<\/div><\/div>\n\n\n\n<div class=\"wp-block-group has-background is-vertical is-layout-flex wp-container-core-group-is-layout-b429018a wp-block-group-is-layout-flex\" style=\"background-color:#f1f1f1f2;padding-top:var(--wp--preset--spacing--70);padding-bottom:var(--wp--preset--spacing--70)\">\n<h2 class=\"wp-block-heading\" style=\"padding-top:var(--wp--preset--spacing--40);padding-bottom:var(--wp--preset--spacing--40);font-size:25px;font-style:normal;font-weight:600\">What\u2019s Inside the Box?<\/h2>\n\n\n\n<ul class=\"wp-block-list\">\n<li>Canal pour applique murale en aluminium<\/li>\n\n\n\n<li>Couvercle diffuseur opale \u00e0 clipser<\/li>\n\n\n\n<li>Deux capuchons aux extr\u00e9mit\u00e9s (un solide, un pour le c\u00e2blage)<\/li>\n\n\n\n<li>Clips de montage pour une installation facile<\/li>\n<\/ul>\n<\/div>\n\n\n\n<div class=\"wp-block-group is-vertical is-layout-flex wp-container-core-group-is-layout-d255d7c4 wp-block-group-is-layout-flex\" style=\"padding-top:var(--wp--preset--spacing--80);padding-bottom:var(--wp--preset--spacing--80)\">\n<h2 class=\"wp-block-heading\" style=\"padding-top:var(--wp--preset--spacing--40);padding-bottom:var(--wp--preset--spacing--40);font-size:25px;font-style:normal;font-weight:600;text-transform:capitalize\">Produits associ\u00e9s qui pourraient vous int\u00e9resser<\/h2>\n\n\n\n<ul class=\"wp-block-list\">\n<li>Profil LED mont\u00e9 en surface avec diffuseur d\u00e9poli pour lumi\u00e8res \u00e0 corde de 10 mm : <a href=\"https:\/\/tangooled.com\/fr\/product\/surface-mount-led-profile-with-frosted-diffuser-for-10mm-rope-lights\/\"><mark style=\"background-color:rgba(0, 0, 0, 0)\" class=\"has-inline-color has-vivid-red-color\">Voir le produit<\/mark><\/a><\/li>\n\n\n\n<li>Profil LED en aluminium mont\u00e9 en surface de 25x14 mm : <a href=\"https:\/\/tangooled.com\/fr\/product\/25x14m-surface-mounted-led-light-aluminum-profile\/\"><mark style=\"background-color:rgba(0, 0, 0, 0)\" class=\"has-inline-color has-vivid-red-color\">Voir le produit<\/mark><\/a><\/li>\n\n\n\n<li>Canal de lumi\u00e8re LED de 22x10 mm pour bandes LED flexibles de 15 mm : <a href=\"https:\/\/tangooled.com\/fr\/product\/22x10mm-led-profile-light-channel-for-15mm-flexible-led-strips\/\"><mark style=\"background-color:rgba(0, 0, 0, 0)\" class=\"has-inline-color has-vivid-red-color\">Voir le produit<\/mark><\/a><\/li>\n<\/ul>\n<\/div>\n\n\n\n<div class=\"wp-block-group has-background\" style=\"background-color:#f1f1f1;padding-top:var(--wp--preset--spacing--80);padding-bottom:var(--wp--preset--spacing--80)\"><div class=\"wp-block-group__inner-container is-layout-constrained wp-block-group-is-layout-constrained\">\n<h2 class=\"wp-block-heading\" style=\"padding-top:var(--wp--preset--spacing--40);padding-bottom:var(--wp--preset--spacing--40);font-size:25px;font-style:normal;font-weight:600;text-transform:capitalize\">R\u00e9sum\u00e9<\/h2>\n\n\n\n<p style=\"padding-right:var(--wp--preset--spacing--50);padding-left:var(--wp--preset--spacing--50)\">Our up and down wall sconce light led strip channel gives you modern, energy-efficient lighting. It&#8217;s the ideal choice for stylish, long-lasting, and bright light that fills your complete environment. Enjoy trendy and energy-saving illumination with our up and down wall sconce light led strip channel. It&#8217;s the best option for lighting that is elegant, works well, and lasts a long time.<\/p>\n<\/div><\/div>\n\n\n\n<p><\/p>","protected":false},"featured_media":13488,"template":"","meta":{"_acf_changed":true,"_seopress_robots_primary_cat":"none","_seopress_titles_title":"Up and Down Wall Sconce LED Strip Channel | 15mm Wide WP04 Profile | TANGOOLED","_seopress_titles_desc":"The WP04 is a professional wall sconce led strip channel designed for 15mm white led strips. This up and down aluminum profile creates a sleek, bi-directional lighting effect for hallways and living areas.","_seopress_robots_index":""},"pcb-width":[229],"product-cat":[195],"class_list":{"0":"post-35404","1":"product","2":"type-product","3":"status-publish","4":"has-post-thumbnail","6":"pcb-width-15-20mm","7":"product-cat-wall-mout-profile"},"acf":[],"_links":{"self":[{"href":"https:\/\/tangooled.com\/fr\/wp-json\/wp\/v2\/product\/35404","targetHints":{"allow":["GET"]}}],"collection":[{"href":"https:\/\/tangooled.com\/fr\/wp-json\/wp\/v2\/product"}],"about":[{"href":"https:\/\/tangooled.com\/fr\/wp-json\/wp\/v2\/types\/product"}],"wp:featuredmedia":[{"embeddable":true,"href":"https:\/\/tangooled.com\/fr\/wp-json\/wp\/v2\/media\/13488"}],"wp:attachment":[{"href":"https:\/\/tangooled.com\/fr\/wp-json\/wp\/v2\/media?parent=35404"}],"wp:term":[{"taxonomy":"pcb-width","embeddable":true,"href":"https:\/\/tangooled.com\/fr\/wp-json\/wp\/v2\/pcb-width?post=35404"},{"taxonomy":"product-cat","embeddable":true,"href":"https:\/\/tangooled.com\/fr\/wp-json\/wp\/v2\/product-cat?post=35404"}],"curies":[{"name":"wp","href":"https:\/\/api.w.org\/{rel}","templated":true}]}}