{"id":35403,"date":"2025-07-03T22:06:28","date_gmt":"2025-07-04T06:06:28","guid":{"rendered":"https:\/\/tangooled.com\/?post_type=product&#038;p=35403"},"modified":"2026-01-26T23:25:50","modified_gmt":"2026-01-27T07:25:50","slug":"ceiling-wash-linear-wall-mount-led-profile-for-10mm-led-tape-light","status":"publish","type":"product","link":"https:\/\/tangooled.com\/fr\/product\/ceiling-wash-linear-wall-mount-led-profile-for-10mm-led-tape-light\/","title":{"rendered":"Profil\u00e9 LED mont\u00e9 au plafond pour \u00e9clairage lin\u00e9aire mural \u00e0 ruban LED de 10 mm"},"content":{"rendered":"<div class=\"wp-block-group is-vertical is-layout-flex wp-container-core-group-is-layout-d255d7c4 wp-block-group-is-layout-flex\" style=\"padding-top:var(--wp--preset--spacing--80);padding-bottom:var(--wp--preset--spacing--80)\">\n<p>Ce profil\u00e9 LED mural \u00e0 lavage de plafond est fabriqu\u00e9 en alliage d'aluminium 6063-T5, ce qui le rend solide et permet une bonne dissipation de la chaleur. Le profil dispose de dimensions ext\u00e9rieures, avec une hauteur verticale totale de 46,7 mm et une largeur de section d'\u00e9clairage de 21,4 mm. Le diffuseur est en polycarbonate (PC) de haute qualit\u00e9 et peut accueillir des bandes LED jusqu'\u00e0 12 mm de large, ce qui rend la lumi\u00e8re lisse et sans points.<\/p>\n\n\n\n<p>Ce profil\u00e9 de lavage mural dispose d'un syst\u00e8me de montage s\u00fbr en clip qui facilite l'attachement directement au mur. La forme inclin\u00e9e dirige la lumi\u00e8re vers le plafond, ce qui donne une impression de grandeur et de confort \u00e0 la pi\u00e8ce une fois install\u00e9.<\/p>\n\n\n\n<p>Ce profil\u00e9 en aluminium adaptable est id\u00e9al pour l'\u00e9clairage architectural et pour am\u00e9liorer l'ambiance dans de nombreux endroits, tels que les maisons, les halls d'h\u00f4tels et les installations commerciales.<\/p>\n<\/div>\n\n\n\n<div class=\"wp-block-group has-background is-vertical is-layout-flex wp-container-core-group-is-layout-d255d7c4 wp-block-group-is-layout-flex\" style=\"background-color:#f1f1f1;padding-top:var(--wp--preset--spacing--80);padding-bottom:var(--wp--preset--spacing--80)\">\n<div class=\"wp-block-group is-vertical is-layout-flex wp-container-core-group-is-layout-8cf370e7 wp-block-group-is-layout-flex\">\n<h2 class=\"wp-block-heading\" style=\"padding-top:var(--wp--preset--spacing--40);padding-bottom:var(--wp--preset--spacing--40);font-size:25px;font-style:normal;font-weight:600;text-transform:capitalize\">Pourquoi choisir notre profil\u00e9 LED mont\u00e9 au plafond ?<\/h2>\n\n\n\n<ul class=\"wp-block-list\">\n<li>Fabriqu\u00e9 en aluminium 6063-T5, un mat\u00e9riau de haute qualit\u00e9 qui aide \u00e0 garder les choses au frais. Cela garde votre ruban LED au frais, ce qui le fait durer plus longtemps et conserve des couleurs vives.<\/li>\n\n\n\n<li>Le couvercle diffuseur opale se clipse et cache les points LED, offrant une lumi\u00e8re douce et sans \u00e9blouissement.<\/li>\n\n\n\n<li>Con\u00e7u pour \u00eatre mont\u00e9 sur les murs juste en dessous du plafond pour un merveilleux effet de graissage des murs.<\/li>\n\n\n\n<li>Compatible avec tout ruban LED de 10 mm ou 12 mm de large, tels que les LED SMD 3528, 5050 et COB reconnues.<\/li>\n\n\n\n<li>Available in three colors: silver anodized, white powder-coated, or black. It&#8217;s easy to find something that fits your style!<\/li>\n\n\n\n<li>Vous pouvez couper le profil\u00e9 pour l'adapter \u00e0 n'importe quelle longueur souhait\u00e9e, des petits couloirs aux grands magasins.<\/li>\n<\/ul>\n<\/div>\n<\/div>\n\n\n\n<div class=\"wp-block-group is-vertical is-layout-flex wp-container-core-group-is-layout-d255d7c4 wp-block-group-is-layout-flex\" style=\"padding-top:var(--wp--preset--spacing--80);padding-bottom:var(--wp--preset--spacing--80)\">\n<hr class=\"wp-block-separator has-alpha-channel-opacity\"\/>\n\n\n\n<div class=\"wp-block-media-text has-media-on-the-right is-stacked-on-mobile\" style=\"grid-template-columns:auto 40%\"><div class=\"wp-block-media-text__content\">\n<h2 class=\"wp-block-heading\" style=\"padding-top:var(--wp--preset--spacing--40);padding-bottom:var(--wp--preset--spacing--40);font-size:25px;font-style:normal;font-weight:600;text-transform:capitalize\">Guide d'installation facile<\/h2>\n\n\n\n<ul class=\"wp-block-list\">\n<li>Choisissez o\u00f9 placer le profil\u00e9 sur le mur. Il doit \u00eatre entre 10 et 30 cm sous le plafond.<\/li>\n\n\n\n<li>Utilisez les clips de montage fournis avec le profil\u00e9 pour l'attacher directement au mur.<\/li>\n\n\n\n<li>Placez votre ruban LED de 10 mm dans le canal.<\/li>\n\n\n\n<li>Placez le diffuseur opale dessus pour r\u00e9partir la lumi\u00e8re uniform\u00e9ment.<\/li>\n\n\n\n<li>Couvrez les embouts des deux c\u00f4t\u00e9s du profil\u00e9 pour prot\u00e9ger et cacher le c\u00e2blage.<\/li>\n<\/ul>\n<\/div><figure class=\"wp-block-media-text__media\"><img loading=\"lazy\" decoding=\"async\" width=\"500\" height=\"500\" src=\"https:\/\/tangooled.com\/wp-content\/uploads\/2025\/07\/wp03-ins.webp\" alt=\"ceiling wash linear wall mount led profile for 10mm led tape light\" class=\"wp-image-42074 size-full\" srcset=\"https:\/\/tangooled.com\/wp-content\/uploads\/2025\/07\/wp03-ins.webp 500w, https:\/\/tangooled.com\/wp-content\/uploads\/2025\/07\/wp03-ins-300x300.webp 300w, https:\/\/tangooled.com\/wp-content\/uploads\/2025\/07\/wp03-ins-150x150.webp 150w\" sizes=\"auto, (max-width: 500px) 100vw, 500px\" \/><\/figure><\/div>\n<\/div>\n\n\n\n<div class=\"wp-block-group has-background is-vertical is-layout-flex wp-container-core-group-is-layout-b429018a wp-block-group-is-layout-flex\" style=\"background-color:#f1f1f1f2;padding-top:var(--wp--preset--spacing--70);padding-bottom:var(--wp--preset--spacing--70)\">\n<h2 class=\"wp-block-heading\" style=\"padding-top:var(--wp--preset--spacing--40);padding-bottom:var(--wp--preset--spacing--40);font-size:25px;font-style:normal;font-weight:600\">Meilleures utilisations pour ce profil\u00e9 LED<\/h2>\n\n\n\n<ul class=\"wp-block-list\">\n<li>Accent et Grazing mural : Utilisez une lumi\u00e8re douce pour mettre en valeur la texture des murs en briques, en pierre ou en panneaux d\u00e9coratifs.<\/li>\n\n\n\n<li>\u00c9clairage p\u00e9riph\u00e9rique : Utilisez-le pour faire briller doucement et indirectement des pi\u00e8ces, des couloirs ou des bureaux.<\/li>\n\n\n\n<li>Retail and Hospitality: This lighting is great for restaurants, hotels, and stores that don&#8217;t want it to be too bright but yet need it to work.<\/li>\n\n\n\n<li>Sur le dessus des armoires ou des \u00e9tag\u00e8res : \u00c9clairez les surfaces sans trop les \u00e9clairer.<\/li>\n<\/ul>\n<\/div>\n\n\n\n<div class=\"wp-block-group is-vertical is-layout-flex wp-container-core-group-is-layout-d255d7c4 wp-block-group-is-layout-flex\" style=\"padding-top:var(--wp--preset--spacing--80);padding-bottom:var(--wp--preset--spacing--80)\">\n<h2 class=\"wp-block-heading\" style=\"padding-top:var(--wp--preset--spacing--40);padding-bottom:var(--wp--preset--spacing--40);font-size:25px;font-style:normal;font-weight:600;text-transform:capitalize\">Produits associ\u00e9s qui pourraient vous int\u00e9resser<\/h2>\n\n\n\n<ul class=\"wp-block-list\">\n<li>Profil\u00e9 LED noir avec diffuseur noir pour ruban LED de 10 mm :<mark style=\"background-color:rgba(0, 0, 0, 0)\" class=\"has-inline-color has-vivid-red-color\"> <a href=\"https:\/\/tangooled.com\/fr\/product\/black-led-profile-with-black-diffuser-for-10mm-led-strip-light\/\">Voir ici<\/a><\/mark><\/li>\n\n\n\n<li>Profil LED mont\u00e9 en surface avec diffuseur d\u00e9poli pour lumi\u00e8res \u00e0 corde de 10 mm : <a href=\"https:\/\/tangooled.com\/fr\/product\/surface-mount-led-profile-with-frosted-diffuser-for-10mm-rope-lights\/\"><mark style=\"background-color:rgba(0, 0, 0, 0)\" class=\"has-inline-color has-vivid-red-color\">Voir ici<\/mark><\/a><\/li>\n\n\n\n<li>Canal LED profil\u00e9 basse hauteur 25x6 mm pour ruban LED de 10 mm : <a href=\"https:\/\/tangooled.com\/fr\/product\/25x6mm-low-profile-led-strip-channel-for-10mm-led-strip-light\/\"><mark style=\"background-color:rgba(0, 0, 0, 0)\" class=\"has-inline-color has-vivid-red-color\">Voir ici<\/mark><\/a><\/li>\n\n\n\n<li>Profil\u00e9 lumi\u00e8re LED 18x9 mm pour installation en surface : <a href=\"https:\/\/tangooled.com\/fr\/product\/18x9mm-led-tape-light-profile-for-surface-installation\/\"><mark style=\"background-color:rgba(0, 0, 0, 0)\" class=\"has-inline-color has-vivid-red-color\">Voir ici<\/mark><\/a><\/li>\n<\/ul>\n<\/div>\n\n\n\n<div class=\"wp-block-group has-background is-vertical is-layout-flex wp-container-core-group-is-layout-b429018a wp-block-group-is-layout-flex\" style=\"background-color:#f1f1f1f2;padding-top:var(--wp--preset--spacing--70);padding-bottom:var(--wp--preset--spacing--70)\">\n<h2 class=\"wp-block-heading\" style=\"padding-top:var(--wp--preset--spacing--40);padding-bottom:var(--wp--preset--spacing--40);font-size:25px;font-style:normal;font-weight:600\">R\u00e9sum\u00e9<\/h2>\n\n\n\n<p style=\"padding-right:var(--wp--preset--spacing--50);padding-left:var(--wp--preset--spacing--50)\">If you want smooth, indirect lighting with your 10mm LED tape light, our ceiling wash wall mount LED profile is the ideal choice. The aluminum extrusion protects your LEDs, keeps them cool, and makes them look clean with the included diffusers, end caps, and mounting clips. This profile works for any kind of lighting you want, whether it&#8217;s architectural uplighting, ambient ceiling cove lighting, or modern perimeter accent lights.<\/p>\n<\/div>\n\n\n\n<p><\/p>","protected":false},"featured_media":13477,"template":"","meta":{"_acf_changed":true,"_seopress_robots_primary_cat":"none","_seopress_titles_title":"Ceiling Wash Wall Mount LED Profile | WP03 Linear Channel for 10mm Tape | TANGOOLED","_seopress_titles_desc":"The WP03 is a sleek ceiling wash wall mount led profile tailored for 10mm LED tape lights. This linear aluminum channel creates an indirect upward glow, perfect for cove lighting and architectural accents.","_seopress_robots_index":""},"pcb-width":[228],"product-cat":[195],"class_list":{"0":"post-35403","1":"product","2":"type-product","3":"status-publish","4":"has-post-thumbnail","6":"pcb-width-6-12mm","7":"product-cat-wall-mout-profile"},"acf":[],"_links":{"self":[{"href":"https:\/\/tangooled.com\/fr\/wp-json\/wp\/v2\/product\/35403","targetHints":{"allow":["GET"]}}],"collection":[{"href":"https:\/\/tangooled.com\/fr\/wp-json\/wp\/v2\/product"}],"about":[{"href":"https:\/\/tangooled.com\/fr\/wp-json\/wp\/v2\/types\/product"}],"wp:featuredmedia":[{"embeddable":true,"href":"https:\/\/tangooled.com\/fr\/wp-json\/wp\/v2\/media\/13477"}],"wp:attachment":[{"href":"https:\/\/tangooled.com\/fr\/wp-json\/wp\/v2\/media?parent=35403"}],"wp:term":[{"taxonomy":"pcb-width","embeddable":true,"href":"https:\/\/tangooled.com\/fr\/wp-json\/wp\/v2\/pcb-width?post=35403"},{"taxonomy":"product-cat","embeddable":true,"href":"https:\/\/tangooled.com\/fr\/wp-json\/wp\/v2\/product-cat?post=35403"}],"curies":[{"name":"wp","href":"https:\/\/api.w.org\/{rel}","templated":true}]}}