{"id":35400,"date":"2025-07-03T22:02:01","date_gmt":"2025-07-04T06:02:01","guid":{"rendered":"https:\/\/tangooled.com\/?post_type=product&#038;p=35400"},"modified":"2026-02-02T02:29:35","modified_gmt":"2026-02-02T10:29:35","slug":"vertical-wall-mount-curved-led-profile-for-upward-lighting","status":"publish","type":"product","link":"https:\/\/tangooled.com\/fr\/product\/vertical-wall-mount-curved-led-profile-for-upward-lighting\/","title":{"rendered":"profil LED courb\u00e9 mont\u00e9 verticalement pour \u00e9clairage vers le haut"},"content":{"rendered":"<div class=\"wp-block-group is-vertical is-layout-flex wp-container-core-group-is-layout-d255d7c4 wp-block-group-is-layout-flex\" style=\"padding-top:var(--wp--preset--spacing--80);padding-bottom:var(--wp--preset--spacing--80)\">\n<p>\u00c9clairez vos murs avec notre profil LED mural courb\u00e9 verticalement vers le haut. Ce profil LED en aluminium est con\u00e7u pour soutenir la bande LED et distribuer la lumi\u00e8re le long du mur. Cela cr\u00e9e un \u00e9clairage diffus doux et sans \u00e9blouissement qui rend les chambres, les salons et d'autres espaces plus confortables. Le canal est en alliage d'aluminium 6063-T5 de haute qualit\u00e9, ce qui prot\u00e8ge la bande des dommages et permet une bonne dissipation de la chaleur. Avec une largeur int\u00e9rieure de 14,7 mm, il est compatible avec la plupart des bandes LED, y compris les mod\u00e8les RGBW.<\/p>\n\n\n\n<p>The profile comes with three different PC LED light diffusers to choose from, and it has\u00a0end caps for a clean, professional look. You can also get a mounting solution that is simple and quick to put up on the wall.<\/p>\n<\/div>\n\n\n\n<div class=\"wp-block-group has-background is-vertical is-layout-flex wp-container-core-group-is-layout-d255d7c4 wp-block-group-is-layout-flex\" style=\"background-color:#f1f1f1;padding-top:var(--wp--preset--spacing--80);padding-bottom:var(--wp--preset--spacing--80)\">\n<div class=\"wp-block-group is-vertical is-layout-flex wp-container-core-group-is-layout-8cf370e7 wp-block-group-is-layout-flex\">\n<h2 class=\"wp-block-heading\" style=\"padding-top:var(--wp--preset--spacing--40);padding-bottom:var(--wp--preset--spacing--40);font-size:25px;font-style:normal;font-weight:600;text-transform:capitalize\">Pourquoi choisir notre profil LED mural courb\u00e9 verticalement vers le haut ?<\/h2>\n\n\n\n<ul class=\"wp-block-list\">\n<li>L'aluminium anodis\u00e9 6063-T5 de haute qualit\u00e9 permet une bonne dissipation de la chaleur.<\/li>\n\n\n\n<li>Diffuseur d\u00e9poli pour une lumi\u00e8re douce et homog\u00e8ne, sans \u00e9blouissement.<\/li>\n\n\n\n<li>Installation verticale murale facile et propre.<\/li>\n\n\n\n<li>Convient pour l'\u00e9clairage ambiant, d'accentuation et architectural.<\/li>\n\n\n\n<li>Compatible avec la plupart des bandes LED populaires allant jusqu'\u00e0 14 mm de large.<\/li>\n\n\n\n<li>Comprend des capuchons de fin et des clips de montage pour une finition soign\u00e9e.<\/li>\n<\/ul>\n<\/div>\n<\/div>\n\n\n\n<div class=\"wp-block-group\" style=\"padding-top:var(--wp--preset--spacing--60);padding-bottom:var(--wp--preset--spacing--60)\"><div class=\"wp-block-group__inner-container is-layout-constrained wp-block-group-is-layout-constrained\">\n<div class=\"wp-block-media-text has-media-on-the-right is-stacked-on-mobile\" style=\"grid-template-columns:auto 40%\"><div class=\"wp-block-media-text__content\">\n<h2 class=\"wp-block-heading\" style=\"padding-top:var(--wp--preset--spacing--40);padding-bottom:var(--wp--preset--spacing--40);font-size:25px;font-style:normal;font-weight:600;text-transform:capitalize\">Utilisations et Avantages<\/h2>\n\n\n\n<ul class=\"wp-block-list\">\n<li>Hall d'h\u00f4tels, couloirs et zones de r\u00e9ception pour cr\u00e9er une ambiance accueillante.<\/li>\n\n\n\n<li>Magasins et bureaux qui semblent modernes et \u00e9l\u00e9gants.<\/li>\n\n\n\n<li>Bars et restaurants qui font se sentir les gens chaleureusement accueillis.<\/li>\n\n\n\n<li>Couloirs, escaliers et espaces de vie dans les maisons qui n\u00e9cessitent une lumi\u00e8re douce.<\/li>\n<\/ul>\n<\/div><figure class=\"wp-block-media-text__media\"><img loading=\"lazy\" decoding=\"async\" width=\"500\" height=\"500\" src=\"https:\/\/tangooled.com\/wp-content\/uploads\/2025\/07\/wp01-ins.webp\" alt=\"profil LED courb\u00e9 mont\u00e9 verticalement pour \u00e9clairage vers le haut\" class=\"wp-image-42065 size-full\" srcset=\"https:\/\/tangooled.com\/wp-content\/uploads\/2025\/07\/wp01-ins.webp 500w, https:\/\/tangooled.com\/wp-content\/uploads\/2025\/07\/wp01-ins-300x300.webp 300w, https:\/\/tangooled.com\/wp-content\/uploads\/2025\/07\/wp01-ins-150x150.webp 150w\" sizes=\"auto, (max-width: 500px) 100vw, 500px\" \/><\/figure><\/div>\n<\/div><\/div>\n\n\n\n<div class=\"wp-block-group has-background is-vertical is-layout-flex wp-container-core-group-is-layout-b429018a wp-block-group-is-layout-flex\" style=\"background-color:#f1f1f1f2;padding-top:var(--wp--preset--spacing--70);padding-bottom:var(--wp--preset--spacing--70)\">\n<h2 class=\"wp-block-heading\" style=\"padding-top:var(--wp--preset--spacing--40);padding-bottom:var(--wp--preset--spacing--40);font-size:25px;font-style:normal;font-weight:600\">Inclus dans le paquet<\/h2>\n\n\n\n<ul class=\"wp-block-list\">\n<li>1 x Profil LED courb\u00e9 vertical en aluminium<\/li>\n\n\n\n<li>1 x Diffuseur en polycarbonate d\u00e9poli<\/li>\n\n\n\n<li>2 x Clips de montage avec vis<\/li>\n\n\n\n<li>2 x Capuchons de fin (1 avec trou pour c\u00e2ble, 1 simple)<\/li>\n<\/ul>\n<\/div>\n\n\n\n<div class=\"wp-block-group is-vertical is-layout-flex wp-container-core-group-is-layout-d255d7c4 wp-block-group-is-layout-flex\" style=\"padding-top:var(--wp--preset--spacing--80);padding-bottom:var(--wp--preset--spacing--80)\">\n<h2 class=\"wp-block-heading\" style=\"padding-top:var(--wp--preset--spacing--40);padding-bottom:var(--wp--preset--spacing--40);font-size:25px;font-style:normal;font-weight:600;text-transform:capitalize\">vous pourriez \u00e9galement aimer ces produits connexes<\/h2>\n\n\n\n<ul class=\"wp-block-list\">\n<li><a href=\"https:\/\/tangooled.com\/fr\/product\/black-led-profile-with-black-diffuser-for-10mm-led-strip-light\/\"><mark style=\"background-color:rgba(0, 0, 0, 0)\" class=\"has-inline-color has-vivid-red-color\">Profil LED noir avec diffuseur noir pour bande LED de 10 mm<\/mark><\/a><\/li>\n\n\n\n<li><a href=\"https:\/\/tangooled.com\/fr\/product\/surface-mount-led-profile-with-frosted-diffuser-for-10mm-rope-lights\/\"><mark style=\"background-color:rgba(0, 0, 0, 0)\" class=\"has-inline-color has-vivid-red-color\">Profil LED \u00e0 montage en surface avec diffuseur d\u00e9poli pour bandes de 10 mm<\/mark><\/a><\/li>\n\n\n\n<li><a href=\"https:\/\/tangooled.com\/fr\/product\/25x14m-surface-mounted-led-light-aluminum-profile\/\"><mark style=\"background-color:rgba(0, 0, 0, 0)\" class=\"has-inline-color has-vivid-red-color\">Profil en aluminium LED mont\u00e9 en surface 25x14m<\/mark><\/a><\/li>\n\n\n\n<li><a href=\"https:\/\/tangooled.com\/fr\/product\/led-strip-light-channel-aluminum-profile-with-diffused-cover-6mm-height\/\"><mark style=\"background-color:rgba(0, 0, 0, 0)\" class=\"has-inline-color has-vivid-red-color\">Profil en aluminium pour bande LED avec couvercle diffusant de 6 mm de hauteur<\/mark><\/a><\/li>\n\n\n\n<li><a href=\"https:\/\/tangooled.com\/fr\/product\/black-aluminum-u-channel-profile-for-10mm-led-strips\/\"><mark style=\"background-color:rgba(0, 0, 0, 0)\" class=\"has-inline-color has-vivid-red-color\">Profil\u00e9 canal en aluminium noir en U pour bandes LED de 10mm<\/mark><\/a><\/li>\n<\/ul>\n<\/div>\n\n\n\n<div class=\"wp-block-group has-background is-vertical is-layout-flex wp-container-core-group-is-layout-b429018a wp-block-group-is-layout-flex\" style=\"background-color:#f1f1f1f2;padding-top:var(--wp--preset--spacing--70);padding-bottom:var(--wp--preset--spacing--70)\">\n<h2 class=\"wp-block-heading\" style=\"padding-top:var(--wp--preset--spacing--40);padding-bottom:var(--wp--preset--spacing--40);font-size:25px;font-style:normal;font-weight:600\">Pourquoi notre profil LED mural courb\u00e9 verticalement vers le haut ?<\/h2>\n\n\n\n<p style=\"padding-right:var(--wp--preset--spacing--50);padding-left:var(--wp--preset--spacing--50)\">Our profile is the best mix of durability, style, and adaptability. It makes it easy to add modern, stylish uplighting on interior\u00a0walls.\u00a0 The frosted diffuser and high-quality aluminum make the light look smooth and even.Plus, it\u2019s easy to fit, maintain, and customize with a range of finishes and accessories.<\/p>\n<\/div>\n\n\n\n<p><\/p>","protected":false},"featured_media":13469,"template":"","meta":{"_acf_changed":true,"_seopress_robots_primary_cat":"none","_seopress_titles_title":"Vertical Curved Upward LED Wall Profile | WP01 Ambient Light Channel | TANGOOLED","_seopress_titles_desc":"The WP01 is a premium vertical curved upward led wall profile designed for soft, indirect lighting. Its sleek aluminum design mounts vertically to create a beautiful upward glow on wall surfaces.","_seopress_robots_index":""},"pcb-width":[228],"product-cat":[195],"class_list":{"0":"post-35400","1":"product","2":"type-product","3":"status-publish","4":"has-post-thumbnail","6":"pcb-width-6-12mm","7":"product-cat-wall-mout-profile"},"acf":[],"_links":{"self":[{"href":"https:\/\/tangooled.com\/fr\/wp-json\/wp\/v2\/product\/35400","targetHints":{"allow":["GET"]}}],"collection":[{"href":"https:\/\/tangooled.com\/fr\/wp-json\/wp\/v2\/product"}],"about":[{"href":"https:\/\/tangooled.com\/fr\/wp-json\/wp\/v2\/types\/product"}],"wp:featuredmedia":[{"embeddable":true,"href":"https:\/\/tangooled.com\/fr\/wp-json\/wp\/v2\/media\/13469"}],"wp:attachment":[{"href":"https:\/\/tangooled.com\/fr\/wp-json\/wp\/v2\/media?parent=35400"}],"wp:term":[{"taxonomy":"pcb-width","embeddable":true,"href":"https:\/\/tangooled.com\/fr\/wp-json\/wp\/v2\/pcb-width?post=35400"},{"taxonomy":"product-cat","embeddable":true,"href":"https:\/\/tangooled.com\/fr\/wp-json\/wp\/v2\/product-cat?post=35400"}],"curies":[{"name":"wp","href":"https:\/\/api.w.org\/{rel}","templated":true}]}}