{"id":35304,"date":"2025-07-03T02:36:36","date_gmt":"2025-07-03T10:36:36","guid":{"rendered":"https:\/\/tangooled.com\/?post_type=product&#038;p=35304"},"modified":"2026-02-01T22:05:20","modified_gmt":"2026-02-02T06:05:20","slug":"slim-plaster-in-led-ceiling-profile-for-8mm-led-strip","status":"publish","type":"product","link":"https:\/\/tangooled.com\/fr\/product\/slim-plaster-in-led-ceiling-profile-for-8mm-led-strip\/","title":{"rendered":"profil de plafond en pl\u00e2tre slim pour bande LED de 8 mm"},"content":{"rendered":"<div class=\"wp-block-group is-vertical is-layout-flex wp-container-core-group-is-layout-d255d7c4 wp-block-group-is-layout-flex\" style=\"padding-top:var(--wp--preset--spacing--80);padding-bottom:var(--wp--preset--spacing--80)\">\n<p>Notre profil de plafond en pl\u00e2tre pour bande LED de 8 mm, DWP01, vous offre un \u00e9clairage moderne et lisse. Ce canal en aluminium slim est con\u00e7u sp\u00e9cialement pour les plaques de pl\u00e2tre. Il dissimule compl\u00e8tement le luminaire, offrant une apparence propre et sans bord. Il dispose d'un canal interne de 9,7 mm qui accueille confortablement les bandes LED de 8 mm de large. Le canal mesure 32,4 mm de large et 13 mm de profondeur. La grande bride de montage facilite et s\u00e9curise l'attache sous le pl\u00e2tre. Ce profil est parfait pour cr\u00e9er un \u00e9clairage lin\u00e9aire doux et cach\u00e9 dans n'importe quel espace. Il r\u00e9pond \u00e0 vos besoins pour un profil de plafond en pl\u00e2tre pour bande LED de 8 mm.<\/p>\n<\/div>\n\n\n\n<div class=\"wp-block-group has-background is-vertical is-layout-flex wp-container-core-group-is-layout-d255d7c4 wp-block-group-is-layout-flex\" style=\"background-color:#f1f1f1;padding-top:var(--wp--preset--spacing--80);padding-bottom:var(--wp--preset--spacing--80)\">\n<div class=\"wp-block-group is-vertical is-layout-flex wp-container-core-group-is-layout-8cf370e7 wp-block-group-is-layout-flex\">\n<h2 class=\"wp-block-heading\" style=\"padding-top:var(--wp--preset--spacing--40);padding-bottom:var(--wp--preset--spacing--40);font-size:25px;font-style:normal;font-weight:600;text-transform:capitalize\">Pourquoi choisir un profil de plafond en pl\u00e2tre pour bande LED de 8 mm ?<\/h2>\n\n\n\n<ul class=\"wp-block-list\">\n<li>Pas de joints ni de bord : le design en pl\u00e2tre cache le profil lorsqu'il est install\u00e9. Il semble que votre lumi\u00e8re provienne du plafond, et non d'un luminaires.<\/li>\n\n\n\n<li>La bonne taille pour le ruban LED de 8 mm : ce profil est fait pour les bandes LED allant jusqu'\u00e0 8 mm de large et maintient les lumi\u00e8res au frais et en s\u00e9curit\u00e9.<\/li>\n\n\n\n<li>Diffusion douce de la lumi\u00e8re : le diffuseur opale mat qui l'accompagne r\u00e9partit la lumi\u00e8re uniform\u00e9ment et en douceur, sans points.<\/li>\n\n\n\n<li>Solide et durable : fabriqu\u00e9 en aluminium anodis\u00e9 de haute qualit\u00e9 (6063-T5), qui aide \u00e0 maintenir la bande LED au frais. Cela permet aux LED de durer plus longtemps et de briller plus intens\u00e9ment.<\/li>\n\n\n\n<li>Simple \u00e0 installer : s'adapte dans les fentes des plaques de pl\u00e2tre ; le pl\u00e2tre couvre les trous dans les ailes pour une finition lisse.<\/li>\n<\/ul>\n<\/div>\n<\/div>\n\n\n\n<div class=\"wp-block-group is-vertical is-layout-flex wp-container-core-group-is-layout-d255d7c4 wp-block-group-is-layout-flex\" style=\"padding-top:var(--wp--preset--spacing--80);padding-bottom:var(--wp--preset--spacing--80)\">\n<hr class=\"wp-block-separator has-alpha-channel-opacity\"\/>\n\n\n\n<div class=\"wp-block-media-text has-media-on-the-right is-stacked-on-mobile\" style=\"grid-template-columns:auto 40%\"><div class=\"wp-block-media-text__content\">\n<h2 class=\"wp-block-heading\" style=\"padding-top:var(--wp--preset--spacing--40);padding-bottom:var(--wp--preset--spacing--40);font-size:25px;font-style:normal;font-weight:600;text-transform:capitalize\">Comment utiliser ce profil de plafond en pl\u00e2tre pour bande LED de 8 mm<\/h2>\n\n\n\n<ul class=\"wp-block-list\">\n<li>Faites une coupe propre dans la plaque de pl\u00e2tre.<\/li>\n\n\n\n<li>Utilisez des vis pour fixer le profil.<br>\u2022Use LED plaster ceiling profile light tape to connect your 8mm strip inside the channel.<\/li>\n\n\n\n<li>Fixez le diffuseur \u00e0 clip.<\/li>\n\n\n\n<li>Appliquez du pl\u00e2tre sur les ailes avec des trous.<\/li>\n\n\n\n<li>Peignez la surface si d\u00e9sir\u00e9.<\/li>\n<\/ul>\n<\/div><figure class=\"wp-block-media-text__media\"><img loading=\"lazy\" decoding=\"async\" width=\"500\" height=\"500\" src=\"https:\/\/tangooled.com\/wp-content\/uploads\/2025\/07\/dwp01-ins.webp\" alt=\"profil de plafond en pl\u00e2tre slim pour bande LED de 8 mm\" class=\"wp-image-42766 size-full\" srcset=\"https:\/\/tangooled.com\/wp-content\/uploads\/2025\/07\/dwp01-ins.webp 500w, https:\/\/tangooled.com\/wp-content\/uploads\/2025\/07\/dwp01-ins-300x300.webp 300w, https:\/\/tangooled.com\/wp-content\/uploads\/2025\/07\/dwp01-ins-150x150.webp 150w\" sizes=\"auto, (max-width: 500px) 100vw, 500px\" \/><\/figure><\/div>\n<\/div>\n\n\n\n<div class=\"wp-block-group has-background is-vertical is-layout-flex wp-container-core-group-is-layout-b429018a wp-block-group-is-layout-flex\" style=\"background-color:#f1f1f1f2;padding-top:var(--wp--preset--spacing--70);padding-bottom:var(--wp--preset--spacing--70)\">\n<h2 class=\"wp-block-heading\" style=\"padding-top:var(--wp--preset--spacing--40);padding-bottom:var(--wp--preset--spacing--40);font-size:25px;font-style:normal;font-weight:600\">O\u00f9 l'utiliser : Sc\u00e9narios d'utilisation<\/h2>\n\n\n\n<p>Vous pouvez utiliser notre profil de plafond en pl\u00e2tre pour bande LED de 8 mm dans de nombreux endroits diff\u00e9rents :<\/p>\n\n\n\n<ul class=\"wp-block-list\">\n<li>Salles de s\u00e9jour pour des flux de lumi\u00e8re ambiants apaisants dans les maisons.<\/li>\n\n\n\n<li>Couloirs et escaliers pour un \u00e9clairage doux des murs.<\/li>\n\n\n\n<li>Espaces commerciaux : halls d'h\u00f4tel et couloirs pour des touches \u00e9l\u00e9gantes.<\/li>\n\n\n\n<li>Bureaux et salles de r\u00e9union qui se d\u00e9marquent dans le monde actuel.<\/li>\n\n\n\n<li>Restaurants et caf\u00e9s avec un \u00e9clairage d'ambiance agr\u00e9able.<\/li>\n<\/ul>\n<\/div>\n\n\n\n<div class=\"wp-block-group is-vertical is-layout-flex wp-container-core-group-is-layout-d255d7c4 wp-block-group-is-layout-flex\" style=\"padding-top:var(--wp--preset--spacing--80);padding-bottom:var(--wp--preset--spacing--80)\">\n<h2 class=\"wp-block-heading\" style=\"padding-top:var(--wp--preset--spacing--40);padding-bottom:var(--wp--preset--spacing--40);font-size:25px;font-style:normal;font-weight:600;text-transform:capitalize\">Produits associ\u00e9s<\/h2>\n\n\n\n<p>Explorez ces profils LED connexes pour compl\u00e9ter votre installation :<\/p>\n\n\n\n<ul class=\"wp-block-list\">\n<li><a href=\"https:\/\/tangooled.com\/fr\/product\/10mm-led-profile-aluminum-channel-for-8mm-led-tape-lights\/\"><mark style=\"background-color:rgba(0, 0, 0, 0)\" class=\"has-inline-color has-vivid-red-color\">Profil LED de 10 mm pour lumi\u00e8res \u00e0 ruban de 8 mm<\/mark><\/a>: pour des bandes LED l\u00e9g\u00e8rement plus larges avec une installation similaire.<\/li>\n\n\n\n<li><a href=\"https:\/\/tangooled.com\/fr\/product\/curved-diffuser-flexible-led-strip-light-channel-for-8mm-led-strips\/\"><mark style=\"background-color:rgba(0, 0, 0, 0)\" class=\"has-inline-color has-vivid-red-color\">Canal de lumi\u00e8re LED diffuseur incurv\u00e9 pour bandes LED de 8 mm<\/mark><\/a>: fa\u00e7onnez votre lumi\u00e8re autour des coins en douceur.<\/li>\n\n\n\n<li><a href=\"https:\/\/tangooled.com\/fr\/product\/low-lighting-slim-in-wall-aluminum-led-channel-for-8mm-led-strip\/\"><mark style=\"background-color:rgba(0, 0, 0, 0)\" class=\"has-inline-color has-vivid-red-color\">Canal LED en aluminium slim encastr\u00e9 pour bande LED de 8 mm<\/mark><\/a>: id\u00e9al pour les accents muraux et l'\u00e9clairage des marches.<\/li>\n\n\n\n<li><a href=\"https:\/\/tangooled.com\/fr\/product\/led-strip-light-channel-aluminum-profile-with-diffused-cover-6mm-height\/\"><mark style=\"background-color:rgba(0, 0, 0, 0)\" class=\"has-inline-color has-vivid-red-color\">Profil en aluminium pour bande LED avec couverture diffusante de 6 mm de hauteur<\/mark><\/a>: pour des besoins d'\u00e9clairage tr\u00e8s discrets.<\/li>\n<\/ul>\n<\/div>\n\n\n\n<div class=\"wp-block-group is-vertical is-layout-flex wp-container-core-group-is-layout-d255d7c4 wp-block-group-is-layout-flex\" style=\"padding-top:var(--wp--preset--spacing--80);padding-bottom:var(--wp--preset--spacing--80)\">\n<p>\u00c9clairez votre espace avec le parfait canal LED slim encastr\u00e9 con\u00e7u pour vos bandes LED de 8 mm. Cr\u00e9ez un \u00e9clairage propre et moderne avec une finition invisible. Commandez maintenant pour une mise \u00e0 niveau sans tracas qui s'int\u00e8gre \u00e0 vos projets de plafond en plaques de pl\u00e2tre et en pl\u00e2tre !<\/p>\n<\/div>\n\n\n\n<p><\/p>","protected":false},"featured_media":13703,"template":"","meta":{"_acf_changed":true,"_seopress_robots_primary_cat":"none","_seopress_titles_title":"8mm Slim Plaster-in LED Ceiling Profile | Trimless Channel DWP01","_seopress_titles_desc":"The DWP01 is an ultra-slim plaster-in led ceiling profile optimized for 8mm strips. Achieve a seamless trimless finish on drywalls and ceilings with this professional aluminum channel.","_seopress_robots_index":""},"pcb-width":[228],"product-cat":[197],"class_list":{"0":"post-35304","1":"product","2":"type-product","3":"status-publish","4":"has-post-thumbnail","6":"pcb-width-6-12mm","7":"product-cat-plaster-in-profile"},"acf":[],"_links":{"self":[{"href":"https:\/\/tangooled.com\/fr\/wp-json\/wp\/v2\/product\/35304","targetHints":{"allow":["GET"]}}],"collection":[{"href":"https:\/\/tangooled.com\/fr\/wp-json\/wp\/v2\/product"}],"about":[{"href":"https:\/\/tangooled.com\/fr\/wp-json\/wp\/v2\/types\/product"}],"wp:featuredmedia":[{"embeddable":true,"href":"https:\/\/tangooled.com\/fr\/wp-json\/wp\/v2\/media\/13703"}],"wp:attachment":[{"href":"https:\/\/tangooled.com\/fr\/wp-json\/wp\/v2\/media?parent=35304"}],"wp:term":[{"taxonomy":"pcb-width","embeddable":true,"href":"https:\/\/tangooled.com\/fr\/wp-json\/wp\/v2\/pcb-width?post=35304"},{"taxonomy":"product-cat","embeddable":true,"href":"https:\/\/tangooled.com\/fr\/wp-json\/wp\/v2\/product-cat?post=35304"}],"curies":[{"name":"wp","href":"https:\/\/api.w.org\/{rel}","templated":true}]}}