{"id":35274,"date":"2025-07-03T02:11:20","date_gmt":"2025-07-03T10:11:20","guid":{"rendered":"https:\/\/tangooled.com\/?post_type=product&#038;p=35274"},"modified":"2026-02-02T02:03:50","modified_gmt":"2026-02-02T10:03:50","slug":"35x35mm-circular-ring-lights-led-aluminum-profile-for-hanging","status":"publish","type":"product","link":"https:\/\/tangooled.com\/fr\/product\/35x35mm-circular-ring-lights-led-aluminum-profile-for-hanging\/","title":{"rendered":"Profil en aluminium LED de lumi\u00e8re circulaire 35x35mm pour suspension"},"content":{"rendered":"<div class=\"wp-block-group is-vertical is-layout-flex wp-container-core-group-is-layout-d255d7c4 wp-block-group-is-layout-flex\" style=\"padding-top:var(--wp--preset--spacing--80);padding-bottom:var(--wp--preset--spacing--80)\">\n<p>Notre magnifique profil LED circulaire de 35x35mm rendra votre environnement plus lumineux. Le profil en aluminium peut \u00eatre utilis\u00e9 pour suspendre une belle lumi\u00e8re circulaire sur mesure. Le diam\u00e8tre de cet anneau peut \u00eatre personnalis\u00e9 pour s\u2019adapter \u00e0 votre espace, allant de 600mm \u00e0 3000mm. Fabriqu\u00e9 en aluminium robuste, il offre aux lieux de travail, aux h\u00f4tels, aux magasins et aux maisons une belle lumi\u00e8re uniforme. Vous pouvez \u00e9galement le rendre encore plus attrayant en choisissant parmi le noir classique, le blanc pur ou l'argent \u00e9l\u00e9gant. Nous proposons \u00e9galement des finitions de couleur sur mesure pour s'assurer qu'elles correspondent \u00e0 votre vision sp\u00e9cifique de ce que vous souhaitez que votre maison ressemble \u00e0 l'int\u00e9rieur.<\/p>\n<\/div>\n\n\n\n<div class=\"wp-block-group has-background is-vertical is-layout-flex wp-container-core-group-is-layout-d255d7c4 wp-block-group-is-layout-flex\" style=\"background-color:#f1f1f1;padding-top:var(--wp--preset--spacing--80);padding-bottom:var(--wp--preset--spacing--80)\">\n<div class=\"wp-block-group is-vertical is-layout-flex wp-container-core-group-is-layout-8cf370e7 wp-block-group-is-layout-flex\">\n<h2 class=\"wp-block-heading\" style=\"padding-top:var(--wp--preset--spacing--40);padding-bottom:var(--wp--preset--spacing--40);font-size:25px;font-style:normal;font-weight:600;text-transform:capitalize\">Pourquoi choisir ce profil LED circulaire de 35x35mm ?<\/h2>\n\n\n\n<ul class=\"wp-block-list\">\n<li>Le profil LED circulaire de 35x35mm est une extrusion en aluminium robuste et attrayante qui fonctionne bien avec un \u00e9clairage moderne.<\/li>\n\n\n\n<li>La forme ronde en fait une excellente lumi\u00e8re architecturale en halo ou un luminaire suspendu. <\/li>\n\n\n\n<li>Le diffuseur d\u00e9poli garantit que la lumi\u00e8re est douce et sans points, sans \u00e9blouissement. <\/li>\n\n\n\n<li>Le montage suspendu est simple avec le kit de suspension par fil.<\/li>\n\n\n\n<li>Il fonctionne dans les maisons, bureaux, h\u00f4tels et magasins qui ont besoin d'un moyen moderne de suspendre des lumi\u00e8res.<\/li>\n<\/ul>\n<\/div>\n<\/div>\n\n\n\n<div class=\"wp-block-group\" style=\"padding-top:var(--wp--preset--spacing--80);padding-bottom:var(--wp--preset--spacing--80)\"><div class=\"wp-block-group__inner-container is-layout-constrained wp-block-group-is-layout-constrained\">\n<h2 class=\"wp-block-heading\" style=\"font-size:25px;font-style:normal;font-weight:600;text-transform:capitalize\">Parfait pour ces applications<\/h2>\n\n\n\n<ul class=\"wp-block-list\">\n<li>Salle de conseil et bureaux commerciaux\u00a0<\/li>\n\n\n\n<li>Hall d'h\u00f4tel et atriums<\/li>\n\n\n\n<li>Showrooms de d\u00e9tail et boutiques\u00a0<\/li>\n\n\n\n<li>Espaces de vie et de repas dans les maisons<\/li>\n\n\n\n<li>Studios d'art et espaces de travail cr\u00e9atifs<\/li>\n<\/ul>\n<\/div><\/div>\n\n\n\n<div class=\"wp-block-group has-background is-vertical is-layout-flex wp-container-core-group-is-layout-b429018a wp-block-group-is-layout-flex\" style=\"background-color:#f1f1f1f2;padding-top:var(--wp--preset--spacing--70);padding-bottom:var(--wp--preset--spacing--70)\">\n<h2 class=\"wp-block-heading\" style=\"padding-top:var(--wp--preset--spacing--40);padding-right:0;padding-bottom:var(--wp--preset--spacing--40);padding-left:0;font-size:25px;font-style:normal;font-weight:600\">Fonctionne avec ces bandes LED<\/h2>\n\n\n\n<ul class=\"wp-block-list\">\n<li>LED strips with a high CRI (Ra > 90) for accurate colors.<\/li>\n\n\n\n<li>Bandes LED blanches d'une seule couleur (3000K, 4000K ou 6000K).<\/li>\n\n\n\n<li>Bandes qui changent de couleur de RGB \u00e0 RGBW.<\/li>\n\n\n\n<li>Bandes jusqu'\u00e0 20 mm de large qui s'adaptent parfaitement dans le profil.<\/li>\n<\/ul>\n<\/div>\n\n\n\n<div class=\"wp-block-group\" style=\"padding-top:var(--wp--preset--spacing--80);padding-bottom:var(--wp--preset--spacing--80)\"><div class=\"wp-block-group__inner-container is-layout-constrained wp-block-group-is-layout-constrained\">\n<h2 class=\"wp-block-heading\" style=\"padding-top:var(--wp--preset--spacing--40);padding-bottom:var(--wp--preset--spacing--40);font-size:25px;font-style:normal;font-weight:600;text-transform:capitalize\">R\u00e9sum\u00e9<\/h2>\n\n\n\n<p>Le profil LED circulaire de 35x35mm est fabriqu\u00e9 en aluminium extrud\u00e9. Le diffuseur d\u00e9poli r\u00e9partit la lumi\u00e8re uniform\u00e9ment sans la rendre excessivement brillante. Ce profil est parfait pour les luminaires suspendus modernes, les lumi\u00e8res architecturales en anneau et les profils LED circulaires remarquables, car il est con\u00e7u pour \u00eatre mont\u00e9 sur un luminaire suspendu. Il est disponible en plusieurs couleurs, peut \u00eatre att\u00e9nu\u00e9 et peut \u00eatre modifi\u00e9 pour correspondre \u00e0 n\u2019importe quelle taille, donc il fonctionne bien dans les maisons, les magasins, les h\u00f4tels et les lieux de travail.<\/p>\n<\/div><\/div>\n\n\n\n<p><\/p>","protected":false},"featured_media":20009,"template":"","meta":{"_acf_changed":true,"_seopress_robots_primary_cat":"none","_seopress_titles_title":"35x35mm Circular Ring LED Profile | Curved Aluminum Channel C3535","_seopress_titles_desc":"The C3535 is a premium 35x35mm circular ring led profile for bespoke curved lighting. Create elegant suspended ring lights and geometric halo fixtures with ease.","_seopress_robots_index":""},"pcb-width":[230],"product-cat":[202],"class_list":{"0":"post-35274","1":"product","2":"type-product","3":"status-publish","4":"has-post-thumbnail","6":"pcb-width-20-25mm","7":"product-cat-circular-profile"},"acf":[],"_links":{"self":[{"href":"https:\/\/tangooled.com\/fr\/wp-json\/wp\/v2\/product\/35274","targetHints":{"allow":["GET"]}}],"collection":[{"href":"https:\/\/tangooled.com\/fr\/wp-json\/wp\/v2\/product"}],"about":[{"href":"https:\/\/tangooled.com\/fr\/wp-json\/wp\/v2\/types\/product"}],"wp:featuredmedia":[{"embeddable":true,"href":"https:\/\/tangooled.com\/fr\/wp-json\/wp\/v2\/media\/20009"}],"wp:attachment":[{"href":"https:\/\/tangooled.com\/fr\/wp-json\/wp\/v2\/media?parent=35274"}],"wp:term":[{"taxonomy":"pcb-width","embeddable":true,"href":"https:\/\/tangooled.com\/fr\/wp-json\/wp\/v2\/pcb-width?post=35274"},{"taxonomy":"product-cat","embeddable":true,"href":"https:\/\/tangooled.com\/fr\/wp-json\/wp\/v2\/product-cat?post=35274"}],"curies":[{"name":"wp","href":"https:\/\/api.w.org\/{rel}","templated":true}]}}