{"id":35252,"date":"2025-07-03T01:29:32","date_gmt":"2025-07-03T09:29:32","guid":{"rendered":"https:\/\/tangooled.com\/?post_type=product&#038;p=35252"},"modified":"2026-02-02T02:14:09","modified_gmt":"2026-02-02T10:14:09","slug":"20mm-round-led-profile-light-aluminum-channel-for-12mm-strip-light","status":"publish","type":"product","link":"https:\/\/tangooled.com\/fr\/product\/20mm-round-led-profile-light-aluminum-channel-for-12mm-strip-light\/","title":{"rendered":"Profil en aluminium rond LED de 20 mm pour bande LED de 12 mm"},"content":{"rendered":"<div class=\"wp-block-group is-vertical is-layout-flex wp-container-core-group-is-layout-d255d7c4 wp-block-group-is-layout-flex\" style=\"padding-top:var(--wp--preset--spacing--80);padding-bottom:var(--wp--preset--spacing--80)\">\n<p>The 20mm Round LED Profile we sell is made to work with LED strips that are up to 12mm wide. This profile has a sleek outer diameter of 20.8 mm, which makes it more of a design element than just a functional channel. The channel&#8217;s inside width is 12.2mm, which is perfect for 12mm LED light strips.The strong aluminum profile keeps your LED strip safe and cool, while the included diffuser makes the light smooth and dotless.<\/p>\n\n\n\n<p>It&#8217;s easy and flexible to put together. The application diagram shows that the profile may be hung from a wire, which makes it a great alternative for modern interiors and high ceilings.<\/p>\n\n\n\n<p>Ce canal en aluminium rond et robuste peut \u00eatre utilis\u00e9 pour des projets professionnels ou de bricolage. Il est parfait pour un \u00e9clairage d\u00e9coratif et ambiant dans les maisons, bureaux et commerces, car il \u00e9met une lumi\u00e8re stable et uniforme.<\/p>\n<\/div>\n\n\n\n<div class=\"wp-block-group has-background is-vertical is-layout-flex wp-container-core-group-is-layout-d255d7c4 wp-block-group-is-layout-flex\" style=\"background-color:#f1f1f1;padding-top:var(--wp--preset--spacing--80);padding-bottom:var(--wp--preset--spacing--80)\">\n<div class=\"wp-block-group is-vertical is-layout-flex wp-container-core-group-is-layout-8cf370e7 wp-block-group-is-layout-flex\">\n<h2 class=\"wp-block-heading\" style=\"padding-top:var(--wp--preset--spacing--40);padding-bottom:var(--wp--preset--spacing--40);font-size:25px;font-style:normal;font-weight:600;text-transform:capitalize\">Pourquoi choisir ce profil rond LED de 20 mm ?<\/h2>\n\n\n\n<ul class=\"wp-block-list\">\n<li>Fabriqu\u00e9 en aluminium anodis\u00e9 6063-T5, qui dure longtemps et permet une bonne dissipation de la chaleur.\u00a0<\/li>\n\n\n\n<li>Compatible avec toutes les bandes LED standard de 12 mm, comme les 5050, 2835 et RGB. <\/li>\n\n\n\n<li>Livr\u00e9 avec un diffuseur d\u00e9poli (opal) qui r\u00e9partit la lumi\u00e8re uniform\u00e9ment sans points chauds.<\/li>\n\n\n\n<li>Facile \u00e0 installer avec des kits de suspension<\/li>\n\n\n\n<li>Prot\u00e8ge vos bandes LED de la salet\u00e9, de la poussi\u00e8re et des dommages.<\/li>\n<\/ul>\n<\/div>\n<\/div>\n\n\n\n<div class=\"wp-block-group\" style=\"padding-top:var(--wp--preset--spacing--60);padding-bottom:var(--wp--preset--spacing--60)\"><div class=\"wp-block-group__inner-container is-layout-constrained wp-block-group-is-layout-constrained\">\n<div class=\"wp-block-media-text has-media-on-the-right is-stacked-on-mobile\" style=\"grid-template-columns:auto 40%\"><div class=\"wp-block-media-text__content\">\n<h2 class=\"wp-block-heading\" style=\"padding-top:var(--wp--preset--spacing--40);padding-bottom:var(--wp--preset--spacing--40);font-size:25px;font-style:normal;font-weight:600;text-transform:capitalize\">Comment l'installer ?<\/h2>\n\n\n\n<ul class=\"wp-block-list\">\n<li>Coupez le canal en aluminium et le diffuseur \u00e0 la bonne longueur.<\/li>\n\n\n\n<li>Placez la bande LED de 12 mm \u00e0 l'int\u00e9rieur du canal.<\/li>\n\n\n\n<li>Fixez les c\u00e2bles de suspension \u00e0 l'arri\u00e8re de la fente du canal.<\/li>\n\n\n\n<li>Clips sur le diffuseur et placez des bouchons aux deux extr\u00e9mit\u00e9s.<\/li>\n\n\n\n<li>Suspendez ce canal lumineux en aluminium \u00e0 l'endroit requis.<\/li>\n<\/ul>\n<\/div><figure class=\"wp-block-media-text__media\"><img loading=\"lazy\" decoding=\"async\" width=\"500\" height=\"500\" src=\"https:\/\/tangooled.com\/wp-content\/uploads\/2025\/07\/ar01-ins.webp\" alt=\"20mm round led profile light aluminum channel for 12mm led strip\" class=\"wp-image-42267 size-full\" srcset=\"https:\/\/tangooled.com\/wp-content\/uploads\/2025\/07\/ar01-ins.webp 500w, https:\/\/tangooled.com\/wp-content\/uploads\/2025\/07\/ar01-ins-300x300.webp 300w, https:\/\/tangooled.com\/wp-content\/uploads\/2025\/07\/ar01-ins-150x150.webp 150w\" sizes=\"auto, (max-width: 500px) 100vw, 500px\" \/><\/figure><\/div>\n<\/div><\/div>\n\n\n\n<div class=\"wp-block-group has-background is-vertical is-layout-flex wp-container-core-group-is-layout-b429018a wp-block-group-is-layout-flex\" style=\"background-color:#f1f1f1f2;padding-top:var(--wp--preset--spacing--70);padding-bottom:var(--wp--preset--spacing--70)\">\n<h2 class=\"wp-block-heading\" style=\"padding-top:var(--wp--preset--spacing--40);padding-bottom:var(--wp--preset--spacing--40);font-size:25px;font-style:normal;font-weight:600\">O\u00f9 pouvez-vous l'utiliser ?<\/h2>\n\n\n\n<p>Vous pouvez utiliser ce canal LED en aluminium rond de 20 mm avec de nombreuses id\u00e9es d'\u00e9clairage :<\/p>\n\n\n\n<ul class=\"wp-block-list\">\n<li>Luminaires suspendus au-dessus des \u00eelots de cuisine ou des bureaux.<\/li>\n\n\n\n<li>Barres de placard et \u00e9clairage de garde-robe pour mieux voir.\u00a0<\/li>\n\n\n\n<li>Under-cabinet and shelf lighting to assist you see what you&#8217;re doing.<\/li>\n\n\n\n<li>\u00c9clairage pour vitrines de commerce pour attirer l'attention sur les produits.<\/li>\n<\/ul>\n<\/div>\n\n\n\n<div class=\"wp-block-group is-vertical is-layout-flex wp-container-core-group-is-layout-d255d7c4 wp-block-group-is-layout-flex\" style=\"padding-top:var(--wp--preset--spacing--80);padding-bottom:var(--wp--preset--spacing--80)\">\n<h2 class=\"wp-block-heading\" style=\"padding-top:var(--wp--preset--spacing--40);padding-bottom:var(--wp--preset--spacing--40);font-size:25px;font-style:normal;font-weight:600;text-transform:capitalize\">What\u2019s In The Box?<\/h2>\n\n\n\n<ul class=\"wp-block-list\">\n<li>Un canal en aluminium rond avec un diam\u00e8tre de 20 mm\u00a0<\/li>\n\n\n\n<li>Un couvercle diffuseur d\u00e9poli ou opale<\/li>\n\n\n\n<li>Deux bouchons de fin (un avec un trou pour le c\u00e2blage)<\/li>\n\n\n\n<li>Deux c\u00e2bles de suspension pour installation suspendue<\/li>\n<\/ul>\n<\/div>\n\n\n\n<div class=\"wp-block-group has-background\" style=\"background-color:#f1f1f1;padding-top:var(--wp--preset--spacing--80);padding-bottom:var(--wp--preset--spacing--80)\"><div class=\"wp-block-group__inner-container is-layout-constrained wp-block-group-is-layout-constrained\">\n<h2 class=\"wp-block-heading\" style=\"font-size:25px;font-style:normal;font-weight:600;text-transform:capitalize\">produits connexes qui pourraient vous plaire<\/h2>\n\n\n\n<ul class=\"wp-block-list\">\n<li>Explorez notre <a href=\"https:\/\/tangooled.com\/fr\/product\/surface-mount-led-profile-with-frosted-diffuser-for-10mm-rope-lights\/\"><mark style=\"background-color:rgba(0, 0, 0, 0)\" class=\"has-inline-color has-vivid-red-color\">Profil LED \u00e0 monter en surface avec diffuseur d\u00e9poli pour lumi\u00e8res en corde de 10mm<\/mark><\/a> pour des bandes plus petites<\/li>\n\n\n\n<li>Essayez le <a href=\"https:\/\/tangooled.com\/fr\/product\/17mm-led-strip-light-aluminum-channel-for-surface-mounting\/\"><mark style=\"background-color:rgba(0, 0, 0, 0)\" class=\"has-inline-color has-vivid-red-color\">Profil en aluminium pour bande LED de 17 mm pour montage en surface<\/mark><\/a> pour un effet d'\u00e9clairage plus large<\/li>\n\n\n\n<li>Consultez <a href=\"https:\/\/tangooled.com\/fr\/product\/wardrobe-closet-hanging-rod-aluminum-led-profile-for-12mm-led-strip-lights\/\"><mark style=\"background-color:rgba(0, 0, 0, 0)\" class=\"has-inline-color has-vivid-red-color\">Profil LED en aluminium pour barre de placard pour bandes LED de 12 mm<\/mark><\/a> pour des solutions d'\u00e9clairage de placard<\/li>\n<\/ul>\n<\/div><\/div>\n\n\n\n<div class=\"wp-block-group\" style=\"padding-top:var(--wp--preset--spacing--80);padding-bottom:var(--wp--preset--spacing--80)\"><div class=\"wp-block-group__inner-container is-layout-constrained wp-block-group-is-layout-constrained\">\n<h2 class=\"wp-block-heading\" style=\"font-size:25px;font-style:normal;font-weight:600;text-transform:capitalize\">R\u00e9sum\u00e9<\/h2>\n\n\n\n<p>Notre profil lumineux rond LED en aluminium de 20 mm pour bandes LED de 12 mm est un choix judicieux pour quiconque souhaite un look propre et sans couture avec une dissipation de chaleur fiable et une protection. Il fonctionne bien comme lumi\u00e8re suspendue, lumi\u00e8re de barre de garde-robe ou lumi\u00e8re sous meuble. Le diffuseur lisse et sans points transforme les points de lumi\u00e8re en une douce lueur lin\u00e9aire. Id\u00e9al pour de nombreuses utilisations, il est compatible avec toutes les bandes LED standard de 12 mm \u00e0 12V ou 24V.<\/p>\n<\/div><\/div>\n\n\n\n<p><\/p>","protected":false},"featured_media":14282,"template":"","meta":{"_acf_changed":true,"_seopress_robots_primary_cat":"none","_seopress_titles_title":"20mm Round LED Profile Aluminum Channel AR01 | TANGOOLED","_seopress_titles_desc":"The AR01 is a 20mm round led profile designed for 12mm strips. Create elegant pendant lights or decorative luminous tubes with this circular aluminum channel. Perfect for modern interior accents.","_seopress_robots_index":""},"pcb-width":[228],"product-cat":[234],"class_list":{"0":"post-35252","1":"product","2":"type-product","3":"status-publish","4":"has-post-thumbnail","6":"pcb-width-6-12mm","7":"product-cat-round-tube-profile"},"acf":[],"_links":{"self":[{"href":"https:\/\/tangooled.com\/fr\/wp-json\/wp\/v2\/product\/35252","targetHints":{"allow":["GET"]}}],"collection":[{"href":"https:\/\/tangooled.com\/fr\/wp-json\/wp\/v2\/product"}],"about":[{"href":"https:\/\/tangooled.com\/fr\/wp-json\/wp\/v2\/types\/product"}],"wp:featuredmedia":[{"embeddable":true,"href":"https:\/\/tangooled.com\/fr\/wp-json\/wp\/v2\/media\/14282"}],"wp:attachment":[{"href":"https:\/\/tangooled.com\/fr\/wp-json\/wp\/v2\/media?parent=35252"}],"wp:term":[{"taxonomy":"pcb-width","embeddable":true,"href":"https:\/\/tangooled.com\/fr\/wp-json\/wp\/v2\/pcb-width?post=35252"},{"taxonomy":"product-cat","embeddable":true,"href":"https:\/\/tangooled.com\/fr\/wp-json\/wp\/v2\/product-cat?post=35252"}],"curies":[{"name":"wp","href":"https:\/\/api.w.org\/{rel}","templated":true}]}}