{"id":35212,"date":"2025-07-02T20:23:44","date_gmt":"2025-07-03T04:23:44","guid":{"rendered":"https:\/\/tangooled.com\/?post_type=product&#038;p=35212"},"modified":"2026-02-02T22:06:07","modified_gmt":"2026-02-03T06:06:07","slug":"wooden-wall-skirting-led-black-aluminum-baseboard-for-18mm-wood","status":"publish","type":"product","link":"https:\/\/tangooled.com\/fr\/product\/wooden-wall-skirting-led-black-aluminum-baseboard-for-18mm-wood\/","title":{"rendered":"plinthe murale en bois LED \u00e0 base en aluminium noir pour bois de 18 mm"},"content":{"rendered":"<div class=\"wp-block-group is-vertical is-layout-flex wp-container-core-group-is-layout-d255d7c4 wp-block-group-is-layout-flex\" style=\"padding-top:var(--wp--preset--spacing--80);padding-bottom:var(--wp--preset--spacing--80)\">\n<p>Our wooden wall skirting LED baseboard is built to fit 18\u00a0mm thick tiles and wooden wall panels. It features a unique lighting structure that offers a more creative illumination effect.<\/p>\n\n\n\n<p>La bande LED se trouve dans un canal situ\u00e9 \u00e0 environ 20 mm du mur. La lumi\u00e8re brille sur la face verticale de la plinthe et se refl\u00e8te doucement sur le sol. En enterrant la source lumineuse dans l'espace de la plinthe, la lueur r\u00e9sultante est esth\u00e9tiquement plaisante et douce pour l'\u0153il humain.<\/p>\n\n\n\n<p>This black aluminum board makes it to integrate seamlessly with a wide range of decorative styles, including modern minimalism, industrial, and light luxury designs. It is perfectly suited for LED skirting profile lighting design in various settings. The black background further enhances the strip light&#8217;s color and brilliance, making it stand out more distinctly.<\/p>\n<\/div>\n\n\n\n<div class=\"wp-block-group has-background is-vertical is-layout-flex wp-container-core-group-is-layout-d255d7c4 wp-block-group-is-layout-flex\" style=\"background-color:#f1f1f1;padding-top:var(--wp--preset--spacing--80);padding-bottom:var(--wp--preset--spacing--80)\">\n<div class=\"wp-block-group is-vertical is-layout-flex wp-container-core-group-is-layout-8cf370e7 wp-block-group-is-layout-flex\">\n<h2 class=\"wp-block-heading\" style=\"padding-top:var(--wp--preset--spacing--40);padding-bottom:var(--wp--preset--spacing--40);font-size:25px;font-style:normal;font-weight:600;text-transform:capitalize\">Caract\u00e9ristiques cl\u00e9s du profil LED en aluminium noir TG-SK01<\/h2>\n\n\n\n<ul class=\"wp-block-list\">\n<li>Le design encastr\u00e9 s\u2019adapte bien aux planches de bois et carreaux de 18 mm d\u2019\u00e9paisseur.<\/li>\n\n\n\n<li>Fabriqu\u00e9 \u00e0 partir d'aluminium extrud\u00e9 6063-T5 de haute qualit\u00e9 avec une finition anodis\u00e9e noire mate, il s'accorde bien avec la plupart des d\u00e9cors int\u00e9rieurs.<\/li>\n\n\n\n<li>La largeur int\u00e9rieure de 7,9 mm peut accueillir des bandes lumineuses de 7 mm de large ou moins.<\/li>\n\n\n\n<li>Profil de plinthe en aluminium noir qui s'illumine diagonalement pour \u00e9viter que la lumi\u00e8re ne soit trop vive ou ne projette des ombres.<\/li>\n\n\n\n<li>The height of the skirting led light from the ground is ideal; it&#8217;s neither too high to look out of place or too low to change the lighting effect. It works well with the baseboard lighting needs of most rooms.<\/li>\n<\/ul>\n<\/div>\n<\/div>\n\n\n\n<div class=\"wp-block-group is-vertical is-layout-flex wp-container-core-group-is-layout-d255d7c4 wp-block-group-is-layout-flex\" style=\"padding-top:var(--wp--preset--spacing--80);padding-bottom:var(--wp--preset--spacing--80)\">\n<hr class=\"wp-block-separator has-alpha-channel-opacity\"\/>\n\n\n\n<div class=\"wp-block-media-text has-media-on-the-right is-stacked-on-mobile\" style=\"grid-template-columns:auto 40%\"><div class=\"wp-block-media-text__content\">\n<h2 class=\"wp-block-heading\" style=\"padding-top:var(--wp--preset--spacing--40);padding-bottom:var(--wp--preset--spacing--40);font-size:25px;font-style:normal;font-weight:600;text-transform:capitalize\">Comment installer le canal de plinthe murale LED en bois ?<\/h2>\n\n\n\n<ul class=\"wp-block-list\">\n<li>Mettez votre bande lumineuse LED \u00e0 l'int\u00e9rieur du canal.<\/li>\n\n\n\n<li>Placez le diffuseur opale sur la bande LED et enclenchez-le pour obtenir une lumi\u00e8re douce sans \u00e9blouissement.<\/li>\n\n\n\n<li>Utilisez une d\u00e9fonceuse pour cr\u00e9er un canal dans le panneau en bois de 18 mm qui soit de la m\u00eame taille que le profil.<\/li>\n\n\n\n<li>Utilisez des vis ou de la colle forte pour maintenir la plinthe LED en aluminium en place.<\/li>\n\n\n\n<li>Connectez-le \u00e0 l'alimentation DC et profitez de la lumi\u00e8re.<\/li>\n<\/ul>\n<\/div><figure class=\"wp-block-media-text__media\"><img loading=\"lazy\" decoding=\"async\" width=\"500\" height=\"500\" src=\"https:\/\/tangooled.com\/wp-content\/uploads\/2025\/07\/sk01-ins.webp\" alt=\"wooden wall skirting led black aluminum baseboard for 18mm wood\" class=\"wp-image-42129 size-full\" srcset=\"https:\/\/tangooled.com\/wp-content\/uploads\/2025\/07\/sk01-ins.webp 500w, https:\/\/tangooled.com\/wp-content\/uploads\/2025\/07\/sk01-ins-300x300.webp 300w, https:\/\/tangooled.com\/wp-content\/uploads\/2025\/07\/sk01-ins-150x150.webp 150w\" sizes=\"auto, (max-width: 500px) 100vw, 500px\" \/><\/figure><\/div>\n<\/div>\n\n\n\n<div class=\"wp-block-group has-background is-vertical is-layout-flex wp-container-core-group-is-layout-b429018a wp-block-group-is-layout-flex\" style=\"background-color:#f1f1f1f2;padding-top:var(--wp--preset--spacing--70);padding-bottom:var(--wp--preset--spacing--70)\">\n<h2 class=\"wp-block-heading\" style=\"padding-top:var(--wp--preset--spacing--40);padding-bottom:var(--wp--preset--spacing--40);font-size:25px;font-style:normal;font-weight:600\">O\u00f9 pouvez-vous l'utiliser ?<\/h2>\n\n\n\n<p>Le profil TG-SK01 est id\u00e9al pour de nombreux endroits. Voici quelques id\u00e9es et exemples de son utilisation :<\/p>\n\n\n\n<ul class=\"wp-block-list\">\n<li>\u00c9clairage le long des plinthes dans le couloir pour vous aider \u00e0 voir la nuit.<\/li>\n\n\n\n<li>\u00c9clairage sous le comptoir de la cuisine pour rendre les coins sombres plus lumineux.<\/li>\n\n\n\n<li>Lumi\u00e8res dans les escaliers pour \u00e9viter que les gens ne tr\u00e9buchent et ne tombent.<\/li>\n\n\n\n<li>\u00c9clairage dans le couloir d'un h\u00f4tel pour rendre les chemins jolis et s\u00fbrs.<\/li>\n\n\n\n<li>\u00c9clairage au sol dans le cin\u00e9ma pour une lueur agr\u00e9able et de bon go\u00fbt.<\/li>\n\n\n\n<li>Ajoutez une chaleur r\u00e9confortante aux chambres ou aux espaces de vie avec un \u00e9clairage d'ambiance.<\/li>\n<\/ul>\n<\/div>\n\n\n\n<div class=\"wp-block-group is-vertical is-layout-flex wp-container-core-group-is-layout-d255d7c4 wp-block-group-is-layout-flex\" style=\"padding-top:var(--wp--preset--spacing--80);padding-bottom:var(--wp--preset--spacing--80)\">\n<h2 class=\"wp-block-heading\" style=\"padding-top:var(--wp--preset--spacing--40);padding-bottom:var(--wp--preset--spacing--40);font-size:25px;font-style:normal;font-weight:600;text-transform:capitalize\">Pourquoi faire confiance \u00e0 notre plinthe murale LED en bois<\/h2>\n\n\n\n<p>Nous avons test\u00e9 notre plinthe murale LED en bois pour nous assurer qu'elle s'adapte pr\u00e9cis\u00e9ment aux panneaux de bois de 18 mm. Elle est con\u00e7ue pour vous offrir un \u00e9clairage de plinthe \u00e0 la fois attrayant et \u00e9conome en \u00e9nergie, r\u00e9pondant \u00e0 vos besoins d'\u00e9clairage d'ambiance et d\u00e9coratifs \u00e0 faible niveau. Si vous souhaitez installer une plinthe LED encastr\u00e9e, un profil de plinthe mont\u00e9 en surface ou une plinthe LED \u00e0 montage affleurant, le TG-SK01 est le meilleur choix.<\/p>\n<\/div>\n\n\n\n<div class=\"wp-block-group has-background\" style=\"background-color:#f1f1f1;padding-top:var(--wp--preset--spacing--80);padding-bottom:var(--wp--preset--spacing--80)\"><div class=\"wp-block-group__inner-container is-layout-constrained wp-block-group-is-layout-constrained\">\n<h2 class=\"wp-block-heading\" style=\"padding-top:var(--wp--preset--spacing--40);padding-right:0;padding-bottom:var(--wp--preset--spacing--40);padding-left:0;font-size:25px;font-style:normal;font-weight:600;text-transform:capitalize\">Liens connexes<\/h2>\n\n\n\n<ul class=\"wp-block-list\">\n<li>En savoir plus sur <a href=\"https:\/\/tangooled.com\/fr\/how-to-install-led-aluminum-profiles\/\"><mark style=\"background-color:rgba(0, 0, 0, 0)\" class=\"has-inline-color has-vivid-red-color\">comment installer des profils en aluminium LED <\/mark><\/a>sur notre site.<\/li>\n\n\n\n<li>D\u00e9couvrez notre <mark style=\"background-color:rgba(0, 0, 0, 0)\" class=\"has-inline-color has-vivid-red-color\"><a href=\"https:\/\/tangooled.com\/fr\/top-10-led-aluminum-profile-application-ideas\/\">Id\u00e9es d'installation de profils en aluminium LED<\/a><\/mark> pour votre inspiration.<\/li>\n<\/ul>\n<\/div><\/div>\n\n\n\n<p><\/p>","protected":false},"featured_media":13622,"template":"","meta":{"_acf_changed":true,"_seopress_robots_primary_cat":"none","_seopress_titles_title":"LED Skirting Board Base Black Aluminum Profile for 18mm Wood SK01 | TANGOOLED","_seopress_titles_desc":"The SK01 is a black aluminum led skirting board base specifically designed for 18mm wood panels. Create modern up-light wall wash effects at floor level with this durable recessed baseboard profile.","_seopress_robots_index":""},"pcb-width":[228],"product-cat":[198],"class_list":{"0":"post-35212","1":"product","2":"type-product","3":"status-publish","4":"has-post-thumbnail","6":"pcb-width-6-12mm","7":"product-cat-skirting-profile"},"acf":[],"_links":{"self":[{"href":"https:\/\/tangooled.com\/fr\/wp-json\/wp\/v2\/product\/35212","targetHints":{"allow":["GET"]}}],"collection":[{"href":"https:\/\/tangooled.com\/fr\/wp-json\/wp\/v2\/product"}],"about":[{"href":"https:\/\/tangooled.com\/fr\/wp-json\/wp\/v2\/types\/product"}],"wp:featuredmedia":[{"embeddable":true,"href":"https:\/\/tangooled.com\/fr\/wp-json\/wp\/v2\/media\/13622"}],"wp:attachment":[{"href":"https:\/\/tangooled.com\/fr\/wp-json\/wp\/v2\/media?parent=35212"}],"wp:term":[{"taxonomy":"pcb-width","embeddable":true,"href":"https:\/\/tangooled.com\/fr\/wp-json\/wp\/v2\/pcb-width?post=35212"},{"taxonomy":"product-cat","embeddable":true,"href":"https:\/\/tangooled.com\/fr\/wp-json\/wp\/v2\/product-cat?post=35212"}],"curies":[{"name":"wp","href":"https:\/\/api.w.org\/{rel}","templated":true}]}}