{"id":35192,"date":"2025-07-02T20:04:44","date_gmt":"2025-07-03T04:04:44","guid":{"rendered":"https:\/\/tangooled.com\/?post_type=product&#038;p=35192"},"modified":"2026-01-27T01:34:50","modified_gmt":"2026-01-27T09:34:50","slug":"45-degree-stair-aluminum-profile-down-lighting-stp01","status":"publish","type":"product","link":"https:\/\/tangooled.com\/fr\/product\/45-degree-stair-aluminum-profile-down-lighting-stp01\/","title":{"rendered":"STP01 : Profil d'\u00e9clairage en escaliers \u00e0 45 degr\u00e9s pour bandes de 10 mm"},"content":{"rendered":"<div class=\"wp-block-group is-vertical is-layout-flex wp-container-core-group-is-layout-d255d7c4 wp-block-group-is-layout-flex\" style=\"padding-top:var(--wp--preset--spacing--80);padding-bottom:var(--wp--preset--spacing--80)\">\n<p>Illuminez vos escaliers en toute s\u00e9curit\u00e9 et avec style gr\u00e2ce \u00e0 notre profil en aluminium pour \u00e9clairage d'escaliers \u00e0 45 degr\u00e9s. Notre profil d'escalier LED est fabriqu\u00e9 en aluminium et est extr\u00eamement durable pour une utilisation en int\u00e9rieur comme en ext\u00e9rieur. La largeur int\u00e9rieure de ce profil est compatible avec une bande LED de 10&nbsp;mm ou des bandes RGB de 12&nbsp;mm. Au-del\u00e0 d'une couleur unique, vous pouvez obtenir des couleurs vari\u00e9es et changeantes en utilisant des bandes RGB, am\u00e9liorant ainsi consid\u00e9rablement l'apparence de vos escaliers.<\/p>\n\n\n\n<p>L'installation de ce profil d'escalier en aluminium est \u00e9galement simple. Fixez-le simplement sur le bord du limon de l'escalier avec des vis apr\u00e8s avoir assembl\u00e9 les bandes et les bouchons de fin de course. Ce profil d'\u00e9clairage d'escalier dirige la lumi\u00e8re vers le bas \u00e0 un angle de 45 degr\u00e9s, ce qui signifie pas d'\u00e9blouissement dans vos yeux et garantit que chaque marche est clairement et bien \u00e9clair\u00e9e. Il est parfait pour les maisons, les bureaux, les h\u00f4tels et les espaces ext\u00e9rieurs.<\/p>\n<\/div>\n\n\n\n<div class=\"wp-block-group has-background is-vertical is-layout-flex wp-container-core-group-is-layout-d255d7c4 wp-block-group-is-layout-flex\" style=\"background-color:#f1f1f1;padding-top:var(--wp--preset--spacing--80);padding-bottom:var(--wp--preset--spacing--80)\">\n<div class=\"wp-block-group is-vertical is-layout-flex wp-container-core-group-is-layout-8cf370e7 wp-block-group-is-layout-flex\">\n<h2 class=\"wp-block-heading\" style=\"padding-top:var(--wp--preset--spacing--40);padding-bottom:var(--wp--preset--spacing--40);font-size:25px;font-style:normal;font-weight:600;text-transform:capitalize\">Caract\u00e9ristiques et avantages cl\u00e9s<\/h2>\n\n\n\n<ul class=\"wp-block-list\">\n<li>\u00c9clairage vers le bas \u00e0 45 degr\u00e9s : il maintient les bandes LED et \u00e9claire le limon de l'escalier \u00e0 un angle de 45 degr\u00e9s, sans \u00e9blouissement.<\/li>\n\n\n\n<li>S'adapte \u00e0 diff\u00e9rentes bandes LED : il fonctionne avec des bandes LED de 8mm, 10mm et comprend des bandes RGB de 12mm.<\/li>\n\n\n\n<li>Aluminium durable : fabriqu\u00e9 en alliage d'aluminium anodis\u00e9 6063, r\u00e9sistant \u00e0 la rouille et \u00e0 l'usure.<\/li>\n\n\n\n<li>Lumi\u00e8re douce avec diffuseur : \u00e9quip\u00e9 d'un couvercle diffuseur en opale ou givr\u00e9, sans spots lumineux.<\/li>\n\n\n\n<li>Installation facile : se fixe directement par vis sur les bords de l'escalier.<\/li>\n\n\n\n<li>Peut \u00eatre coup\u00e9 \u00e0 n'importe quelle longueur pour un ajustement parfait sur vos escaliers.<\/li>\n<\/ul>\n<\/div>\n<\/div>\n\n\n\n<div class=\"wp-block-group is-vertical is-layout-flex wp-container-core-group-is-layout-d255d7c4 wp-block-group-is-layout-flex\" style=\"padding-top:var(--wp--preset--spacing--80);padding-bottom:var(--wp--preset--spacing--80)\">\n<hr class=\"wp-block-separator has-alpha-channel-opacity\"\/>\n\n\n\n<div class=\"wp-block-media-text has-media-on-the-right is-stacked-on-mobile\" style=\"grid-template-columns:auto 40%\"><div class=\"wp-block-media-text__content\">\n<h2 class=\"wp-block-heading\" style=\"padding-top:var(--wp--preset--spacing--40);padding-bottom:var(--wp--preset--spacing--40);font-size:25px;font-style:normal;font-weight:600;text-transform:capitalize\">\u00c9tapes faciles pour installer<\/h2>\n\n\n\n<ul class=\"wp-block-list\">\n<li>Utilisez une scie pour couper le profil \u00e0 la bonne taille pour vos escaliers.<\/li>\n\n\n\n<li>Mettez votre bande LED de 10 mm \u00e0 l'int\u00e9rieur du canal.<\/li>\n\n\n\n<li>Fixez le couvercle du diffuseur pour adoucir la lumi\u00e8re.<\/li>\n\n\n\n<li>Ajoutez des capuchons aux extr\u00e9mit\u00e9s pour un aspect soign\u00e9 et poli.<\/li>\n\n\n\n<li>Utilisez des vis pour fixer le profil au bord des escaliers.<\/li>\n\n\n\n<li>Branchez votre bande LED \u00e0 une source d'alimentation.<\/li>\n<\/ul>\n<\/div><figure class=\"wp-block-media-text__media\"><img loading=\"lazy\" decoding=\"async\" width=\"500\" height=\"500\" src=\"https:\/\/tangooled.com\/wp-content\/uploads\/2025\/07\/stp01-ins.webp\" alt=\"down lighting 45 degree stair aluminum profile for 10mm strips\" class=\"wp-image-42205 size-full\" srcset=\"https:\/\/tangooled.com\/wp-content\/uploads\/2025\/07\/stp01-ins.webp 500w, https:\/\/tangooled.com\/wp-content\/uploads\/2025\/07\/stp01-ins-300x300.webp 300w, https:\/\/tangooled.com\/wp-content\/uploads\/2025\/07\/stp01-ins-150x150.webp 150w\" sizes=\"auto, (max-width: 500px) 100vw, 500px\" \/><\/figure><\/div>\n<\/div>\n\n\n\n<div class=\"wp-block-group has-background is-vertical is-layout-flex wp-container-core-group-is-layout-b429018a wp-block-group-is-layout-flex\" style=\"background-color:#f1f1f1f2;padding-top:var(--wp--preset--spacing--70);padding-bottom:var(--wp--preset--spacing--70)\">\n<h2 class=\"wp-block-heading\" style=\"padding-top:var(--wp--preset--spacing--40);padding-bottom:var(--wp--preset--spacing--40);font-size:25px;font-style:normal;font-weight:600;text-transform:capitalize\">endroits id\u00e9aux pour utiliser ce profil en aluminium \u00e0 \u00e9clairage vers le bas \u00e0 45 degr\u00e9s<\/h2>\n\n\n\n<ul class=\"wp-block-list\">\n<li>Escaliers dans les maisons en bois, carrelage ou moquette&nbsp;<\/li>\n\n\n\n<li>H\u00f4tels et th\u00e9\u00e2tres qui ont besoin d'un \u00e9clairage d'escalier beau et s\u00fbr<\/li>\n\n\n\n<li>Terrasses ext\u00e9rieures (avec bandes LED \u00e9tanches)<\/li>\n\n\n\n<li>Restaurants et magasins d\u00e9sireux d'avoir des escaliers s\u00fbrs et esth\u00e9tiques<\/li>\n\n\n\n<li>Bureaux et b\u00e2timents commerciaux<\/li>\n<\/ul>\n<\/div>\n\n\n\n<div class=\"wp-block-group is-vertical is-layout-flex wp-container-core-group-is-layout-d255d7c4 wp-block-group-is-layout-flex\" style=\"padding-top:var(--wp--preset--spacing--80);padding-bottom:var(--wp--preset--spacing--80)\">\n<h2 class=\"wp-block-heading\" style=\"padding-top:var(--wp--preset--spacing--40);padding-bottom:var(--wp--preset--spacing--40);font-size:25px;font-style:normal;font-weight:600;text-transform:capitalize\">Produits associ\u00e9s qui pourraient vous int\u00e9resser<\/h2>\n\n\n\n<ul class=\"wp-block-list\">\n<li>Profil LED pour escalier avec bande en caoutchouc pour lumi\u00e8res LED de 12 mm : <a href=\"https:\/\/tangooled.com\/fr\/product\/staircase-led-profile-with-rubber-strip-for-12mm-led-tape-lights\/\"><mark style=\"background-color:rgba(0, 0, 0, 0)\" class=\"has-inline-color has-vivid-red-color\">Profil LED pour escalier<\/mark><\/a><\/li>\n\n\n\n<li>Profil de nez de marche en aluminium mont\u00e9 en surface pour bande LED de 10 mm : <a href=\"https:\/\/tangooled.com\/fr\/product\/surface-mount-aluminum-stair-nosing-profile-for-10mm-led-strip\/\"><mark style=\"background-color:rgba(0, 0, 0, 0)\" class=\"has-inline-color has-vivid-red-color\">Profil de nez de marche en aluminium<\/mark><\/a><\/li>\n\n\n\n<li>Canal en aluminium \u00e0 45 degr\u00e9s pour bandes LED de 10 mm : <a href=\"https:\/\/tangooled.com\/fr\/product\/45-degree-corner-led-aluminum-channel-for-10mm-led-strips\/\"><mark style=\"background-color:rgba(0, 0, 0, 0)\" class=\"has-inline-color has-vivid-red-color\">Canal LED \u00e0 45 degr\u00e9s<\/mark><\/a><\/li>\n<\/ul>\n<\/div>\n\n\n\n<div class=\"wp-block-group has-background\" style=\"background-color:#f1f1f1;padding-top:var(--wp--preset--spacing--80);padding-bottom:var(--wp--preset--spacing--80)\"><div class=\"wp-block-group__inner-container is-layout-constrained wp-block-group-is-layout-constrained\">\n<h2 class=\"wp-block-heading\" style=\"padding-top:var(--wp--preset--spacing--40);padding-bottom:var(--wp--preset--spacing--40);font-size:25px;font-style:normal;font-weight:600;text-transform:capitalize\">En savoir plus sur ce profil<\/h2>\n\n\n\n<p style=\"padding-right:var(--wp--preset--spacing--50);padding-left:var(--wp--preset--spacing--50)\">Notre profil en aluminium \u00e0 \u00e9clairage vers le bas \u00e0 45 degr\u00e9s fonctionne comme une extrusion d'\u00e9clairage LED pour nez de marche et comme canal d'\u00e9clairage pour marches. Il est parfait pour les nouveaux escaliers et les mises \u00e0 niveau. La lueur douce fait que vos escaliers semblent flotter la nuit.<br>Ce profil est \u00e9galement appel\u00e9 profil d'\u00e9clairage d'escalier encastr\u00e9 ou bo\u00eetier en aluminium pour bandes LED. Il offre une solidit\u00e9 pour les profils d'escaliers LED, permettant aux gens de marcher dessus en toute s\u00e9curit\u00e9. C'est une excellente extrusion lin\u00e9aire LED pour les marches et un canal angul\u00e9 id\u00e9al pour les bandes LED. Utilisez-le pour un \u00e9clairage de profil d'escalier mont\u00e9 en surface qui se fond dans votre d\u00e9cor.<\/p>\n<\/div><\/div>\n\n\n\n<p><\/p>","protected":false},"featured_media":13547,"template":"","meta":{"_acf_changed":true,"_seopress_robots_primary_cat":"none","_seopress_titles_title":"45 Degree Stair Aluminum Profile | Down-Lighting Step Channel STP01","_seopress_titles_desc":"The STP01 is a specialized 45 degree stair aluminum profile for down lighting. Designed for 10mm strips, this angled channel ensures glare-free step illumination and enhanced safety for modern staircases.","_seopress_robots_index":""},"pcb-width":[228],"product-cat":[200],"class_list":{"0":"post-35192","1":"product","2":"type-product","3":"status-publish","4":"has-post-thumbnail","6":"pcb-width-6-12mm","7":"product-cat-stair-nosing-profile"},"acf":[],"_links":{"self":[{"href":"https:\/\/tangooled.com\/fr\/wp-json\/wp\/v2\/product\/35192","targetHints":{"allow":["GET"]}}],"collection":[{"href":"https:\/\/tangooled.com\/fr\/wp-json\/wp\/v2\/product"}],"about":[{"href":"https:\/\/tangooled.com\/fr\/wp-json\/wp\/v2\/types\/product"}],"wp:featuredmedia":[{"embeddable":true,"href":"https:\/\/tangooled.com\/fr\/wp-json\/wp\/v2\/media\/13547"}],"wp:attachment":[{"href":"https:\/\/tangooled.com\/fr\/wp-json\/wp\/v2\/media?parent=35192"}],"wp:term":[{"taxonomy":"pcb-width","embeddable":true,"href":"https:\/\/tangooled.com\/fr\/wp-json\/wp\/v2\/pcb-width?post=35192"},{"taxonomy":"product-cat","embeddable":true,"href":"https:\/\/tangooled.com\/fr\/wp-json\/wp\/v2\/product-cat?post=35192"}],"curies":[{"name":"wp","href":"https:\/\/api.w.org\/{rel}","templated":true}]}}