{"id":35175,"date":"2025-07-02T19:12:46","date_gmt":"2025-07-03T03:12:46","guid":{"rendered":"https:\/\/tangooled.com\/?post_type=product&#038;p=35175"},"modified":"2026-02-02T01:56:56","modified_gmt":"2026-02-02T09:56:56","slug":"shallow-recessed-floor-led-profile-10mm-deep","status":"publish","type":"product","link":"https:\/\/tangooled.com\/fr\/product\/shallow-recessed-floor-led-profile-10mm-deep\/","title":{"rendered":"profil\u00e9 LED encastr\u00e9 peu profond de 10 mm de profondeur"},"content":{"rendered":"<div class=\"wp-block-group is-vertical is-layout-flex wp-container-core-group-is-layout-d255d7c4 wp-block-group-is-layout-flex\" style=\"padding-top:var(--wp--preset--spacing--80);padding-bottom:var(--wp--preset--spacing--80)\">\n<p>Our FL01 shallow recessed floor LED profile is a great\u00a0way to provide clean, modern lighting. This slim\u00a0aluminum channel is 19.5mm wide and 10mm deep\u00a0on the outside. The inner width is\u00a011.4mm. It works with LED strips that are up to 10mm wide, so it&#8217;s great for simple floor lighting designs that can be walked on.<\/p>\n\n\n\n<p>Il est int\u00e9gr\u00e9 directement dans les sols, les chemins ou les terrasses de mani\u00e8re \u00e0 s'harmoniser avec la surface. Ce profil robuste garde les choses fra\u00eeches et s\u00e9curis\u00e9es en m\u00eame temps. Cr\u00e9ez facilement des lignes douces de lumi\u00e8re douce et durable dans votre maison ou votre environnement professionnel pour un effet architectural s\u00fbr et professionnel.<\/p>\n<\/div>\n\n\n\n<div class=\"wp-block-group has-background is-vertical is-layout-flex wp-container-core-group-is-layout-d255d7c4 wp-block-group-is-layout-flex\" style=\"background-color:#f1f1f1;padding-top:var(--wp--preset--spacing--80);padding-bottom:var(--wp--preset--spacing--80)\">\n<div class=\"wp-block-group is-vertical is-layout-flex wp-container-core-group-is-layout-8cf370e7 wp-block-group-is-layout-flex\">\n<h2 class=\"wp-block-heading\" style=\"padding-top:var(--wp--preset--spacing--40);padding-bottom:var(--wp--preset--spacing--40);font-size:25px;font-style:normal;font-weight:600;text-transform:capitalize\">Pourquoi choisir notre profil LED de sol encastr\u00e9 peu profond ?<\/h2>\n\n\n\n<ul class=\"wp-block-list\">\n<li>Design ultra fin : seulement 10 mm de profondeur pour un encastrement peu profond.<\/li>\n\n\n\n<li>Class\u00e9 pour le passage : suffisamment solide pour que les gens puissent marcher dessus dans les lieux publics et les couloirs.<\/li>\n\n\n\n<li>Aluminium anodis\u00e9 de haute qualit\u00e9 qui agit comme un dissipateur de chaleur et r\u00e9siste \u00e0 la rouille.<\/li>\n\n\n\n<li>Fonctionne avec des bandes LED de 10 mm de large : il est compatible avec les versions SMD3528, COB et RGB.<\/li>\n\n\n\n<li>Diffuseur opale : rend la lumi\u00e8re douce et sans points.<\/li>\n\n\n\n<li>Available in 2m and 3m lengths, so it&#8217;s easy to cut to size for any application.<\/li>\n\n\n\n<li>Peut \u00eatre utilis\u00e9 \u00e0 l'int\u00e9rieur et \u00e0 l'ext\u00e9rieur dans des endroits semi-prot\u00e9g\u00e9s lorsqu'il est utilis\u00e9 avec des bandes LED \u00e9tanches.<\/li>\n<\/ul>\n<\/div>\n<\/div>\n\n\n\n<div class=\"wp-block-group\" style=\"padding-top:var(--wp--preset--spacing--60);padding-bottom:var(--wp--preset--spacing--60)\"><div class=\"wp-block-group__inner-container is-layout-constrained wp-block-group-is-layout-constrained\">\n<div class=\"wp-block-media-text has-media-on-the-right is-stacked-on-mobile\" style=\"grid-template-columns:auto 40%\"><div class=\"wp-block-media-text__content\">\n<h2 class=\"wp-block-heading\" style=\"padding-top:var(--wp--preset--spacing--40);padding-bottom:var(--wp--preset--spacing--40);font-size:25px;font-style:normal;font-weight:600;text-transform:capitalize\">Facile \u00e0 assembler<\/h2>\n\n\n\n<ul class=\"wp-block-list\">\n<li>Coupez la rainure dans le sol : une rainure de 10 mm de profondeur qui s'adapte exactement \u00e0 la forme.<\/li>\n\n\n\n<li>Ajoutez le profil : placez le canal en aluminium dans la rainure pour qu'il soit au niveau du sol.<\/li>\n\n\n\n<li>Pour le maintenir en place : v\u00e9rifiez si le sol est suffisamment solide pour que les gens puissent marcher dessus.<\/li>\n\n\n\n<li>Ajoutez des bandes LED : mettez n'importe quelle bande LED de 10 mm de large qui s'int\u00e8gre dans le profil.<\/li>\n\n\n\n<li>Diffuseur \u00e0 clip : le couvercle opale se clipse en place sur la bande et r\u00e9partit la lumi\u00e8re.<\/li>\n\n\n\n<li>Mettez des bouchons d'extr\u00e9mit\u00e9 et scellez-les avec du silicone si vous devez emp\u00eacher l'humidit\u00e9 de p\u00e9n\u00e9trer.<\/li>\n<\/ul>\n<\/div><figure class=\"wp-block-media-text__media\"><img loading=\"lazy\" decoding=\"async\" width=\"500\" height=\"500\" src=\"https:\/\/tangooled.com\/wp-content\/uploads\/2025\/07\/fl01-ins.webp\" alt=\"shallow recessed floor led profile 10mm deep\" class=\"wp-image-42242 size-full\" srcset=\"https:\/\/tangooled.com\/wp-content\/uploads\/2025\/07\/fl01-ins.webp 500w, https:\/\/tangooled.com\/wp-content\/uploads\/2025\/07\/fl01-ins-300x300.webp 300w, https:\/\/tangooled.com\/wp-content\/uploads\/2025\/07\/fl01-ins-150x150.webp 150w\" sizes=\"auto, (max-width: 500px) 100vw, 500px\" \/><\/figure><\/div>\n<\/div><\/div>\n\n\n\n<div class=\"wp-block-group has-background is-vertical is-layout-flex wp-container-core-group-is-layout-b429018a wp-block-group-is-layout-flex\" style=\"background-color:#f1f1f1f2;padding-top:var(--wp--preset--spacing--70);padding-bottom:var(--wp--preset--spacing--70)\">\n<h2 class=\"wp-block-heading\" style=\"padding-top:var(--wp--preset--spacing--40);padding-bottom:var(--wp--preset--spacing--40);font-size:25px;font-style:normal;font-weight:600;text-transform:capitalize\">Utilisations parfaites pour le canal de 10 mm de profondeur<\/h2>\n\n\n\n<p>Notre produit est id\u00e9al pour de nombreuses applications d'\u00e9clairage \u00e0 l'int\u00e9rieur et \u00e0 l'ext\u00e9rieur :<\/p>\n\n\n\n<ul class=\"wp-block-list\">\n<li>\u00c9clairage int\u00e9gr\u00e9 au sol : installez-le affleurant avec des carreaux en c\u00e9ramique, du bois dur, du stratifi\u00e9 ou des sols en b\u00e9ton.<\/li>\n\n\n\n<li>\u00c9clairages pour escaliers et marches : pour les rendre plus s\u00fbrs et plus \u00e9l\u00e9gants, mettez des lumi\u00e8res dans les nez de marche.<\/li>\n\n\n\n<li>\u00c9clairage d'accent pour les chemins et couloirs : utilisez des profils LED class\u00e9s pour le passage et durables pour former des lignes de guidage.<\/li>\n\n\n\n<li>Expositions pour les entreprises et le commerce de d\u00e9tail : aidez les consommateurs \u00e0 s'orienter \u00e0 l'int\u00e9rieur ou \u00e0 mettre en valeur des marchandises.<\/li>\n\n\n\n<li>Terrasses et patios (avec \u00e9tanch\u00e9it\u00e9) : placez des lumi\u00e8res de sol ext\u00e9rieures pour les rendre plus accueillantes.<\/li>\n<\/ul>\n<\/div>\n\n\n\n<div class=\"wp-block-group is-vertical is-layout-flex wp-container-core-group-is-layout-d255d7c4 wp-block-group-is-layout-flex\" style=\"padding-top:var(--wp--preset--spacing--80);padding-bottom:var(--wp--preset--spacing--80)\">\n<h2 class=\"wp-block-heading\" style=\"padding-top:var(--wp--preset--spacing--40);padding-bottom:var(--wp--preset--spacing--40);font-size:25px;font-style:normal;font-weight:600;text-transform:capitalize\">Produits connexes<\/h2>\n\n\n\n<p>D\u00e9couvrez ces profils LED en aluminium associ\u00e9s qui compl\u00e8tent votre profil LED de sol encastr\u00e9 peu profond :<\/p>\n\n\n\n<ul class=\"wp-block-list\">\n<li><a href=\"https:\/\/tangooled.com\/fr\/product\/black-led-profile-with-black-diffuser-for-10mm-led-strip-light\/\"><mark style=\"background-color:rgba(0, 0, 0, 0)\" class=\"has-inline-color has-vivid-red-color\">Profil LED noir avec diffuseur noir pour bande LED de 10 mm<\/mark><\/a>.<\/li>\n\n\n\n<li><a href=\"https:\/\/tangooled.com\/fr\/product\/surface-mount-led-profile-with-frosted-diffuser-for-10mm-rope-lights\/\"><mark style=\"background-color:rgba(0, 0, 0, 0)\" class=\"has-inline-color has-vivid-red-color\">Profil LED \u00e0 montage en surface avec diffuseur d\u00e9poli pour bandes de 10 mm<\/mark><\/a>.<\/li>\n\n\n\n<li><a href=\"https:\/\/tangooled.com\/fr\/product\/led-strip-light-channel-aluminum-profile-with-diffused-cover-6mm-height\/\"><mark style=\"background-color:rgba(0, 0, 0, 0)\" class=\"has-inline-color has-vivid-red-color\">Profil en aluminium pour bande LED avec couvercle diffusant de 6 mm de hauteur<\/mark><\/a>.<\/li>\n\n\n\n<li><mark style=\"background-color:rgba(0, 0, 0, 0)\" class=\"has-inline-color has-vivid-red-color\"><a href=\"https:\/\/tangooled.com\/fr\/product\/26mm-floor-recessed-led-aluminum-channel-for-12mm-led-strips\/\">Canal LED en aluminium encastr\u00e9 de 26 mm pour bandes LED de 12 mm<\/a>.<\/mark><\/li>\n\n\n\n<li><a href=\"https:\/\/tangooled.com\/fr\/product\/recessed-floor-step-edge-lighting-led-profile\/\"><mark style=\"background-color:rgba(0, 0, 0, 0)\" class=\"has-inline-color has-vivid-red-color\">Profil LED d'\u00e9clairage de bord d'escalier encastr\u00e9<\/mark><\/a>.<\/li>\n<\/ul>\n<\/div>\n\n\n\n<div class=\"wp-block-group has-background\" style=\"background-color:#f1f1f1;padding-top:var(--wp--preset--spacing--80);padding-bottom:var(--wp--preset--spacing--80)\"><div class=\"wp-block-group__inner-container is-layout-constrained wp-block-group-is-layout-constrained\">\n<p style=\"padding-right:var(--wp--preset--spacing--50);padding-left:var(--wp--preset--spacing--50)\">The ideal choice for professional-grade floor lighting that can be walked on is our shallow recessed floor LED profile, which is 10mm deep. It works great in homes, offices, stores, and architectural projects, and it has a sleek look. With Tangooled&#8217;s TG-FL01, you can improve your lighting right now.<\/p>\n<\/div><\/div>\n\n\n\n<p><\/p>","protected":false},"featured_media":13524,"template":"","meta":{"_acf_changed":true,"_seopress_robots_primary_cat":"none","_seopress_titles_title":"Shallow Recessed Floor LED Profile | 10mm Deep Walk-over Channel | TANGOOLED","_seopress_titles_desc":"The FL01 is a premium shallow recessed floor LED profile with a slim 10mm depth. Designed for high-durability and walk-over safety, this aluminum channel is perfect for linear floor lighting in hallways and commercial spaces.","_seopress_robots_index":""},"pcb-width":[228],"product-cat":[199],"class_list":{"0":"post-35175","1":"product","2":"type-product","3":"status-publish","4":"has-post-thumbnail","6":"pcb-width-6-12mm","7":"product-cat-inground-profile"},"acf":[],"_links":{"self":[{"href":"https:\/\/tangooled.com\/fr\/wp-json\/wp\/v2\/product\/35175","targetHints":{"allow":["GET"]}}],"collection":[{"href":"https:\/\/tangooled.com\/fr\/wp-json\/wp\/v2\/product"}],"about":[{"href":"https:\/\/tangooled.com\/fr\/wp-json\/wp\/v2\/types\/product"}],"wp:featuredmedia":[{"embeddable":true,"href":"https:\/\/tangooled.com\/fr\/wp-json\/wp\/v2\/media\/13524"}],"wp:attachment":[{"href":"https:\/\/tangooled.com\/fr\/wp-json\/wp\/v2\/media?parent=35175"}],"wp:term":[{"taxonomy":"pcb-width","embeddable":true,"href":"https:\/\/tangooled.com\/fr\/wp-json\/wp\/v2\/pcb-width?post=35175"},{"taxonomy":"product-cat","embeddable":true,"href":"https:\/\/tangooled.com\/fr\/wp-json\/wp\/v2\/product-cat?post=35175"}],"curies":[{"name":"wp","href":"https:\/\/api.w.org\/{rel}","templated":true}]}}