{"id":35169,"date":"2025-07-02T18:51:56","date_gmt":"2025-07-03T02:51:56","guid":{"rendered":"https:\/\/tangooled.com\/?post_type=product&#038;p=35169"},"modified":"2026-01-26T19:47:11","modified_gmt":"2026-01-27T03:47:11","slug":"sg7575-75mm-pendant-led-channel-middle-tray-quad-row","status":"publish","type":"product","link":"https:\/\/tangooled.com\/fr\/product\/sg7575-75mm-pendant-led-channel-middle-tray-quad-row\/","title":{"rendered":"SG7575 : Profil\u00e9 LED suspendu 75x75mm avec plateau central (compatible avec quatre rang\u00e9es)"},"content":{"rendered":"<div class=\"wp-block-group\" style=\"padding-top:var(--wp--preset--spacing--80);padding-bottom:var(--wp--preset--spacing--80)\"><div class=\"wp-block-group__inner-container is-layout-constrained wp-block-group-is-layout-constrained\">\n<p>Ce profil\u00e9 LED suspendu de 75 mm avec plateau central est un luminaire architectural lin\u00e9aire puissant qui rehaussera tout espace commercial ou professionnel.<\/p>\n\n\n\n<p>Ce profil\u00e9 LED de 75 mm de large est fabriqu\u00e9 en aluminium r\u00e9sistant et est con\u00e7u pour fournir un \u00e9clairage g\u00e9n\u00e9ral puissant et uniforme. Le design int\u00e9gr\u00e9 est sa caract\u00e9ristique cl\u00e9. Le large plateau int\u00e9rieur peut accueillir quatre bandes LED c\u00f4te \u00e0 c\u00f4te et, surtout, il cache les drivers (alimentation) en toute s\u00e9curit\u00e9 \u00e0 l'int\u00e9rieur.<\/p>\n\n\n\n<p>Ce bo\u00eetier int\u00e9gr\u00e9 \u00e9limine le besoin de bo\u00eetes externes volumineuses ou de c\u00e2bles enchev\u00eatr\u00e9s, ce qui donne une installation soign\u00e9e, professionnelle et esth\u00e9tiquement agr\u00e9able. Le SG7575 offre une ligne de lumi\u00e8re continue et \u00e9l\u00e9gante, id\u00e9ale pour une utilisation dans des bureaux, des magasins de d\u00e9tail, des h\u00f4tels et le secteur de l'hospitalit\u00e9, ainsi que dans d'autres applications d'\u00e9clairage architectural haut de gamme.<\/p>\n\n\n\n<p>Choisissez le SG7575 pour illuminer votre pi\u00e8ce avec une lumi\u00e8re \u00e0 haute intensit\u00e9 tout en conservant une apparence simple et soign\u00e9e.<\/p>\n<\/div><\/div>\n\n\n\n<div class=\"wp-block-group has-background is-vertical is-layout-flex wp-container-core-group-is-layout-d255d7c4 wp-block-group-is-layout-flex\" style=\"background-color:#f1f1f1;padding-top:var(--wp--preset--spacing--80);padding-bottom:var(--wp--preset--spacing--80)\">\n<div class=\"wp-block-group is-vertical is-layout-flex wp-container-core-group-is-layout-8cf370e7 wp-block-group-is-layout-flex\">\n<h2 class=\"wp-block-heading\" style=\"padding-top:var(--wp--preset--spacing--40);padding-bottom:var(--wp--preset--spacing--40);font-size:25px;font-style:normal;font-weight:600;text-transform:capitalize\">Pourquoi choisir le profil\u00e9 LED suspendu de 75 mm avec plateau central ?<\/h2>\n\n\n\n<ul class=\"wp-block-list\">\n<li>Le plateau central du profil\u00e9 soutient quatre bandes de ruban LED, produisant une lumi\u00e8re extr\u00eamement brillante.<\/li>\n\n\n\n<li>Le driver et les c\u00e2bles sont cach\u00e9s par le plateau central, ce qui donne un aspect soign\u00e9.<\/li>\n\n\n\n<li>Fabriqu\u00e9 en aluminium extrud\u00e9 anodis\u00e9 robuste qui garde les lumi\u00e8res fra\u00eeches.<\/li>\n\n\n\n<li>Livr\u00e9 avec un diffuseur d\u00e9poli qui rend la lumi\u00e8re lisse et sans points.&nbsp;<\/li>\n\n\n\n<li>Peut \u00eatre suspendu au plafond comme un syst\u00e8me de canal suspendu.<\/li>\n<\/ul>\n<\/div>\n<\/div>\n\n\n\n<div class=\"wp-block-group\" style=\"padding-top:var(--wp--preset--spacing--60);padding-bottom:var(--wp--preset--spacing--60)\"><div class=\"wp-block-group__inner-container is-layout-constrained wp-block-group-is-layout-constrained\">\n<div class=\"wp-block-media-text has-media-on-the-right is-stacked-on-mobile\"><div class=\"wp-block-media-text__content\">\n<h2 class=\"wp-block-heading\" style=\"padding-top:var(--wp--preset--spacing--40);padding-bottom:var(--wp--preset--spacing--40);font-size:25px;font-style:normal;font-weight:600;text-transform:capitalize\">O\u00f9 utiliser le profil\u00e9 suspendu SG7575<\/h2>\n\n\n\n<ul class=\"wp-block-list\">\n<li>Bureaux modernes : lumi\u00e8res brillantes et sans \u00e9blouissement pour les bureaux et les salles de r\u00e9union.<\/li>\n\n\n\n<li>Magasins de d\u00e9tail : lumi\u00e8res vives dans les all\u00e9es qui ont l'air bien.<\/li>\n\n\n\n<li>H\u00f4tels et restaurants : \u00e9clairage agr\u00e9able dans le hall et les espaces de restauration.<\/li>\n\n\n\n<li>\u00c9clairage architectural : utilisez ce large profil\u00e9 LED pour faire une d\u00e9claration dans les halls ou grandes pi\u00e8ces.<\/li>\n\n\n\n<li>\u00c9clairage de t\u00e2che : lumi\u00e8re directe et brillante au-dessus des postes de travail ou des comptoirs qui en ont besoin.<\/li>\n<\/ul>\n<\/div><figure class=\"wp-block-media-text__media\"><img loading=\"lazy\" decoding=\"async\" width=\"500\" height=\"500\" src=\"https:\/\/tangooled.com\/wp-content\/uploads\/2025\/07\/sg7575-ins.webp\" alt=\"sg7575 pendant led tape mounting channel with middle tray for quad row led strips\" class=\"wp-image-41070 size-full\" srcset=\"https:\/\/tangooled.com\/wp-content\/uploads\/2025\/07\/sg7575-ins.webp 500w, https:\/\/tangooled.com\/wp-content\/uploads\/2025\/07\/sg7575-ins-300x300.webp 300w, https:\/\/tangooled.com\/wp-content\/uploads\/2025\/07\/sg7575-ins-150x150.webp 150w\" sizes=\"auto, (max-width: 500px) 100vw, 500px\" \/><\/figure><\/div>\n<\/div><\/div>\n\n\n\n<div class=\"wp-block-group has-background\" style=\"background-color:#f1f1f1;padding-top:var(--wp--preset--spacing--80);padding-bottom:var(--wp--preset--spacing--80)\"><div class=\"wp-block-group__inner-container is-layout-constrained wp-block-group-is-layout-constrained\">\n<h2 class=\"wp-block-heading\" style=\"font-size:25px;font-style:normal;font-weight:600;text-transform:capitalize\">O\u00f9 utiliser le profil\u00e9 LED suspendu SG7575<\/h2>\n\n\n\n<ul class=\"wp-block-list\">\n<li>Bureaux modernes : lumi\u00e8res brillantes et sans \u00e9blouissement pour les bureaux et les salles de r\u00e9union.<\/li>\n\n\n\n<li>Magasins de d\u00e9tail : lumi\u00e8res vives dans les all\u00e9es qui ont l'air bien.<\/li>\n\n\n\n<li>H\u00f4tels et restaurants : \u00e9clairage agr\u00e9able dans le hall et les espaces de restauration.<\/li>\n\n\n\n<li>\u00c9clairage architectural : utilisez ce large profil\u00e9 LED pour faire une d\u00e9claration dans les halls ou grandes pi\u00e8ces.<\/li>\n\n\n\n<li>\u00c9clairage de t\u00e2che : lumi\u00e8re directe et brillante au-dessus des postes de travail ou des comptoirs qui en ont besoin.<\/li>\n<\/ul>\n<\/div><\/div>\n\n\n\n<div class=\"wp-block-group is-vertical is-layout-flex wp-container-core-group-is-layout-b429018a wp-block-group-is-layout-flex\" style=\"padding-top:var(--wp--preset--spacing--70);padding-bottom:var(--wp--preset--spacing--70)\">\n<h2 class=\"wp-block-heading\" style=\"font-size:25px;font-style:normal;font-weight:600\">What\u2019s in the Box?<\/h2>\n\n\n\n<ul class=\"wp-block-list\">\n<li>1x profil\u00e9 LED en aluminium SG7575 (dans la longueur de votre choix)<\/li>\n\n\n\n<li>1x couvercle de lentille opale (type clip-on)<\/li>\n\n\n\n<li>2x embouts m\u00e9talliques<\/li>\n\n\n\n<li>1x kit de suspension<\/li>\n<\/ul>\n<\/div>\n\n\n\n<div class=\"wp-block-group has-background is-vertical is-layout-flex wp-container-core-group-is-layout-d255d7c4 wp-block-group-is-layout-flex\" style=\"background-color:#f1f1f1;padding-top:var(--wp--preset--spacing--80);padding-bottom:var(--wp--preset--spacing--80)\">\n<h2 class=\"wp-block-heading\" style=\"padding-top:var(--wp--preset--spacing--40);padding-bottom:var(--wp--preset--spacing--40);font-size:25px;font-style:normal;font-weight:600;text-transform:capitalize\">En savoir plus sur le profil\u00e9 LED suspendu SG7575<\/h2>\n\n\n\n<p style=\"padding-right:var(--wp--preset--spacing--50);padding-left:var(--wp--preset--spacing--50)\">C'est une extrudeuse en aluminium de qualit\u00e9 professionnelle qui peut accueillir jusqu'\u00e0 quatre rang\u00e9es de bandes LED et produire un \u00e9clairage lin\u00e9aire puissant et \u00e9l\u00e9gant. Le driver et les c\u00e2bles sont cach\u00e9s \u00e0 l'arri\u00e8re du plateau central afin que votre plafond reste propre. Le couvercle de lentille d\u00e9poli sur les lumi\u00e8res \u00e0 quatre rang\u00e9es \u00e9met une lueur uniforme sans points. Le profil\u00e9 en aluminium anodis\u00e9 est extr\u00eamement durable et agit \u00e9galement comme un dissipateur de chaleur. Le SG7575 est id\u00e9al pour l'\u00e9clairage commercial, l'\u00e9clairage de bureau, les all\u00e9es de d\u00e9tail et les environnements d'hospitalit\u00e9.<\/p>\n\n\n\n<p style=\"padding-right:var(--wp--preset--spacing--50);padding-left:var(--wp--preset--spacing--50)\">Si vous souhaitez une lumi\u00e8re brillante qui soit esth\u00e9tique et durable, optez pour ce profil\u00e9 LED de qualit\u00e9 architecturale.<\/p>\n<\/div>\n\n\n\n<div class=\"wp-block-group\" style=\"padding-top:var(--wp--preset--spacing--80);padding-bottom:var(--wp--preset--spacing--80)\"><div class=\"wp-block-group__inner-container is-layout-constrained wp-block-group-is-layout-constrained\">\n<h2 class=\"wp-block-heading\" style=\"font-size:25px;font-style:normal;font-weight:600;text-transform:capitalize\">En savoir plus sur les profil\u00e9s LED associ\u00e9s<\/h2>\n\n\n\n<ul class=\"wp-block-list\">\n<li><a href=\"https:\/\/tangooled.com\/fr\/product\/black-led-diffuser-aluminum-channel-for-12mm-tape-lights\/\"><mark style=\"background-color:rgba(0, 0, 0, 0)\" class=\"has-inline-color has-vivid-red-color\">Profil en aluminium avec diffuseur LED noir pour bandes de 12 mm<\/mark><\/a><\/li>\n\n\n\n<li><a href=\"https:\/\/tangooled.com\/fr\/product\/surface-mount-led-profile-with-frosted-diffuser-for-10mm-rope-lights\/\"><mark style=\"background-color:rgba(0, 0, 0, 0)\" class=\"has-inline-color has-vivid-red-color\">Profil LED \u00e0 montage en surface avec diffuseur d\u00e9poli pour bandes de 10 mm<\/mark><\/a><\/li>\n\n\n\n<li><a href=\"https:\/\/tangooled.com\/fr\/product\/25x14m-surface-mounted-led-light-aluminum-profile\/\"><mark style=\"background-color:rgba(0, 0, 0, 0)\" class=\"has-inline-color has-vivid-red-color\">Profil en aluminium LED mont\u00e9 en surface 25x14m<\/mark><\/a><\/li>\n\n\n\n<li><a href=\"https:\/\/tangooled.com\/fr\/product\/75x75mm-pendant-aluminum-led-channel-with-space-for-led-driver\/\"><mark style=\"background-color:rgba(0, 0, 0, 0)\" class=\"has-inline-color has-vivid-red-color\">Profil\u00e9 LED en aluminium 75x75 mm avec espace pour driver LED<\/mark><\/a><\/li>\n<\/ul>\n\n\n\n<p>Le profil\u00e9 de montage de bande LED suspendue SG7575 avec plateau central pour bandes LED \u00e0 quatre rang\u00e9es est la meilleure solution pour cr\u00e9er un \u00e9clairage lin\u00e9aire brillant, lisse et professionnel. Explorez plus d'options pour les projets de luminaires lin\u00e9aires sur<a href=\"https:\/\/tangooled.com\/fr\/led-profiles\/\"> <mark style=\"background-color:rgba(0, 0, 0, 0)\" class=\"has-inline-color has-vivid-red-color\">la page produit TANGOOLED.<\/mark><\/a><\/p>\n<\/div><\/div>","protected":false},"featured_media":35142,"template":"","meta":{"_acf_changed":true,"_seopress_robots_primary_cat":"none","_seopress_titles_title":"75mm Pendant LED Channel with Middle Tray | Quad-Row Support | TANGOOLED","_seopress_titles_desc":"The SG7575 is a robust 75mm pendant led channel featuring a middle tray for quad-row LED strips. Designed for heavy-duty commercial lighting, it provides ample space for internal drivers and superior heat dissipation.","_seopress_robots_index":""},"pcb-width":[232],"product-cat":[194],"class_list":{"0":"post-35169","1":"product","2":"type-product","3":"status-publish","4":"has-post-thumbnail","6":"pcb-width-35-45mm","7":"product-cat-suspended-profile"},"acf":[],"_links":{"self":[{"href":"https:\/\/tangooled.com\/fr\/wp-json\/wp\/v2\/product\/35169","targetHints":{"allow":["GET"]}}],"collection":[{"href":"https:\/\/tangooled.com\/fr\/wp-json\/wp\/v2\/product"}],"about":[{"href":"https:\/\/tangooled.com\/fr\/wp-json\/wp\/v2\/types\/product"}],"wp:featuredmedia":[{"embeddable":true,"href":"https:\/\/tangooled.com\/fr\/wp-json\/wp\/v2\/media\/35142"}],"wp:attachment":[{"href":"https:\/\/tangooled.com\/fr\/wp-json\/wp\/v2\/media?parent=35169"}],"wp:term":[{"taxonomy":"pcb-width","embeddable":true,"href":"https:\/\/tangooled.com\/fr\/wp-json\/wp\/v2\/pcb-width?post=35169"},{"taxonomy":"product-cat","embeddable":true,"href":"https:\/\/tangooled.com\/fr\/wp-json\/wp\/v2\/product-cat?post=35169"}],"curies":[{"name":"wp","href":"https:\/\/api.w.org\/{rel}","templated":true}]}}