{"id":35151,"date":"2025-07-02T18:41:59","date_gmt":"2025-07-03T02:41:59","guid":{"rendered":"https:\/\/tangooled.com\/?post_type=product&#038;p=35151"},"modified":"2026-01-29T23:59:40","modified_gmt":"2026-01-30T07:59:40","slug":"suspended-led-extrusion-profile-70mm-height","status":"publish","type":"product","link":"https:\/\/tangooled.com\/fr\/product\/suspended-led-extrusion-profile-70mm-height\/","title":{"rendered":"profil d'extrusion LED suspendu de 70 mm de hauteur"},"content":{"rendered":"<div class=\"wp-block-group is-vertical is-layout-flex wp-container-core-group-is-layout-d255d7c4 wp-block-group-is-layout-flex\" style=\"padding-top:var(--wp--preset--spacing--80);padding-bottom:var(--wp--preset--spacing--80)\">\n<p>Ce profil d'extrusion LED suspendu de 70 mm de hauteur est un luminaire lin\u00e9aire robuste pour les espaces commerciaux et professionnels modernes. Le canal de 70 mm de profondeur est en aluminium durable et poss\u00e8de de bonnes capacit\u00e9s de dissipation thermique, rendant les bandes LED plus durables.<\/p>\n\n\n\n<p>Il a un diffuseur en polycarbonate qui transforme les LED brillantes en une ligne lisse et uniforme de lumi\u00e8re qui \u00e9vite l'\u00e9blouissement. Le design large vous offre \u00e9galement suffisamment d'espace \u00e0 l'int\u00e9rieur pour dissimuler les drivers d'alimentation proprement.<br>Ce profil vous offre le plus de possibilit\u00e9s d'installation : montage suspendu \u00e9l\u00e9gant (avec un kit de c\u00e2bles en acier), montage en surface propre et installation encastr\u00e9e lisse.<\/p>\n<\/div>\n\n\n\n<div class=\"wp-block-group has-background\" style=\"background-color:#f1f1f1;padding-top:var(--wp--preset--spacing--80);padding-bottom:var(--wp--preset--spacing--80)\"><div class=\"wp-block-group__inner-container is-layout-constrained wp-block-group-is-layout-constrained\">\n<div class=\"wp-block-group is-vertical is-layout-flex wp-container-core-group-is-layout-8cf370e7 wp-block-group-is-layout-flex\">\n<h2 class=\"wp-block-heading\" style=\"padding-top:var(--wp--preset--spacing--40);padding-bottom:var(--wp--preset--spacing--40);font-size:25px;font-style:normal;font-weight:600;text-transform:capitalize\">Pourquoi choisir notre extrusion LED suspendue de 70 mm de profondeur ?<\/h2>\n\n\n\n<ul class=\"wp-block-list\">\n<li>Profondeur de 70 mm : id\u00e9al pour les grandes pi\u00e8ces ou les plafonds hauts. La forme profonde s'adapte \u00e0 un canal de bande LED \u00e0 double rang\u00e9e, qui \u00e9met une lumi\u00e8re forte et \u00e9conome en \u00e9nergie.<\/li>\n\n\n\n<li>Meilleur gestion thermique : L'aluminium est un profil de dissipateur thermique puissant qui maintient les LED au frais pour prolonger leur dur\u00e9e de vie.<\/li>\n\n\n\n<li>Pas de points : Utilisez notre canal en aluminium avec diffuseur LED opale pour une lumi\u00e8re douce et homog\u00e8ne qui est excellente pour le confort visuel.<\/li>\n\n\n\n<li>Facile \u00e0 installer : Vous pouvez couper le profil \u00e0 taille sur site ou connecter plusieurs pi\u00e8ces \u00e0 l'aide de connecteurs lin\u00e9aires pour l'extrusion. Les kits de suspension ajustables vous permettent de r\u00e9gler la hauteur exactement comme il faut.<\/li>\n\n\n\n<li>Finition optionnelle : anodis\u00e9e argent\u00e9e, laqu\u00e9e noire ou couleurs RAL personnalis\u00e9es qui s'adapteront \u00e0 votre d\u00e9coration.<\/li>\n<\/ul>\n<\/div>\n<\/div><\/div>\n\n\n\n<div class=\"wp-block-group\" style=\"padding-top:var(--wp--preset--spacing--60);padding-bottom:var(--wp--preset--spacing--60)\"><div class=\"wp-block-group__inner-container is-layout-constrained wp-block-group-is-layout-constrained\">\n<div class=\"wp-block-media-text has-media-on-the-right is-stacked-on-mobile\"><div class=\"wp-block-media-text__content\">\n<h2 class=\"wp-block-heading\" style=\"padding-top:var(--wp--preset--spacing--40);padding-bottom:var(--wp--preset--spacing--40);font-size:25px;font-style:normal;font-weight:600;text-transform:capitalize\">Accessoires pour un syst\u00e8me complet<\/h2>\n\n\n\n<p>To finish your project, you\u2019ll need some key items:<\/p>\n\n\n\n<ul class=\"wp-block-list\">\n<li>Les kits de suspension r\u00e9glables ont des c\u00e2bles en acier que vous pouvez suspendre au plafond.<\/li>\n\n\n\n<li>Connecteurs lin\u00e9aires : connectent plusieurs profils pour cr\u00e9er des lignes longues et lisses<\/li>\n\n\n\n<li>Bouchons de fin : options avec des trous pour les c\u00e2bles pour rendre le c\u00e2blage propre<\/li>\n\n\n\n<li>Supports de montage : pour une fixation sur un mur ou une autre surface au lieu de les suspendre<\/li>\n\n\n\n<li>Drivers LED compatibles avec un choix de bandes LED et permettant de diminuer la lumi\u00e8re<\/li>\n<\/ul>\n<\/div><figure class=\"wp-block-media-text__media\"><img loading=\"lazy\" decoding=\"async\" width=\"500\" height=\"500\" src=\"https:\/\/tangooled.com\/wp-content\/uploads\/2025\/07\/sg5470-ins.webp\" alt=\"profil d&#039;extrusion LED suspendu de 70 mm de hauteur\" class=\"wp-image-41080 size-full\" srcset=\"https:\/\/tangooled.com\/wp-content\/uploads\/2025\/07\/sg5470-ins.webp 500w, https:\/\/tangooled.com\/wp-content\/uploads\/2025\/07\/sg5470-ins-300x300.webp 300w, https:\/\/tangooled.com\/wp-content\/uploads\/2025\/07\/sg5470-ins-150x150.webp 150w\" sizes=\"auto, (max-width: 500px) 100vw, 500px\" \/><\/figure><\/div>\n<\/div><\/div>\n\n\n\n<div class=\"wp-block-group has-background\" style=\"background-color:#f1f1f1;padding-top:var(--wp--preset--spacing--80);padding-bottom:var(--wp--preset--spacing--80)\"><div class=\"wp-block-group__inner-container is-layout-constrained wp-block-group-is-layout-constrained\">\n<h2 class=\"wp-block-heading\" style=\"padding-top:var(--wp--preset--spacing--40);padding-bottom:var(--wp--preset--spacing--40);font-size:25px;font-style:normal;font-weight:600;text-transform:capitalize\">what&#8217;s included in the kit?<\/h2>\n\n\n\n<ul class=\"wp-block-list\">\n<li>1x canal en aluminium extrud\u00e9 de haute qualit\u00e9<\/li>\n\n\n\n<li>1x diffuseur opale en polycarbonate (PC)<\/li>\n\n\n\n<li>1x 2 bouchons de fin en m\u00e9tal<\/li>\n\n\n\n<li>1x kit de c\u00e2ble de suspension<\/li>\n\n\n\n<li>1x boucle encastrable (option)<\/li>\n<\/ul>\n<\/div><\/div>\n\n\n\n<div class=\"wp-block-group\" style=\"padding-top:var(--wp--preset--spacing--80);padding-bottom:var(--wp--preset--spacing--80)\"><div class=\"wp-block-group__inner-container is-layout-constrained wp-block-group-is-layout-constrained\">\n<h2 class=\"wp-block-heading\" style=\"padding-top:var(--wp--preset--spacing--40);padding-bottom:var(--wp--preset--spacing--40);font-size:25px;font-style:normal;font-weight:600;text-transform:capitalize\">O\u00f9 utiliser votre profil d'extrusion LED suspendue de 70 mm de hauteur<\/h2>\n\n\n\n<p style=\"padding-right:var(--wp--preset--spacing--50);padding-left:var(--wp--preset--spacing--50)\">Ce profil de lumi\u00e8re lin\u00e9aire est parfait pour :<\/p>\n\n\n\n<ul class=\"wp-block-list\">\n<li>\u00c9clairage pour les entreprises, comme des bureaux, salles de conf\u00e9rence, couloirs et halls.<\/li>\n\n\n\n<li>Dans les magasins : \u00e9clairage pour les all\u00e9es, pr\u00e9sentoirs et exploitations de rabais.<\/li>\n\n\n\n<li>H\u00f4tellerie : restaurants, bars, h\u00f4tels et caf\u00e9s.<\/li>\n\n\n\n<li>Lieux d'apprentissage : biblioth\u00e8ques et salles de classe.<\/li>\n\n\n\n<li>Les espaces de vie et les cuisines dans les maisons modernes ont des hauts plafonds.<\/li>\n<\/ul>\n<\/div><\/div>\n\n\n\n<div class=\"wp-block-group has-background\" style=\"background-color:#f1f1f1;padding-top:var(--wp--preset--spacing--80);padding-bottom:var(--wp--preset--spacing--80)\"><div class=\"wp-block-group__inner-container is-layout-constrained wp-block-group-is-layout-constrained\">\n<h2 class=\"wp-block-heading\" style=\"padding-top:var(--wp--preset--spacing--40);padding-bottom:var(--wp--preset--spacing--40);font-size:25px;font-style:normal;font-weight:600;text-transform:capitalize\">Explorez plus de profils et d'accessoires<\/h2>\n\n\n\n<ul class=\"wp-block-list\">\n<li><a href=\"https:\/\/tangooled.com\/fr\/product\/surface-mount-led-profile-with-frosted-diffuser-for-10mm-rope-lights\/\"><mark style=\"background-color:rgba(0, 0, 0, 0)\" class=\"has-inline-color has-vivid-red-color\">Profil LED \u00e0 montage en surface avec diffuseur d\u00e9poli pour bandes de 10 mm<\/mark><\/a><\/li>\n\n\n\n<li><a href=\"https:\/\/tangooled.com\/fr\/product\/black-aluminum-u-channel-profile-for-10mm-led-strips\/\"><mark style=\"background-color:rgba(0, 0, 0, 0)\" class=\"has-inline-color has-vivid-red-color\">Profil en aluminium en U noir pour bandes LED de 10mm<\/mark><\/a><\/li>\n\n\n\n<li><a href=\"http:\/\/Up and down illumination pendant aluminum led strip mounting profile sgd5470\"><mark style=\"background-color:rgba(0, 0, 0, 0)\" class=\"has-inline-color has-vivid-red-color\">Profil de montage pour bande LED suspendue en aluminium \u00e0 \u00e9clairage haut et bas sgd5470<\/mark><\/a><\/li>\n<\/ul>\n<\/div><\/div>","protected":false},"featured_media":35138,"template":"","meta":{"_acf_changed":true,"_seopress_robots_primary_cat":"none","_seopress_titles_title":"Suspended LED Extrusion 70mm Height | SG5470 Internal Driver Profile I TANGOOLED","_seopress_titles_desc":"The SG5470 is a professional suspended led extrusion 70mm height designed for architectural lighting. Its deep housing ensures dot-free illumination and provides ample space for internal drivers. Ideal for office linear lighting.","_seopress_robots_index":""},"pcb-width":[231],"product-cat":[192,194],"class_list":{"0":"post-35151","1":"product","2":"type-product","3":"status-publish","4":"has-post-thumbnail","6":"pcb-width-25-35mm","7":"product-cat-surface-led-profile","8":"product-cat-suspended-profile"},"acf":[],"_links":{"self":[{"href":"https:\/\/tangooled.com\/fr\/wp-json\/wp\/v2\/product\/35151","targetHints":{"allow":["GET"]}}],"collection":[{"href":"https:\/\/tangooled.com\/fr\/wp-json\/wp\/v2\/product"}],"about":[{"href":"https:\/\/tangooled.com\/fr\/wp-json\/wp\/v2\/types\/product"}],"wp:featuredmedia":[{"embeddable":true,"href":"https:\/\/tangooled.com\/fr\/wp-json\/wp\/v2\/media\/35138"}],"wp:attachment":[{"href":"https:\/\/tangooled.com\/fr\/wp-json\/wp\/v2\/media?parent=35151"}],"wp:term":[{"taxonomy":"pcb-width","embeddable":true,"href":"https:\/\/tangooled.com\/fr\/wp-json\/wp\/v2\/pcb-width?post=35151"},{"taxonomy":"product-cat","embeddable":true,"href":"https:\/\/tangooled.com\/fr\/wp-json\/wp\/v2\/product-cat?post=35151"}],"curies":[{"name":"wp","href":"https:\/\/api.w.org\/{rel}","templated":true}]}}