{"id":35123,"date":"2025-07-02T17:09:17","date_gmt":"2025-07-03T01:09:17","guid":{"rendered":"https:\/\/tangooled.com\/?post_type=product&#038;p=35123"},"modified":"2026-01-26T01:19:17","modified_gmt":"2026-01-26T09:19:17","slug":"black-led-strip-light-channel-35x66mm-for-ceiling-hanging","status":"publish","type":"product","link":"https:\/\/tangooled.com\/fr\/product\/black-led-strip-light-channel-35x66mm-for-ceiling-hanging\/","title":{"rendered":"Profil LED noir 35x66mm pour suspension au plafond (s\u00e9rie profonde)"},"content":{"rendered":"<div class=\"wp-block-group is-vertical is-layout-flex wp-container-core-group-is-layout-d255d7c4 wp-block-group-is-layout-flex\" style=\"padding-top:var(--wp--preset--spacing--80);padding-bottom:var(--wp--preset--spacing--80)\">\n<p>Notre profil LED noir 35X66mm est un profil en aluminium \u00e0 fosse profonde. Ce luminaire suspendu vous offre un \u00e9clairage lin\u00e9aire de niveau professionnel avec un meilleur design et une meilleure fonctionnalit\u00e9.<\/p>\n\n\n\n<p>The profile&#8217;s sophisticated design includes a movable middle&nbsp;tray dedicated to LED strip installation. This tray splits the profile into two parts: the top part contains the LED strip, while the bottom part is made to hold and hide the LED drivers and wiring. This eliminates the need for large external driver boxes, resulting in a clean, seamless appearance. The movable center tray is very important since it makes it easy to get to the LED strips and power supply modules for both installation and future maintenance.<\/p>\n\n\n\n<p>Le canal est con\u00e7u pour accueillir des bandes LED allant jusqu'\u00e0 20 mm de large. Ce profil&nbsp;dispose de capuchons en m\u00e9tal et est con\u00e7u pour un montage suspendu avec un kit en fil d'acier, ce qui lui conf\u00e8re un aspect haut de gamme et durable. Cela en fait un excellent choix pour les lieux publics, les bureaux haut de gamme et les magasins.<\/p>\n<\/div>\n\n\n\n<div class=\"wp-block-group has-background is-vertical is-layout-flex wp-container-core-group-is-layout-d255d7c4 wp-block-group-is-layout-flex\" style=\"background-color:#f1f1f1;padding-top:var(--wp--preset--spacing--80);padding-bottom:var(--wp--preset--spacing--80)\">\n<div class=\"wp-block-group is-vertical is-layout-flex wp-container-core-group-is-layout-8cf370e7 wp-block-group-is-layout-flex\">\n<h2 class=\"wp-block-heading\" style=\"padding-top:var(--wp--preset--spacing--40);padding-bottom:var(--wp--preset--spacing--40);font-size:25px;font-style:normal;font-weight:600;text-transform:capitalize\">Pourquoi choisir notre canal pour bandes LED noires 35x66mm ?<\/h2>\n\n\n\n<ul class=\"wp-block-list\">\n<li>Ce canal pour bandes LED noires est fabriqu\u00e9 en aluminium anodis\u00e9 6063-T5 et fonctionne comme un puissant dissipateur thermique pour garder vos bandes LED au frais, ce qui les fait durer plus longtemps.<\/li>\n\n\n\n<li>Espace interne pour driver : Gr\u00e2ce \u00e0 son architecture \u00e0 fosse profonde, ce profil offre un espace suffisant pour loger des drivers LED int\u00e9gr\u00e9s.<\/li>\n\n\n\n<li>Con\u00e7u pour \u00eatre un canal d'\u00e9clairage suspendu, il est livr\u00e9 avec des kits de suspension au plafond, tels que des syst\u00e8mes de suspension par fil et&nbsp;des c\u00e2bles pour l'\u00e9clairage.<\/li>\n\n\n\n<li>Comprend un lens diffuseur en polycarbonate (PC) d\u00e9poli qui r\u00e9partit la lumi\u00e8re plus uniform\u00e9ment et \u00e9limine les points chauds pour un \u00e9clairage homog\u00e8ne.<\/li>\n\n\n\n<li>La dimension int\u00e9rieure pour la bande LED est de 21,5 mm de large, vous pouvez donc ajouter des bandes LED haute densit\u00e9, comme des bandes LED COB ou \u00e0 double rang\u00e9e, pour obtenir le maximum de lumi\u00e8re possible.<\/li>\n<\/ul>\n<\/div>\n<\/div>\n\n\n\n<div class=\"wp-block-group\" style=\"padding-top:var(--wp--preset--spacing--60);padding-bottom:var(--wp--preset--spacing--60)\"><div class=\"wp-block-group__inner-container is-layout-constrained wp-block-group-is-layout-constrained\">\n<div class=\"wp-block-media-text has-media-on-the-right is-stacked-on-mobile\"><div class=\"wp-block-media-text__content\">\n<h2 class=\"wp-block-heading\" style=\"font-size:25px;font-style:normal;font-weight:600;text-transform:capitalize\">comment installer<\/h2>\n\n\n\n<ul class=\"wp-block-list\">\n<li>Utilisez une scie \u00e0 m\u00e9taux pour couper le canal \u00e0 la longueur que vous souhaitez.<\/li>\n\n\n\n<li>Mettez des bandes LED de haute qualit\u00e9 \u00e0 l'int\u00e9rieur du canal.<\/li>\n\n\n\n<li>Suspendez le canal avec des kits de suspension au plafond compatibles (vendus s\u00e9par\u00e9ment).<\/li>\n\n\n\n<li>Pour prot\u00e9ger les LED et assurer une lumi\u00e8re uniforme, clipsez l'objectif diffuseur d\u00e9poli.<\/li>\n\n\n\n<li>Mettez des capuchons aux extr\u00e9mit\u00e9s pour un aspect soign\u00e9.<\/li>\n\n\n\n<li>Utilisez une alimentation 24V DC avec des drivers dimmables optionnels ou des modules d'int\u00e9gration pour la maison intelligente comme Lutron ou Philips Hue pour vous connecter \u00e0 l'\u00e9lectricit\u00e9.<\/li>\n<\/ul>\n<\/div><figure class=\"wp-block-media-text__media\"><img loading=\"lazy\" decoding=\"async\" width=\"500\" height=\"500\" src=\"https:\/\/tangooled.com\/wp-content\/uploads\/2025\/07\/sg3566-ins.webp\" alt=\"canal de lumi\u00e8re LED noire 35x66mm pour suspension au plafond\" class=\"wp-image-41089 size-full\" srcset=\"https:\/\/tangooled.com\/wp-content\/uploads\/2025\/07\/sg3566-ins.webp 500w, https:\/\/tangooled.com\/wp-content\/uploads\/2025\/07\/sg3566-ins-300x300.webp 300w, https:\/\/tangooled.com\/wp-content\/uploads\/2025\/07\/sg3566-ins-150x150.webp 150w\" sizes=\"auto, (max-width: 500px) 100vw, 500px\" \/><\/figure><\/div>\n<\/div><\/div>\n\n\n\n<div class=\"wp-block-group has-background\" style=\"background-color:#f1f1f1;padding-top:var(--wp--preset--spacing--80);padding-bottom:var(--wp--preset--spacing--80)\"><div class=\"wp-block-group__inner-container is-layout-constrained wp-block-group-is-layout-constrained\">\n<h2 class=\"wp-block-heading\" style=\"font-size:25px;font-style:normal;font-weight:600;text-transform:capitalize\">What\u2019s in the kit?<\/h2>\n\n\n\n<ul class=\"wp-block-list\">\n<li>Profil en aluminium : 1 pi\u00e8ce, longueur personnalis\u00e9e.<\/li>\n\n\n\n<li>Insert\/plateau en aluminium : 1 pi\u00e8ce, longueur personnalis\u00e9e.<\/li>\n\n\n\n<li>Diffuseur en polycarbonate (PC) : 1 pi\u00e8ce, longueur personnalis\u00e9e.<\/li>\n\n\n\n<li>Capuchons en m\u00e9tal : 2 pi\u00e8ces (1 paire).<\/li>\n\n\n\n<li>Boucle de montage mural.<\/li>\n\n\n\n<li>Kit de suspension : 1 ensemble (y compris fils, ancres et fixations).<\/li>\n<\/ul>\n<\/div><\/div>\n\n\n\n<div class=\"wp-block-group is-vertical is-layout-flex wp-container-core-group-is-layout-d255d7c4 wp-block-group-is-layout-flex\" style=\"padding-top:var(--wp--preset--spacing--80);padding-bottom:var(--wp--preset--spacing--80)\">\n<h2 class=\"wp-block-heading\" style=\"padding-top:var(--wp--preset--spacing--40);padding-bottom:var(--wp--preset--spacing--40);font-size:25px;font-style:normal;font-weight:600;text-transform:capitalize\">Sc\u00e9narios d'utilisation id\u00e9aux<\/h2>\n\n\n\n<ul class=\"wp-block-list\">\n<li>\u00c9clairage ambiant et d'ambiance : Cr\u00e9ez un \u00e9clairage ambiant moderne et doux pour les salons, les cuisines ou les endroits o\u00f9 les gens se rassemblent.<\/li>\n\n\n\n<li>\u00c9clairage d'accent architectural : Utilisez des luminaires lin\u00e9aires noirs \u00e9l\u00e9gants pour attirer l'attention sur les plafonds, les murs et les armoires.<\/li>\n\n\n\n<li>Pour les bureaux et les entreprises, utilisez-les pour des luminaires suspendus dans les bureaux, les salles de conf\u00e9rence, les vitrines et les bureaux d'accueil.<\/li>\n\n\n\n<li>Lumi\u00e8res lin\u00e9aires suspendues pour les maisons : Id\u00e9al pour les salons modernes, les cuisines et les salles \u00e0 manger avec de hauts plafonds.<\/li>\n\n\n\n<li>\u00c9clairage g\u00e9n\u00e9ral : Utilisez avec des bandes LED \u00e0 CRI \u00e9lev\u00e9 pour faire ressortir les couleurs de mani\u00e8re naturelle avec de bonnes options de temp\u00e9rature de couleur (CCT).<\/li>\n<\/ul>\n<\/div>\n\n\n\n<div class=\"wp-block-group has-background\" style=\"background-color:#f1f1f1;padding-top:var(--wp--preset--spacing--80);padding-bottom:var(--wp--preset--spacing--80)\"><div class=\"wp-block-group__inner-container is-layout-constrained wp-block-group-is-layout-constrained\">\n<h2 class=\"wp-block-heading\" style=\"font-size:25px;font-style:normal;font-weight:600\">Produits associ\u00e9s qui pourraient vous int\u00e9resser<\/h2>\n\n\n\n<ul class=\"wp-block-list\">\n<li><a href=\"https:\/\/tangooled.com\/fr\/product\/black-led-profile-with-black-diffuser-for-10mm-led-strip-light\/\"><mark style=\"background-color:rgba(0, 0, 0, 0)\" class=\"has-inline-color has-vivid-red-color\">Profil LED noir avec diffuseur noir pour bande LED de 10mm<\/mark><\/a><\/li>\n\n\n\n<li><a href=\"https:\/\/tangooled.com\/fr\/product\/black-led-diffuser-aluminum-channel-for-12mm-tape-lights\/\"><mark style=\"background-color:rgba(0, 0, 0, 0)\" class=\"has-inline-color has-vivid-red-color\">Canal en aluminium avec diffuseur LED noir pour bandes de 12mm<\/mark><\/a><\/li>\n\n\n\n<li><a href=\"https:\/\/tangooled.com\/fr\/product\/surface-mount-led-profile-with-frosted-diffuser-for-10mm-rope-lights\/\"><mark style=\"background-color:rgba(0, 0, 0, 0)\" class=\"has-inline-color has-vivid-red-color\">Profil LED \u00e0 monter en surface avec diffuseur d\u00e9poli pour lumi\u00e8res en corde de 10mm<\/mark><\/a><\/li>\n\n\n\n<li><a href=\"https:\/\/tangooled.com\/fr\/product\/black-aluminum-u-channel-profile-for-10mm-led-strips\/\"><mark style=\"background-color:rgba(0, 0, 0, 0)\" class=\"has-inline-color has-vivid-red-color\">Profil de canal en aluminium noir en U pour bandes LED de 10mm<\/mark><\/a><\/li>\n<\/ul>\n<\/div><\/div>\n\n\n\n<div class=\"wp-block-group\" style=\"padding-top:var(--wp--preset--spacing--80);padding-bottom:var(--wp--preset--spacing--80)\"><div class=\"wp-block-group__inner-container is-layout-constrained wp-block-group-is-layout-constrained\">\n<h2 class=\"wp-block-heading\" style=\"padding-top:var(--wp--preset--spacing--40);padding-bottom:var(--wp--preset--spacing--40);font-size:25px;font-style:normal;font-weight:600;text-transform:capitalize\">R\u00e9sum\u00e9<\/h2>\n\n\n\n<p>Our black led channel 35x66mm for ceiling hanging is a stylish, sturdy choice to build suspended LED linear lights. The matte black finish, durable aluminum extrusion, and frosted diffuser create dotless LED strip lighting that fits multiple scenarios\u2014from residential kitchens, commercial offices, to retail environments.<\/p>\n\n\n\n<p>Ce canal permet une installation facile, une excellente dissipation de la chaleur et une diffusion parfaite de la lumi\u00e8re. Il prend en charge de nombreux types de bandes LED et s'int\u00e8gre magnifiquement dans les conceptions d'\u00e9clairage architectural moderne avec suspension par c\u00e2ble.<\/p>\n\n\n\n<p>Elevate your lighting project with our black led strip light channel 35x66mm\u2014engineered for performance, designed for style.<\/p>\n\n\n\n<p style=\"font-size:25px\"><\/p>\n<\/div><\/div>","protected":false},"featured_media":16248,"template":"","meta":{"_acf_changed":true,"_seopress_robots_primary_cat":"none","_seopress_titles_title":"35x66mm Black LED Channel | Deep-Cavity Pendant Aluminum Profile | TANGOOLED","_seopress_titles_desc":"This 35x66mm black led channel for ceiling hanging features a deep-profile design, ensuring a dot-free glow and providing space for internal drivers. Ideal for sleek, modern office lighting.","_seopress_robots_index":""},"pcb-width":[229],"product-cat":[192,194],"class_list":{"0":"post-35123","1":"product","2":"type-product","3":"status-publish","4":"has-post-thumbnail","6":"pcb-width-15-20mm","7":"product-cat-surface-led-profile","8":"product-cat-suspended-profile"},"acf":[],"_links":{"self":[{"href":"https:\/\/tangooled.com\/fr\/wp-json\/wp\/v2\/product\/35123","targetHints":{"allow":["GET"]}}],"collection":[{"href":"https:\/\/tangooled.com\/fr\/wp-json\/wp\/v2\/product"}],"about":[{"href":"https:\/\/tangooled.com\/fr\/wp-json\/wp\/v2\/types\/product"}],"wp:featuredmedia":[{"embeddable":true,"href":"https:\/\/tangooled.com\/fr\/wp-json\/wp\/v2\/media\/16248"}],"wp:attachment":[{"href":"https:\/\/tangooled.com\/fr\/wp-json\/wp\/v2\/media?parent=35123"}],"wp:term":[{"taxonomy":"pcb-width","embeddable":true,"href":"https:\/\/tangooled.com\/fr\/wp-json\/wp\/v2\/pcb-width?post=35123"},{"taxonomy":"product-cat","embeddable":true,"href":"https:\/\/tangooled.com\/fr\/wp-json\/wp\/v2\/product-cat?post=35123"}],"curies":[{"name":"wp","href":"https:\/\/api.w.org\/{rel}","templated":true}]}}