{"id":35122,"date":"2025-07-02T17:06:40","date_gmt":"2025-07-03T01:06:40","guid":{"rendered":"https:\/\/tangooled.com\/?post_type=product&#038;p=35122"},"modified":"2026-01-26T01:02:59","modified_gmt":"2026-01-26T09:02:59","slug":"pendant-light-aluminum-led-channel-35x40mm-with-flat-light-cover","status":"publish","type":"product","link":"https:\/\/tangooled.com\/fr\/product\/pendant-light-aluminum-led-channel-35x40mm-with-flat-light-cover\/","title":{"rendered":"Canal LED suspendu en aluminium 35x40mm avec couverture lumineuse plate"},"content":{"rendered":"<div class=\"wp-block-group\" style=\"padding-top:var(--wp--preset--spacing--80);padding-bottom:var(--wp--preset--spacing--80)\"><div class=\"wp-block-group__inner-container is-layout-constrained wp-block-group-is-layout-constrained\">\n<p>Illuminez votre pi\u00e8ce avec notre profil en aluminium canal LED suspendu 35x40mm avec couverture lumineuse plate. Ce bo\u00eetier LED professionnel est con\u00e7u pour \u00eatre utilis\u00e9 dans les maisons modernes et les entreprises, parfait pour cr\u00e9er un \u00e9clairage lin\u00e9aire suspendu \u00e9l\u00e9gant. Il assure une esth\u00e9tique haut de gamme tout en offrant une excellente illumination diffuse et homog\u00e8ne. <\/p>\n\n\n\n<p>Le canal LED suspendu en aluminium a une structure \u00e0 double chambre. La chambre sup\u00e9rieure est con\u00e7ue pour fixer en toute s\u00e9curit\u00e9 les bandes LED, qui sont couvertes par le diffuseur en polycarbonate (PC) pour une illumination douce et sans points. La chambre inf\u00e9rieure s\u00e9par\u00e9e est sp\u00e9cifiquement d\u00e9di\u00e9e \u00e0 l'alimentation, optimisant l'espace et simplifiant l'installation.<\/p>\n\n\n\n<p>Ce canal suspendu est \u00e9quip\u00e9 de capuchons en m\u00e9tal, de kits de c\u00e2blage de suspension, de connecteurs pour des installations continues et de boucles int\u00e9gr\u00e9es pour un montage s\u00e9curis\u00e9. Ce profil polyvalent prend en charge \u00e0 la fois l'installation suspendue et le montage encastr\u00e9, offrant des solutions de conception flexibles pour les maisons, les bureaux et les espaces commerciaux.<\/p>\n<\/div><\/div>\n\n\n\n<div class=\"wp-block-group has-background is-vertical is-layout-flex wp-container-core-group-is-layout-d255d7c4 wp-block-group-is-layout-flex\" style=\"background-color:#f1f1f1;padding-top:var(--wp--preset--spacing--80);padding-bottom:var(--wp--preset--spacing--80)\">\n<div class=\"wp-block-group is-vertical is-layout-flex wp-container-core-group-is-layout-8cf370e7 wp-block-group-is-layout-flex\">\n<h2 class=\"wp-block-heading\" style=\"padding-top:var(--wp--preset--spacing--40);padding-bottom:var(--wp--preset--spacing--40);font-size:25px;font-style:normal;font-weight:600;text-transform:capitalize\">Pourquoi choisir notre canal LED suspendu 35x40mm ?<\/h2>\n\n\n\n<ul class=\"wp-block-list\">\n<li>Made of durable 6063-T5 anodized aluminum that won&#8217;t rust.<\/li>\n\n\n\n<li>Compatible avec les bandes LED de 16 \u00e0 20 mm de large, telles que les bandes SMD 2835, 5050 ou COB.<\/li>\n\n\n\n<li>Livr\u00e9 avec un diffuseur en polycarbonate d\u00e9poli plat qui rend la lumi\u00e8re douce et uniforme.<\/li>\n\n\n\n<li>Peut \u00eatre utilis\u00e9 comme \u00e9clairage suspendu ou mont\u00e9 en surface sur les murs et les plafonds.<\/li>\n\n\n\n<li>Comprend des capuchons de fin, des clips de montage et des kits de suspension pour faciliter l'installation.<\/li>\n\n\n\n<li>Compatible avec de nombreux types d'\u00e9clairage, comme l'\u00e9clairage architectural, l'\u00e9clairage de t\u00e2che, l'\u00e9clairage ambiant et l'\u00e9clairage lin\u00e9aire.<\/li>\n<\/ul>\n<\/div>\n<\/div>\n\n\n\n<div class=\"wp-block-group\" style=\"padding-top:var(--wp--preset--spacing--60);padding-bottom:var(--wp--preset--spacing--60)\"><div class=\"wp-block-group__inner-container is-layout-constrained wp-block-group-is-layout-constrained\">\n<div class=\"wp-block-media-text has-media-on-the-right is-stacked-on-mobile\"><div class=\"wp-block-media-text__content\">\n<h2 class=\"wp-block-heading\" style=\"font-size:25px;font-style:normal;font-weight:600;text-transform:capitalize\">comment installer<\/h2>\n\n\n\n<ul class=\"wp-block-list\">\n<li>Utilisez une scie professionnelle pour couper le canal et le diffuseur \u00e0 la longueur souhait\u00e9e.<\/li>\n\n\n\n<li>Fixez des boucles ou des fils de suspension sur votre mur ou votre plafond.<\/li>\n\n\n\n<li>Placez votre bande LED dans le canal et assurez-vous qu'elle adh\u00e8re bien.<\/li>\n\n\n\n<li>Utilisez le trou du capuchon de fin pour connecter les fils de la bande LED au driver.<\/li>\n\n\n\n<li>Placez la couverture plate pour prot\u00e9ger les LEDs et rendre la lumi\u00e8re douce.<\/li>\n\n\n\n<li>Suspendez ou installez solidement le canal, puis profitez de vos nouvelles lumi\u00e8res !<\/li>\n<\/ul>\n<\/div><figure class=\"wp-block-media-text__media\"><img loading=\"lazy\" decoding=\"async\" width=\"500\" height=\"500\" src=\"https:\/\/tangooled.com\/wp-content\/uploads\/2025\/07\/sg3540-ins.webp\" alt=\"pendant light aluminum led channel 35x40mm with flat light cover\" class=\"wp-image-41104 size-full\" srcset=\"https:\/\/tangooled.com\/wp-content\/uploads\/2025\/07\/sg3540-ins.webp 500w, https:\/\/tangooled.com\/wp-content\/uploads\/2025\/07\/sg3540-ins-300x300.webp 300w, https:\/\/tangooled.com\/wp-content\/uploads\/2025\/07\/sg3540-ins-150x150.webp 150w\" sizes=\"auto, (max-width: 500px) 100vw, 500px\" \/><\/figure><\/div>\n<\/div><\/div>\n\n\n\n<div class=\"wp-block-group has-background\" style=\"background-color:#f1f1f1;padding-top:var(--wp--preset--spacing--80);padding-bottom:var(--wp--preset--spacing--80)\"><div class=\"wp-block-group__inner-container is-layout-constrained wp-block-group-is-layout-constrained\">\n<h2 class=\"wp-block-heading\" style=\"padding-top:var(--wp--preset--spacing--40);padding-bottom:var(--wp--preset--spacing--40);font-size:25px;font-style:normal;font-weight:600;text-transform:capitalize\">What&#8217;s inside the box?<\/h2>\n\n\n\n<ul class=\"wp-block-list\">\n<li>1x canal LED suspendu 35x40mm (longueur selon demande)<\/li>\n\n\n\n<li>1x couverture en polycarbonate d\u00e9poli plate pour le diffuseur<\/li>\n\n\n\n<li>Deux capuchons m\u00e9talliques (sans trous)<\/li>\n\n\n\n<li>Un kit de fil de suspension, des boucles d'encastrement, ou un capuchon de montage mural (selon l'installation)<\/li>\n<\/ul>\n<\/div><\/div>\n\n\n\n<div class=\"wp-block-group is-vertical is-layout-flex wp-container-core-group-is-layout-d255d7c4 wp-block-group-is-layout-flex\" style=\"padding-top:var(--wp--preset--spacing--80);padding-bottom:var(--wp--preset--spacing--80)\">\n<h2 class=\"wp-block-heading\" style=\"padding-top:var(--wp--preset--spacing--40);padding-bottom:var(--wp--preset--spacing--40);font-size:25px;font-style:normal;font-weight:600;text-transform:capitalize\">O\u00f9 utiliser ce canal LED suspendu 35x40mm<\/h2>\n\n\n\n<p>This aluminum LED channel is ideal for making pendant lights that hang from the ceiling. This is what it&#8217;s best for:<\/p>\n\n\n\n<ul class=\"wp-block-list\">\n<li>\u00celots de cuisine : lumi\u00e8re uniforme pour votre espace de cuisson<\/li>\n\n\n\n<li>\u00c9clairage de bureau : lumi\u00e8re vive et stable pour les bureaux et les salles de r\u00e9union<\/li>\n\n\n\n<li>Vitrines commerciales : utilisez des lignes de lumi\u00e8re claires et brillantes pour mettre en valeur les produits<\/li>\n\n\n\n<li>Ateliers \u00e0 domicile : \u00e9clairage de t\u00e2che puissant et sans \u00e9blouissement<\/li>\n\n\n\n<li>Espaces d'accueil : \u00e9clairage \u00e9l\u00e9gant pour les pubs, h\u00f4tels et restaurants<\/li>\n<\/ul>\n<\/div>\n\n\n\n<div class=\"wp-block-group has-background\" style=\"background-color:#f1f1f1f2;padding-top:var(--wp--preset--spacing--80);padding-bottom:var(--wp--preset--spacing--80)\"><div class=\"wp-block-group__inner-container is-layout-constrained wp-block-group-is-layout-constrained\">\n<h2 class=\"wp-block-heading\" style=\"font-size:25px;font-style:normal;font-weight:600;text-transform:capitalize\">produit connexe qui pourrait vous int\u00e9resser<\/h2>\n\n\n\n<ul class=\"wp-block-list\">\n<li>En savoir plus sur <a href=\"http:\/\/black led strip light channel 35x66mm for ceiling hanging\"><mark style=\"background-color:rgba(0, 0, 0, 0)\" class=\"has-inline-color has-vivid-red-color\">canal de lumi\u00e8re LED noire 35x66mm pour suspension au plafond<\/mark><\/a><\/li>\n\n\n\n<li>Consultez <a href=\"https:\/\/tangooled.com\/fr\/product\/aluminum-base-with-opal-square-light-cover-for-suspension\/\"><mark style=\"background-color:rgba(0, 0, 0, 0)\" class=\"has-inline-color has-vivid-red-color\">base en aluminium avec couverture lumineuse carr\u00e9e opale pour suspension<\/mark><\/a><\/li>\n\n\n\n<li>D\u00e9couvrez diff\u00e9rents <a href=\"https:\/\/tangooled.com\/fr\/led-profiles\/\"><mark style=\"background-color:rgba(0, 0, 0, 0)\" class=\"has-inline-color has-vivid-red-color\">collection de profils en aluminium LED.<\/mark><\/a> sur notre page produit<\/li>\n<\/ul>\n<\/div><\/div>\n\n\n\n<div class=\"wp-block-group\" style=\"padding-top:var(--wp--preset--spacing--80);padding-bottom:var(--wp--preset--spacing--80)\"><div class=\"wp-block-group__inner-container is-layout-constrained wp-block-group-is-layout-constrained\">\n<h2 class=\"wp-block-heading\" style=\"padding-top:var(--wp--preset--spacing--40);padding-bottom:var(--wp--preset--spacing--40);font-size:25px;font-style:normal;font-weight:600;text-transform:capitalize\">r\u00e9sum\u00e9<\/h2>\n\n\n\n<p>Si vous souhaitez un bo\u00eetier en aluminium de haute qualit\u00e9 et premium pour un \u00e9clairage suspendu moderne, notre canal LED suspendu TG-SG3540 35x40mm est le meilleur choix. Il fonctionne bien avec les bandes LED, offre un \u00e9clairage sans points et sans \u00e9blouissement, et s'int\u00e8gre dans de nombreux environnements int\u00e9rieurs, tels que des maisons, des entreprises et des magasins. Utilisez ce profil en aluminium de qualit\u00e9 architecturale et la couverture diffuseur plate d\u00e9poli pour donner du caract\u00e8re \u00e0 vos luminaires.<\/p>\n\n\n\n<p><\/p>\n<\/div><\/div>","protected":false},"featured_media":33395,"template":"","meta":{"_acf_changed":true,"_seopress_robots_primary_cat":"none","_seopress_titles_title":"35x40mm Pendant LED Channel | Flat Cover Linear Aluminum Profile | TANGOOLED","_seopress_titles_desc":"This 35x40mm pendant led channel is designed with a sleek flat light cover. The aluminum linear profile offers a minimalist design and seamless light distribution for modern office and residential interiors.","_seopress_robots_index":""},"pcb-width":[229],"product-cat":[194],"class_list":{"0":"post-35122","1":"product","2":"type-product","3":"status-publish","4":"has-post-thumbnail","6":"pcb-width-15-20mm","7":"product-cat-suspended-profile"},"acf":[],"_links":{"self":[{"href":"https:\/\/tangooled.com\/fr\/wp-json\/wp\/v2\/product\/35122","targetHints":{"allow":["GET"]}}],"collection":[{"href":"https:\/\/tangooled.com\/fr\/wp-json\/wp\/v2\/product"}],"about":[{"href":"https:\/\/tangooled.com\/fr\/wp-json\/wp\/v2\/types\/product"}],"wp:featuredmedia":[{"embeddable":true,"href":"https:\/\/tangooled.com\/fr\/wp-json\/wp\/v2\/media\/33395"}],"wp:attachment":[{"href":"https:\/\/tangooled.com\/fr\/wp-json\/wp\/v2\/media?parent=35122"}],"wp:term":[{"taxonomy":"pcb-width","embeddable":true,"href":"https:\/\/tangooled.com\/fr\/wp-json\/wp\/v2\/pcb-width?post=35122"},{"taxonomy":"product-cat","embeddable":true,"href":"https:\/\/tangooled.com\/fr\/wp-json\/wp\/v2\/product-cat?post=35122"}],"curies":[{"name":"wp","href":"https:\/\/api.w.org\/{rel}","templated":true}]}}