{"id":35118,"date":"2025-07-02T17:00:18","date_gmt":"2025-07-03T01:00:18","guid":{"rendered":"https:\/\/tangooled.com\/?post_type=product&#038;p=35118"},"modified":"2026-01-29T23:46:12","modified_gmt":"2026-01-30T07:46:12","slug":"35mm-aluminum-base-opal-square-light-cover-sg3535c","status":"publish","type":"product","link":"https:\/\/tangooled.com\/fr\/product\/35mm-aluminum-base-opal-square-light-cover-sg3535c\/","title":{"rendered":"SG3535C : Profil\u00e9 LED en aluminium de 35 mm avec couvre-square opale"},"content":{"rendered":"<div class=\"wp-block-group is-vertical is-layout-flex wp-container-core-group-is-layout-d255d7c4 wp-block-group-is-layout-flex\" style=\"padding-top:var(--wp--preset--spacing--80);padding-bottom:var(--wp--preset--spacing--80)\">\n<p>Notre support en aluminium de haute qualit\u00e9 avec un couvercle de lumi\u00e8re carr\u00e9e opale illuminera votre pi\u00e8ce. Ce luminaire lin\u00e9aire \u00e9l\u00e9gant mesure 35x35mm et est parfait pour des espaces haut de gamme comme les cuisines et les bureaux. Sa structure robuste est en aluminium extrud\u00e9, ce qui aide \u00e0 dissiper la chaleur efficacement. Cela signifie que vos bandes LED dureront plus longtemps et fonctionneront de mani\u00e8re plus fiable.<\/p>\n\n\n\n<p>Le profil est dot\u00e9 d'un magnifique diffuseur opale carr\u00e9. Cette fonction rend la lumi\u00e8re moins dure, \u00e9liminant ainsi l'\u00e9blouissement et garantissant une diffusion uniforme de la lumi\u00e8re. Vous b\u00e9n\u00e9ficiez d'une \u00e9clairage professionnel sans points, ce qui rend l'environnement plus confortable pour vos yeux et assure une distribution homog\u00e8ne de la lumi\u00e8re dans votre pi\u00e8ce.<\/p>\n\n\n\n<p>En ce qui concerne l'installation, notre profil LED carr\u00e9 est incroyablement adaptable. Vous pouvez l'installer de mani\u00e8re s\u00e9curis\u00e9e sur une surface ou utiliser les kits de suspension pour le suspendre. Les capuchons en m\u00e9tal et les clips de montage sont deux accessoires importants inclus dans le kit. Utilisez ce canal de 35x35mm pour cr\u00e9er des luminaires modernes et uniques pour n'importe quelle pi\u00e8ce.<\/p>\n<\/div>\n\n\n\n<div class=\"wp-block-group has-background is-vertical is-layout-flex wp-container-core-group-is-layout-d255d7c4 wp-block-group-is-layout-flex\" style=\"background-color:#f1f1f1;padding-top:var(--wp--preset--spacing--80);padding-bottom:var(--wp--preset--spacing--80)\">\n<div class=\"wp-block-group is-vertical is-layout-flex wp-container-core-group-is-layout-8cf370e7 wp-block-group-is-layout-flex\">\n<h2 class=\"wp-block-heading\" style=\"padding-top:var(--wp--preset--spacing--40);padding-bottom:var(--wp--preset--spacing--40);font-size:25px;font-style:normal;font-weight:600;text-transform:capitalize\">Pourquoi choisir notre base en aluminium de 35 mm avec couvercle de lumi\u00e8re carr\u00e9e opale ?<\/h2>\n\n\n\n<ul class=\"wp-block-list\">\n<li>Base en aluminium solide et l\u00e9g\u00e8re : La base est en aluminium de qualit\u00e9 architecturale, ce qui aide \u00e0 garder les lumi\u00e8res LED fra\u00eeches longtemps.<\/li>\n\n\n\n<li>Diffuseur opale carr\u00e9 : Fabriqu\u00e9 en polycarbonate (PC) \u00e0 haute transmission, il offre un \u00e9clairage doux et uniforme, sans \u00e9blouissement ni zones dures.<\/li>\n\n\n\n<li>Suspension ajustable : Livr\u00e9 avec un kit de suspension \u00e0 c\u00e2ble d'avion qui facilite le r\u00e9glage de la hauteur et donne un aspect moderne et \u00e9pur\u00e9.<\/li>\n\n\n\n<li>Facile \u00e0 installer : Livr\u00e9 avec des clips de montage et un kit de suspension au plafond assorti, il convient aux plafonds plats et inclin\u00e9s.<\/li>\n\n\n\n<li>Fonctionne dans de nombreux endroits : Id\u00e9al pour les cuisines, salles \u00e0 manger, salles de conf\u00e9rence, espaces de vente au d\u00e9tail et bureaux open space.<\/li>\n<\/ul>\n<\/div>\n<\/div>\n\n\n\n<div class=\"wp-block-group\" style=\"padding-top:var(--wp--preset--spacing--60);padding-bottom:var(--wp--preset--spacing--60)\"><div class=\"wp-block-group__inner-container is-layout-constrained wp-block-group-is-layout-constrained\">\n<h2 class=\"wp-block-heading\" style=\"font-size:25px;font-style:normal;font-weight:600;text-transform:capitalize\">Meilleures utilisations pour cette base en aluminium avec couvercle de lumi\u00e8re carr\u00e9e opale<\/h2>\n\n\n\n<div class=\"wp-block-media-text has-media-on-the-right is-stacked-on-mobile\"><div class=\"wp-block-media-text__content\">\n<ul class=\"wp-block-list\">\n<li>\u00c9clairage pour l'\u00eelot de cuisine : lumi\u00e8re claire et uniforme sans \u00e9blouissement.<\/li>\n\n\n\n<li>Lumi\u00e8re suspendue pour la salle \u00e0 manger : rend la pi\u00e8ce chaleureuse et tendance.<\/li>\n\n\n\n<li>Postes de travail de bureau : Lumi\u00e8re naturelle claire qui aide \u00e0 se concentrer et r\u00e9duit la fatigue oculaire.<\/li>\n\n\n\n<li>Salles de conf\u00e9rence : Un style \u00e9l\u00e9gant et moderne avec un contr\u00f4le total sur les lumi\u00e8res.<\/li>\n\n\n\n<li>Espaces de vente au d\u00e9tail : Mettez en valeur des produits dans une lumi\u00e8re claire et vive.<\/li>\n\n\n\n<li>Espaces d'accueil et halls : Les visiteurs sont accueillis par un \u00e9clairage \u00e9pur\u00e9 et impressionnant.<\/li>\n<\/ul>\n<\/div><figure class=\"wp-block-media-text__media\"><img loading=\"lazy\" decoding=\"async\" width=\"500\" height=\"500\" src=\"https:\/\/tangooled.com\/wp-content\/uploads\/2025\/07\/sg3535c-ins.webp\" alt=\"base en aluminium avec couverture lumineuse carr\u00e9e opale pour suspension\" class=\"wp-image-41107 size-full\" srcset=\"https:\/\/tangooled.com\/wp-content\/uploads\/2025\/07\/sg3535c-ins.webp 500w, https:\/\/tangooled.com\/wp-content\/uploads\/2025\/07\/sg3535c-ins-300x300.webp 300w, https:\/\/tangooled.com\/wp-content\/uploads\/2025\/07\/sg3535c-ins-150x150.webp 150w\" sizes=\"auto, (max-width: 500px) 100vw, 500px\" \/><\/figure><\/div>\n<\/div><\/div>\n\n\n\n<div class=\"wp-block-group has-background\" style=\"background-color:#f1f1f1;padding-top:var(--wp--preset--spacing--80);padding-bottom:var(--wp--preset--spacing--80)\"><div class=\"wp-block-group__inner-container is-layout-constrained wp-block-group-is-layout-constrained\">\n<h2 class=\"wp-block-heading\" style=\"font-size:25px;font-style:normal;font-weight:600;text-transform:capitalize\">Ce que vous obtenez lorsque vous achetez<\/h2>\n\n\n\n<ul class=\"wp-block-list\">\n<li>Canal en aluminium suspendu<\/li>\n\n\n\n<li>Couvercle de lumi\u00e8re carr\u00e9e opale<\/li>\n\n\n\n<li>Deux capuchons m\u00e9talliques<\/li>\n\n\n\n<li>Suspension \u00e0 c\u00e2ble d'avion ajustable avec mat\u00e9riel de montage<\/li>\n<\/ul>\n<\/div><\/div>\n\n\n\n<div class=\"wp-block-group\" style=\"padding-top:var(--wp--preset--spacing--80);padding-bottom:var(--wp--preset--spacing--80)\"><div class=\"wp-block-group__inner-container is-layout-constrained wp-block-group-is-layout-constrained\">\n<h2 class=\"wp-block-heading\" style=\"padding-top:0;padding-bottom:0;font-size:25px;font-style:normal;font-weight:600;text-transform:capitalize\">Produits associ\u00e9s qui pourraient vous int\u00e9resser<\/h2>\n\n\n\n<ul class=\"wp-block-list\">\n<li><a href=\"https:\/\/tangooled.com\/fr\/product\/black-led-diffuser-aluminum-channel-for-12mm-tape-lights\/\"><mark style=\"background-color:rgba(0, 0, 0, 0)\" class=\"has-inline-color has-vivid-red-color\">Profil en aluminium avec diffuseur LED noir pour bandes de 12 mm<\/mark><\/a><\/li>\n\n\n\n<li><mark style=\"background-color:rgba(0, 0, 0, 0)\" class=\"has-inline-color has-vivid-red-color\"><a href=\"https:\/\/tangooled.com\/fr\/product\/25x14m-surface-mounted-led-light-aluminum-profile\/\">Profil\u00e9 en aluminium pour lumi\u00e8re LED mont\u00e9 en surface 25x14mm<\/a><\/mark><\/li>\n\n\n\n<li><a href=\"https:\/\/tangooled.com\/fr\/product\/square-led-diffuser-channel-with-hidden-mounting-clips-for-surface-mounting\/\"><mark style=\"background-color:rgba(0, 0, 0, 0)\" class=\"has-inline-color has-vivid-red-color\">Canal diffuseur LED carr\u00e9 avec clips de montage cach\u00e9s pour montage en surface<\/mark><\/a><\/li>\n\n\n\n<li><a href=\"https:\/\/tangooled.com\/fr\/product\/aluminum-u-channel-with-curved-led-diffuser-inner-16mm\/\"><mark style=\"background-color:rgba(0, 0, 0, 0)\" class=\"has-inline-color has-vivid-red-color\">Profil\u00e9 U en aluminium avec diffuseur LED incurv\u00e9 int\u00e9rieur de 16 mm<\/mark><\/a><\/li>\n<\/ul>\n<\/div><\/div>\n\n\n\n<div class=\"wp-block-group has-background\" style=\"background-color:#f1f1f1;padding-top:var(--wp--preset--spacing--80);padding-bottom:var(--wp--preset--spacing--80)\"><div class=\"wp-block-group__inner-container is-layout-constrained wp-block-group-is-layout-constrained\">\n<h2 class=\"wp-block-heading\" style=\"padding-top:var(--wp--preset--spacing--40);padding-bottom:var(--wp--preset--spacing--40);font-size:25px;font-style:normal;font-weight:600;text-transform:capitalize\">R\u00e9sum\u00e9<\/h2>\n\n\n\n<p style=\"padding-right:var(--wp--preset--spacing--50);padding-left:var(--wp--preset--spacing--50);font-size:20px\">Our aluminum base with opal square light cover is a modern suspension fixture that has clean lines and no glare. The adjustable suspension and sturdy aluminum channel make it a great choice for homes and businesses alike. It&#8217;s great for offices, kitchens, and more. Check out our other <a href=\"https:\/\/tangooled.com\/fr\/led-profiles\/\"><mark style=\"background-color:rgba(0, 0, 0, 0)\" class=\"has-inline-color has-vivid-red-color\">profils LED en aluminium<\/mark><\/a> pour d'autres options d'\u00e9clairage intelligentes.<\/p>\n<\/div><\/div>","protected":false},"featured_media":14711,"template":"","meta":{"_acf_changed":true,"_seopress_robots_primary_cat":"none","_seopress_titles_title":"35mm Aluminum Base with Opal Square Light Cover | SG3535C Profile","_seopress_titles_desc":"The SG3535C features a 35mm aluminum base with a premium opal square light cover. This suspended profile creates a unique 3-sided 3D lighting effect, ensuring soft, spotless illumination for modern interiors.","_seopress_robots_index":""},"pcb-width":[230],"product-cat":[192,194],"class_list":{"0":"post-35118","1":"product","2":"type-product","3":"status-publish","4":"has-post-thumbnail","6":"pcb-width-20-25mm","7":"product-cat-surface-led-profile","8":"product-cat-suspended-profile"},"acf":[],"_links":{"self":[{"href":"https:\/\/tangooled.com\/fr\/wp-json\/wp\/v2\/product\/35118","targetHints":{"allow":["GET"]}}],"collection":[{"href":"https:\/\/tangooled.com\/fr\/wp-json\/wp\/v2\/product"}],"about":[{"href":"https:\/\/tangooled.com\/fr\/wp-json\/wp\/v2\/types\/product"}],"wp:featuredmedia":[{"embeddable":true,"href":"https:\/\/tangooled.com\/fr\/wp-json\/wp\/v2\/media\/14711"}],"wp:attachment":[{"href":"https:\/\/tangooled.com\/fr\/wp-json\/wp\/v2\/media?parent=35118"}],"wp:term":[{"taxonomy":"pcb-width","embeddable":true,"href":"https:\/\/tangooled.com\/fr\/wp-json\/wp\/v2\/pcb-width?post=35118"},{"taxonomy":"product-cat","embeddable":true,"href":"https:\/\/tangooled.com\/fr\/wp-json\/wp\/v2\/product-cat?post=35118"}],"curies":[{"name":"wp","href":"https:\/\/api.w.org\/{rel}","templated":true}]}}