{"id":35074,"date":"2025-07-02T01:55:05","date_gmt":"2025-07-02T09:55:05","guid":{"rendered":"https:\/\/tangooled.com\/?post_type=product&#038;p=35074"},"modified":"2026-01-29T23:43:08","modified_gmt":"2026-01-30T07:43:08","slug":"75x75mm-pendant-aluminum-led-channel-with-space-for-led-driver","status":"publish","type":"product","link":"https:\/\/tangooled.com\/fr\/product\/75x75mm-pendant-aluminum-led-channel-with-space-for-led-driver\/","title":{"rendered":"Canal LED en aluminium suspendu de 75x75 mm avec espace pour driver LED"},"content":{"rendered":"<div class=\"wp-block-group is-vertical is-layout-flex wp-container-core-group-is-layout-d255d7c4 wp-block-group-is-layout-flex\" style=\"padding-top:var(--wp--preset--spacing--80);padding-bottom:var(--wp--preset--spacing--80)\">\n<p>Le canal LED suspendu de 75x75 mm avec espace pour driver pr\u00e9sente un style fort et \u00e9l\u00e9gant qui rendra vos pi\u00e8ces plus lumineuses. Ce profil LED en aluminium de grande taille de 75X75MM est con\u00e7u pour les architectes, les \u00e9lectriciens et les designers qui souhaitent un style dramatique, une installation rapide et un \u00e9clairage fluide sans bo\u00eetiers de driver visibles. La structure solide a une grande cavit\u00e9 int\u00e9rieure sp\u00e9cifiquement con\u00e7ue pour cacher en toute s\u00e9curit\u00e9 les drivers LED et une alimentation, \u00e9liminant ainsi le besoin de pi\u00e8ces externes.<\/p>\n\n\n\n<p>Ce canal lin\u00e9aire flexible est id\u00e9al pour les installations d'\u00e9clairage dans de grands bureaux et entreprises. Les bandes LED sont plac\u00e9es sur un plateau int\u00e9rieur amovible et ajustable, facilitant leur positionnement et leur nettoyage. L'installation est assez flexible, car le canal LED peut \u00eatre mont\u00e9 soit au plafond, soit au mur. Cela permet aux designers de cr\u00e9er de magnifiques luminaires lin\u00e9aires qui fournissent une lumi\u00e8re vive tout en ayant un aspect propre et professionnel.<\/p>\n<\/div>\n\n\n\n<div class=\"wp-block-group has-background is-vertical is-layout-flex wp-container-core-group-is-layout-d255d7c4 wp-block-group-is-layout-flex\" style=\"background-color:#f1f1f1;padding-top:var(--wp--preset--spacing--80);padding-bottom:var(--wp--preset--spacing--80)\">\n<div class=\"wp-block-group is-vertical is-layout-flex wp-container-core-group-is-layout-8cf370e7 wp-block-group-is-layout-flex\">\n<h2 class=\"wp-block-heading\" style=\"padding-top:var(--wp--preset--spacing--40);padding-bottom:var(--wp--preset--spacing--40);font-size:25px;font-style:normal;font-weight:600;text-transform:capitalize\">Pourquoi choisir notre canal LED suspendu de 75x75 mm avec espace pour driver ?<\/h2>\n\n\n\n<ul class=\"wp-block-list\">\n<li>Conception tout-en-un : L'espace int\u00e9rieur est suffisamment grand pour que le driver LED s'adapte. Plus besoin de bo\u00eetiers sur les murs ou plafonds.<\/li>\n\n\n\n<li>Solide et l\u00e9ger : Il est fabriqu\u00e9 en aluminium anodis\u00e9 6063-T5, un mat\u00e9riau de haute qualit\u00e9. Un bon dissipateur thermique aidera les LED \u00e0 durer plus longtemps.<\/li>\n\n\n\n<li>Grandes dimensions pour une lumi\u00e8re importante : La taille de 75 mm x 75 mm vous permet d'utiliser de larges bandes LED ou m\u00eame plusieurs bandes pour g\u00e9n\u00e9rer une lumi\u00e8re brillante et uniforme.<\/li>\n\n\n\n<li>Easy to hang: It&#8217;s a pendant style that hangs from cables, which looks wonderful and makes it easy to change the height.<\/li>\n\n\n\n<li>Lumi\u00e8re douce : Le diffuseur en polycarbonate opale qui l'accompagne rend la lumi\u00e8re douce et sans points.<\/li>\n\n\n\n<li>Couleurs et longueurs personnalis\u00e9es : Vous pouvez obtenir exactement ce dont vous avez besoin en choisissant parmi des finitions en poudre ou des d\u00e9coupes personnalis\u00e9es.<\/li>\n<\/ul>\n<\/div>\n<\/div>\n\n\n\n<div class=\"wp-block-group\" style=\"padding-top:var(--wp--preset--spacing--60);padding-bottom:var(--wp--preset--spacing--60)\"><div class=\"wp-block-group__inner-container is-layout-constrained wp-block-group-is-layout-constrained\">\n<div class=\"wp-block-media-text has-media-on-the-right is-stacked-on-mobile\"><div class=\"wp-block-media-text__content\">\n<h2 class=\"wp-block-heading\" style=\"font-size:25px;font-style:normal;font-weight:600;text-transform:capitalize\">Conseils d'installation<\/h2>\n\n\n\n<ul class=\"wp-block-list\">\n<li>Suspendu par des fils qui peuvent \u00eatre ajust\u00e9s afin que la hauteur puisse \u00eatre modifi\u00e9e.<\/li>\n\n\n\n<li>Choisissez les bons drivers LED qui s'adaptent \u00e0 l'espace pr\u00e9vu pour le driver interne. Cela facilitera le c\u00e2blage.<\/li>\n\n\n\n<li>If you&#8217;re building a long run of lights, add mounting clips or joiners.<\/li>\n\n\n\n<li>Fermez les extr\u00e9mit\u00e9s du profil avec des capuchons d'extr\u00e9mit\u00e9 en m\u00e9tal pour donner un aspect fini.<\/li>\n<\/ul>\n<\/div><figure class=\"wp-block-media-text__media\"><img loading=\"lazy\" decoding=\"async\" width=\"500\" height=\"500\" src=\"https:\/\/tangooled.com\/wp-content\/uploads\/2025\/07\/s7575-ins.webp\" alt=\"75x75mm pendant aluminum led channel with space for led driver\" class=\"wp-image-41110 size-full\" srcset=\"https:\/\/tangooled.com\/wp-content\/uploads\/2025\/07\/s7575-ins.webp 500w, https:\/\/tangooled.com\/wp-content\/uploads\/2025\/07\/s7575-ins-300x300.webp 300w, https:\/\/tangooled.com\/wp-content\/uploads\/2025\/07\/s7575-ins-150x150.webp 150w\" sizes=\"auto, (max-width: 500px) 100vw, 500px\" \/><\/figure><\/div>\n<\/div><\/div>\n\n\n\n<div class=\"wp-block-group has-background\" style=\"background-color:#f1f1f1;padding-top:var(--wp--preset--spacing--80);padding-bottom:var(--wp--preset--spacing--80)\"><div class=\"wp-block-group__inner-container is-layout-constrained wp-block-group-is-layout-constrained\">\n<h2 class=\"wp-block-heading\" style=\"padding-top:var(--wp--preset--spacing--40);padding-bottom:var(--wp--preset--spacing--40);font-size:25px;font-style:normal;font-weight:600;text-transform:capitalize\">Applications pour le canal LED suspendu de 75 mm avec espace pour driver<\/h2>\n\n\n\n<p>Ce canal LED suspendu en aluminium de 75 mm convient \u00e0 un large \u00e9ventail d'applications.<\/p>\n\n\n\n<ul class=\"wp-block-list\">\n<li>Bureaux : Utilisez des luminaires lin\u00e9aires \u00e9l\u00e9gants pour \u00e9clairer les salles de conf\u00e9rence et les bureaux.<\/li>\n\n\n\n<li>Maisons : Parfait pour les \u00eelots de cuisine ou les salles \u00e0 manger avec des lumi\u00e8res suspendues attrayantes.<\/li>\n\n\n\n<li>Commodit\u00e9s et Showrooms : Mettez en valeur vos produits dans une lumi\u00e8re brillante et uniforme sans cordons visibles.<\/li>\n\n\n\n<li>H\u00f4tels ou Restaurants : Faites que les lumi\u00e8res du hall ou du bar aient un aspect agr\u00e9able et professionnel.<\/li>\n\n\n\n<li>\u00c9clairage de t\u00e2che et d\u2019ambiance : Vous pouvez avoir soit une lumi\u00e8re de t\u00e2che brillante, soit une douce lumi\u00e8re d'ambiance avec un seul luminaire.<\/li>\n<\/ul>\n<\/div><\/div>\n\n\n\n<div class=\"wp-block-group\" style=\"padding-top:var(--wp--preset--spacing--80);padding-bottom:var(--wp--preset--spacing--80)\"><div class=\"wp-block-group__inner-container is-layout-constrained wp-block-group-is-layout-constrained\">\n<h2 class=\"wp-block-heading\" style=\"padding-top:var(--wp--preset--spacing--40);padding-bottom:var(--wp--preset--spacing--40);font-size:25px;font-style:normal;font-weight:600;text-transform:capitalize\">Ce que vous pouvez obtenir dans un kit<\/h2>\n\n\n\n<ul class=\"wp-block-list\">\n<li>Canal en aluminium extrud\u00e9 (argent\u00e9, blanc ou noir)<\/li>\n\n\n\n<li>Diffuseur LED en polycarbonate opale<\/li>\n\n\n\n<li>Capuchons d'extr\u00e9mit\u00e9 en m\u00e9tal<\/li>\n\n\n\n<li>Kit de fil de suspension (pour utilisation suspendue)<\/li>\n\n\n\n<li>Boucle encastr\u00e9e (pour utilisation encastr\u00e9e)<\/li>\n\n\n\n<li>Clips de montage (pour montage en surface)<\/li>\n\n\n\n<li>Connecteurs pour former des formes ou des s\u00e9ries longues <\/li>\n<\/ul>\n<\/div><\/div>\n\n\n\n<div class=\"wp-block-group\" style=\"padding-top:var(--wp--preset--spacing--80);padding-bottom:var(--wp--preset--spacing--80)\"><div class=\"wp-block-group__inner-container is-layout-constrained wp-block-group-is-layout-constrained\">\n<h2 class=\"wp-block-heading\" style=\"padding-top:var(--wp--preset--spacing--40);padding-bottom:var(--wp--preset--spacing--40);font-size:25px;font-style:normal;font-weight:600;text-transform:capitalize\">R\u00e9sum\u00e9<\/h2>\n\n\n\n<p>Le canal LED suspendu de 75 mm avec espace pour driver est un choix intelligent, durable et \u00e9l\u00e9gant pour quiconque souhaite r\u00e9aliser un \u00e9clairage suspendu exquis et puissant. Le grand canal en aluminium cache votre driver LED \u00e0 l'int\u00e9rieur de la conception tout-en-un. Le robustes dissipateur thermique et diffuseur d\u00e9poli\/opale prolongent la dur\u00e9e de vie de la lumi\u00e8re tout en la rendant douce. Il s'adapte aux bandes LED larges et se suspend facilement. Id\u00e9al pour les maisons, bureaux, magasins ou lieux d'hospitalit\u00e9.<\/p>\n\n\n\n<p>D\u00e9couvrez notre gamme compl\u00e8te de profils en aluminium LED et diffuseurs pour compl\u00e9ter votre syst\u00e8me d'\u00e9clairage :<\/p>\n\n\n\n<ul class=\"wp-block-list\">\n<li><a href=\"https:\/\/tangooled.com\/fr\/product\/black-aluminum-u-channel-profile-for-10mm-led-strips\/\"><mark style=\"background-color:rgba(0, 0, 0, 0)\" class=\"has-inline-color has-vivid-red-color\">Profil en aluminium en U noir pour bandes LED de 10mm<\/mark><\/a><\/li>\n\n\n\n<li><a href=\"https:\/\/tangooled.com\/fr\/product\/led-strip-light-channel-aluminum-profile-with-diffused-cover-6mm-height\/\"><mark style=\"background-color:rgba(0, 0, 0, 0)\" class=\"has-inline-color has-vivid-red-color\">Profil en aluminium pour bande LED avec couvercle diffusant de 6 mm de hauteur<\/mark><\/a><\/li>\n\n\n\n<li><a href=\"https:\/\/tangooled.com\/fr\/product\/25mm-u-shape-led-mounting-channel-for-15mm-double-row-led-strip-lights\/\"><mark style=\"background-color:rgba(0, 0, 0, 0)\" class=\"has-inline-color has-vivid-red-color\">Canal de montage LED en forme de U de 25mm pour bandes LED \u00e0 double rang\u00e9e de 15mm<\/mark><\/a><\/li>\n<\/ul>\n<\/div><\/div>","protected":false},"featured_media":33392,"template":"","meta":{"_acf_changed":true,"_seopress_robots_primary_cat":"none","_seopress_titles_title":"75x75mm Pendant LED Channel | Large Profile with Driver Space | TANGOOLED","_seopress_titles_desc":"This 75x75mm pendant led channel featuring a built-in space for LED drivers. This large square aluminum profile provides high-output, dot-free lighting for commercial offices and retail spaces.","_seopress_robots_index":""},"pcb-width":[232],"product-cat":[192,194],"class_list":{"0":"post-35074","1":"product","2":"type-product","3":"status-publish","4":"has-post-thumbnail","6":"pcb-width-35-45mm","7":"product-cat-surface-led-profile","8":"product-cat-suspended-profile"},"acf":[],"_links":{"self":[{"href":"https:\/\/tangooled.com\/fr\/wp-json\/wp\/v2\/product\/35074","targetHints":{"allow":["GET"]}}],"collection":[{"href":"https:\/\/tangooled.com\/fr\/wp-json\/wp\/v2\/product"}],"about":[{"href":"https:\/\/tangooled.com\/fr\/wp-json\/wp\/v2\/types\/product"}],"wp:featuredmedia":[{"embeddable":true,"href":"https:\/\/tangooled.com\/fr\/wp-json\/wp\/v2\/media\/33392"}],"wp:attachment":[{"href":"https:\/\/tangooled.com\/fr\/wp-json\/wp\/v2\/media?parent=35074"}],"wp:term":[{"taxonomy":"pcb-width","embeddable":true,"href":"https:\/\/tangooled.com\/fr\/wp-json\/wp\/v2\/pcb-width?post=35074"},{"taxonomy":"product-cat","embeddable":true,"href":"https:\/\/tangooled.com\/fr\/wp-json\/wp\/v2\/product-cat?post=35074"}],"curies":[{"name":"wp","href":"https:\/\/api.w.org\/{rel}","templated":true}]}}