{"id":35071,"date":"2025-07-02T01:51:20","date_gmt":"2025-07-02T09:51:20","guid":{"rendered":"https:\/\/tangooled.com\/?post_type=product&#038;p=35071"},"modified":"2026-01-26T00:43:01","modified_gmt":"2026-01-26T08:43:01","slug":"75x35mm-ceiling-hanging-light-led-channel-aluminum-extrusion","status":"publish","type":"product","link":"https:\/\/tangooled.com\/fr\/product\/75x35mm-ceiling-hanging-light-led-channel-aluminum-extrusion\/","title":{"rendered":"Canal en aluminium LED extrud\u00e9 pour suspension au plafond 75x35mm"},"content":{"rendered":"<div class=\"wp-block-group is-vertical is-layout-flex wp-container-core-group-is-layout-d255d7c4 wp-block-group-is-layout-flex\" style=\"padding-top:var(--wp--preset--spacing--80);padding-bottom:var(--wp--preset--spacing--80)\">\n<p>Notre canal en aluminium LED extrud\u00e9 pour suspension au plafond 75x35mm est parfait pour les architectes, les concepteurs d'\u00e9clairage et les entrepreneurs qui souhaitent un \u00e9clairage lin\u00e9aire \u00e9l\u00e9gant et de haute qualit\u00e9. L'alliage d'aluminium 6063-T5 de haute qualit\u00e9 utilis\u00e9 pour la fabrication de ce profil le rend incroyablement solide et aide vos bandes LED \u00e0 durer plus longtemps en les maintenant au frais.<\/p>\n\n\n\n<p>Cette extrusion lumineuse durable est parfaite pour les grandes bandes LED. Elle dispose d'un diffuseur en polycarbonate (PC) qui rend la sortie lumineuse douce et sans points. Cela la rend parfaite pour les applications \u00e0 haute luminosit\u00e9 dans de grands espaces. Elle peut \u00eatre install\u00e9e de plusieurs mani\u00e8res, y compris suspendue au plafond (suspension) et mont\u00e9e sur une surface.<\/p>\n\n\n\n<p>The complete 75&#215;35 mm system includes all necessary components for a seamless setup. It has rigid metal end caps for a clean finish, suspension wires for adjustable hanging, and mounting clips for solid surface attachment. This profile is great for making the lighting look better in businesses, stores, hotels, and modern houses.<\/p>\n<\/div>\n\n\n\n<div class=\"wp-block-group has-background is-vertical is-layout-flex wp-container-core-group-is-layout-d255d7c4 wp-block-group-is-layout-flex\" style=\"background-color:#f1f1f1;padding-top:var(--wp--preset--spacing--80);padding-bottom:var(--wp--preset--spacing--80)\">\n<div class=\"wp-block-group is-vertical is-layout-flex wp-container-core-group-is-layout-8cf370e7 wp-block-group-is-layout-flex\">\n<h2 class=\"wp-block-heading\" style=\"padding-top:var(--wp--preset--spacing--40);padding-bottom:var(--wp--preset--spacing--40);font-size:25px;font-style:normal;font-weight:600;text-transform:capitalize\">Why Choose Our 75x35mm Ceiling Hanging LED Channel\uff1f<\/h2>\n\n\n\n<ul class=\"wp-block-list\">\n<li>Fabriqu\u00e9 en aluminium 6063-T5 de haute qualit\u00e9, qui fait un excellent travail pour garder vos LEDs au frais et les faire durer plus longtemps.<\/li>\n\n\n\n<li>Con\u00e7u pour \u00eatre suspendu au plafond comme profil de pendentif, vous permettant de cr\u00e9er vos propres lumi\u00e8res lin\u00e9aires.<\/li>\n\n\n\n<li>Suffisamment grand pour contenir des drivers LED et des bandes LED jusqu'\u00e0 50 mm de large.<\/li>\n\n\n\n<li>Livr\u00e9 avec un diffuseur opale PC \u00e0 clipser qui rend la lumi\u00e8re douce, uniforme et sans points.<\/li>\n\n\n\n<li>Disponible en finition anodis\u00e9e argent, noir, et blanc peint en poudre pour s'adapter \u00e0 tout style.<\/li>\n\n\n\n<li>Compatible avec des accessoires, y compris des kits de suspension, des capuchons de finition et des connecteurs propos\u00e9s s\u00e9par\u00e9ment.<\/li>\n<\/ul>\n<\/div>\n<\/div>\n\n\n\n<div class=\"wp-block-group\" style=\"padding-top:var(--wp--preset--spacing--60);padding-bottom:var(--wp--preset--spacing--60)\"><div class=\"wp-block-group__inner-container is-layout-constrained wp-block-group-is-layout-constrained\">\n<div class=\"wp-block-media-text has-media-on-the-right is-stacked-on-mobile\"><div class=\"wp-block-media-text__content\">\n<h2 class=\"wp-block-heading\" style=\"padding-top:var(--wp--preset--spacing--40);padding-bottom:var(--wp--preset--spacing--40);font-size:25px;font-style:normal;font-weight:600;text-transform:capitalize\">Accessoires du canal pour une installation facile<\/h2>\n\n\n\n<p>Pour compl\u00e9ter votre syst\u00e8me d'\u00e9clairage personnalis\u00e9, utilisez des accessoires compatibles :<\/p>\n\n\n\n<ul class=\"wp-block-list\">\n<li>Kit de suspension\u00a0: suspension par c\u00e2ble a\u00e9ronautique ajustable<\/li>\n\n\n\n<li>Capuchons\u00a0: Capuchons solides ou \u00e0 trous de fil pour une finition propre<\/li>\n\n\n\n<li>Boucles de r\u00e9cessions\u00a0: utilisation d'installation encastr\u00e9e au plafond<\/li>\n\n\n\n<li>Support de montage\u00a0: utilisation pour installation en surface<\/li>\n\n\n\n<li>Connecteurs lin\u00e9aires\u00a0: Pour des bandes continues reliant plusieurs profils<\/li>\n<\/ul>\n<\/div><figure class=\"wp-block-media-text__media\"><img loading=\"lazy\" decoding=\"async\" width=\"500\" height=\"500\" src=\"https:\/\/tangooled.com\/wp-content\/uploads\/2025\/07\/s7535-ins-3.webp\" alt=\"75x35mm ceiling hanging light led channel aluminum extrusion\" class=\"wp-image-41117 size-full\" srcset=\"https:\/\/tangooled.com\/wp-content\/uploads\/2025\/07\/s7535-ins-3.webp 500w, https:\/\/tangooled.com\/wp-content\/uploads\/2025\/07\/s7535-ins-3-300x300.webp 300w, https:\/\/tangooled.com\/wp-content\/uploads\/2025\/07\/s7535-ins-3-150x150.webp 150w\" sizes=\"auto, (max-width: 500px) 100vw, 500px\" \/><\/figure><\/div>\n<\/div><\/div>\n\n\n\n<div class=\"wp-block-group has-background\" style=\"background-color:#f1f1f1;padding-top:var(--wp--preset--spacing--80);padding-bottom:var(--wp--preset--spacing--80)\"><div class=\"wp-block-group__inner-container is-layout-constrained wp-block-group-is-layout-constrained\">\n<h2 class=\"wp-block-heading\" style=\"padding-top:var(--wp--preset--spacing--40);padding-bottom:var(--wp--preset--spacing--40);font-size:25px;font-style:normal;font-weight:600;text-transform:capitalize\">what\u2018s in a kit?<\/h2>\n\n\n\n<ul class=\"wp-block-list\">\n<li>Canal en aluminium anodis\u00e9 avec bride<\/li>\n\n\n\n<li>Diffuseur LED opale en PC<\/li>\n\n\n\n<li>Deux capuchons m\u00e9talliques<\/li>\n\n\n\n<li>Clips de montage cach\u00e9s, kit de c\u00e2ble de suspension, boucles encastr\u00e9es (selon l'installation)<\/li>\n<\/ul>\n<\/div><\/div>\n\n\n\n<div class=\"wp-block-group\" style=\"padding-top:var(--wp--preset--spacing--80);padding-bottom:var(--wp--preset--spacing--80)\"><div class=\"wp-block-group__inner-container is-layout-constrained wp-block-group-is-layout-constrained\">\n<h2 class=\"wp-block-heading\" style=\"padding-top:var(--wp--preset--spacing--40);padding-bottom:var(--wp--preset--spacing--40);font-size:25px;font-style:normal;font-weight:600;text-transform:capitalize\">75x35mm ceiling hanging led channel &#8211; applications<\/h2>\n\n\n\n<ul class=\"wp-block-list\">\n<li>\u00c9clairage d'affichage au d\u00e9tail\u00a0: Cr\u00e9e des pr\u00e9sentations accrocheuses qui attirent l'attention des consommateurs.<\/li>\n\n\n\n<li>\u00c9clairage sous les armoires de cuisine\u00a0: \u00c9clairez vos plans de travail pour faciliter la cuisson et la pr\u00e9paration.<\/li>\n\n\n\n<li>\u00c9clairage de dressing et de placard\u00a0: \u00c9clairez l'espace pour une meilleure visibilit\u00e9 et organisation.<\/li>\n\n\n\n<li>\u00c9clairage r\u00e9sidentiel\u00a0: Cr\u00e9e des lignes de lumi\u00e8re d'accentuation propres dans les salons et les chambres.<\/li>\n\n\n\n<li>Int\u00e9gration d'espaces commerciaux\u00a0: Un choix d'\u00e9clairage polyvalent pour les bureaux, les halls et les salles d'exposition.<\/li>\n\n\n\n<li>Architectural feature enhancement: Highlights a building&#8217;s unique and interesting design features.<\/li>\n<\/ul>\n<\/div><\/div>\n\n\n\n<div class=\"wp-block-group has-background\" style=\"background-color:#f1f1f1;padding-top:var(--wp--preset--spacing--80);padding-bottom:var(--wp--preset--spacing--80)\"><div class=\"wp-block-group__inner-container is-layout-constrained wp-block-group-is-layout-constrained\">\n<h2 class=\"wp-block-heading\" style=\"padding-top:var(--wp--preset--spacing--40);padding-bottom:var(--wp--preset--spacing--40);font-size:25px;font-style:normal;font-weight:600;text-transform:capitalize\">Mettez votre \u00e9clairage \u00e0 jour avec le canal LED suspendu au plafond 75x35mm<\/h2>\n\n\n\n<p>Le canal LED suspendu au plafond 75x35mm vous aide \u00e0 garder votre design d'\u00e9clairage propre et moderne.<br>Get your professional 75x35mm LED channel for ceiling hanging lights&nbsp;today. It&#8217;s the best choice for your next lighting project, whether it&#8217;s for a building, an office, or a store.<br>Ce produit respecte les normes de l'industrie les plus r\u00e9centes. Il est fabriqu\u00e9 en aluminium de qualit\u00e9 architecturale 6063-T5 et poss\u00e8de des finitions professionnelles, ce qui lui permettra de s'associer \u00e0 tout type de bande LED.<br>Please don&#8217;t hesitate to get in touch with our sales staff if you have any special needs or inquiries.<\/p>\n\n\n\n<p>D\u00e9couvrez la gamme compl\u00e8te de <a href=\"https:\/\/tangooled.com\/fr\/led-profiles\/\"><mark style=\"background-color:rgba(0, 0, 0, 0)\" class=\"has-inline-color has-vivid-red-color\">Canaux en aluminium LED<\/mark><\/a> pour trouver d'autres options, composants et accessoires.<\/p>\n<\/div><\/div>\n\n\n\n<p><\/p>","protected":false},"featured_media":33390,"template":"","meta":{"_acf_changed":true,"_seopress_robots_primary_cat":"none","_seopress_titles_title":"75x35mm Ceiling Hanging LED Channel | Wide Aluminum Linear Profile | TANGOOLED","_seopress_titles_desc":"This 75x35mm ceiling hanging led channel is wide-span aluminum extrusion that supports multiple LED strips for high-output lighting. It's ideal for large offices and retail showrooms.","_seopress_robots_index":""},"pcb-width":[233],"product-cat":[192,194],"class_list":{"0":"post-35071","1":"product","2":"type-product","3":"status-publish","4":"has-post-thumbnail","6":"pcb-width-50-90mm","7":"product-cat-surface-led-profile","8":"product-cat-suspended-profile"},"acf":[],"_links":{"self":[{"href":"https:\/\/tangooled.com\/fr\/wp-json\/wp\/v2\/product\/35071","targetHints":{"allow":["GET"]}}],"collection":[{"href":"https:\/\/tangooled.com\/fr\/wp-json\/wp\/v2\/product"}],"about":[{"href":"https:\/\/tangooled.com\/fr\/wp-json\/wp\/v2\/types\/product"}],"wp:featuredmedia":[{"embeddable":true,"href":"https:\/\/tangooled.com\/fr\/wp-json\/wp\/v2\/media\/33390"}],"wp:attachment":[{"href":"https:\/\/tangooled.com\/fr\/wp-json\/wp\/v2\/media?parent=35071"}],"wp:term":[{"taxonomy":"pcb-width","embeddable":true,"href":"https:\/\/tangooled.com\/fr\/wp-json\/wp\/v2\/pcb-width?post=35071"},{"taxonomy":"product-cat","embeddable":true,"href":"https:\/\/tangooled.com\/fr\/wp-json\/wp\/v2\/product-cat?post=35071"}],"curies":[{"name":"wp","href":"https:\/\/api.w.org\/{rel}","templated":true}]}}