{"id":35070,"date":"2025-07-02T01:42:00","date_gmt":"2025-07-02T09:42:00","guid":{"rendered":"https:\/\/tangooled.com\/?post_type=product&#038;p=35070"},"modified":"2026-01-29T23:40:11","modified_gmt":"2026-01-30T07:40:11","slug":"54x70-black-pendant-led-light-channel","status":"publish","type":"product","link":"https:\/\/tangooled.com\/fr\/product\/54x70-black-pendant-led-light-channel\/","title":{"rendered":"Profil\u00e9 LED suspendu en aluminium noir 54x70mm"},"content":{"rendered":"<div class=\"wp-block-group is-vertical is-layout-flex wp-container-core-group-is-layout-d255d7c4 wp-block-group-is-layout-flex\" style=\"padding-top:var(--wp--preset--spacing--80);padding-bottom:var(--wp--preset--spacing--80)\">\n<p>Our 54&#215;70 black pendant LED profile offers flexibility for a range of architectural lighting applications. It can be suspended from a ceiling, fixed directly to a surface, or recessed&nbsp;into a wall or ceiling.<\/p>\n\n\n\n<p>The channel&#8217;s design stands out due to its movable central mounting plate. This plate is 34mm wide, allowing for quick installation and mounting of LED strips. Another important feature of the profile is the interior chamber, which is 30mm deep and located beneath the central plate. This enclosure is designed to house LED drivers, providing a clean and seamless aesthetic without the need for external driver boxes.<\/p>\n\n\n\n<p>This black pendant profile\u2019s large dimensions allow for multiple LED strips, ensuring strong, even, and reliable illumination. This technique is well-suited for modern office lighting, retail businesses, and architectural projects, where flexibility and seamless integration are paramount.<\/p>\n<\/div>\n\n\n\n<div class=\"wp-block-group has-background\" style=\"background-color:#f1f1f1;padding-top:var(--wp--preset--spacing--80);padding-bottom:var(--wp--preset--spacing--80)\"><div class=\"wp-block-group__inner-container is-layout-constrained wp-block-group-is-layout-constrained\">\n<div class=\"wp-block-group\"><div class=\"wp-block-group__inner-container is-layout-constrained wp-block-group-is-layout-constrained\">\n<h2 class=\"wp-block-heading\" style=\"padding-top:var(--wp--preset--spacing--40);padding-bottom:var(--wp--preset--spacing--40);font-size:25px;font-style:normal;font-weight:600;text-transform:capitalize\">Why Choose Our 54&#215;70 Black Pendant LED Profile?<\/h2>\n\n\n\n<ul class=\"wp-block-list\">\n<li>Choisissez votre bande lumineuse LED : Optez pour des options SMD ou COB compatibles pour toute temp\u00e9rature de couleur (2700K blanc chaud \u00e0 6500K blanc neutre) et un IRC \u00e9lev\u00e9 (90+).<\/li>\n\n\n\n<li>Cr\u00e9ez des luminaires \u00e0 lumi\u00e8re directe : Ajoutez des bandes LED en bas pour un \u00e9clairage de travail.<\/li>\n\n\n\n<li>Longueurs et connecteurs sur mesure : Utilisez un syst\u00e8me LED en continu avec des connecteurs droits, \u00e0 angle de 90 degr\u00e9s et en T pour de longues rang\u00e9es ou formes.<\/li>\n\n\n\n<li>Contr\u00f4lez la luminosit\u00e9 : Utilisez avec des alimentations \u00e0 variation DALI, 0-10V, ou des syst\u00e8mes intelligents comme Casambi pour des r\u00e9glages lumineux parfaits.<\/li>\n\n\n\n<li>Entretien facile : Remplacez les bandes LED \u00e0 tout moment sans avoir \u00e0 changer l'int\u00e9gralit\u00e9 du luminaire.<\/li>\n<\/ul>\n<\/div><\/div>\n<\/div><\/div>\n\n\n\n<div class=\"wp-block-group\" style=\"padding-top:var(--wp--preset--spacing--80);padding-bottom:var(--wp--preset--spacing--80)\"><div class=\"wp-block-group__inner-container is-layout-constrained wp-block-group-is-layout-constrained\">\n<div class=\"wp-block-media-text has-media-on-the-right is-stacked-on-mobile\" style=\"grid-template-columns:auto 40%\"><div class=\"wp-block-media-text__content\">\n<h2 class=\"wp-block-heading\" style=\"padding-top:var(--wp--preset--spacing--40);padding-bottom:var(--wp--preset--spacing--40);font-size:25px;font-style:normal;font-weight:600;text-transform:capitalize\">what&#8217;s included in the kit<\/h2>\n\n\n\n<ul class=\"wp-block-list\">\n<li>Le profil en aluminium anodis\u00e9 noir<\/li>\n\n\n\n<li>Couvercle diffuseur en PC opale<\/li>\n\n\n\n<li>Deux capuchons m\u00e9talliques<\/li>\n\n\n\n<li>Kit de c\u00e2bles de suspension (disponible en option).<\/li>\n<\/ul>\n<\/div><figure class=\"wp-block-media-text__media\"><img loading=\"lazy\" decoding=\"async\" width=\"500\" height=\"500\" src=\"https:\/\/tangooled.com\/wp-content\/uploads\/2025\/07\/s5470-ins.webp\" alt=\"54x70mm black aluminum profile pendant led light channel\" class=\"wp-image-43155 size-full\" srcset=\"https:\/\/tangooled.com\/wp-content\/uploads\/2025\/07\/s5470-ins.webp 500w, https:\/\/tangooled.com\/wp-content\/uploads\/2025\/07\/s5470-ins-300x300.webp 300w, https:\/\/tangooled.com\/wp-content\/uploads\/2025\/07\/s5470-ins-150x150.webp 150w\" sizes=\"auto, (max-width: 500px) 100vw, 500px\" \/><\/figure><\/div>\n<\/div><\/div>\n\n\n\n<div class=\"wp-block-group has-background\" style=\"background-color:#f1f1f1f2;padding-top:var(--wp--preset--spacing--80);padding-bottom:var(--wp--preset--spacing--80)\"><div class=\"wp-block-group__inner-container is-layout-constrained wp-block-group-is-layout-constrained\">\n<h2 class=\"wp-block-heading\" style=\"padding-top:var(--wp--preset--spacing--40);padding-bottom:var(--wp--preset--spacing--40);font-size:25px;font-style:normal;font-weight:600\">Where to Use the 54&#215;70 Black Pendant LED Channel?<\/h2>\n\n\n\n<p>This 54&#215;70 black LED channel works for many places where a strong linear suspended lighting fixture with modern looks is needed:<\/p>\n\n\n\n<ul class=\"wp-block-list\">\n<li>\u00c9clairages de salle de conseil et d'illumination de table de conf\u00e9rence.<\/li>\n\n\n\n<li>Luminaires suspendus pour \u00eelots de cuisine ou luminaires de table \u00e0 manger.<\/li>\n\n\n\n<li>\u00c9clairage d'accentuation et d'appoint pour espaces commerciaux et showrooms.<\/li>\n\n\n\n<li>Le hall d'entr\u00e9e et le comptoir de r\u00e9ception de l'h\u00f4tel sont \u00e9clair\u00e9s par un \u00e9clairage saisissant.<\/li>\n\n\n\n<li>Une solution d'\u00e9clairage con\u00e7ue pour les \u00e9coles, biblioth\u00e8ques et universit\u00e9s.<\/li>\n<\/ul>\n<\/div><\/div>\n\n\n\n<div class=\"wp-block-group\" style=\"padding-top:var(--wp--preset--spacing--80);padding-bottom:var(--wp--preset--spacing--80)\"><div class=\"wp-block-group__inner-container is-layout-constrained wp-block-group-is-layout-constrained\">\n<h2 class=\"wp-block-heading\" style=\"padding-top:var(--wp--preset--spacing--40);padding-bottom:var(--wp--preset--spacing--40);font-size:25px;font-style:normal;font-weight:600;text-transform:capitalize\">Produits et accessoires connexes<\/h2>\n\n\n\n<ul class=\"wp-block-list\">\n<li><a href=\"https:\/\/tangooled.com\/fr\/product\/black-led-diffuser-aluminum-channel-for-12mm-tape-lights\/\"><mark style=\"background-color:rgba(0, 0, 0, 0)\" class=\"has-inline-color has-vivid-red-color\">Profil en aluminium avec diffuseur LED noir pour bandes de 12 mm<\/mark><\/a><\/li>\n\n\n\n<li><a href=\"https:\/\/tangooled.com\/fr\/product\/surface-mount-led-profile-with-frosted-diffuser-for-10mm-rope-lights\/\"><mark style=\"background-color:rgba(0, 0, 0, 0)\" class=\"has-inline-color has-vivid-red-color\">Profil LED \u00e0 montage en surface avec diffuseur d\u00e9poli pour bandes de 10 mm<\/mark><\/a><\/li>\n\n\n\n<li><a href=\"https:\/\/tangooled.com\/fr\/product\/25x6mm-low-profile-led-strip-channel-for-10mm-led-strip-light\/\"><mark style=\"background-color:rgba(0, 0, 0, 0)\" class=\"has-inline-color has-vivid-red-color\">Canal de bande LED \u00e0 profil bas de 25x6mm pour bandes LED de 10mm<\/mark><\/a><\/li>\n\n\n\n<li><a href=\"https:\/\/tangooled.com\/fr\/product\/18x9mm-led-tape-light-profile-for-surface-installation\/\"><mark style=\"background-color:rgba(0, 0, 0, 0)\" class=\"has-inline-color has-vivid-red-color\">profil de bande LED 18x9mm pour installation en surface<\/mark><\/a><\/li>\n<\/ul>\n<\/div><\/div>","protected":false},"featured_media":16261,"template":"","meta":{"_acf_changed":true,"_seopress_robots_primary_cat":"none","_seopress_titles_title":"54x70 Black Pendant LED Channel | Large Architectural Linear Profile | TANGOOLED","_seopress_titles_desc":"The S5470 is a heavy-duty 54x70 black pendant led channel designed for professional commercial lighting. This wide aluminum profile features a deep housing for internal drivers and dot-free linear light. Ideal for high-end suspended installations.","_seopress_robots_index":""},"pcb-width":[231],"product-cat":[192,194],"class_list":{"0":"post-35070","1":"product","2":"type-product","3":"status-publish","4":"has-post-thumbnail","6":"pcb-width-25-35mm","7":"product-cat-surface-led-profile","8":"product-cat-suspended-profile"},"acf":[],"_links":{"self":[{"href":"https:\/\/tangooled.com\/fr\/wp-json\/wp\/v2\/product\/35070","targetHints":{"allow":["GET"]}}],"collection":[{"href":"https:\/\/tangooled.com\/fr\/wp-json\/wp\/v2\/product"}],"about":[{"href":"https:\/\/tangooled.com\/fr\/wp-json\/wp\/v2\/types\/product"}],"wp:featuredmedia":[{"embeddable":true,"href":"https:\/\/tangooled.com\/fr\/wp-json\/wp\/v2\/media\/16261"}],"wp:attachment":[{"href":"https:\/\/tangooled.com\/fr\/wp-json\/wp\/v2\/media?parent=35070"}],"wp:term":[{"taxonomy":"pcb-width","embeddable":true,"href":"https:\/\/tangooled.com\/fr\/wp-json\/wp\/v2\/pcb-width?post=35070"},{"taxonomy":"product-cat","embeddable":true,"href":"https:\/\/tangooled.com\/fr\/wp-json\/wp\/v2\/product-cat?post=35070"}],"curies":[{"name":"wp","href":"https:\/\/api.w.org\/{rel}","templated":true}]}}