{"id":35044,"date":"2025-07-01T23:56:22","date_gmt":"2025-07-02T07:56:22","guid":{"rendered":"https:\/\/tangooled.com\/?post_type=product&#038;p=35044"},"modified":"2026-01-23T00:26:03","modified_gmt":"2026-01-23T08:26:03","slug":"extra-wide-trimless-led-profile-for-flush-mount-s7518","status":"publish","type":"product","link":"https:\/\/tangooled.com\/fr\/product\/extra-wide-trimless-led-profile-for-flush-mount-s7518\/","title":{"rendered":"Profil LED extra large sans cadre de 75x18mm pour montage encastr\u00e9"},"content":{"rendered":"<div class=\"wp-block-group is-vertical is-layout-flex wp-container-core-group-is-layout-d255d7c4 wp-block-group-is-layout-flex\" style=\"padding-top:var(--wp--preset--spacing--80);padding-bottom:var(--wp--preset--spacing--80)\">\n<p>This 75x18mm extra-wide trimless LED profile will light up your space in a clean and smooth way. This sleek, trimless channel features a 75mm width and a height of 18mm, making it a powerful lighting solution that doesn&#8217;t get in the way of your view.<\/p>\n\n\n\n<p>Le profil est con\u00e7u pour s'int\u00e9grer parfaitement dans des panneaux de pl\u00e2tre ou des plaques de pl\u00e2tre, lui conf\u00e9rant un aspect moderne et \u00e9pur\u00e9. Il fait un excellent travail pour cacher tous les bords, donnant l'impression que la lumi\u00e8re sort directement du mur ou du plafond. La construction de ce profil est fine et large, ce qui le rend parfait pour \u00e9clairer uniform\u00e9ment et brillamment de grandes surfaces.<\/p>\n\n\n\n<p>Le kit complet comprend tout ce dont vous avez besoin, tels que des boucles de montage encastr\u00e9es et des bouchons d'extr\u00e9mit\u00e9 en m\u00e9tal, pour donner \u00e0 votre projet une finition professionnelle. Ce profil est parfait pour les architectes et les designers qui souhaitent un \u00e9clairage lin\u00e9aire puissant, presque invisible.<\/p>\n<\/div>\n\n\n\n<div class=\"wp-block-group has-background\" style=\"background-color:#f1f1f1;padding-top:var(--wp--preset--spacing--80);padding-bottom:var(--wp--preset--spacing--80)\"><div class=\"wp-block-group__inner-container is-layout-constrained wp-block-group-is-layout-constrained\">\n<div class=\"wp-block-group is-vertical is-layout-flex wp-container-core-group-is-layout-8cf370e7 wp-block-group-is-layout-flex\">\n<h2 class=\"wp-block-heading\" style=\"padding-top:var(--wp--preset--spacing--40);padding-bottom:var(--wp--preset--spacing--40);font-size:25px;font-style:normal;font-weight:600;text-transform:capitalize\">Pourquoi choisir notre profil LED extra large sans cadre de 75 mm x 18 mm ?<\/h2>\n\n\n\n<ul class=\"wp-block-list\">\n<li>Il mesure 75 mm de large et 18 mm de profond, s'int\u00e9grant parfaitement dans les murs et les plafonds tout en fournissant une forte ligne de lumi\u00e8re.<\/li>\n\n\n\n<li>Il est compos\u00e9 d'aluminium anodis\u00e9 de haute qualit\u00e9 et fonctionne comme un dissipateur thermique pour garder vos bandes LED au frais.<\/li>\n\n\n\n<li>Il est \u00e9quip\u00e9 d'un diffuseur opale en PC qui rend la lumi\u00e8re claire et uniforme, sans taches ni \u00e9blouissements.<\/li>\n\n\n\n<li>Il fonctionne bien avec la plupart des bandes LED jusqu'\u00e0 60 mm de large pour cr\u00e9er une brillante ligne droite.<\/li>\n<\/ul>\n<\/div>\n<\/div><\/div>\n\n\n\n<div class=\"wp-block-group\" style=\"padding-top:var(--wp--preset--spacing--60);padding-bottom:var(--wp--preset--spacing--60)\"><div class=\"wp-block-group__inner-container is-layout-constrained wp-block-group-is-layout-constrained\">\n<div class=\"wp-block-media-text has-media-on-the-right is-stacked-on-mobile\" style=\"grid-template-columns:auto 40%\"><div class=\"wp-block-media-text__content\">\n<h2 class=\"wp-block-heading\" style=\"padding-top:var(--wp--preset--spacing--40);padding-bottom:var(--wp--preset--spacing--40);font-size:25px;font-style:normal;font-weight:600;text-transform:capitalize\">Installation simplifi\u00e9e<\/h2>\n\n\n\n<ul class=\"wp-block-list\">\n<li>Cliquez le canal en aluminium dans les boucles encastr\u00e9es, puis fixez le profil aux montants ou aux solives.<\/li>\n\n\n\n<li>Enduit et Pl\u00e2tre : Utilisez du pl\u00e2tre ou de l'enduit pour couvrir les flans des boucles.<\/li>\n\n\n\n<li>Sand and Paint\u2014Once the paint is dry, sand it until it is smooth. Color the surface to match the color of your room.<\/li>\n\n\n\n<li>Ins\u00e9rez la bande LED, connectez l'alimentation, puis enclenchez le diffuseur d\u00e9poli.<\/li>\n<\/ul>\n<\/div><figure class=\"wp-block-media-text__media\"><img loading=\"lazy\" decoding=\"async\" width=\"500\" height=\"500\" src=\"https:\/\/tangooled.com\/wp-content\/uploads\/2025\/07\/s7518-ins.webp\" alt=\"75mmx18mm trimless led profile channel for flush mount\" class=\"wp-image-43546 size-full\" srcset=\"https:\/\/tangooled.com\/wp-content\/uploads\/2025\/07\/s7518-ins.webp 500w, https:\/\/tangooled.com\/wp-content\/uploads\/2025\/07\/s7518-ins-300x300.webp 300w, https:\/\/tangooled.com\/wp-content\/uploads\/2025\/07\/s7518-ins-150x150.webp 150w\" sizes=\"auto, (max-width: 500px) 100vw, 500px\" \/><\/figure><\/div>\n<\/div><\/div>\n\n\n\n<div class=\"wp-block-group has-background is-vertical is-layout-flex wp-container-core-group-is-layout-b429018a wp-block-group-is-layout-flex\" style=\"background-color:#f1f1f1f2;padding-top:var(--wp--preset--spacing--70);padding-bottom:var(--wp--preset--spacing--70)\">\n<h2 class=\"wp-block-heading\" style=\"padding-top:var(--wp--preset--spacing--40);padding-bottom:var(--wp--preset--spacing--40);font-size:25px;font-style:normal;font-weight:600\">Utilisations parfaites pour le profil LED encastr\u00e9 sans cadre de 75x18mm<\/h2>\n\n\n\n<ul class=\"wp-block-list\">\n<li>Ceiling Cove and Reveal Lighting: Add architectural reveal lighting that doesn&#8217;t have any frames that can be seen.<\/li>\n\n\n\n<li>Residential Rooms\u2014Great for kitchens, living rooms, hallways, or bathrooms with ceilings constructed of drywall or plasterboard.<\/li>\n\n\n\n<li>Espaces commerciaux : Utilisez un \u00e9clairage lin\u00e9aire sans couture pour \u00e9clairer les lieux de travail, salles de r\u00e9union, vitrines ou zones pour invit\u00e9s.<\/li>\n\n\n\n<li>\u00c9clairage ambiant et de travail : Utilisez-le pour rendre les \u00e9tag\u00e8res ou les espaces de travail plus lumineux ou plus doux.<\/li>\n<\/ul>\n<\/div>\n\n\n\n<div class=\"wp-block-group is-vertical is-layout-flex wp-container-core-group-is-layout-d255d7c4 wp-block-group-is-layout-flex\" style=\"padding-top:var(--wp--preset--spacing--80);padding-bottom:var(--wp--preset--spacing--80)\">\n<h2 class=\"wp-block-heading\" style=\"padding-top:var(--wp--preset--spacing--40);padding-bottom:var(--wp--preset--spacing--40);font-size:25px;font-style:normal;font-weight:600;text-transform:capitalize\">Produits associ\u00e9s<\/h2>\n\n\n\n<ul class=\"wp-block-list\">\n<li><a href=\"https:\/\/tangooled.com\/fr\/product\/black-led-profile-with-black-diffuser-for-10mm-led-strip-light\/\"><mark style=\"background-color:rgba(0, 0, 0, 0)\" class=\"has-inline-color has-vivid-red-color\">Profil LED noir avec diffuseur noir pour bande LED de 10 mm <\/mark><\/a>\u2013 A sleek alternative for smaller LED strips.<\/li>\n\n\n\n<li><a href=\"https:\/\/tangooled.com\/fr\/product\/led-strip-light-channel-aluminum-profile-with-diffused-cover-6mm-height\/\"><mark style=\"background-color:rgba(0, 0, 0, 0)\" class=\"has-inline-color has-vivid-red-color\">Profil en aluminium pour bande LED avec couvercle diffusant de 6 mm de hauteur<\/mark><\/a> \u2013 For low-profile surface mount lighting.<\/li>\n\n\n\n<li><a href=\"https:\/\/tangooled.com\/fr\/product\/surface-mount-led-profile-with-frosted-diffuser-for-10mm-rope-lights\/\"><mark style=\"background-color:rgba(0, 0, 0, 0)\" class=\"has-inline-color has-vivid-red-color\">Profil LED \u00e0 montage en surface avec diffuseur d\u00e9poli pour bandes de 10 mm<\/mark><\/a> \u2013 Ideal for rope lighting installations.<\/li>\n\n\n\n<li><a href=\"https:\/\/tangooled.com\/fr\/product\/black-led-diffuser-aluminum-channel-for-12mm-tape-lights\/\"><mark style=\"background-color:rgba(0, 0, 0, 0)\" class=\"has-inline-color has-vivid-red-color\">Profil en aluminium avec diffuseur LED noir pour bandes de 12 mm<\/mark><\/a> \u2013 Perfect for medium width tape light installations.<\/li>\n\n\n\n<li><a href=\"https:\/\/tangooled.com\/fr\/product\/black-aluminum-u-channel-profile-for-10mm-led-strips\/\"><mark style=\"background-color:rgba(0, 0, 0, 0)\" class=\"has-inline-color has-vivid-red-color\">Profil\u00e9 canal en aluminium noir en U pour bandes LED de 10mm<\/mark><\/a> \u2013 A stylish alternative for surface mounting.<\/li>\n<\/ul>\n<\/div>\n\n\n\n<div class=\"wp-block-group has-background\" style=\"background-color:#f1f1f1;padding-top:var(--wp--preset--spacing--80);padding-bottom:var(--wp--preset--spacing--80)\"><div class=\"wp-block-group__inner-container is-layout-constrained wp-block-group-is-layout-constrained\">\n<h2 class=\"wp-block-heading\" style=\"padding-top:var(--wp--preset--spacing--40);padding-bottom:var(--wp--preset--spacing--40);font-size:25px;font-style:normal;font-weight:600;text-transform:capitalize\">R\u00e9sum\u00e9<\/h2>\n\n\n\n<p style=\"padding-right:var(--wp--preset--spacing--50);padding-left:var(--wp--preset--spacing--50)\">Le profil LED de 75x18mm sans cadre poss\u00e8de un aspect moderne et \u00e9pur\u00e9, car il est encastr\u00e9 sans cadre. Le bo\u00eetier en aluminium anodis\u00e9, la large ouverture lumineuse de 75 mm et le couvercle diffus\u00e9 sans points en font un choix id\u00e9al pour des projets d'\u00e9clairage architectural r\u00e9sidentiel et commercial. Il s'int\u00e8gre parfaitement \u00e0 vos murs ou plafonds et est con\u00e7u pour fonctionner avec des plaques de pl\u00e2tre. Cette extrusion en aluminium robuste et de haute qualit\u00e9 pour bandes LED vous aidera \u00e0 obtenir le meilleur effet d'\u00e9clairage lin\u00e9aire minimaliste dans vos environnements.<\/p>\n<\/div><\/div>\n\n\n\n<p><\/p>","protected":false},"featured_media":33360,"template":"","meta":{"_acf_changed":true,"_seopress_robots_primary_cat":"none","_seopress_titles_title":"Extra Wide Trimless LED Profile 75x18mm Flush Mount | TANGOOLED","_seopress_titles_desc":"Achieve a bold architectural statement with our 75x18mm extra wide trimless LED profile. Ideal for large-scale flush mount installations where a massive light-emitting surface is required.","_seopress_robots_index":""},"pcb-width":[233],"product-cat":[193],"class_list":{"0":"post-35044","1":"product","2":"type-product","3":"status-publish","4":"has-post-thumbnail","6":"pcb-width-50-90mm","7":"product-cat-recessed-profile"},"acf":[],"_links":{"self":[{"href":"https:\/\/tangooled.com\/fr\/wp-json\/wp\/v2\/product\/35044","targetHints":{"allow":["GET"]}}],"collection":[{"href":"https:\/\/tangooled.com\/fr\/wp-json\/wp\/v2\/product"}],"about":[{"href":"https:\/\/tangooled.com\/fr\/wp-json\/wp\/v2\/types\/product"}],"wp:featuredmedia":[{"embeddable":true,"href":"https:\/\/tangooled.com\/fr\/wp-json\/wp\/v2\/media\/33360"}],"wp:attachment":[{"href":"https:\/\/tangooled.com\/fr\/wp-json\/wp\/v2\/media?parent=35044"}],"wp:term":[{"taxonomy":"pcb-width","embeddable":true,"href":"https:\/\/tangooled.com\/fr\/wp-json\/wp\/v2\/pcb-width?post=35044"},{"taxonomy":"product-cat","embeddable":true,"href":"https:\/\/tangooled.com\/fr\/wp-json\/wp\/v2\/product-cat?post=35044"}],"curies":[{"name":"wp","href":"https:\/\/api.w.org\/{rel}","templated":true}]}}