{"id":34993,"date":"2025-07-01T05:58:32","date_gmt":"2025-07-01T13:58:32","guid":{"rendered":"https:\/\/tangooled.com\/?post_type=product&#038;p=34993"},"modified":"2026-01-31T01:44:54","modified_gmt":"2026-01-31T09:44:54","slug":"4-inch-wide-led-profile-recessed-100mm-aluminum-channel-white","status":"publish","type":"product","link":"https:\/\/tangooled.com\/fr\/product\/4-inch-wide-led-profile-recessed-100mm-aluminum-channel-white\/","title":{"rendered":"Profil\u00e9 LED encastr\u00e9 de 4 pouces (100 mm) de large - Aluminium blanc"},"content":{"rendered":"<div class=\"wp-block-group\" style=\"padding-top:var(--wp--preset--spacing--80);padding-bottom:var(--wp--preset--spacing--80)\"><div class=\"wp-block-group__inner-container is-layout-constrained wp-block-group-is-layout-constrained\">\n<p>Ce profil\u00e9 LED encastr\u00e9 de 4 pouces de large est con\u00e7u pour int\u00e9grer un \u00e9clairage lin\u00e9aire dans n'importe quel espace de mani\u00e8re harmonieuse. Il pr\u00e9sente une largeur int\u00e9rieure de 90 mm, une hauteur de 35 mm, et des ailes de 7,5 mm de chaque c\u00f4t\u00e9. Les ailes sur le profil\u00e9 sont con\u00e7ues pour s'adapter \u00e0 un mur ou \u00e0 un plafond. Elles cachent efficacement les espaces entre le luminaire et la structure du mur ou du plafond, rendant la transition fluide et professionnelle.<\/p>\n\n\n\n<p>La largeur int\u00e9rieure de 90 mm est id\u00e9ale pour des sources lumineuses puissantes comme les bandes LED \u00e0 quatre rang\u00e9es. Cette puissance garantit une sortie lumineuse \u00e9lev\u00e9e et une exp\u00e9rience d'\u00e9clairage agr\u00e9able et lumineuse.<\/p>\n\n\n\n<p>Le diffuseur de ce profil\u00e9 de 4 pouces de large dispose d'un m\u00e9canisme de verrouillage puissant qui emp\u00eache le diffuseur de se desserrer ou de tomber apr\u00e8s l'installation. Cela r\u00e9sout souvent les probl\u00e8mes de stabilit\u00e9 et de s\u00e9curit\u00e9 li\u00e9s aux grands profil\u00e9s. Ce design est s\u00fbr et bien pens\u00e9, et il diffuse la lumi\u00e8re sans \u00e9blouir.<\/p>\n\n\n\n<p>Ce profil\u00e9 en aluminium de 100 mm de large est excellent pour l'\u00e9clairage g\u00e9n\u00e9ral dans de grands espaces o\u00f9 les gens ont besoin d'une lumi\u00e8re vive et uniforme sans zones d\u00e9sagr\u00e9ables. Il fonctionne bien pour \u00e9tablir le ton principal et la luminosit\u00e9 dans des endroits tels que les bureaux \u00e0 plan ouvert, les grandes salles de conf\u00e9rence et les espaces partag\u00e9s dans des r\u00e9sidences modernes.<\/p>\n<\/div><\/div>\n\n\n\n<div class=\"wp-block-group has-background\" style=\"background-color:#f1f1f1;padding-top:var(--wp--preset--spacing--80);padding-bottom:var(--wp--preset--spacing--80)\"><div class=\"wp-block-group__inner-container is-layout-constrained wp-block-group-is-layout-constrained\">\n<div class=\"wp-block-group is-vertical is-layout-flex wp-container-core-group-is-layout-8cf370e7 wp-block-group-is-layout-flex\">\n<h2 class=\"wp-block-heading\" style=\"padding-top:var(--wp--preset--spacing--40);padding-bottom:var(--wp--preset--spacing--40);font-size:25px;font-style:normal;font-weight:600;text-transform:capitalize\">Caract\u00e9ristiques cl\u00e9s<\/h2>\n\n\n\n<ul class=\"wp-block-list\">\n<li>La largeur int\u00e9rieure de 90 mm vous permet de mettre plusieurs bandes LED c\u00f4te \u00e0 c\u00f4te.<\/li>\n\n\n\n<li>L'aluminium 6063-T5 le rend efficace pour \u00e9vacuer la chaleur.<\/li>\n\n\n\n<li>La finition en poudre blanche s'harmonise largement avec de nombreux espaces.&nbsp;<\/li>\n\n\n\n<li>Le diffuseur en polycarbonate opalescent r\u00e9partit la lumi\u00e8re uniform\u00e9ment sans points.<\/li>\n\n\n\n<li>Il est dot\u00e9 de boucles encastr\u00e9es pour une installation propre de plaques de pl\u00e2tre.<\/li>\n\n\n\n<li>Compatible avec de nombreuses bandes LED, comme RGB, COB et SMD haute densit\u00e9.<\/li>\n<\/ul>\n<\/div>\n<\/div><\/div>\n\n\n\n<div class=\"wp-block-group\" style=\"padding-top:var(--wp--preset--spacing--60);padding-bottom:var(--wp--preset--spacing--60)\"><div class=\"wp-block-group__inner-container is-layout-constrained wp-block-group-is-layout-constrained\">\n<div class=\"wp-block-media-text has-media-on-the-right is-stacked-on-mobile\" style=\"grid-template-columns:auto 40%\"><div class=\"wp-block-media-text__content\">\n<h2 class=\"wp-block-heading\" style=\"padding-top:var(--wp--preset--spacing--40);padding-bottom:var(--wp--preset--spacing--40);font-size:25px;font-style:normal;font-weight:600;text-transform:capitalize\">installation facile du profil\u00e9 LED encastr\u00e9 de 4 pouces<\/h2>\n\n\n\n<ul class=\"wp-block-list\">\n<li>Coupez la plaque de pl\u00e2tre ou le travail du bois \u00e0 la bonne taille pour le canal en aluminium (environ 100 mm de large).<\/li>\n\n\n\n<li>Installez les boucles encastr\u00e9es \u00e0 l'arri\u00e8re du canal et fixez le canal en aluminium dans la plaque de pl\u00e2tre, en veillant \u00e0 ce que les ailes reposent sur les bords de la plaque de pl\u00e2tre.<\/li>\n\n\n\n<li>Mettez du pl\u00e2tre ou de la p\u00e2te sur les ailes pour obtenir une finition sans contour.<\/li>\n\n\n\n<li>Ins\u00e9rez des bandes LED jusqu'\u00e0 100 mm de large dans le canal.<\/li>\n\n\n\n<li>Mettez le couvercle diffuseur d\u00e9poli dessus.<\/li>\n<\/ul>\n<\/div><figure class=\"wp-block-media-text__media\"><img loading=\"lazy\" decoding=\"async\" width=\"500\" height=\"500\" src=\"https:\/\/tangooled.com\/wp-content\/uploads\/2025\/07\/rg10035-ins.webp\" alt=\"wide led profile recessed 100mm aluminum channel white\" class=\"wp-image-36688 size-full\" srcset=\"https:\/\/tangooled.com\/wp-content\/uploads\/2025\/07\/rg10035-ins.webp 500w, https:\/\/tangooled.com\/wp-content\/uploads\/2025\/07\/rg10035-ins-300x300.webp 300w, https:\/\/tangooled.com\/wp-content\/uploads\/2025\/07\/rg10035-ins-150x150.webp 150w\" sizes=\"auto, (max-width: 500px) 100vw, 500px\" \/><\/figure><\/div>\n<\/div><\/div>\n\n\n\n<div class=\"wp-block-group has-background\" style=\"background-color:#f2f2f2;padding-top:var(--wp--preset--spacing--80);padding-bottom:var(--wp--preset--spacing--80)\"><div class=\"wp-block-group__inner-container is-layout-constrained wp-block-group-is-layout-constrained\">\n<h2 class=\"wp-block-heading\" style=\"border-style:none;border-width:0px;padding-top:var(--wp--preset--spacing--40);padding-bottom:var(--wp--preset--spacing--40);font-size:25px;font-style:normal;font-weight:600;text-transform:capitalize\">What&#8217;s in the kit?<\/h2>\n\n\n\n<ul class=\"wp-block-list\">\n<li>Canal en aluminium encastr\u00e9 de 100 mm de large<\/li>\n\n\n\n<li>Diffuseur LED opalescent<\/li>\n\n\n\n<li>Deux capuchons m\u00e9talliques<\/li>\n\n\n\n<li>Boucles encastr\u00e9es<\/li>\n<\/ul>\n<\/div><\/div>\n\n\n\n<div class=\"wp-block-group\" style=\"padding-top:var(--wp--preset--spacing--80);padding-bottom:var(--wp--preset--spacing--80)\"><div class=\"wp-block-group__inner-container is-layout-constrained wp-block-group-is-layout-constrained\">\n<h2 class=\"wp-block-heading\" style=\"border-style:none;border-width:0px;padding-top:var(--wp--preset--spacing--40);padding-bottom:var(--wp--preset--spacing--40);font-size:25px;font-style:normal;font-weight:600;text-transform:capitalize\">Applications<\/h2>\n\n\n\n<ul class=\"wp-block-list\">\n<li>\u00c9clairage de bureau : lumi\u00e8res brillantes et uniformes pour les bureaux et les salles de conf\u00e9rence<\/li>\n\n\n\n<li>Magasins de d\u00e9tail : pr\u00e9sentations avec des lignes nettes de lumi\u00e8re brillante&nbsp;<\/li>\n\n\n\n<li>Cuisines et sous-sols : \u00e9clairage g\u00e9n\u00e9ral large avec une couverture lumineuse uniforme<\/li>\n\n\n\n<li>Gaming rooms and home theaters: cool, wide light that won&#8217;t detract<\/li>\n<\/ul>\n<\/div><\/div>\n\n\n\n<div class=\"wp-block-group has-background\" style=\"background-color:#f1f1f1;padding-top:var(--wp--preset--spacing--80);padding-bottom:var(--wp--preset--spacing--80)\"><div class=\"wp-block-group__inner-container is-layout-constrained wp-block-group-is-layout-constrained\">\n<h2 class=\"wp-block-heading\" style=\"padding-top:var(--wp--preset--spacing--40);padding-bottom:var(--wp--preset--spacing--40);font-size:25px;font-style:normal;font-weight:600;text-transform:capitalize\">Bandes LED compatibles<\/h2>\n\n\n\n<p>Ce profil\u00e9 LED de 4 pouces permet :<\/p>\n\n\n\n<ul class=\"wp-block-list\">\n<li>Ce profil\u00e9 LED de 4 pouces vous permet de mettre plusieurs rang\u00e9es de bandes LED c\u00f4te \u00e0 c\u00f4te (jusqu'\u00e0 8 rang\u00e9es).<\/li>\n\n\n\n<li>Bandes SMD haute densit\u00e9 (2835\/5050).<\/li>\n\n\n\n<li>Modules LED COB pour une lumi\u00e8re sans points.<\/li>\n\n\n\n<li>Bandes RGBW et \u00e0 changement de couleur pour un \u00e9clairage d'ambiance.<\/li>\n<\/ul>\n<\/div><\/div>\n\n\n\n<div class=\"wp-block-group\" style=\"padding-top:var(--wp--preset--spacing--80);padding-bottom:var(--wp--preset--spacing--80)\"><div class=\"wp-block-group__inner-container is-layout-constrained wp-block-group-is-layout-constrained\">\n<h2 class=\"wp-block-heading\" style=\"padding-top:var(--wp--preset--spacing--40);padding-bottom:var(--wp--preset--spacing--40);font-size:25px;font-style:normal;font-weight:600;text-transform:capitalize\">produits associ\u00e9s<\/h2>\n\n\n\n<ul class=\"wp-block-list\">\n<li>V\u00e9rifiez le <mark style=\"background-color:rgba(0, 0, 0, 0)\" class=\"has-inline-color has-vivid-red-color\"><a href=\"https:\/\/tangooled.com\/fr\/product\/black-led-profile-with-black-diffuser-for-10mm-led-strip-light\/\">profil LED noir avec diffuseur noir pour bande lumineuse LED de 10 mm<\/a><\/mark><a href=\"http:\/\/black led profile with black diffuser for 10mm led strip light\"><mark style=\"background-color:rgba(0, 0, 0, 0)\" class=\"has-inline-color has-vivid-red-color\"> <\/mark><\/a>pour des profils \u00e9troits compacts.<\/li>\n\n\n\n<li>Explorez notre <a href=\"https:\/\/tangooled.com\/fr\/product\/led-strip-light-channel-aluminum-profile-with-diffused-cover-6mm-height\/\"><mark style=\"background-color:rgba(0, 0, 0, 0)\" class=\"has-inline-color has-vivid-red-color\">Profil en aluminium pour bande LED avec couvercle diffusant de 6 mm de hauteur<\/mark><\/a> pour des options de montage de surface basse.<\/li>\n\n\n\n<li>Pour les besoins d'\u00e9clairage \u00e0 montage de surface, voir <a href=\"https:\/\/tangooled.com\/fr\/product\/surface-mount-led-profile-with-frosted-diffuser-for-10mm-rope-lights\/\"><mark style=\"background-color:rgba(0, 0, 0, 0)\" class=\"has-inline-color has-vivid-red-color\">profil LED \u00e0 monter en surface avec diffuseur d\u00e9poli pour \u00e9clairage \u00e0 corde de 10 mm<\/mark><\/a>.<\/li>\n<\/ul>\n<\/div><\/div>\n\n\n\n<div class=\"wp-block-group\" style=\"padding-top:var(--wp--preset--spacing--80);padding-bottom:var(--wp--preset--spacing--80)\"><div class=\"wp-block-group__inner-container is-layout-constrained wp-block-group-is-layout-constrained\">\n<h2 class=\"wp-block-heading\" style=\"padding-top:var(--wp--preset--spacing--40);padding-bottom:var(--wp--preset--spacing--40);font-size:25px;font-style:normal;font-weight:600;text-transform:capitalize\">Pourquoi choisir ce profil\u00e9 LED de 4 pouces?<\/h2>\n\n\n\n<p>Vous pouvez cr\u00e9er des lignes de lumi\u00e8re brillantes et continues avec le profil\u00e9 LED de 4 pouces. Il a un corps extra-large, ce qui permet d'accueillir de nombreuses bandes LED ou des bandes LED COB larges. Cela vous offre une lumi\u00e8re brillante et uniforme sans zones sombres.<\/p>\n\n\n\n<p>Le canal en aluminium 6063-T5 agit comme un dissipateur de chaleur pour \u00e9viter que vos bandes LED ne surchauffent. Cela signifie que les lumi\u00e8res dureront plus longtemps et fonctionneront mieux. La finition en poudre blanche s'accorde avec la plupart des int\u00e9rieurs, mais vous pouvez facilement la peindre pour correspondre \u00e0 votre style.<\/p>\n\n\n\n<p>Ce profil\u00e9 est parfait pour l'\u00e9clairage dans les maisons, les entreprises, les magasins, les cuisines, et plus encore. Sa forme large et son diffuseur lisse le rendent adapt\u00e9 \u00e0 l'\u00e9clairage g\u00e9n\u00e9ral et d'accent.<\/p>\n<\/div><\/div>\n\n\n\n<p><\/p>","protected":false},"featured_media":14734,"template":"","meta":{"_acf_changed":true,"_seopress_robots_primary_cat":"none","_seopress_titles_title":"4 Inch Wide Recessed LED Profile | 100mm Large Aluminum Channel | TANGOOLED","_seopress_titles_desc":"The R10035 is a professional 4 inch wide recessed LED profile (100mm). Designed for high-output commercial lighting, this large white aluminum channel supports multi-row strips for a powerful, seamless linear glow.","_seopress_robots_index":""},"pcb-width":[233],"product-cat":[193],"class_list":{"0":"post-34993","1":"product","2":"type-product","3":"status-publish","4":"has-post-thumbnail","6":"pcb-width-50-90mm","7":"product-cat-recessed-profile"},"acf":[],"_links":{"self":[{"href":"https:\/\/tangooled.com\/fr\/wp-json\/wp\/v2\/product\/34993","targetHints":{"allow":["GET"]}}],"collection":[{"href":"https:\/\/tangooled.com\/fr\/wp-json\/wp\/v2\/product"}],"about":[{"href":"https:\/\/tangooled.com\/fr\/wp-json\/wp\/v2\/types\/product"}],"wp:featuredmedia":[{"embeddable":true,"href":"https:\/\/tangooled.com\/fr\/wp-json\/wp\/v2\/media\/14734"}],"wp:attachment":[{"href":"https:\/\/tangooled.com\/fr\/wp-json\/wp\/v2\/media?parent=34993"}],"wp:term":[{"taxonomy":"pcb-width","embeddable":true,"href":"https:\/\/tangooled.com\/fr\/wp-json\/wp\/v2\/pcb-width?post=34993"},{"taxonomy":"product-cat","embeddable":true,"href":"https:\/\/tangooled.com\/fr\/wp-json\/wp\/v2\/product-cat?post=34993"}],"curies":[{"name":"wp","href":"https:\/\/api.w.org\/{rel}","templated":true}]}}