{"id":34992,"date":"2025-07-01T05:57:33","date_gmt":"2025-07-01T13:57:33","guid":{"rendered":"https:\/\/tangooled.com\/?post_type=product&#038;p=34992"},"modified":"2026-01-25T22:40:30","modified_gmt":"2026-01-26T06:40:30","slug":"75x75mm-ceiling-recessed-led-profile-driver-space","status":"publish","type":"product","link":"https:\/\/tangooled.com\/fr\/product\/75x75mm-ceiling-recessed-led-profile-driver-space\/","title":{"rendered":"profil LED encastr\u00e9 de 75x75 mm avec espace driver int\u00e9gr\u00e9"},"content":{"rendered":"<div class=\"wp-block-group\" style=\"padding-top:var(--wp--preset--spacing--80);padding-bottom:var(--wp--preset--spacing--80)\"><div class=\"wp-block-group__inner-container is-layout-constrained wp-block-group-is-layout-constrained\">\n<p>Ce canal LED encastr\u00e9 de 75x75 mm est fabriqu\u00e9 en alliage d'aluminium 6063-T5 de haute qualit\u00e9 et dispose d'un espace pour le driver int\u00e9gr\u00e9. Il est destin\u00e9 \u00e0 \u00eatre install\u00e9 dans un espace encastr\u00e9. Il fonctionne avec des bandes LED \u00e0 rang\u00e9e quadruple ou des bandes rigides de 50 mm de large ou moins.<\/p>\n\n\n\n<p>What&#8217;s great about this LED channel is that it has a built-in place for an LED driver and a removable middle layer for LED strip lights. The space for the driver inside the channel makes the outside look clean. The movable layer allows for easier maintenance.<\/p>\n\n\n\n<p>Ce canal LED encastr\u00e9 de 75 mm est livr\u00e9 avec des capuchons en m\u00e9tal, des boucles de support en U et divers connecteurs qui rendent l'installation tr\u00e8s flexible. Vous pouvez utiliser ces accessoires pour relier plusieurs canaux sans couture pour des courses lin\u00e9aires illimit\u00e9es et pour assembler facilement des formes g\u00e9om\u00e9triques complexes et personnalis\u00e9es pour r\u00e9pondre \u00e0 toutes les exigences de conception.<\/p>\n\n\n\n<p>Ce canal en aluminium encastr\u00e9 de 75x75 mm est largement utilis\u00e9 dans les projets d'\u00e9clairage domestique et commercial tels que les plafonds, les cuisines, les salles \u00e0 manger, les bureaux, etc.<\/p>\n<\/div><\/div>\n\n\n\n<div class=\"wp-block-group has-background is-vertical is-layout-flex wp-container-core-group-is-layout-d255d7c4 wp-block-group-is-layout-flex\" style=\"background-color:#f1f1f1;padding-top:var(--wp--preset--spacing--80);padding-bottom:var(--wp--preset--spacing--80)\">\n<div class=\"wp-block-group is-vertical is-layout-flex wp-container-core-group-is-layout-8cf370e7 wp-block-group-is-layout-flex\">\n<h2 class=\"wp-block-heading\" style=\"padding-top:var(--wp--preset--spacing--40);padding-bottom:var(--wp--preset--spacing--40);font-size:25px;font-style:normal;font-weight:600;text-transform:capitalize\">Qu'est-ce qui rend ce profil LED encastr\u00e9 de 75x75 mm sp\u00e9cial ?<\/h2>\n\n\n\n<ul class=\"wp-block-list\">\n<li>Integrated Driver Space: The power supply fits inside the channel since there is a built-in driver space. You don&#8217;t need to hide drivers in other boxes or places.<\/li>\n\n\n\n<li>Trimless, recessed installation: The channel&#8217;s flange fits beneath drywall or plaster for a smooth, mud-in finish that lets in light without showing any boundaries.<\/li>\n\n\n\n<li>Dissipateur thermique en aluminium durable : Ce dissipateur est fabriqu\u00e9 en aluminium extrud\u00e9 de haute qualit\u00e9, ce qui aide les bandes LED \u00e0 durer plus longtemps en les maintenant au frais.<\/li>\n\n\n\n<li>Diffuseurs sans \u00e9blouissement : Les trois diffuseurs diff\u00e9rents pour ce canal offrent une illumination sans points et sans \u00e9blouissement.<\/li>\n\n\n\n<li>Fonctionne avec de nombreuses bandes LED : Convient aux grandes bandes LED, y compris les syst\u00e8mes \u00e0 double et Philips Hue.<\/li>\n<\/ul>\n<\/div>\n<\/div>\n\n\n\n<div class=\"wp-block-group\" style=\"padding-top:var(--wp--preset--spacing--60);padding-bottom:var(--wp--preset--spacing--60)\"><div class=\"wp-block-group__inner-container is-layout-constrained wp-block-group-is-layout-constrained\">\n<div class=\"wp-block-media-text has-media-on-the-right is-stacked-on-mobile\"><div class=\"wp-block-media-text__content\">\n<h2 class=\"wp-block-heading\" style=\"font-size:25px;font-style:normal;font-weight:600;text-transform:capitalize\">Comment installer<\/h2>\n\n\n\n<ul class=\"wp-block-list\">\n<li>Coupez le canal en aluminium et le plateau central \u00e0 la bonne longueur.<\/li>\n\n\n\n<li>Collez les bandes LED \u00e0 l'int\u00e9rieur du plateau amovible et fixez le plateau dans le canal avec des vis.<\/li>\n\n\n\n<li>Placez le driver LED au fond de la chambre qui lui est d\u00e9j\u00e0 destin\u00e9e.<\/li>\n\n\n\n<li>Connectez et testez le driver et les bandes LED.<\/li>\n\n\n\n<li>Couvrez le diffuseur et fixez les capuchons aux deux extr\u00e9mit\u00e9s.<\/li>\n\n\n\n<li>Utilisez des boucles en U pour encastrer la lumi\u00e8re du canal dans le plafond ou le mur sec.<\/li>\n<\/ul>\n<\/div><figure class=\"wp-block-media-text__media\"><img loading=\"lazy\" decoding=\"async\" width=\"500\" height=\"500\" src=\"https:\/\/tangooled.com\/wp-content\/uploads\/2025\/07\/r7572-ins.webp\" alt=\"75mm recessed aluminum led channel with built in driver space\" class=\"wp-image-41240 size-full\" srcset=\"https:\/\/tangooled.com\/wp-content\/uploads\/2025\/07\/r7572-ins.webp 500w, https:\/\/tangooled.com\/wp-content\/uploads\/2025\/07\/r7572-ins-300x300.webp 300w, https:\/\/tangooled.com\/wp-content\/uploads\/2025\/07\/r7572-ins-150x150.webp 150w\" sizes=\"auto, (max-width: 500px) 100vw, 500px\" \/><\/figure><\/div>\n<\/div><\/div>\n\n\n\n<div class=\"wp-block-group has-background\" style=\"background-color:#f1f1f1f2;padding-top:var(--wp--preset--spacing--80);padding-bottom:var(--wp--preset--spacing--80)\"><div class=\"wp-block-group__inner-container is-layout-constrained wp-block-group-is-layout-constrained\">\n<h2 class=\"wp-block-heading\" style=\"padding-top:var(--wp--preset--spacing--40);padding-bottom:var(--wp--preset--spacing--40);font-size:25px;font-style:normal;font-weight:600;text-transform:capitalize\">Que pouvez-vous obtenir dans le kit ?<\/h2>\n\n\n\n<ul class=\"wp-block-list\">\n<li>Canal en aluminium anodis\u00e9 et plateau central (coup\u00e9 \u00e0 la taille)<\/li>\n\n\n\n<li>Diffuseur LED opale, givr\u00e9 ou micro-prismatique<\/li>\n\n\n\n<li>Deux capuchons m\u00e9talliques<\/li>\n\n\n\n<li>Boucles encastr\u00e9es<\/li>\n\n\n\n<li>Connecteurs<\/li>\n<\/ul>\n<\/div><\/div>\n\n\n\n<div class=\"wp-block-group\" style=\"padding-top:var(--wp--preset--spacing--80);padding-bottom:var(--wp--preset--spacing--80)\"><div class=\"wp-block-group__inner-container is-layout-constrained wp-block-group-is-layout-constrained\">\n<h2 class=\"wp-block-heading\" style=\"padding-top:var(--wp--preset--spacing--40);padding-bottom:var(--wp--preset--spacing--40);font-size:25px;font-style:normal;font-weight:600;text-transform:capitalize\">O\u00f9 utiliser ce canal LED encastr\u00e9 de 75x75 mm<\/h2>\n\n\n\n<ul class=\"wp-block-list\">\n<li>Maisons : salons et salles de cin\u00e9ma \u00e0 domicile, o\u00f9 vous d\u00e9sirez des lignes de lumi\u00e8re propres et modernes.<\/li>\n\n\n\n<li>Bureaux : Couloirs et salles de conf\u00e9rence avec une \u00e9l\u00e9gante lumi\u00e8re ambiante.<\/li>\n\n\n\n<li>Vente au d\u00e9tail et h\u00f4tellerie : Utilisez un \u00e9clairage d'accent ou un \u00e9clairage de corniche pour attirer l'attention sur les d\u00e9tails architecturaux dans les magasins, les halls d'h\u00f4tel et les restaurants.<\/li>\n\n\n\n<li>\u00c9clairage architectural : Utilisez une ligne de lumi\u00e8re forte et brillante pour souligner les murs, les plafonds et les changements d'espace.<\/li>\n<\/ul>\n<\/div><\/div>\n\n\n\n<div class=\"wp-block-group has-background\" style=\"background-color:#f1f1f1;padding-top:var(--wp--preset--spacing--80);padding-bottom:var(--wp--preset--spacing--80)\"><div class=\"wp-block-group__inner-container is-layout-constrained wp-block-group-is-layout-constrained\">\n<h2 class=\"wp-block-heading\" style=\"padding-top:var(--wp--preset--spacing--40);padding-bottom:var(--wp--preset--spacing--40);font-size:25px;font-style:normal;font-weight:600;text-transform:capitalize\">R\u00e9sum\u00e9<\/h2>\n\n\n\n<p style=\"padding-right:var(--wp--preset--spacing--50);padding-left:var(--wp--preset--spacing--50)\">Ce profil LED encastr\u00e9 de 75x75 mm avec espace de driver int\u00e9gr\u00e9 est la meilleure extrusion LED pour ceux qui souhaitent un \u00e9clairage architectural sans bordure et facile \u00e0 installer. Il produit une lumi\u00e8re lin\u00e9aire forte qui s'int\u00e8gre dans un mur sec ou un plafond plat et offre une finition affleurante.<\/p>\n\n\n\n<p style=\"padding-right:var(--wp--preset--spacing--50);padding-left:var(--wp--preset--spacing--50)\">Il peut \u00eatre utilis\u00e9 dans divers endroits, des cuisines domestiques aux couloirs de bureaux et aux vitrines de magasins. Il dispose de diffuseurs \u00e0 clip qui rendent la lumi\u00e8re douce et sans points, et il a un espace pour de grandes bandes LED.<\/p>\n<\/div><\/div>\n\n\n\n<p style=\"padding-top:var(--wp--preset--spacing--60);padding-bottom:var(--wp--preset--spacing--60)\">Explorez toutes les options, des profils fins aux larges canaux, ainsi que des accessoires comme des capuchons de fin et des kits de montage sur Tangooled :<\/p>\n\n\n\n<ul class=\"wp-block-list\">\n<li><mark style=\"background-color:rgba(0, 0, 0, 0)\" class=\"has-inline-color has-vivid-red-color\"><a href=\"https:\/\/tangooled.com\/fr\/product\/black-led-profile-with-black-diffuser-for-10mm-led-strip-light\/\">Profil LED noir avec diffuseur noir<\/a><\/mark><\/li>\n\n\n\n<li><a href=\"https:\/\/tangooled.com\/fr\/product\/25x6mm-low-profile-led-strip-channel-for-10mm-led-strip-light\/\"><mark style=\"background-color:rgba(0, 0, 0, 0)\" class=\"has-inline-color has-vivid-red-color\">Canal LED \u00e0 profil bas de 25x6 mm<\/mark><\/a><\/li>\n\n\n\n<li><a href=\"https:\/\/tangooled.com\/fr\/product\/surface-mount-led-profile-with-frosted-diffuser-for-10mm-rope-lights\/\"><mark style=\"background-color:rgba(0, 0, 0, 0)\" class=\"has-inline-color has-vivid-red-color\">Profil LED \u00e0 monter sur la surface avec diffuseur d\u00e9poli<\/mark><\/a><\/li>\n<\/ul>\n\n\n\n<p><\/p>","protected":false},"featured_media":14737,"template":"","meta":{"_acf_changed":true,"_seopress_robots_primary_cat":"none","_seopress_titles_title":"75x75mm Ceiling Recessed LED Profile | Integrated Driver Space","_seopress_titles_desc":"Streamline your installation with our 75x75mm ceiling recessed LED profile. Featuring a large built-in driver space, this deep aluminum channel ensures a flawless, dot-free glow for commercial main lighting.","_seopress_robots_index":""},"pcb-width":[232],"product-cat":[193],"class_list":{"0":"post-34992","1":"product","2":"type-product","3":"status-publish","4":"has-post-thumbnail","6":"pcb-width-35-45mm","7":"product-cat-recessed-profile"},"acf":[],"_links":{"self":[{"href":"https:\/\/tangooled.com\/fr\/wp-json\/wp\/v2\/product\/34992","targetHints":{"allow":["GET"]}}],"collection":[{"href":"https:\/\/tangooled.com\/fr\/wp-json\/wp\/v2\/product"}],"about":[{"href":"https:\/\/tangooled.com\/fr\/wp-json\/wp\/v2\/types\/product"}],"wp:featuredmedia":[{"embeddable":true,"href":"https:\/\/tangooled.com\/fr\/wp-json\/wp\/v2\/media\/14737"}],"wp:attachment":[{"href":"https:\/\/tangooled.com\/fr\/wp-json\/wp\/v2\/media?parent=34992"}],"wp:term":[{"taxonomy":"pcb-width","embeddable":true,"href":"https:\/\/tangooled.com\/fr\/wp-json\/wp\/v2\/pcb-width?post=34992"},{"taxonomy":"product-cat","embeddable":true,"href":"https:\/\/tangooled.com\/fr\/wp-json\/wp\/v2\/product-cat?post=34992"}],"curies":[{"name":"wp","href":"https:\/\/api.w.org\/{rel}","templated":true}]}}