{"id":34991,"date":"2025-07-01T05:50:39","date_gmt":"2025-07-01T13:50:39","guid":{"rendered":"https:\/\/tangooled.com\/?post_type=product&#038;p=34991"},"modified":"2026-01-25T22:19:17","modified_gmt":"2026-01-26T06:19:17","slug":"75mm-recessed-black-led-aluminum-channel-for-multi-led-strips","status":"publish","type":"product","link":"https:\/\/tangooled.com\/fr\/product\/75mm-recessed-black-led-aluminum-channel-for-multi-led-strips\/","title":{"rendered":"canal en aluminium noir LED encastr\u00e9 de 75 mm pour bandes LED multiples"},"content":{"rendered":"<div class=\"wp-block-group is-vertical is-layout-flex wp-container-core-group-is-layout-d255d7c4 wp-block-group-is-layout-flex\" style=\"padding-top:var(--wp--preset--spacing--80);padding-bottom:var(--wp--preset--spacing--80)\">\n<p>Notre canal en aluminium noir LED encastr\u00e9 de 75 mm est con\u00e7u pour une int\u00e9gration parfaite. Il poss\u00e8de une largeur int\u00e9rieure de 65 mm, une hauteur de 32 mm et des flasques de 7 mm de chaque c\u00f4t\u00e9. Ce design est d\u00e9velopp\u00e9 pour une installation encastr\u00e9e, qui dissimule les espaces entre l'appareil et la structure du mur ou du plafond, rendant la transition entre eux fluide.<\/p>\n\n\n\n<p>Avec une largeur int\u00e9rieure de 65 mm, ce canal LED noir peut contenir plus d'une bande LED ou une large bande de PCB rigide. Cette fonctionnalit\u00e9 importante garantit que la sortie lumineuse est \u00e9lev\u00e9e tout en vous offrant une exp\u00e9rience d'\u00e9clairage lumineuse.<\/p>\n\n\n\n<p>This 75&#215;32 recessed aluminum channel has diffusers that are opal, frosted, or micro-prismatic. This option gives you the choice between a dotless lighting effect and glare-free light, depending on what you need for your design.<\/p>\n<\/div>\n\n\n\n<div class=\"wp-block-group has-background is-vertical is-layout-flex wp-container-core-group-is-layout-d255d7c4 wp-block-group-is-layout-flex\" style=\"background-color:#f1f1f1;padding-top:var(--wp--preset--spacing--80);padding-bottom:var(--wp--preset--spacing--80)\">\n<div class=\"wp-block-group is-vertical is-layout-flex wp-container-core-group-is-layout-8cf370e7 wp-block-group-is-layout-flex\">\n<h2 class=\"wp-block-heading\" style=\"padding-top:var(--wp--preset--spacing--40);padding-bottom:var(--wp--preset--spacing--40);font-size:25px;font-style:normal;font-weight:600;text-transform:capitalize\">Pourquoi choisir notre canal LED encastr\u00e9 noir de 75 mm ?<\/h2>\n\n\n\n<ul class=\"wp-block-list\">\n<li>The wide size of 75mm \u00d7 32mm lets you put multiple LED strips inside.<\/li>\n\n\n\n<li>Le design encastr\u00e9 vous permet de cacher le canal dans votre mur ou plafond. Il n'y a pas de bords inesth\u00e9tiques, juste des lignes \u00e9pur\u00e9es.<\/li>\n\n\n\n<li>La finition noire mate le rend parfait pour les maisons modernes, bureaux et magasins o\u00f9 le style compte.<\/li>\n\n\n\n<li>Le corps en aluminium refroidit bien les bandes LED, ce qui les fait durer plus longtemps.<\/li>\n\n\n\n<li>Le diffuseur LED diffus\u00e9 donne une lumi\u00e8re uniforme sans point, tandis que le diffuseur micro-prismatique est sans \u00e9blouissement.<\/li>\n\n\n\n<li>It&#8217;s a great choice for high-output lighting in homes, offices, or stores.<\/li>\n<\/ul>\n<\/div>\n<\/div>\n\n\n\n<div class=\"wp-block-group\" style=\"padding-top:var(--wp--preset--spacing--60);padding-bottom:var(--wp--preset--spacing--60)\"><div class=\"wp-block-group__inner-container is-layout-constrained wp-block-group-is-layout-constrained\">\n<div class=\"wp-block-media-text has-media-on-the-right is-stacked-on-mobile\"><div class=\"wp-block-media-text__content\">\n<h2 class=\"wp-block-heading\" style=\"padding-top:var(--wp--preset--spacing--40);padding-bottom:var(--wp--preset--spacing--40);font-size:25px;text-transform:capitalize\">comment installer<\/h2>\n\n\n\n<ul class=\"wp-block-list\">\n<li>D\u00e9coupez une rainure dans le placo, le plafond ou des panneaux de bois sur mesure d'environ 75 mm de large et 32 mm de profondeur.<\/li>\n\n\n\n<li>Collez les bandes LED \u00e0 l'int\u00e9rieur du canal.<\/li>\n\n\n\n<li>Clipsez le couvercle diffuseur et fixez les capuchons d'extr\u00e9mit\u00e9 pour un aspect fini.<\/li>\n\n\n\n<li>Fixez des supports d'encastrement \u00e0 l'arri\u00e8re de ce canal.<\/li>\n\n\n\n<li>Ins\u00e9rez le canal en aluminium noir LED encastr\u00e9 de 75x32 mm affleurant \u00e0 la surface.<\/li>\n<\/ul>\n<\/div><figure class=\"wp-block-media-text__media\"><img loading=\"lazy\" decoding=\"async\" width=\"500\" height=\"500\" src=\"https:\/\/tangooled.com\/wp-content\/uploads\/2025\/07\/r7532-ins-c.webp\" alt=\"75x32mm recessed black led aluminum channel for multi led strips\" class=\"wp-image-41259 size-full\" srcset=\"https:\/\/tangooled.com\/wp-content\/uploads\/2025\/07\/r7532-ins-c.webp 500w, https:\/\/tangooled.com\/wp-content\/uploads\/2025\/07\/r7532-ins-c-300x300.webp 300w, https:\/\/tangooled.com\/wp-content\/uploads\/2025\/07\/r7532-ins-c-150x150.webp 150w\" sizes=\"auto, (max-width: 500px) 100vw, 500px\" \/><\/figure><\/div>\n<\/div><\/div>\n\n\n\n<div class=\"wp-block-group has-background\" style=\"background-color:#f1f1f1;padding-top:var(--wp--preset--spacing--80);padding-bottom:var(--wp--preset--spacing--80)\"><div class=\"wp-block-group__inner-container is-layout-constrained wp-block-group-is-layout-constrained\">\n<h2 class=\"wp-block-heading\" style=\"padding-top:var(--wp--preset--spacing--40);padding-bottom:var(--wp--preset--spacing--40);font-size:25px;font-style:normal;font-weight:600;text-transform:capitalize\">What&#8217;s in the kit?<\/h2>\n\n\n\n<ul class=\"wp-block-list\">\n<li>Profil\u00e9 en aluminium rev\u00eatu de noir<\/li>\n\n\n\n<li>Diffuseur de lumi\u00e8re en PC opale<\/li>\n\n\n\n<li>Capuchons d'extr\u00e9mit\u00e9 en m\u00e9tal<\/li>\n\n\n\n<li>Supports \u00e0 ressort<\/li>\n<\/ul>\n<\/div><\/div>\n\n\n\n<div class=\"wp-block-group\" style=\"padding-top:var(--wp--preset--spacing--80);padding-bottom:var(--wp--preset--spacing--80)\"><div class=\"wp-block-group__inner-container is-layout-constrained wp-block-group-is-layout-constrained\">\n<h2 class=\"wp-block-heading\" style=\"padding-top:var(--wp--preset--spacing--40);padding-bottom:var(--wp--preset--spacing--40);font-size:25px;font-style:normal;font-weight:600;text-transform:capitalize\">Parfait pour ces endroits<\/h2>\n\n\n\n<ul class=\"wp-block-list\">\n<li>Bureaux et magasins spacieux : \u00e9clairage principal pour les espaces ouverts. Encastr\u00e9 pour un \u00e9clairage lumineux et uniforme sans \u00e9blouissement dans les centres de donn\u00e9es et les espaces de coworking.<\/li>\n\n\n\n<li>Espaces publics et sp\u00e9cialis\u00e9s : \u00e9clairage de haute qualit\u00e9 pour des zones telles que des salles de conf\u00e9rence, des centres d'exposition, des couloirs d'h\u00f4pital et de grands halls. Fournit une large couverture lumineuse fonctionnelle.<\/li>\n\n\n\n<li>Retail et exposition : \u00e9clairage d\u2019accent int\u00e9gr\u00e9 pour les murs et \u00e9tag\u00e8res. Il offre une lumi\u00e8re lisse et brillante qui met v\u00e9ritablement en valeur les \u00e9l\u00e9ments dans les showrooms et les magasins haut de gamme.<\/li>\n\n\n\n<li>\u00c9clairage d'\u00e9l\u00e9ments pour des zones haut de gamme. Cr\u00e9e des lignes de lumi\u00e8re qui sont toujours allum\u00e9es et peuvent \u00eatre modifi\u00e9es dans les halls et couloirs d'h\u00f4tel pour guider les visiteurs et am\u00e9liorer l'ambiance.<\/li>\n<\/ul>\n<\/div><\/div>\n\n\n\n<div class=\"wp-block-group has-background\" style=\"background-color:#f1f1f1;padding-top:var(--wp--preset--spacing--80);padding-bottom:var(--wp--preset--spacing--80)\"><div class=\"wp-block-group__inner-container is-layout-constrained wp-block-group-is-layout-constrained\">\n<h2 class=\"wp-block-heading\" style=\"padding-top:var(--wp--preset--spacing--40);padding-bottom:var(--wp--preset--spacing--40);font-size:25px;font-style:normal;font-weight:600;text-transform:capitalize\">Produits connexes pour diff\u00e9rents besoins<\/h2>\n\n\n\n<p style=\"padding-right:var(--wp--preset--spacing--50);padding-left:var(--wp--preset--spacing--50)\">Pour les options de montage en surface, consultez le profil\u00e9 LED \u00e0 montage en surface avec diffuseur diffus\u00e9 pour bandes de lumi\u00e8re de 10 mm.<mark style=\"background-color:rgba(0, 0, 0, 0)\" class=\"has-inline-color has-vivid-red-color\"> <a href=\"https:\/\/tangooled.com\/fr\/product\/surface-mount-led-profile-with-frosted-diffuser-for-10mm-rope-lights\/\">ici<\/a>.<\/mark> Si vous avez besoin d'un canal en forme de U, essayez le profil\u00e9 en aluminium noir en U pour bandes LED de 10 mm. <a href=\"https:\/\/tangooled.com\/fr\/product\/black-aluminum-u-channel-profile-for-10mm-led-strips\/\"><mark style=\"background-color:rgba(0, 0, 0, 0)\" class=\"has-inline-color has-vivid-red-color\">lien<\/mark><\/a>. Pour les bandes LED doubl\u00e9es dans des profils plus \u00e9troits, v\u00e9rifiez le canal de bande LED pour armoire avec diffuseur pour bandes LED doubles. <a href=\"https:\/\/tangooled.com\/fr\/product\/cabinet-led-strip-channel-with-diffuser-for-double-led-strips\/\"><mark style=\"background-color:rgba(0, 0, 0, 0)\" class=\"has-inline-color has-vivid-red-color\">page<\/mark><\/a>.<\/p>\n<\/div><\/div>\n\n\n\n<div class=\"wp-block-group\" style=\"padding-top:var(--wp--preset--spacing--80);padding-bottom:var(--wp--preset--spacing--80)\"><div class=\"wp-block-group__inner-container is-layout-constrained wp-block-group-is-layout-constrained\">\n<h2 class=\"wp-block-heading\" style=\"padding-top:var(--wp--preset--spacing--40);padding-bottom:var(--wp--preset--spacing--40);font-size:25px;text-transform:capitalize\">R\u00e9sum\u00e9<\/h2>\n\n\n\n<p>Lorsque vous avez besoin d'un bo\u00eetier LED noir de grande taille, encastr\u00e9 et fabriqu\u00e9 en aluminium anodis\u00e9, notre canal en aluminium noir LED encastr\u00e9 de 75x32 mm pour plusieurs bandes LED est la meilleure solution. Il fonctionne avec diff\u00e9rents types de bandes LED et aide \u00e0 cr\u00e9er un \u00e9clairage propre, lumineux et \u00e9l\u00e9gant pour n'importe quel espace.<\/p>\n<\/div><\/div>\n\n\n\n<p><\/p>","protected":false},"featured_media":14746,"template":"","meta":{"_acf_changed":true,"_seopress_robots_primary_cat":"none","_seopress_titles_title":"75mm Wide Recessed LED Channel | Dot-Free Profile | TANGOOLED","_seopress_titles_desc":"The R7532 is a premium 75mm wide recessed LED channel with 32mm depth for a perfect dot-free finish. Ideal for multi-row LED strips in commercial and office lighting projects.","_seopress_robots_index":""},"pcb-width":[233],"product-cat":[193],"class_list":{"0":"post-34991","1":"product","2":"type-product","3":"status-publish","4":"has-post-thumbnail","6":"pcb-width-50-90mm","7":"product-cat-recessed-profile"},"acf":[],"_links":{"self":[{"href":"https:\/\/tangooled.com\/fr\/wp-json\/wp\/v2\/product\/34991","targetHints":{"allow":["GET"]}}],"collection":[{"href":"https:\/\/tangooled.com\/fr\/wp-json\/wp\/v2\/product"}],"about":[{"href":"https:\/\/tangooled.com\/fr\/wp-json\/wp\/v2\/types\/product"}],"wp:featuredmedia":[{"embeddable":true,"href":"https:\/\/tangooled.com\/fr\/wp-json\/wp\/v2\/media\/14746"}],"wp:attachment":[{"href":"https:\/\/tangooled.com\/fr\/wp-json\/wp\/v2\/media?parent=34991"}],"wp:term":[{"taxonomy":"pcb-width","embeddable":true,"href":"https:\/\/tangooled.com\/fr\/wp-json\/wp\/v2\/pcb-width?post=34991"},{"taxonomy":"product-cat","embeddable":true,"href":"https:\/\/tangooled.com\/fr\/wp-json\/wp\/v2\/product-cat?post=34991"}],"curies":[{"name":"wp","href":"https:\/\/api.w.org\/{rel}","templated":true}]}}