{"id":34990,"date":"2025-07-01T05:43:20","date_gmt":"2025-07-01T13:43:20","guid":{"rendered":"https:\/\/tangooled.com\/?post_type=product&#038;p=34990"},"modified":"2026-02-02T22:23:03","modified_gmt":"2026-02-03T06:23:03","slug":"inner-66mm-recessed-led-channel-for-led-strip-lighting","status":"publish","type":"product","link":"https:\/\/tangooled.com\/fr\/product\/inner-66mm-recessed-led-channel-for-led-strip-lighting\/","title":{"rendered":"canal LED encastr\u00e9 int\u00e9rieur 66 mm pour \u00e9clairage \u00e0 bande LED"},"content":{"rendered":"<div class=\"wp-block-group is-vertical is-layout-flex wp-container-core-group-is-layout-d255d7c4 wp-block-group-is-layout-flex\" style=\"padding-top:var(--wp--preset--spacing--80);padding-bottom:var(--wp--preset--spacing--80)\">\n<p>Le profil de canal LED encastr\u00e9 int\u00e9rieur de 66 mm est con\u00e7u pour des solutions d'\u00e9clairage brillantes et tout-en-un. Il a une belle hauteur de 18 mm et une grande largeur int\u00e9rieure de 66 mm, ce qui lui permet de contenir de nombreuses bandes LED \u00e0 plusieurs rang\u00e9es et de diffuser plus de lumi\u00e8re.<\/p>\n\n\n\n<p>Ce canal en aluminium large et peu profond avec des flasques est con\u00e7u pour \u00eatre assembl\u00e9 sans coutures. Comme indiqu\u00e9 dans le diagramme d'installation, il est solidement fix\u00e9 aux plafonds avec des supports \u00e0 ressort. L'ajout d'un couvercle diffuseur en PC au profil vous donnera un effet d'\u00e9clairage plus large et plus doux qui semble plus professionnel en r\u00e9duisant les ombres dures et les points chauds.<\/p>\n\n\n\n<p> .<\/p>\n<\/div>\n\n\n\n<div class=\"wp-block-group has-background\" style=\"background-color:#f1f1f1;padding-top:var(--wp--preset--spacing--80);padding-bottom:var(--wp--preset--spacing--80)\"><div class=\"wp-block-group__inner-container is-layout-constrained wp-block-group-is-layout-constrained\">\n<div class=\"wp-block-group is-vertical is-layout-flex wp-container-core-group-is-layout-8cf370e7 wp-block-group-is-layout-flex\">\n<h2 class=\"wp-block-heading\" style=\"padding-top:var(--wp--preset--spacing--40);padding-bottom:var(--wp--preset--spacing--40);font-size:25px;font-style:normal;font-weight:600;text-transform:capitalize\">Pourquoi choisir notre canal LED encastr\u00e9 int\u00e9rieur de 66 mm ?<\/h2>\n\n\n\n<ul class=\"wp-block-list\">\n<li>La largeur int\u00e9rieure de 66 mm convient \u00e0 de nombreuses bandes LED ou bandes \u00e0 double rang\u00e9e.<\/li>\n\n\n\n<li>Id\u00e9al pour \u00e9clairer des b\u00e2timents, des murs et l'espace sous les armoires.<\/li>\n\n\n\n<li>Aide \u00e0 la gestion thermique en agissant comme un dissipateur de chaleur pour les LED, ce qui prolonge la dur\u00e9e de vie de la lumi\u00e8re.&nbsp;<\/li>\n\n\n\n<li>Facile \u00e0 installer avec un support \u00e0 ressort ou des flasques \u00e0 pl\u00e2tre pour un look sans bord.<\/li>\n\n\n\n<li>Compatible avec des bandes LED jusqu'\u00e0 65 mm de large.<\/li>\n\n\n\n<li>Utilisez-le pour \u00e9clairer des magasins, pour des t\u00e2ches, ou m\u00eame pour concevoir un \u00e9clairage de bureau.<\/li>\n<\/ul>\n<\/div>\n<\/div><\/div>\n\n\n\n<div class=\"wp-block-group\" style=\"padding-top:var(--wp--preset--spacing--60);padding-bottom:var(--wp--preset--spacing--60)\"><div class=\"wp-block-group__inner-container is-layout-constrained wp-block-group-is-layout-constrained\">\n<div class=\"wp-block-media-text has-media-on-the-right is-stacked-on-mobile\" style=\"grid-template-columns:auto 40%\"><div class=\"wp-block-media-text__content\">\n<h2 class=\"wp-block-heading\" style=\"padding-top:var(--wp--preset--spacing--40);padding-bottom:var(--wp--preset--spacing--40);font-size:25px;font-style:normal;font-weight:600;text-transform:capitalize\">Comment utiliser le canal LED encastr\u00e9 int\u00e9rieur de 66 mm<\/h2>\n\n\n\n<ul class=\"wp-block-list\">\n<li>D\u00e9coupez une rainure dans le placopl\u00e2tre ou le panneau de pl\u00e2tre de la m\u00eame taille que le canal.<\/li>\n\n\n\n<li>Utilisez des clips \u00e0 ressort pour maintenir le canal en place, ou utilisez la flasque \u00e0 pl\u00e2tre pour l'installer directement.<\/li>\n\n\n\n<li>Mettez du pl\u00e2tre sur les flasques pour une finition lisse et sans bord.<\/li>\n\n\n\n<li>Placez vos bandes LED dans le canal.<\/li>\n\n\n\n<li>Ajoutez le diffuseur d\u00e9poli pour obtenir une ligne de lumi\u00e8re claire sans points chauds.<\/li>\n<\/ul>\n<\/div><figure class=\"wp-block-media-text__media\"><img loading=\"lazy\" decoding=\"async\" width=\"500\" height=\"500\" src=\"https:\/\/tangooled.com\/wp-content\/uploads\/2025\/07\/r7518-ins.webp\" alt=\"inner 66mm recessed led channel for led strip lighting\" class=\"wp-image-41888 size-full\" srcset=\"https:\/\/tangooled.com\/wp-content\/uploads\/2025\/07\/r7518-ins.webp 500w, https:\/\/tangooled.com\/wp-content\/uploads\/2025\/07\/r7518-ins-300x300.webp 300w, https:\/\/tangooled.com\/wp-content\/uploads\/2025\/07\/r7518-ins-150x150.webp 150w\" sizes=\"auto, (max-width: 500px) 100vw, 500px\" \/><\/figure><\/div>\n<\/div><\/div>\n\n\n\n<div class=\"wp-block-group has-background is-vertical is-layout-flex wp-container-core-group-is-layout-b429018a wp-block-group-is-layout-flex\" style=\"background-color:#f1f1f1f2;padding-top:var(--wp--preset--spacing--70);padding-bottom:var(--wp--preset--spacing--70)\">\n<h2 class=\"wp-block-heading\" style=\"padding-top:var(--wp--preset--spacing--40);padding-bottom:var(--wp--preset--spacing--40);font-size:25px;font-style:normal;font-weight:600\">Id\u00e9al pour ces projets d'\u00e9clairage<\/h2>\n\n\n\n<ul class=\"wp-block-list\">\n<li>\u00c9clairage architectural : Cr\u00e9ez un \u00e9clairage lin\u00e9aire long au plafond avec un look moderne.<\/li>\n\n\n\n<li>\u00c9clairage de mise en valeur des murs : Mettez en avant les textures sur les murs et autres surfaces.<\/li>\n\n\n\n<li>\u00c9clairage derri\u00e8re les armoires : Parfait pour les cuisines ou les espaces de travail.<\/li>\n\n\n\n<li>\u00c9clairage pour magasins et galeries : Un \u00e9clairage brillant et uniforme mettra en valeur des \u0153uvres d'art ou des objets.<\/li>\n\n\n\n<li>Conception d'\u00e9clairage de bureau : Assurez-vous que les espaces de travail disposent d'un \u00e9clairage propre et uniforme pour aider les gens \u00e0 mieux se concentrer.<\/li>\n<\/ul>\n<\/div>\n\n\n\n<div class=\"wp-block-group\" style=\"padding-top:var(--wp--preset--spacing--80);padding-bottom:var(--wp--preset--spacing--80)\"><div class=\"wp-block-group__inner-container is-layout-constrained wp-block-group-is-layout-constrained\">\n<h2 class=\"wp-block-heading\" style=\"padding-top:var(--wp--preset--spacing--40);padding-bottom:var(--wp--preset--spacing--40);font-size:25px;font-style:normal;font-weight:600;text-transform:capitalize\">What\u2019s in the box?<\/h2>\n\n\n\n<ul class=\"wp-block-list\">\n<li>Canal LED int\u00e9rieur de 66 mm avec flasque<\/li>\n\n\n\n<li>Diffuseur de lumi\u00e8re d\u00e9poli<\/li>\n\n\n\n<li>Capuchons d'extr\u00e9mit\u00e9 en m\u00e9tal<\/li>\n\n\n\n<li>Support \u00e0 ressort<\/li>\n<\/ul>\n<\/div><\/div>\n\n\n\n<div class=\"wp-block-group has-background\" style=\"background-color:#f1f1f1;padding-top:var(--wp--preset--spacing--80);padding-bottom:var(--wp--preset--spacing--80)\"><div class=\"wp-block-group__inner-container is-layout-constrained wp-block-group-is-layout-constrained\">\n<h2 class=\"wp-block-heading\" style=\"padding-top:var(--wp--preset--spacing--40);padding-bottom:var(--wp--preset--spacing--40);font-size:25px;font-style:normal;font-weight:600;text-transform:capitalize\">En savoir plus et voir les produits associ\u00e9s<\/h2>\n\n\n\n<ul class=\"wp-block-list\">\n<li>V\u00e9rifiez notre <a href=\"https:\/\/tangooled.com\/fr\/product\/black-led-profile-with-black-diffuser-for-10mm-led-strip-light\/\"><mark style=\"background-color:rgba(0, 0, 0, 0)\" class=\"has-inline-color has-vivid-red-color\">profil LED noir avec diffuseur noir pour bande lumineuse LED de 10 mm<\/mark><\/a> pour une option plus \u00e9l\u00e9gante et plus petite.<\/li>\n\n\n\n<li>Explorez le <a href=\"https:\/\/tangooled.com\/fr\/product\/surface-mount-led-profile-with-frosted-diffuser-for-10mm-rope-lights\/\"><mark style=\"background-color:rgba(0, 0, 0, 0)\" class=\"has-inline-color has-vivid-red-color\">profil LED \u00e0 monter en surface avec diffuseur d\u00e9poli pour \u00e9clairage \u00e0 corde de 10 mm<\/mark><\/a> pour une installation en surface facile.<\/li>\n\n\n\n<li>Voir le <a href=\"https:\/\/tangooled.com\/fr\/product\/led-strip-light-channel-aluminum-profile-with-diffused-cover-6mm-height\/\"><mark style=\"background-color:rgba(0, 0, 0, 0)\" class=\"has-inline-color has-vivid-red-color\">Profil en aluminium pour bande LED avec couvercle diffusant de 6 mm de hauteur<\/mark><\/a> pour une solution encastr\u00e9e \u00e0 faible profil.<\/li>\n\n\n\n<li>D\u00e9couvrez <a href=\"https:\/\/tangooled.com\/fr\/product\/black-aluminum-u-channel-profile-for-10mm-led-strips\/\"><mark style=\"background-color:rgba(0, 0, 0, 0)\" class=\"has-inline-color has-vivid-red-color\">profil de canal en aluminium noir en U pour bandes LED de 10 mm<\/mark><\/a> pour des profils de montage simples et \u00e9l\u00e9gants.<\/li>\n<\/ul>\n<\/div><\/div>\n\n\n\n<div class=\"wp-block-group\" style=\"padding-top:var(--wp--preset--spacing--80);padding-bottom:var(--wp--preset--spacing--80)\"><div class=\"wp-block-group__inner-container is-layout-constrained wp-block-group-is-layout-constrained\">\n<h2 class=\"wp-block-heading\" style=\"padding-top:var(--wp--preset--spacing--40);padding-bottom:var(--wp--preset--spacing--40);font-size:25px;font-style:normal;font-weight:600;text-transform:capitalize\">R\u00e9sum\u00e9<\/h2>\n\n\n\n<p>Notre canal LED encastr\u00e9 int\u00e9rieur de 66 mm est le choix parfait pour l'\u00e9clairage lin\u00e9aire architectural. Il pr\u00e9sente une large largeur int\u00e9rieure qui le rend plus facile \u00e0 utiliser avec des bandes LED haute densit\u00e9 et forme une ligne de lumi\u00e8re sans points. Le corps en aluminium anodis\u00e9 de grande qualit\u00e9 aide les LED \u00e0 rester au frais. Il s'int\u00e8gre parfaitement dans le placopl\u00e2tre ou le panneau de pl\u00e2tre, vous offrant un look propre et moderne sans aucun bord. Vous pouvez l'utiliser pour l'\u00e9clairage g\u00e9n\u00e9ral, le mise en valeur des murs ou l'\u00e9clairage sous les armoires dans les entreprises et les maisons.<\/p>\n<\/div><\/div>\n\n\n\n<p><\/p>","protected":false},"featured_media":14754,"template":"","meta":{"_acf_changed":true,"_seopress_robots_primary_cat":"none","_seopress_titles_title":"Inner 66mm Recessed LED Channel Aluminum Profile | TANGOOLED","_seopress_titles_desc":"The R7518 features a spacious 66mm inner width, perfect for multi-row LED strips. This wide recessed channel provides high-output linear lighting and superior heat management for LED lighting.","_seopress_robots_index":""},"pcb-width":[233],"product-cat":[193],"class_list":{"0":"post-34990","1":"product","2":"type-product","3":"status-publish","4":"has-post-thumbnail","6":"pcb-width-50-90mm","7":"product-cat-recessed-profile"},"acf":[],"_links":{"self":[{"href":"https:\/\/tangooled.com\/fr\/wp-json\/wp\/v2\/product\/34990","targetHints":{"allow":["GET"]}}],"collection":[{"href":"https:\/\/tangooled.com\/fr\/wp-json\/wp\/v2\/product"}],"about":[{"href":"https:\/\/tangooled.com\/fr\/wp-json\/wp\/v2\/types\/product"}],"wp:featuredmedia":[{"embeddable":true,"href":"https:\/\/tangooled.com\/fr\/wp-json\/wp\/v2\/media\/14754"}],"wp:attachment":[{"href":"https:\/\/tangooled.com\/fr\/wp-json\/wp\/v2\/media?parent=34990"}],"wp:term":[{"taxonomy":"pcb-width","embeddable":true,"href":"https:\/\/tangooled.com\/fr\/wp-json\/wp\/v2\/pcb-width?post=34990"},{"taxonomy":"product-cat","embeddable":true,"href":"https:\/\/tangooled.com\/fr\/wp-json\/wp\/v2\/product-cat?post=34990"}],"curies":[{"name":"wp","href":"https:\/\/api.w.org\/{rel}","templated":true}]}}