{"id":34989,"date":"2025-07-01T05:39:58","date_gmt":"2025-07-01T13:39:58","guid":{"rendered":"https:\/\/tangooled.com\/?post_type=product&#038;p=34989"},"modified":"2026-01-31T01:37:49","modified_gmt":"2026-01-31T09:37:49","slug":"13mm-thin-large-recessed-75mm-width-led-profile","status":"publish","type":"product","link":"https:\/\/tangooled.com\/fr\/product\/13mm-thin-large-recessed-75mm-width-led-profile\/","title":{"rendered":"Profil\u00e9 LED encastr\u00e9 large de 75 mm de largeur et de 13 mm d'\u00e9paisseur"},"content":{"rendered":"<div class=\"wp-block-group is-vertical is-layout-flex wp-container-core-group-is-layout-d255d7c4 wp-block-group-is-layout-flex\" style=\"padding-top:var(--wp--preset--spacing--80);padding-bottom:var(--wp--preset--spacing--80)\">\n<p>The R7513 is\u00a0a 13mm thin, 75mm wide\u00a0recessed LED profile\u00a0made for high-output, flush-mount lighting. This profile&#8217;s low height of 13mm and large inner size of 63.7mm make it perfect for holding multiple rows of LED strips, ensuring maximum light while staying minimal.<\/p>\n\n\n\n<p>Ce profil\u00e9 en aluminium est con\u00e7u pour s'int\u00e9grer parfaitement dans les murs ou les plafonds sans couture. Le diagramme d'installation illustre que le canal est maintenu en place par des supports \u00e0 ressort. Un diffuseur en PC rendra la lumi\u00e8re LED encore plus douce, mieux r\u00e9partie et r\u00e9duira l'\u00e9blouissement pour un effet propre et professionnel.<\/p>\n\n\n\n<p>Ce profil\u00e9 adaptable \u00e0 haut rendement est id\u00e9al pour de nombreux projets d'\u00e9clairage int\u00e9rieur, y compris l'\u00e9clairage g\u00e9n\u00e9ral et d'accentuation dans des environnements professionnels, notamment les bureaux, les usines, les supermarch\u00e9s, les espaces commerciaux et les int\u00e9rieurs architecturaux.<\/p>\n<\/div>\n\n\n\n<div class=\"wp-block-group has-background\" style=\"background-color:#f1f1f1;padding-top:var(--wp--preset--spacing--80);padding-bottom:var(--wp--preset--spacing--80)\"><div class=\"wp-block-group__inner-container is-layout-constrained wp-block-group-is-layout-constrained\">\n<div class=\"wp-block-group\"><div class=\"wp-block-group__inner-container is-layout-constrained wp-block-group-is-layout-constrained\">\n<h2 class=\"wp-block-heading\" style=\"padding-top:var(--wp--preset--spacing--40);padding-bottom:var(--wp--preset--spacing--40);font-size:25px;font-style:normal;font-weight:600;text-transform:capitalize\">Pourquoi choisir notre profil\u00e9 LED encastr\u00e9 de 75x13 mm ?<\/h2>\n\n\n\n<ul class=\"wp-block-list\">\n<li>Le profil ultra-fin de 13 mm s'adapte \u00e0 l'int\u00e9rieur de murs ou de plafonds fins.<\/li>\n\n\n\n<li>L'ouverture de 75 mm permet d'accueillir plusieurs bandes LED \u00e0 l'int\u00e9rieur, ce qui rend la lumi\u00e8re forte et sans points.<\/li>\n\n\n\n<li>Fabriqu\u00e9 en aluminium anodis\u00e9 6063-T5 de haute qualit\u00e9, qui est un excellent dissipateur de chaleur.&nbsp;<\/li>\n\n\n\n<li>Poss\u00e8de un diffuseur opale \u00e0 clipser qui rend la lumi\u00e8re lisse et uniforme sans spots chauds.<\/li>\n<\/ul>\n<\/div><\/div>\n<\/div><\/div>\n\n\n\n<div class=\"wp-block-group\" style=\"padding-top:var(--wp--preset--spacing--60);padding-bottom:var(--wp--preset--spacing--60)\"><div class=\"wp-block-group__inner-container is-layout-constrained wp-block-group-is-layout-constrained\">\n<div class=\"wp-block-media-text has-media-on-the-right is-stacked-on-mobile\" style=\"grid-template-columns:auto 40%\"><div class=\"wp-block-media-text__content\">\n<h2 class=\"wp-block-heading\" style=\"padding-top:var(--wp--preset--spacing--40);padding-bottom:var(--wp--preset--spacing--40);font-size:25px;font-style:normal;font-weight:600;text-transform:capitalize\">Installation facile<\/h2>\n\n\n\n<ul class=\"wp-block-list\">\n<li>Coupez le pl\u00e2tre ou le placo pour s'adapter au profil\u00e9&nbsp;<\/li>\n\n\n\n<li>Fixez le profil\u00e9 aux montants ou aux solives du plafond&nbsp;<\/li>\n\n\n\n<li>Appliquez de la boue de pl\u00e2tre sur les trous (installation par encastrement)&nbsp;<\/li>\n\n\n\n<li>Peignez et finissez pour un aspect lisse et sans cadre&nbsp;<\/li>\n\n\n\n<li>Ins\u00e9rez votre bande LED&nbsp;<\/li>\n\n\n\n<li>Clipsez le diffuseur pour terminer votre extrusion LED \u00e0 pl\u00e2tre<\/li>\n<\/ul>\n<\/div><figure class=\"wp-block-media-text__media\"><img loading=\"lazy\" decoding=\"async\" width=\"500\" height=\"500\" src=\"https:\/\/tangooled.com\/wp-content\/uploads\/2025\/07\/r7513-ins.webp\" alt=\"13mm thin large recessed 75mm width led profile\" class=\"wp-image-41879 size-full\" srcset=\"https:\/\/tangooled.com\/wp-content\/uploads\/2025\/07\/r7513-ins.webp 500w, https:\/\/tangooled.com\/wp-content\/uploads\/2025\/07\/r7513-ins-300x300.webp 300w, https:\/\/tangooled.com\/wp-content\/uploads\/2025\/07\/r7513-ins-150x150.webp 150w\" sizes=\"auto, (max-width: 500px) 100vw, 500px\" \/><\/figure><\/div>\n<\/div><\/div>\n\n\n\n<div class=\"wp-block-group has-background is-vertical is-layout-flex wp-container-core-group-is-layout-d255d7c4 wp-block-group-is-layout-flex\" style=\"background-color:#f1f1f1;padding-top:var(--wp--preset--spacing--80);padding-bottom:var(--wp--preset--spacing--80)\">\n<h2 class=\"wp-block-heading\" style=\"padding-top:var(--wp--preset--spacing--40);padding-bottom:var(--wp--preset--spacing--40);font-size:25px;font-style:normal;font-weight:600;text-transform:capitalize\">Id\u00e9al pour ces usages<\/h2>\n\n\n\n<ul class=\"wp-block-list\">\n<li>Extrusion LED architecturale pour murs et plafonds modernes&nbsp;<\/li>\n\n\n\n<li>\u00c9clairage g\u00e9n\u00e9ral pour maisons, entreprises et magasins&nbsp;<\/li>\n\n\n\n<li>\u00c9clairage de pr\u00e9sentation pour faire ressortir le produit<\/li>\n\n\n\n<li>\u00c9clairage d'accentuation sous les armoires<\/li>\n<\/ul>\n<\/div>\n\n\n\n<div class=\"wp-block-group\" style=\"padding-top:var(--wp--preset--spacing--80);padding-bottom:var(--wp--preset--spacing--80)\"><div class=\"wp-block-group__inner-container is-layout-constrained wp-block-group-is-layout-constrained\">\n<h2 class=\"wp-block-heading\" style=\"padding-top:var(--wp--preset--spacing--40);padding-bottom:var(--wp--preset--spacing--40);font-size:25px;font-style:normal;font-weight:600;text-transform:capitalize\">Id\u00e9al pour ces usages<\/h2>\n\n\n\n<ul class=\"wp-block-list\">\n<li>Extrusion LED architecturale pour murs et plafonds modernes&nbsp;<\/li>\n\n\n\n<li>\u00c9clairage g\u00e9n\u00e9ral pour maisons, entreprises et magasins&nbsp;<\/li>\n\n\n\n<li>\u00c9clairage de pr\u00e9sentation pour faire ressortir le produit<\/li>\n\n\n\n<li>\u00c9clairage d'accentuation sous les armoires<\/li>\n<\/ul>\n<\/div><\/div>\n\n\n\n<div class=\"wp-block-group has-background\" style=\"background-color:#f1f1f1;padding-top:var(--wp--preset--spacing--80);padding-bottom:var(--wp--preset--spacing--80)\"><div class=\"wp-block-group__inner-container is-layout-constrained wp-block-group-is-layout-constrained\">\n<h2 class=\"wp-block-heading\" style=\"padding-top:var(--wp--preset--spacing--40);padding-bottom:var(--wp--preset--spacing--40);font-size:25px;font-style:normal;font-weight:600;text-transform:capitalize\">Pour plus d'options sur d'autres profils, visitez :<\/h2>\n\n\n\n<ul class=\"wp-block-list\">\n<li><a href=\"https:\/\/tangooled.com\/fr\/product\/black-led-diffuser-aluminum-channel-for-12mm-tape-lights\/\"><mark style=\"background-color:rgba(0, 0, 0, 0)\" class=\"has-inline-color has-vivid-red-color\">Profil en aluminium avec diffuseur LED noir pour bandes de 12 mm<\/mark><\/a><\/li>\n\n\n\n<li><a href=\"https:\/\/tangooled.com\/fr\/product\/led-light-diffuser-channel-aluminum-15x12mm-for-10mm-led-strips\/\"><mark style=\"background-color:rgba(0, 0, 0, 0)\" class=\"has-inline-color has-vivid-red-color\">Canal diffuseur de lumi\u00e8re LED en aluminium 15x12mm pour bandes LED de 10mm<\/mark><\/a><\/li>\n\n\n\n<li><a href=\"https:\/\/tangooled.com\/fr\/product\/surface-mount-30mm-led-diffuser-channel-for-two-led-strips\/\"><mark style=\"background-color:rgba(0, 0, 0, 0)\" class=\"has-inline-color has-vivid-red-color\">Canal diffuseur LED de 30 mm \u00e0 montage en surface pour deux bandes LED<\/mark><\/a><\/li>\n<\/ul>\n<\/div><\/div>\n\n\n\n<div class=\"wp-block-group\" style=\"padding-top:var(--wp--preset--spacing--80);padding-bottom:var(--wp--preset--spacing--80)\"><div class=\"wp-block-group__inner-container is-layout-constrained wp-block-group-is-layout-constrained\">\n<h2 class=\"wp-block-heading\" style=\"padding-top:var(--wp--preset--spacing--40);padding-bottom:var(--wp--preset--spacing--40);font-size:25px;font-style:normal;font-weight:600;text-transform:capitalize\">r\u00e9sum\u00e9<\/h2>\n\n\n\n<p style=\"padding-right:var(--wp--preset--spacing--50);padding-left:var(--wp--preset--spacing--50)\">Le profil\u00e9 LED encastr\u00e9 de 75 mm de large et 13 mm d'\u00e9paisseur est un excellent moyen d'ajouter beaucoup d'\u00e9clairage LED encastr\u00e9 \u00e0 un espace moderne. Il est facile d'installer un \u00e9clairage lin\u00e9aire sans cadre avec une illumination sans points car il est petit et dispose d'une large ouverture. Fabriqu\u00e9 en aluminium anodis\u00e9, il refroidit bien vos LED, ce qui les rend plus durables.&nbsp;<\/p>\n<\/div><\/div>\n\n\n\n<p><\/p>","protected":false},"featured_media":14757,"template":"","meta":{"_acf_changed":true,"_seopress_robots_primary_cat":"none","_seopress_titles_title":"75mm Wide Recessed LED Profile | 13mm Thin Aluminum Lighting Channel","_seopress_titles_desc":"Shop our R7513, a 75x13mm recessed led profile designed for wide-span linear lighting. This ultra-thin 13mm profile is perfect for shallow ceilings, providing a massive light surface without requiring deep cutouts.","_seopress_robots_index":""},"pcb-width":[233],"product-cat":[193],"class_list":{"0":"post-34989","1":"product","2":"type-product","3":"status-publish","4":"has-post-thumbnail","6":"pcb-width-50-90mm","7":"product-cat-recessed-profile"},"acf":[],"_links":{"self":[{"href":"https:\/\/tangooled.com\/fr\/wp-json\/wp\/v2\/product\/34989","targetHints":{"allow":["GET"]}}],"collection":[{"href":"https:\/\/tangooled.com\/fr\/wp-json\/wp\/v2\/product"}],"about":[{"href":"https:\/\/tangooled.com\/fr\/wp-json\/wp\/v2\/types\/product"}],"wp:featuredmedia":[{"embeddable":true,"href":"https:\/\/tangooled.com\/fr\/wp-json\/wp\/v2\/media\/14757"}],"wp:attachment":[{"href":"https:\/\/tangooled.com\/fr\/wp-json\/wp\/v2\/media?parent=34989"}],"wp:term":[{"taxonomy":"pcb-width","embeddable":true,"href":"https:\/\/tangooled.com\/fr\/wp-json\/wp\/v2\/pcb-width?post=34989"},{"taxonomy":"product-cat","embeddable":true,"href":"https:\/\/tangooled.com\/fr\/wp-json\/wp\/v2\/product-cat?post=34989"}],"curies":[{"name":"wp","href":"https:\/\/api.w.org\/{rel}","templated":true}]}}