{"id":34988,"date":"2025-07-01T05:35:34","date_gmt":"2025-07-01T13:35:34","guid":{"rendered":"https:\/\/tangooled.com\/?post_type=product&#038;p=34988"},"modified":"2026-01-25T21:08:34","modified_gmt":"2026-01-26T05:08:34","slug":"recessed-large-size-led-aluminum-channel-with-removable-tray-54x67mm","status":"publish","type":"product","link":"https:\/\/tangooled.com\/fr\/product\/recessed-large-size-led-aluminum-channel-with-removable-tray-54x67mm\/","title":{"rendered":"profil\u00e9 aluminium LED encastr\u00e9 de grande taille avec plateau amovible 54x67mm"},"content":{"rendered":"<div class=\"wp-block-group\" style=\"padding-top:var(--wp--preset--spacing--80);padding-bottom:var(--wp--preset--spacing--80)\"><div class=\"wp-block-group__inner-container is-layout-constrained wp-block-group-is-layout-constrained\">\n<p>Le profil\u00e9 aluminium LED R5467 avec couche int\u00e9rieure amovible est un profil encastr\u00e9 profond (67mm de profondeur) con\u00e7u pour un \u00e9clairage sans cadre haut de gamme. Dot\u00e9 d'une largeur de base compact de 54mm, la nouvelle caract\u00e9ristique significative est la couche int\u00e9rieure amovible, qui facilite l'entretien et peut accueillir des bandes LED jusqu'\u00e0 34mm de large.<br>Ce profil est con\u00e7u pour \u00eatre install\u00e9 fermement dans les plafonds, avec un support de fixation encastr\u00e9 le maintenant en place, comme indiqu\u00e9 dans le diagramme. Il offre aux architectes et aux designers un moyen durable et facile \u00e0 entretenir d'obtenir un \u00e9clairage architectural homog\u00e8ne et lumineux.<\/p>\n<\/div><\/div>\n\n\n\n<div class=\"wp-block-group has-background is-vertical is-layout-flex wp-container-core-group-is-layout-d255d7c4 wp-block-group-is-layout-flex\" style=\"background-color:#f1f1f1;padding-top:var(--wp--preset--spacing--80);padding-bottom:var(--wp--preset--spacing--80)\">\n<div class=\"wp-block-group is-vertical is-layout-flex wp-container-core-group-is-layout-8cf370e7 wp-block-group-is-layout-flex\">\n<h2 class=\"wp-block-heading\" style=\"padding-top:var(--wp--preset--spacing--40);padding-bottom:var(--wp--preset--spacing--40);font-size:25px;font-style:normal;font-weight:600;text-transform:capitalize\">Pourquoi choisir notre profil\u00e9 aluminium LED avec couche int\u00e9rieure amovible ?<\/h2>\n\n\n\n<ul class=\"wp-block-list\">\n<li>Couche int\u00e9rieure amovible : facile \u00e0 installer et \u00e0 entretenir les bandes LED sans endommager le mur.<\/li>\n\n\n\n<li>Grande taille et robustesse : fonctionne avec des bandes LED larges et de grandes surfaces.<\/li>\n\n\n\n<li>\u00c9clairage sans points : une lueur douce et uniforme sans zones brillantes ni sombres.<\/li>\n\n\n\n<li>Made of heavy-duty aluminum, it won&#8217;t bend and helps LED strips stay cool.<\/li>\n\n\n\n<li>Design \u00e0 encastrer : remplissez les ailes avec du pl\u00e2tre pour un aspect propre sans contours.<\/li>\n\n\n\n<li>Compatible avec les bandes LED larges et contemporaines : comme les bandes Philips Hue \u00e0 double rang\u00e9e et \u00e0 haute sortie.<\/li>\n<\/ul>\n<\/div>\n<\/div>\n\n\n\n<div class=\"wp-block-group\" style=\"padding-top:var(--wp--preset--spacing--60);padding-bottom:var(--wp--preset--spacing--60)\"><div class=\"wp-block-group__inner-container is-layout-constrained wp-block-group-is-layout-constrained\">\n<div class=\"wp-block-media-text has-media-on-the-right is-stacked-on-mobile\" style=\"grid-template-columns:auto 40%\"><div class=\"wp-block-media-text__content\">\n<h2 class=\"wp-block-heading\" style=\"padding-top:var(--wp--preset--spacing--40);padding-bottom:var(--wp--preset--spacing--40);font-size:25px;font-style:normal;font-weight:600;text-transform:capitalize\">Comment l'utiliser<\/h2>\n\n\n\n<p>Notre profil\u00e9 aluminium LED avec couche int\u00e9rieure amovible fonctionne comme ceci :<\/p>\n\n\n\n<ul class=\"wp-block-list\">\n<li>Placez le bo\u00eetier en aluminium robuste dans la cloison s\u00e8che ou le plafond en pl\u00e2tre.<\/li>\n\n\n\n<li>Put the removable inner layer\u00a0that holds the wire and LED strip in place.<\/li>\n\n\n\n<li>To service or update LEDs, just pull out the tray. You don&#8217;t have to cut or damage the polished surface.<\/li>\n\n\n\n<li>Pour une lumi\u00e8re douce et sans points, ajoutez le diffuseur opalescent de haute qualit\u00e9.<\/li>\n\n\n\n<li>Ce design modulaire intelligent facilite l'installation et l'entretien.<\/li>\n<\/ul>\n<\/div><figure class=\"wp-block-media-text__media\"><img loading=\"lazy\" decoding=\"async\" width=\"500\" height=\"500\" src=\"https:\/\/tangooled.com\/wp-content\/uploads\/2025\/07\/r5467-ins.webp\" alt=\"recessed large size led aluminum channel with removable inner layer\" class=\"wp-image-41872 size-full\" srcset=\"https:\/\/tangooled.com\/wp-content\/uploads\/2025\/07\/r5467-ins.webp 500w, https:\/\/tangooled.com\/wp-content\/uploads\/2025\/07\/r5467-ins-300x300.webp 300w, https:\/\/tangooled.com\/wp-content\/uploads\/2025\/07\/r5467-ins-150x150.webp 150w\" sizes=\"auto, (max-width: 500px) 100vw, 500px\" \/><\/figure><\/div>\n<\/div><\/div>\n\n\n\n<div class=\"wp-block-group has-background\" style=\"background-color:#f1f1f1;padding-top:var(--wp--preset--spacing--80);padding-bottom:var(--wp--preset--spacing--80)\"><div class=\"wp-block-group__inner-container is-layout-constrained wp-block-group-is-layout-constrained\">\n<h2 class=\"wp-block-heading\" style=\"padding-top:var(--wp--preset--spacing--40);padding-bottom:var(--wp--preset--spacing--40);font-size:25px;font-style:normal;font-weight:600;text-transform:capitalize\">O\u00f9 l'utiliser ?<\/h2>\n\n\n\n<p style=\"padding-right:var(--wp--preset--spacing--50);padding-left:var(--wp--preset--spacing--50)\">Ce grand profil\u00e9 aluminium LED encastr\u00e9 est id\u00e9al pour les halls d'h\u00f4tel, les salles de conf\u00e9rence et les pr\u00e9sentoirs dans des environnements commerciaux.<\/p>\n\n\n\n<ul class=\"wp-block-list\">\n<li>Habitations : cuisines, couloirs, salons et maisons modernes.<\/li>\n\n\n\n<li>\u00c9clairage de t\u00e2che : au-dessus des bureaux et des \u00eelots de cuisine.<\/li>\n\n\n\n<li>Decorative Lighting: Create long, bright lines of light that don&#8217;t have any edges.<\/li>\n<\/ul>\n<\/div><\/div>\n\n\n\n<div class=\"wp-block-group\" style=\"padding-top:var(--wp--preset--spacing--80);padding-bottom:var(--wp--preset--spacing--80)\"><div class=\"wp-block-group__inner-container is-layout-constrained wp-block-group-is-layout-constrained\">\n<h2 class=\"wp-block-heading\" style=\"padding-top:var(--wp--preset--spacing--40);padding-bottom:var(--wp--preset--spacing--40);font-size:25px;font-style:normal;font-weight:600;text-transform:capitalize\">Types de LED compatibles<\/h2>\n\n\n\n<ul class=\"wp-block-list\">\n<li>Bandes LED haute densit\u00e9 (plus de 120 LEDs par m\u00e8tre)<\/li>\n\n\n\n<li>Bandes LED COB pour une lumi\u00e8re sans points<\/li>\n\n\n\n<li>Bandes Philips Hue et autres bandes LED larges\u00a0<\/li>\n\n\n\n<li>Bandes LED RGBW et blanches r\u00e9glables<\/li>\n<\/ul>\n<\/div><\/div>\n\n\n\n<div class=\"wp-block-group has-background\" style=\"background-color:#f1f1f1;padding-top:var(--wp--preset--spacing--80);padding-bottom:var(--wp--preset--spacing--80)\"><div class=\"wp-block-group__inner-container is-layout-constrained wp-block-group-is-layout-constrained\">\n<h2 class=\"wp-block-heading\" style=\"padding-top:var(--wp--preset--spacing--40);padding-bottom:var(--wp--preset--spacing--40);font-size:25px;font-style:normal;font-weight:600;text-transform:capitalize\">Accessoires et extras<\/h2>\n\n\n\n<p style=\"padding-right:var(--wp--preset--spacing--50);padding-left:var(--wp--preset--spacing--50)\">Facilitez et organisez votre installation avec des accessoires tels que :<\/p>\n\n\n\n<ul class=\"wp-block-list\">\n<li>Capuchons de fin<\/li>\n\n\n\n<li>Connecteurs pour continuit\u00e9 en ligne droite ou \u00e0 angle de 90 degr\u00e9s<\/li>\n\n\n\n<li>Boucle encastr\u00e9e pour support pendant l'installation<\/li>\n<\/ul>\n<\/div><\/div>\n\n\n\n<div class=\"wp-block-group\" style=\"padding-top:var(--wp--preset--spacing--80);padding-bottom:var(--wp--preset--spacing--80)\"><div class=\"wp-block-group__inner-container is-layout-constrained wp-block-group-is-layout-constrained\">\n<h2 class=\"wp-block-heading\" style=\"font-size:25px;font-style:normal;font-weight:600;text-transform:capitalize\">Produits et lien associ\u00e9s<\/h2>\n\n\n\n<ul class=\"wp-block-list\">\n<li>D\u00e9couvrez plus de profils en aluminium \u00e0 <a href=\"https:\/\/tangooled.com\/fr\/product\/led-strip-light-channel-aluminum-profile-with-diffused-cover-6mm-height\/\"><mark style=\"background-color:rgba(0, 0, 0, 0)\" class=\"has-inline-color has-vivid-red-color\">Profil en aluminium pour bande LED avec couvercle diffusant de 6 mm de hauteur<\/mark><\/a><\/li>\n\n\n\n<li>Consultez notre vaste gamme de <a href=\"https:\/\/tangooled.com\/fr\/product\/25x14m-surface-mounted-led-light-aluminum-profile\/\"><mark style=\"background-color:rgba(0, 0, 0, 0)\" class=\"has-inline-color has-vivid-red-color\">Profil\u00e9 en aluminium pour LED mont\u00e9 en surface de 25x14 m<\/mark><\/a><\/li>\n\n\n\n<li>En savoir plus sur <a href=\"https:\/\/tangooled.com\/fr\/product\/black-led-diffuser-aluminum-channel-for-12mm-tape-lights\/\"><mark style=\"background-color:rgba(0, 0, 0, 0)\" class=\"has-inline-color has-vivid-red-color\">canal en aluminium diffuseur LED noir pour bandes de 12 mm<\/mark><\/a><\/li>\n<\/ul>\n<\/div><\/div>\n\n\n\n<div class=\"wp-block-group\"><div class=\"wp-block-group__inner-container is-layout-constrained wp-block-group-is-layout-constrained\">\n<h2 class=\"wp-block-heading\" style=\"padding-top:var(--wp--preset--spacing--40);padding-bottom:var(--wp--preset--spacing--40);font-size:25px;font-style:normal;font-weight:600;text-transform:capitalize\">R\u00e9sum\u00e9<\/h2>\n\n\n\n<p>This LED aluminum channel with removable inner layer is a smart\u00a0choice for anyone who wants lighting that looks great, lasts a long time, and is easy to keep clean. It also fits flawlessly into walls and ceilings. It is a great choice for both architectural lighting and general lighting because it is made of heavy-duty aluminum. The inner layer can be taken out, making installation and upkeep easy and safe.<\/p>\n<\/div><\/div>","protected":false},"featured_media":14764,"template":"","meta":{"_acf_changed":true,"_seopress_robots_primary_cat":"none","_seopress_titles_title":"Recessed LED Channel with Removable Tray 54x67mm | TANGOOLED","_seopress_titles_desc":"The R5467 is a large-size 54x67mm recessed LED channel featuring a removable tray for easy installation and future maintenance. Perfect for heavy-duty commercial lighting projects requiring long-term reliability.","_seopress_robots_index":""},"pcb-width":[231],"product-cat":[193],"class_list":{"0":"post-34988","1":"product","2":"type-product","3":"status-publish","4":"has-post-thumbnail","6":"pcb-width-25-35mm","7":"product-cat-recessed-profile"},"acf":[],"_links":{"self":[{"href":"https:\/\/tangooled.com\/fr\/wp-json\/wp\/v2\/product\/34988","targetHints":{"allow":["GET"]}}],"collection":[{"href":"https:\/\/tangooled.com\/fr\/wp-json\/wp\/v2\/product"}],"about":[{"href":"https:\/\/tangooled.com\/fr\/wp-json\/wp\/v2\/types\/product"}],"wp:featuredmedia":[{"embeddable":true,"href":"https:\/\/tangooled.com\/fr\/wp-json\/wp\/v2\/media\/14764"}],"wp:attachment":[{"href":"https:\/\/tangooled.com\/fr\/wp-json\/wp\/v2\/media?parent=34988"}],"wp:term":[{"taxonomy":"pcb-width","embeddable":true,"href":"https:\/\/tangooled.com\/fr\/wp-json\/wp\/v2\/pcb-width?post=34988"},{"taxonomy":"product-cat","embeddable":true,"href":"https:\/\/tangooled.com\/fr\/wp-json\/wp\/v2\/product-cat?post=34988"}],"curies":[{"name":"wp","href":"https:\/\/api.w.org\/{rel}","templated":true}]}}