{"id":34986,"date":"2025-07-01T05:33:13","date_gmt":"2025-07-01T13:33:13","guid":{"rendered":"https:\/\/tangooled.com\/?post_type=product&#038;p=34986"},"modified":"2026-01-31T01:33:09","modified_gmt":"2026-01-31T09:33:09","slug":"54mm-recessed-black-ceiling-led-profile-deep-channel","status":"publish","type":"product","link":"https:\/\/tangooled.com\/fr\/product\/54mm-recessed-black-ceiling-led-profile-deep-channel\/","title":{"rendered":"Profil LED noir de 54 mm encastr\u00e9, canal de plafond de 32 mm de profondeur"},"content":{"rendered":"<div class=\"wp-block-group is-vertical is-layout-flex wp-container-core-group-is-layout-d255d7c4 wp-block-group-is-layout-flex\" style=\"padding-top:var(--wp--preset--spacing--80);padding-bottom:var(--wp--preset--spacing--80)\">\n<p>Ce profil LED noir encastr\u00e9 de 54 mm est un choix d'\u00e9clairage profond et flexible qui est con\u00e7u pour bien s'int\u00e9grer au plafond. La base mesure 54 mm de large et 32 mm de haut, elle peut donc accueillir de nombreuses bandes LED de taille moyenne \u00e0 large, comme les bandes COB et les bandes SMD haute densit\u00e9.<\/p>\n\n\n\n<p>Ce profil est fabriqu\u00e9 en un alliage d'aluminium solide qui fait un excellent travail pour \u00e9liminer la chaleur. Cela aide les bandes LED \u00e0 durer plus longtemps. Les clips \u00e0 ressort et les capuchons d'extr\u00e9mit\u00e9 en m\u00e9tal qui l'accompagnent facilitent et s\u00e9curisent son installation dans les plafonds en pl\u00e2tre ou en plaques de pl\u00e2tre, comme montr\u00e9 dans le diagramme.<\/p>\n\n\n\n<p>Ce profil est id\u00e9al pour les applications d'\u00e9clairage commercial et architectural qui n\u00e9cessitent une ligne de lumi\u00e8re propre et droite. Certains exemples incluent les r\u00e9sidences, les espaces de travail, les salles de conf\u00e9rence, les lieux de shopping et les couloirs.<\/p>\n<\/div>\n\n\n\n<div class=\"wp-block-group has-background is-vertical is-layout-flex wp-container-core-group-is-layout-d255d7c4 wp-block-group-is-layout-flex\" style=\"background-color:#f1f1f1;padding-top:var(--wp--preset--spacing--80);padding-bottom:var(--wp--preset--spacing--80)\">\n<div class=\"wp-block-group is-vertical is-layout-flex wp-container-core-group-is-layout-8cf370e7 wp-block-group-is-layout-flex\">\n<h2 class=\"wp-block-heading\" style=\"padding-top:var(--wp--preset--spacing--40);padding-bottom:var(--wp--preset--spacing--40);font-size:25px;font-style:normal;font-weight:600;text-transform:capitalize\">Pourquoi choisir notre profil LED noir encastr\u00e9 de 54 mm ?<\/h2>\n\n\n\n<ul class=\"wp-block-list\">\n<li>Installation sans finition ni encastrement : Le profil s'int\u00e8gre dans des plafonds en plaques de pl\u00e2tre ou en pl\u00e2tre et couvre les bords. Cela donne l'impression que la lumi\u00e8re provient de l'int\u00e9rieur du plafond plut\u00f4t que d'\u00eatre au-dessus.<\/li>\n\n\n\n<li>Construction en aluminium solide : L'alliage d'aluminium 6063-T5 fonctionne comme un dissipateur thermique, prot\u00e9geant les bandes LED de la chaleur.<\/li>\n\n\n\n<li>La finition noire mate profonde s'accorde bien avec de nombreux styles modernes et diffuseurs LED noirs.<\/li>\n\n\n\n<li>The opal diffuser clicks into place and makes the light softer and more even, so there aren&#8217;t any glaring spots or LED dots.<\/li>\n\n\n\n<li>Facile \u00e0 utiliser : L'ensemble complet comprend un lens diffuseur et des capuchons d'extr\u00e9mit\u00e9, ce qui facilite l'assemblage.<\/li>\n<\/ul>\n<\/div>\n<\/div>\n\n\n\n<div class=\"wp-block-group\" style=\"padding-top:var(--wp--preset--spacing--60);padding-bottom:var(--wp--preset--spacing--60)\"><div class=\"wp-block-group__inner-container is-layout-constrained wp-block-group-is-layout-constrained\">\n<div class=\"wp-block-media-text has-media-on-the-right is-stacked-on-mobile\" style=\"grid-template-columns:auto 40%\"><div class=\"wp-block-media-text__content\">\n<h2 class=\"wp-block-heading\" style=\"padding-top:var(--wp--preset--spacing--40);padding-bottom:var(--wp--preset--spacing--40);font-size:25px;font-style:normal;font-weight:600;text-transform:capitalize\">Remarques sur l'installation<\/h2>\n\n\n\n<ul class=\"wp-block-list\">\n<li>Vous pouvez mettre du pl\u00e2tre sur le plafond de plaques de pl\u00e2tre directement sur la bride encastr\u00e9e. Lorsqu'il est peint, le profil ressemble \u00e0 une d\u00e9coupe dans votre plafond.<\/li>\n\n\n\n<li>Utilisez des supports \u00e0 ressort vendus s\u00e9par\u00e9ment pour garantir qu'ils s'adaptent parfaitement.<\/li>\n\n\n\n<li>Fonctionne bien pour des distances prolong\u00e9es lorsque vous connectez de nombreux profils bout \u00e0 bout.<\/li>\n\n\n\n<li>Compatible avec plusieurs types de bandes LED dimmables, y compris les bandes COB, RGBW et \u00e0 temp\u00e9rature variable.<\/li>\n<\/ul>\n<\/div><figure class=\"wp-block-media-text__media\"><img loading=\"lazy\" decoding=\"async\" width=\"500\" height=\"500\" src=\"https:\/\/tangooled.com\/wp-content\/uploads\/2025\/07\/r5432-ins.webp\" alt=\"54mm recessed black led aluminum profile for ceiling\" class=\"wp-image-41866 size-full\" srcset=\"https:\/\/tangooled.com\/wp-content\/uploads\/2025\/07\/r5432-ins.webp 500w, https:\/\/tangooled.com\/wp-content\/uploads\/2025\/07\/r5432-ins-300x300.webp 300w, https:\/\/tangooled.com\/wp-content\/uploads\/2025\/07\/r5432-ins-150x150.webp 150w\" sizes=\"auto, (max-width: 500px) 100vw, 500px\" \/><\/figure><\/div>\n<\/div><\/div>\n\n\n\n<div class=\"wp-block-group has-background is-vertical is-layout-flex wp-container-core-group-is-layout-b429018a wp-block-group-is-layout-flex\" style=\"background-color:#f1f1f1f2;padding-top:var(--wp--preset--spacing--70);padding-bottom:var(--wp--preset--spacing--70)\">\n<h2 class=\"wp-block-heading\" style=\"padding-top:var(--wp--preset--spacing--40);padding-bottom:var(--wp--preset--spacing--40);font-size:25px;font-style:normal;font-weight:600;text-transform:capitalize\">what&#8217;s in the kit?<\/h2>\n\n\n\n<ul class=\"wp-block-list\">\n<li>1x canal LED encastr\u00e9 en aluminium noir<\/li>\n\n\n\n<li>1x diffuseur LED opale<\/li>\n\n\n\n<li>Deux capuchons m\u00e9talliques <\/li>\n\n\n\n<li>Support \u00e0 ressort<\/li>\n<\/ul>\n<\/div>\n\n\n\n<div class=\"wp-block-group is-vertical is-layout-flex wp-container-core-group-is-layout-d255d7c4 wp-block-group-is-layout-flex\" style=\"padding-top:var(--wp--preset--spacing--80);padding-bottom:var(--wp--preset--spacing--80)\">\n<h2 class=\"wp-block-heading\" style=\"padding-top:var(--wp--preset--spacing--40);padding-bottom:var(--wp--preset--spacing--40);font-size:25px;font-style:normal;font-weight:600;text-transform:capitalize\">\u00e0 quoi peut-on utiliser ce profil LED noir encastr\u00e9 de 54 mm ?<\/h2>\n\n\n\n<p>Ce profil LED en aluminium noir est parfait pour de nombreux endroits<\/p>\n\n\n\n<ul class=\"wp-block-list\">\n<li>Bureaux et salles de conf\u00e9rence : Ajoute des lignes de lumi\u00e8re modernes et \u00e9l\u00e9gantes au-dessus des bureaux et des tables pour les r\u00e9unions.<\/li>\n\n\n\n<li>Utilisez une lumi\u00e8re lisse et brillante pour mettre en valeur des produits dans les boutiques et les showrooms.<\/li>\n\n\n\n<li>Cuisines et espaces de vie : Apporte une lumi\u00e8re uniforme et large sur les plans de travail et les \u00eelots.<\/li>\n\n\n\n<li>H\u00f4tels et halls : Il rend l'espace \u00e9l\u00e9gant et accueillant.<\/li>\n<\/ul>\n<\/div>\n\n\n\n<div class=\"wp-block-group has-background is-vertical is-layout-flex wp-container-core-group-is-layout-b429018a wp-block-group-is-layout-flex\" style=\"background-color:#f1f1f1f2;padding-top:var(--wp--preset--spacing--70);padding-bottom:var(--wp--preset--spacing--70)\">\n<h2 class=\"wp-block-heading\" style=\"padding-top:var(--wp--preset--spacing--40);padding-bottom:var(--wp--preset--spacing--40);font-size:25px;font-style:normal;font-weight:600;text-transform:capitalize\">Produits associ\u00e9s qui pourraient vous int\u00e9resser<\/h2>\n\n\n\n<ul class=\"wp-block-list\">\n<li><a href=\"https:\/\/tangooled.com\/fr\/product\/black-led-diffuser-aluminum-channel-for-12mm-tape-lights\/\"><mark style=\"background-color:rgba(0, 0, 0, 0)\" class=\"has-inline-color has-vivid-red-color\">Profil en aluminium avec diffuseur LED noir pour bandes de 12 mm<\/mark><\/a><\/li>\n\n\n\n<li><a href=\"https:\/\/tangooled.com\/fr\/product\/aluminum-profile-with-60-degree-lens-led-diffuser\/\"><mark style=\"background-color:rgba(0, 0, 0, 0)\" class=\"has-inline-color has-vivid-red-color\">Profil LED en aluminium avec diffuseur de lentille LED \u00e0 60 degr\u00e9s<\/mark><\/a><\/li>\n\n\n\n<li><a href=\"https:\/\/tangooled.com\/fr\/product\/surface-mount-led-profile-with-frosted-diffuser-for-10mm-rope-lights\/\"><mark style=\"background-color:rgba(0, 0, 0, 0)\" class=\"has-inline-color has-vivid-red-color\">Profil LED \u00e0 montage en surface avec diffuseur d\u00e9poli pour bandes de 10 mm<\/mark><\/a><\/li>\n\n\n\n<li><a href=\"https:\/\/tangooled.com\/fr\/product\/recessed-aluminum-channel-with-ceiling-buckle-for-led-10mm-strip-light\/\"><mark style=\"background-color:rgba(0, 0, 0, 0)\" class=\"has-inline-color has-vivid-red-color\">Profil LED encastr\u00e9 en aluminium avec boucle de plafond<\/mark><\/a><\/li>\n<\/ul>\n<\/div>\n\n\n\n<p><\/p>","protected":false},"featured_media":14771,"template":"","meta":{"_acf_changed":true,"_seopress_robots_primary_cat":"none","_seopress_titles_title":"54mm Recessed Black Ceiling LED Profile | TANGOOLED","_seopress_titles_desc":"The R5432 is a premium 54mm recessed black ceiling LED profile. Its 32mm depth ensures a flawless, dot-free glow, while the sleek black finish blends perfectly with modern architectural designs.","_seopress_robots_index":""},"pcb-width":[232],"product-cat":[193],"class_list":{"0":"post-34986","1":"product","2":"type-product","3":"status-publish","4":"has-post-thumbnail","6":"pcb-width-35-45mm","7":"product-cat-recessed-profile"},"acf":[],"_links":{"self":[{"href":"https:\/\/tangooled.com\/fr\/wp-json\/wp\/v2\/product\/34986","targetHints":{"allow":["GET"]}}],"collection":[{"href":"https:\/\/tangooled.com\/fr\/wp-json\/wp\/v2\/product"}],"about":[{"href":"https:\/\/tangooled.com\/fr\/wp-json\/wp\/v2\/types\/product"}],"wp:featuredmedia":[{"embeddable":true,"href":"https:\/\/tangooled.com\/fr\/wp-json\/wp\/v2\/media\/14771"}],"wp:attachment":[{"href":"https:\/\/tangooled.com\/fr\/wp-json\/wp\/v2\/media?parent=34986"}],"wp:term":[{"taxonomy":"pcb-width","embeddable":true,"href":"https:\/\/tangooled.com\/fr\/wp-json\/wp\/v2\/pcb-width?post=34986"},{"taxonomy":"product-cat","embeddable":true,"href":"https:\/\/tangooled.com\/fr\/wp-json\/wp\/v2\/product-cat?post=34986"}],"curies":[{"name":"wp","href":"https:\/\/api.w.org\/{rel}","templated":true}]}}