{"id":34983,"date":"2025-07-01T05:20:00","date_gmt":"2025-07-01T13:20:00","guid":{"rendered":"https:\/\/tangooled.com\/?post_type=product&#038;p=34983"},"modified":"2026-01-25T20:19:34","modified_gmt":"2026-01-26T04:19:34","slug":"54x18mm-recessed-trim-led-tape-light-channel","status":"publish","type":"product","link":"https:\/\/tangooled.com\/fr\/product\/54x18mm-recessed-trim-led-tape-light-channel\/","title":{"rendered":"Profil\u00e9 LED encastr\u00e9 54x18mm"},"content":{"rendered":"<div class=\"wp-block-group is-vertical is-layout-flex wp-container-core-group-is-layout-d255d7c4 wp-block-group-is-layout-flex\" style=\"padding-top:var(--wp--preset--spacing--80);padding-bottom:var(--wp--preset--spacing--80)\">\n<p>Le profil\u00e9 LED encastr\u00e9 54x18mm est un choix id\u00e9al pour un \u00e9clairage lin\u00e9aire sans couture et \u00e0 haute luminosit\u00e9. Ce profil\u00e9 a une profondeur peu profonde de 18mm et une large largeur int\u00e9rieure de 45mm. Il est parfait pour accueillir des bandes LED larges ou plusieurs bandes afin d'obtenir une meilleure sortie en lumens.<\/p>\n\n\n\n<p>Ce profil\u00e9 LED est con\u00e7u pour \u00eatre mont\u00e9 en encastr\u00e9 \u00e0 l'aide de boucles encastr\u00e9es pour s'attacher rapidement et solidement aux plafonds, lui donnant un aspect fini propre et soign\u00e9. Le large profil\u00e9 en aluminium garantit que la chaleur est r\u00e9partie de mani\u00e8re uniforme, ce qui prolonge la dur\u00e9e de vie de vos LED et vous offre une lumi\u00e8re fluide, sans points.<\/p>\n\n\n\n<p>Ce profil\u00e9 encastr\u00e9 de 54mm est parfait pour des applications architecturales, commerciales et r\u00e9sidentielles haut de gamme, telles que l'\u00e9clairage indirect dans les couloirs, les zones d'exposition, les bureaux et les cuisines modernes.<\/p>\n<\/div>\n\n\n\n<div class=\"wp-block-group has-background is-vertical is-layout-flex wp-container-core-group-is-layout-d255d7c4 wp-block-group-is-layout-flex\" style=\"background-color:#f1f1f1;padding-top:var(--wp--preset--spacing--80);padding-bottom:var(--wp--preset--spacing--80)\">\n<div class=\"wp-block-group is-vertical is-layout-flex wp-container-core-group-is-layout-8cf370e7 wp-block-group-is-layout-flex\">\n<h2 class=\"wp-block-heading\" style=\"padding-top:var(--wp--preset--spacing--40);padding-bottom:var(--wp--preset--spacing--40);font-size:25px;font-style:normal;font-weight:600;text-transform:capitalize\">Pourquoi choisir notre profil\u00e9 LED encastr\u00e9 54x18mm ?<\/h2>\n\n\n\n<ul class=\"wp-block-list\">\n<li>The wide inner width (45mm) allows for generous width\u00a0or multiple LED strips<\/li>\n\n\n\n<li>Design encastr\u00e9 qui s'int\u00e8gre dans le mur pour une installation propre de plaques de pl\u00e2tre ou de bois<\/li>\n\n\n\n<li>Un dissipateur thermique en aluminium pour garder les lumi\u00e8res au frais et les faire durer plus longtemps<\/li>\n\n\n\n<li>Livr\u00e9 avec un diffuseur d\u00e9poli pour couvrir les points et disperser la lumi\u00e8re uniform\u00e9ment<\/li>\n\n\n\n<li>Facile \u00e0 installer avec tous les accessoires de capuchons de finition et de clips \u00e0 ressort<\/li>\n<\/ul>\n<\/div>\n<\/div>\n\n\n\n<div class=\"wp-block-group\" style=\"padding-top:var(--wp--preset--spacing--80);padding-bottom:var(--wp--preset--spacing--80)\"><div class=\"wp-block-group__inner-container is-layout-constrained wp-block-group-is-layout-constrained\">\n<div class=\"wp-block-media-text has-media-on-the-right is-stacked-on-mobile\" style=\"grid-template-columns:auto 40%\"><div class=\"wp-block-media-text__content\">\n<h2 class=\"wp-block-heading\" style=\"padding-top:var(--wp--preset--spacing--40);padding-bottom:var(--wp--preset--spacing--40);font-size:25px;font-style:normal;font-weight:600;text-transform:capitalize\">Comment installer votre profil\u00e9 LED encastr\u00e9 54x18mm<\/h2>\n\n\n\n<ul class=\"wp-block-list\">\n<li>Faites une rainure dans le placopl\u00e2tre ou le bois de la taille appropri\u00e9e.<\/li>\n\n\n\n<li>Ins\u00e9rez le profil\u00e9 LED encastr\u00e9, qui mesure 54x18mm, dans la rainure.<\/li>\n\n\n\n<li>Utilisez des clips \u00e0 ressort ou de la colle pour le maintenir en place.<\/li>\n\n\n\n<li>Ins\u00e9rez votre bande LED \u00e0 l'int\u00e9rieur du profil\u00e9 de 45mm de large.<\/li>\n\n\n\n<li>Posez le diffuseur d\u00e9poli pour obtenir une lumi\u00e8re douce et uniforme.<\/li>\n\n\n\n<li>Mettez les capuchons de finition pour finaliser l'apparence et prot\u00e9ger les c\u00e2bles.<\/li>\n<\/ul>\n\n\n\n<p>Conseils : Pour un aspect affleurant sans finition, explorez nos profil\u00e9s LED encastr\u00e9s sans outil comme <a href=\"https:\/\/tangooled.com\/fr\/product\/plaster-drywall-aluminum-skirting-board-for-12mm-led-strip-sk12\/\"><mark style=\"background-color:rgba(0, 0, 0, 0)\" class=\"has-inline-color has-vivid-red-color\">Plinthe LED en pl\u00e2tre<\/mark><\/a><\/p>\n<\/div><figure class=\"wp-block-media-text__media\"><img loading=\"lazy\" decoding=\"async\" width=\"500\" height=\"500\" src=\"https:\/\/tangooled.com\/wp-content\/uploads\/2025\/07\/r5418-ins.webp\" alt=\"54x18mm recessed trim led tape light channel inner width 45mm\" class=\"wp-image-41862 size-full\" srcset=\"https:\/\/tangooled.com\/wp-content\/uploads\/2025\/07\/r5418-ins.webp 500w, https:\/\/tangooled.com\/wp-content\/uploads\/2025\/07\/r5418-ins-300x300.webp 300w, https:\/\/tangooled.com\/wp-content\/uploads\/2025\/07\/r5418-ins-150x150.webp 150w\" sizes=\"auto, (max-width: 500px) 100vw, 500px\" \/><\/figure><\/div>\n<\/div><\/div>\n\n\n\n<div class=\"wp-block-group has-background\" style=\"background-color:#f1f1f1;padding-top:var(--wp--preset--spacing--80);padding-bottom:var(--wp--preset--spacing--80)\"><div class=\"wp-block-group__inner-container is-layout-constrained wp-block-group-is-layout-constrained\">\n<h2 class=\"wp-block-heading\" style=\"padding-top:var(--wp--preset--spacing--40);padding-bottom:var(--wp--preset--spacing--40);font-size:25px;font-style:normal;font-weight:600;text-transform:capitalize\">What\u2019s Included?<\/h2>\n\n\n\n<ul class=\"wp-block-list\">\n<li>Profil\u00e9 en aluminium encastr\u00e9 (54x18mm)<\/li>\n\n\n\n<li>Diffuseur d\u00e9poli \u00e0 clipser<\/li>\n\n\n\n<li>Deux capuchons m\u00e9talliques<\/li>\n\n\n\n<li>Clips \u00e0 ressort<\/li>\n<\/ul>\n<\/div><\/div>\n\n\n\n<div class=\"wp-block-group\" style=\"padding-top:var(--wp--preset--spacing--80);padding-bottom:var(--wp--preset--spacing--80)\"><div class=\"wp-block-group__inner-container is-layout-constrained wp-block-group-is-layout-constrained\">\n<h2 class=\"wp-block-heading\" style=\"padding-top:var(--wp--preset--spacing--40);padding-bottom:var(--wp--preset--spacing--40);font-size:25px;font-style:normal;font-weight:600;text-transform:capitalize\">O\u00f9 utiliser ce profil\u00e9 LED ?<\/h2>\n\n\n\n<ul class=\"wp-block-list\">\n<li>\u00c9clairage de plafond et de murs : Installez-le dans le placopl\u00e2tre pour cr\u00e9er une large diffusion de lumi\u00e8re lisse.<\/li>\n\n\n\n<li>\u00c9clairage de cuisine et d'armoires : Id\u00e9al pour sous les armoires et sur les \u00e9tag\u00e8res.<\/li>\n\n\n\n<li>Les conceptions architecturales personnalis\u00e9es sont id\u00e9ales pour ajouter des lignes droites aux maisons, entreprises et magasins.<\/li>\n\n\n\n<li>\u00c9clairage de t\u00e2che et d'accent : Lumi\u00e8re vive et lisse pour les espaces de travail ou les touches d\u00e9coratives.<\/li>\n<\/ul>\n<\/div><\/div>\n\n\n\n<p><\/p>","protected":false},"featured_media":14777,"template":"","meta":{"_acf_changed":true,"_seopress_robots_primary_cat":"none","_seopress_titles_title":"54x18mm Recessed LED Channel | Wide Trim Aluminum Lighting Profile | TANGOOLED","_seopress_titles_desc":"Upgrade to high-output linear lighting with our 54x18mm recessed LED channel. This wide-trim aluminum profile is designed for professional architectural installations, offering superior diffusion and heat management.","_seopress_robots_index":""},"pcb-width":[232],"product-cat":[193],"class_list":{"0":"post-34983","1":"product","2":"type-product","3":"status-publish","4":"has-post-thumbnail","6":"pcb-width-35-45mm","7":"product-cat-recessed-profile"},"acf":[],"_links":{"self":[{"href":"https:\/\/tangooled.com\/fr\/wp-json\/wp\/v2\/product\/34983","targetHints":{"allow":["GET"]}}],"collection":[{"href":"https:\/\/tangooled.com\/fr\/wp-json\/wp\/v2\/product"}],"about":[{"href":"https:\/\/tangooled.com\/fr\/wp-json\/wp\/v2\/types\/product"}],"wp:featuredmedia":[{"embeddable":true,"href":"https:\/\/tangooled.com\/fr\/wp-json\/wp\/v2\/media\/14777"}],"wp:attachment":[{"href":"https:\/\/tangooled.com\/fr\/wp-json\/wp\/v2\/media?parent=34983"}],"wp:term":[{"taxonomy":"pcb-width","embeddable":true,"href":"https:\/\/tangooled.com\/fr\/wp-json\/wp\/v2\/pcb-width?post=34983"},{"taxonomy":"product-cat","embeddable":true,"href":"https:\/\/tangooled.com\/fr\/wp-json\/wp\/v2\/product-cat?post=34983"}],"curies":[{"name":"wp","href":"https:\/\/api.w.org\/{rel}","templated":true}]}}