{"id":34982,"date":"2025-07-01T05:15:02","date_gmt":"2025-07-01T13:15:02","guid":{"rendered":"https:\/\/tangooled.com\/?post_type=product&#038;p=34982"},"modified":"2026-01-25T20:09:23","modified_gmt":"2026-01-26T04:09:23","slug":"50mm-wide-recessed-led-channel-13mm-depth","status":"publish","type":"product","link":"https:\/\/tangooled.com\/fr\/product\/50mm-wide-recessed-led-channel-13mm-depth\/","title":{"rendered":"Canal LED encastr\u00e9 de 50 mm de large, profil peu profond de 13 mm"},"content":{"rendered":"<div class=\"wp-block-group is-vertical is-layout-flex wp-container-core-group-is-layout-d255d7c4 wp-block-group-is-layout-flex\" style=\"padding-top:var(--wp--preset--spacing--80);padding-bottom:var(--wp--preset--spacing--80)\">\n<p>Ce canal LED encastr\u00e9 de 50 mm de large est con\u00e7u pour une illumination lin\u00e9aire int\u00e9gr\u00e9e et simple. Le profil mesure 50 mm de large, ce qui produit une large bande lumineuse \u00e9clatante et uniforme au lieu d'une petite ligne. La faible profondeur de 13 mm permet une installation rapide et propre, et il s'int\u00e8gre bien dans des plafonds ou murs fins.<\/p>\n\n\n\n<p>Le canal en aluminium anodis\u00e9 permet une bonne dissipation de la chaleur, ce qui garde les LED au frais et prolonge leur dur\u00e9e de vie. Le diffuseur en polycarbonate opale ou givre cache \u00e9galement bien les points de lumi\u00e8re LED, assurant une sortie lumineuse douce et uniforme. Les boucles encastr\u00e9es (clips \u00e0 ressort) facilitent l'installation du profilage, car elles permettent de le fixer rapidement et solidement aux plafonds ou aux plaques de pl\u00e2tre pour un aspect soign\u00e9.<\/p>\n\n\n\n<p>Cet \u00e9clairage est id\u00e9al pour un \u00e9clairage de t\u00e2che, d'accentuation ou ambiant dans des maisons haut de gamme, des bureaux modernes ou des magasins sp\u00e9cialis\u00e9s.<\/p>\n<\/div>\n\n\n\n<div class=\"wp-block-group has-background is-vertical is-layout-flex wp-container-core-group-is-layout-d255d7c4 wp-block-group-is-layout-flex\" style=\"background-color:#f1f1f1;padding-top:var(--wp--preset--spacing--80);padding-bottom:var(--wp--preset--spacing--80)\">\n<div class=\"wp-block-group is-vertical is-layout-flex wp-container-core-group-is-layout-8cf370e7 wp-block-group-is-layout-flex\">\n<h2 class=\"wp-block-heading\" style=\"padding-top:var(--wp--preset--spacing--40);padding-bottom:var(--wp--preset--spacing--40);font-size:25px;font-style:normal;font-weight:600;text-transform:capitalize\">Qu'est-ce qui distingue notre canal LED encastr\u00e9 de 50 mm?<\/h2>\n\n\n\n<ul class=\"wp-block-list\">\n<li>Largeur ext\u00e9rieure de 50 mm pour des lignes de lumi\u00e8re architecturales audacieuses<\/li>\n\n\n\n<li>Il est facile \u00e0 installer ou \u00e0 utiliser avec des pi\u00e8ces de menuiserie car il n'a qu'une profondeur de 13 mm<\/li>\n\n\n\n<li>Le diffuseur opale\/givr\u00e9 sans points \u00e9met une lumi\u00e8re douce et uniforme<\/li>\n\n\n\n<li>La large largeur int\u00e9rieure (environ 43 mm) est id\u00e9ale pour les bandes LED assez larges ou \u00e0 plusieurs rang\u00e9es<\/li>\n\n\n\n<li>Montage encastr\u00e9 affleurant avec un flasque \u00e0 pl\u00e2tre pour un aspect propre<\/li>\n<\/ul>\n<\/div>\n<\/div>\n\n\n\n<div class=\"wp-block-group\" style=\"padding-top:var(--wp--preset--spacing--60);padding-bottom:var(--wp--preset--spacing--60)\"><div class=\"wp-block-group__inner-container is-layout-constrained wp-block-group-is-layout-constrained\">\n<div class=\"wp-block-media-text has-media-on-the-right is-stacked-on-mobile\" style=\"grid-template-columns:auto 40%\"><div class=\"wp-block-media-text__content\">\n<h2 class=\"wp-block-heading\" style=\"padding-top:var(--wp--preset--spacing--40);padding-bottom:var(--wp--preset--spacing--40);font-size:25px;font-style:normal;font-weight:600;text-transform:capitalize\">Comment installer le canal LED encastr\u00e9 de 50 mm<\/h2>\n\n\n\n<ul class=\"wp-block-list\">\n<li>Faites une rainure dans le plafond ou la plaque de pl\u00e2tre de la m\u00eame taille que la base du canal.<\/li>\n\n\n\n<li>Placez votre bande LED dans le canal en aluminium.<\/li>\n\n\n\n<li>Fixez les capuchons de fin et le diffuseur.<\/li>\n\n\n\n<li>Utilisez le support \u00e0 ressort pour maintenir le canal lumineux en place dans la rainure.<\/li>\n\n\n\n<li>Connectez les bons dispositifs d'alimentation et de contr\u00f4le.<\/li>\n<\/ul>\n<\/div><figure class=\"wp-block-media-text__media\"><img loading=\"lazy\" decoding=\"async\" width=\"500\" height=\"500\" src=\"https:\/\/tangooled.com\/wp-content\/uploads\/2025\/07\/r5413-ins.webp\" alt=\"50x13mm recessed led channel \u2013 wide, slim, and built to last\" class=\"wp-image-41857 size-full\" srcset=\"https:\/\/tangooled.com\/wp-content\/uploads\/2025\/07\/r5413-ins.webp 500w, https:\/\/tangooled.com\/wp-content\/uploads\/2025\/07\/r5413-ins-300x300.webp 300w, https:\/\/tangooled.com\/wp-content\/uploads\/2025\/07\/r5413-ins-150x150.webp 150w\" sizes=\"auto, (max-width: 500px) 100vw, 500px\" \/><\/figure><\/div>\n<\/div><\/div>\n\n\n\n<div class=\"wp-block-group has-background\" style=\"background-color:#f1f1f1;padding-top:var(--wp--preset--spacing--80);padding-bottom:var(--wp--preset--spacing--80)\"><div class=\"wp-block-group__inner-container is-layout-constrained wp-block-group-is-layout-constrained\">\n<h2 class=\"wp-block-heading\" style=\"padding-top:var(--wp--preset--spacing--40);padding-bottom:var(--wp--preset--spacing--40);font-size:25px;font-style:normal;font-weight:600;text-transform:capitalize\">What\u2019s in the kit?<\/h2>\n\n\n\n<ul class=\"wp-block-list\">\n<li>Canal en aluminium encastr\u00e9 de 54x13 mm<\/li>\n\n\n\n<li>Un diffuseur LED opale<\/li>\n\n\n\n<li>Capuchons d'extr\u00e9mit\u00e9 en m\u00e9tal<\/li>\n\n\n\n<li>Supports \u00e0 ressort pour un montage facile.<\/li>\n<\/ul>\n<\/div><\/div>\n\n\n\n<div class=\"wp-block-group is-vertical is-layout-flex wp-container-core-group-is-layout-d255d7c4 wp-block-group-is-layout-flex\" style=\"padding-top:var(--wp--preset--spacing--80);padding-bottom:var(--wp--preset--spacing--80)\">\n<h2 class=\"wp-block-heading\" style=\"padding-top:var(--wp--preset--spacing--40);padding-bottom:var(--wp--preset--spacing--40);font-size:25px;font-style:normal;font-weight:600;text-transform:capitalize\">O\u00f9 utiliser votre canal LED encastr\u00e9 de 50 mm<\/h2>\n\n\n\n<p>Ce canal LED encastr\u00e9 mesure 50x13 mm et convient \u00e0 :<\/p>\n\n\n\n<ul class=\"wp-block-list\">\n<li>Plafonds et murs en plaques de pl\u00e2tre : Parfait pour cr\u00e9er une lumi\u00e8re lin\u00e9aire large et continue, le flasque doit \u00eatre affleurant avec la surface et pl\u00e2tr\u00e9 pour un aspect propre et sans bord.<\/li>\n\n\n\n<li>Vitrines pour entreprises et magasins : Id\u00e9al pour l'\u00e9clairage g\u00e9n\u00e9ral ou pour mettre en valeur de grandes pr\u00e9sentations de produits avec une lumi\u00e8re large et uniforme.<\/li>\n\n\n\n<li>Dans les bureaux et entreprises, ils sont con\u00e7us pour fournir un \u00e9clairage ambiant ou de t\u00e2che large et sans ombre dans les postes de travail en espace ouvert, les salles de conf\u00e9rence et les couloirs.<\/li>\n\n\n\n<li>\u00c9clairage pour caract\u00e9ristiques architecturales : Ce type d'\u00e9clairage est parfait pour les halls, couloirs et espaces publics n\u00e9cessitant un \u00e9clairage lin\u00e9aire encastr\u00e9 \u00e0 haute sortie.<\/li>\n<\/ul>\n<\/div>\n\n\n\n<div class=\"wp-block-group has-background is-vertical is-layout-flex wp-container-core-group-is-layout-b429018a wp-block-group-is-layout-flex\" style=\"background-color:#f1f1f1f2;padding-top:var(--wp--preset--spacing--70);padding-bottom:var(--wp--preset--spacing--70)\">\n<h2 class=\"wp-block-heading\" style=\"padding-top:var(--wp--preset--spacing--40);padding-bottom:var(--wp--preset--spacing--40);font-size:25px;font-style:normal;font-weight:600\">Produits associ\u00e9s qui pourraient vous int\u00e9resser<\/h2>\n\n\n\n<ul class=\"wp-block-list\">\n<li>Explorez notre <a href=\"https:\/\/tangooled.com\/fr\/product\/black-led-diffuser-aluminum-channel-for-12mm-tape-lights\/\"><mark style=\"background-color:rgba(0, 0, 0, 0)\" class=\"has-inline-color has-vivid-red-color\">Canal en aluminium avec diffuseur LED noir pour bandes de 12mm<\/mark><\/a> pour une option de profil \u00e9troit.<\/li>\n\n\n\n<li>V\u00e9rifiez le <a href=\"https:\/\/tangooled.com\/fr\/product\/surface-mount-led-profile-with-frosted-diffuser-for-10mm-rope-lights\/\"><mark style=\"background-color:rgba(0, 0, 0, 0)\" class=\"has-inline-color has-vivid-red-color\">Profil LED \u00e0 monter en surface avec diffuseur d\u00e9poli pour lumi\u00e8res en corde de 10mm<\/mark><\/a> si vous souhaitez un montage en surface plut\u00f4t qu'encastr\u00e9.<\/li>\n\n\n\n<li>Besoin d'un profil encastr\u00e9 plus petit ? Voir <a href=\"https:\/\/tangooled.com\/fr\/product\/recessed-15x12mm-black-light-diffuser-aluminum-channel-for-10mm-led-strips\/\"><mark style=\"background-color:rgba(0, 0, 0, 0)\" class=\"has-inline-color has-vivid-red-color\">Canal en aluminium diffuseur de lumi\u00e8re noire encastr\u00e9 15x12mm pour bandes LED de 10mm<\/mark><\/a><\/li>\n\n\n\n<li>Pour des installations LED encastr\u00e9es en plaques de pl\u00e2tre sans bord, consultez <a href=\"https:\/\/tangooled.com\/fr\/product\/trimless-drywall-led-channel-for-15mm-led-strip-lights\/\"><mark style=\"background-color:rgba(0, 0, 0, 0)\" class=\"has-inline-color has-vivid-red-color\">Canal LED de plaque de pl\u00e2tre sans bord pour bandes LED de 15 mm<\/mark><\/a><\/li>\n<\/ul>\n<\/div>\n\n\n\n<div class=\"wp-block-group is-vertical is-layout-flex wp-container-core-group-is-layout-d255d7c4 wp-block-group-is-layout-flex\" style=\"padding-top:var(--wp--preset--spacing--80);padding-bottom:var(--wp--preset--spacing--80)\">\n<h2 class=\"wp-block-heading\" style=\"padding-top:var(--wp--preset--spacing--40);padding-bottom:var(--wp--preset--spacing--40);font-size:25px;font-style:normal;font-weight:600;text-transform:capitalize\">R\u00e9sum\u00e9<\/h2>\n\n\n\n<p>The 50mm recessed LED channel features a sleek design that is simple to install and performs well in large architectural lighting areas. It fits in places like drywall or ceilings and gives forth smooth, bright light without any spots. It features a robust anodized aluminum body and a lot of different diffuser options, so it&#8217;s perfect for modern homes, offices, and retailers.<\/p>\n<\/div>\n\n\n\n<p><\/p>","protected":false},"featured_media":14782,"template":"","meta":{"_acf_changed":true,"_seopress_robots_primary_cat":"none","_seopress_titles_title":"50mm Wide Recessed LED Channel 13mm Depth | TANGOOLED","_seopress_titles_desc":"Create bold light ribbons with our 50mm wide recessed LED channel. Featuring a slim 13mm depth, this flanged aluminum profile is perfect for wide-angle linear lighting in shallow ceilings and modern offices.","_seopress_robots_index":""},"pcb-width":[232],"product-cat":[193],"class_list":{"0":"post-34982","1":"product","2":"type-product","3":"status-publish","4":"has-post-thumbnail","6":"pcb-width-35-45mm","7":"product-cat-recessed-profile"},"acf":[],"_links":{"self":[{"href":"https:\/\/tangooled.com\/fr\/wp-json\/wp\/v2\/product\/34982","targetHints":{"allow":["GET"]}}],"collection":[{"href":"https:\/\/tangooled.com\/fr\/wp-json\/wp\/v2\/product"}],"about":[{"href":"https:\/\/tangooled.com\/fr\/wp-json\/wp\/v2\/types\/product"}],"wp:featuredmedia":[{"embeddable":true,"href":"https:\/\/tangooled.com\/fr\/wp-json\/wp\/v2\/media\/14782"}],"wp:attachment":[{"href":"https:\/\/tangooled.com\/fr\/wp-json\/wp\/v2\/media?parent=34982"}],"wp:term":[{"taxonomy":"pcb-width","embeddable":true,"href":"https:\/\/tangooled.com\/fr\/wp-json\/wp\/v2\/pcb-width?post=34982"},{"taxonomy":"product-cat","embeddable":true,"href":"https:\/\/tangooled.com\/fr\/wp-json\/wp\/v2\/product-cat?post=34982"}],"curies":[{"name":"wp","href":"https:\/\/api.w.org\/{rel}","templated":true}]}}