{"id":34981,"date":"2025-07-01T05:13:13","date_gmt":"2025-07-01T13:13:13","guid":{"rendered":"https:\/\/tangooled.com\/?post_type=product&#038;p=34981"},"modified":"2026-01-25T20:01:49","modified_gmt":"2026-01-26T04:01:49","slug":"35x35mm-recessed-led-strip-profile-with-driver-space","status":"publish","type":"product","link":"https:\/\/tangooled.com\/fr\/product\/35x35mm-recessed-led-strip-profile-with-driver-space\/","title":{"rendered":"profil LED encastr\u00e9 de 35x35 mm avec espace pour driver"},"content":{"rendered":"<div class=\"wp-block-group is-vertical is-layout-flex wp-container-core-group-is-layout-d255d7c4 wp-block-group-is-layout-flex\" style=\"padding-top:var(--wp--preset--spacing--80);padding-bottom:var(--wp--preset--spacing--80)\">\n<p>This 35&#215;35 mm recessed LED strip profile with driver space is designed to hide both the LED strip and its power supply seamlessly within the ceiling. This 35x35mm LED profile features a removable middle tray, which is great for installing LED strips up to 21 mm wide. The rigid aluminum profile housing ensures excellent heat management, guaranteeing the long life of your lighting system.<\/p>\n\n\n\n<p>To install, simply attach the specialized recessed buckles to the profile&#8217;s back slots. This preparatory step is vital, as it allows the fixture to be securely pushed into the ceiling cutout, achieving a perfectly flush, trimless finish that integrates cleanly with the surrounding architecture.<\/p>\n\n\n\n<p>This 35&#215;35 mm recessed LED channel is ideally suited for impactful linear lighting in high-end commercial environments. This includes large-scale projects in offices, retail spaces, and hotel lobbies.<\/p>\n<\/div>\n\n\n\n<div class=\"wp-block-group has-background\" style=\"background-color:#f1f1f1;padding-top:var(--wp--preset--spacing--80);padding-bottom:var(--wp--preset--spacing--80)\"><div class=\"wp-block-group__inner-container is-layout-constrained wp-block-group-is-layout-constrained\">\n<div class=\"wp-block-group is-vertical is-layout-flex wp-container-core-group-is-layout-8cf370e7 wp-block-group-is-layout-flex\">\n<h2 class=\"wp-block-heading\" style=\"padding-top:var(--wp--preset--spacing--40);padding-bottom:var(--wp--preset--spacing--40);font-size:25px;font-style:normal;font-weight:600;text-transform:capitalize\">Pourquoi choisir notre profil de bande LED de 35x35 mm ?<\/h2>\n\n\n\n<ul class=\"wp-block-list\">\n<li>Espace pour driver int\u00e9gr\u00e9 : Pr\u00e9vu pour un driver LED tr\u00e8s mince et le garde cach\u00e9 \u00e0 l'int\u00e9rieur du profil, \u00e9vitant ainsi de voir de grosses bo\u00eetes.<\/li>\n\n\n\n<li>Lumi\u00e8re douce sans points : Le diffuseur opale rend la lumi\u00e8re uniforme sans taches ni \u00e9blouissement.<\/li>\n\n\n\n<li>Aluminium de haute qualit\u00e9 : Un excellent dissipateur thermique qui maintient les LED au frais et prolonge leur dur\u00e9e de vie.<\/li>\n\n\n\n<li>Design sans cadre, encastr\u00e9 : Facile \u00e0 enduire et donne un aspect lisse \u00e0 la lumi\u00e8re.<\/li>\n\n\n\n<li>Vous pouvez le personnaliser en choisissant la longueur, la finition de couleur et les accessoires qui conviennent le mieux \u00e0 votre projet.<\/li>\n<\/ul>\n<\/div>\n<\/div><\/div>\n\n\n\n<div class=\"wp-block-group\" style=\"padding-top:var(--wp--preset--spacing--60);padding-bottom:var(--wp--preset--spacing--60)\"><div class=\"wp-block-group__inner-container is-layout-constrained wp-block-group-is-layout-constrained\">\n<div class=\"wp-block-media-text has-media-on-the-right is-stacked-on-mobile\" style=\"grid-template-columns:auto 40%\"><div class=\"wp-block-media-text__content\">\n<h2 class=\"wp-block-heading\" style=\"padding-top:var(--wp--preset--spacing--40);padding-bottom:var(--wp--preset--spacing--40);font-size:25px;font-style:normal;font-weight:600;text-transform:capitalize\">Accessoires &amp; installation<\/h2>\n\n\n\n<ul class=\"wp-block-list\">\n<li>Capuchons d'extr\u00e9mit\u00e9 en m\u00e9tal : Ferment les extr\u00e9mit\u00e9s pour leur donner un aspect propre.<\/li>\n\n\n\n<li>Support \u00e0 ressort : Maintient le profil en place pendant l'installation.<\/li>\n\n\n\n<li>Bande LED : Compatible avec des bandes allant jusqu'\u00e0 21 mm de large, y compris les bandes LED COB avec un CRI \u00e9lev\u00e9.<\/li>\n\n\n\n<li>Drivers : Utilisez des drivers LED ultra-minces de 24V qui s'int\u00e8grent \u00e0 l'int\u00e9rieur du creux.<\/li>\n<\/ul>\n<\/div><figure class=\"wp-block-media-text__media\"><img loading=\"lazy\" decoding=\"async\" width=\"500\" height=\"500\" src=\"https:\/\/tangooled.com\/wp-content\/uploads\/2025\/07\/r3535-ins.webp\" alt=\"35x35mm recessed led tape profile with driver space\" class=\"wp-image-41854 size-full\" srcset=\"https:\/\/tangooled.com\/wp-content\/uploads\/2025\/07\/r3535-ins.webp 500w, https:\/\/tangooled.com\/wp-content\/uploads\/2025\/07\/r3535-ins-300x300.webp 300w, https:\/\/tangooled.com\/wp-content\/uploads\/2025\/07\/r3535-ins-150x150.webp 150w\" sizes=\"auto, (max-width: 500px) 100vw, 500px\" \/><\/figure><\/div>\n<\/div><\/div>\n\n\n\n<div class=\"wp-block-group has-background\" style=\"background-color:#f1f1f1;padding-top:var(--wp--preset--spacing--80);padding-bottom:var(--wp--preset--spacing--80)\"><div class=\"wp-block-group__inner-container is-layout-constrained wp-block-group-is-layout-constrained\">\n<h2 class=\"wp-block-heading\" style=\"padding-top:var(--wp--preset--spacing--40);padding-bottom:var(--wp--preset--spacing--40);font-size:25px;font-style:normal;font-weight:600;text-transform:capitalize\">O\u00f9 utiliser le profil LED encastr\u00e9 de 35x35 mm<\/h2>\n\n\n\n<ul class=\"wp-block-list\">\n<li>Plafonds et murs : Utilisez le profil pour cr\u00e9er des lignes de lumi\u00e8re propres et modernes dans des cloisons s\u00e8ches ou du pl\u00e2tre.<\/li>\n\n\n\n<li>\u00c9clairage de corniche : Placez des lumi\u00e8res dans des corniches pour cr\u00e9er une lumi\u00e8re douce et indirecte.<\/li>\n\n\n\n<li>\u00c9clairage de t\u00e2che : Id\u00e9al pour les bureaux, les armoires ou les zones n\u00e9cessitant une lumi\u00e8re claire.<\/li>\n\n\n\n<li>Commerce et h\u00f4tellerie : Un \u00e9clairage moderne dans les magasins, h\u00f4tels ou bureaux leur donne un aspect contemporain.<\/li>\n<\/ul>\n<\/div><\/div>\n\n\n\n<div class=\"wp-block-group\" style=\"padding-top:var(--wp--preset--spacing--80);padding-bottom:var(--wp--preset--spacing--80)\"><div class=\"wp-block-group__inner-container is-layout-constrained wp-block-group-is-layout-constrained\">\n<h2 class=\"wp-block-heading\" style=\"padding-top:var(--wp--preset--spacing--40);padding-bottom:var(--wp--preset--spacing--40);font-size:25px;font-style:normal;font-weight:600;text-transform:capitalize\">Produits et sources connexes<\/h2>\n\n\n\n<ul class=\"wp-block-list\">\n<li>D\u00e9couvrez diff\u00e9rents profils LED lin\u00e9aires et accessoires sur <a href=\"https:\/\/klusdesign.eu\/en\/profiles-recessed\"><mark style=\"background-color:rgba(0, 0, 0, 0)\" class=\"has-inline-color has-vivid-red-color\">la page des profils Klus Design<\/mark><\/a>.<\/li>\n\n\n\n<li>Pour des options de bandes lumineuses semi-diffuses, voir <a href=\"https:\/\/lsicorp.com\/lighting\/product\/linear-semi-diffused\/\">L<mark style=\"background-color:rgba(0, 0, 0, 0)\" class=\"has-inline-color has-vivid-red-color\">Produit semi-diffus\u00e9 SI Industries<\/mark><\/a>.<\/li>\n\n\n\n<li>Explorer <a href=\"https:\/\/www.jescolighting.com\/portfolio\/ch-sm-32\/\"><mark style=\"background-color:rgba(0, 0, 0, 0)\" class=\"has-inline-color has-vivid-red-color\">Jesco Lighting\u2019s recessed profiles<\/mark><\/a> pour de meilleures options de design<\/li>\n<\/ul>\n<\/div><\/div>\n\n\n\n<div class=\"wp-block-group has-background\" style=\"background-color:#f1f1f1f2;padding-top:var(--wp--preset--spacing--80);padding-bottom:var(--wp--preset--spacing--80)\"><div class=\"wp-block-group__inner-container is-layout-constrained wp-block-group-is-layout-constrained\">\n<h2 class=\"wp-block-heading\" style=\"padding-top:var(--wp--preset--spacing--40);padding-bottom:var(--wp--preset--spacing--40);font-size:25px;font-style:normal;font-weight:600\">Choisissez-nous pour vos besoins en profil LED<\/h2>\n\n\n\n<p style=\"padding-right:var(--wp--preset--spacing--50);padding-left:var(--wp--preset--spacing--50)\">Ce profil de bande LED encastr\u00e9 de 35x35 mm avec espace pour le driver est une extrusion architecturale id\u00e9ale pour les designers souhaitant un \u00e9clairage encastr\u00e9 sleek et sans cadre avec un espace d'alimentation int\u00e9gr\u00e9. La structure en aluminium 6063-T5 refroidit rapidement les lumi\u00e8res LED de haute qualit\u00e9, cr\u00e9ant une lueur propre et sans points gr\u00e2ce \u00e0 un diffuseur opale en PC durable. Il peut \u00eatre adapt\u00e9 \u00e0 vos besoins et est simple \u00e0 assembler. Il fonctionne bien dans les maisons, les entreprises, les magasins et les h\u00f4tels. <\/p>\n<\/div><\/div>\n\n\n\n<p><\/p>","protected":false},"featured_media":14810,"template":"","meta":{"_acf_changed":true,"_seopress_robots_primary_cat":"none","_seopress_titles_title":"35x35mm Recessed LED Strip Profile with Driver Space | TANGOOLED","_seopress_titles_desc":"The R3535 is a 35x35mm recessed LED strip profile with internal driver space. This large-scale aluminum channel simplifies installation by housing the power supply inside the profile.","_seopress_robots_index":""},"pcb-width":[229],"product-cat":[193],"class_list":{"0":"post-34981","1":"product","2":"type-product","3":"status-publish","4":"has-post-thumbnail","6":"pcb-width-15-20mm","7":"product-cat-recessed-profile"},"acf":[],"_links":{"self":[{"href":"https:\/\/tangooled.com\/fr\/wp-json\/wp\/v2\/product\/34981","targetHints":{"allow":["GET"]}}],"collection":[{"href":"https:\/\/tangooled.com\/fr\/wp-json\/wp\/v2\/product"}],"about":[{"href":"https:\/\/tangooled.com\/fr\/wp-json\/wp\/v2\/types\/product"}],"wp:featuredmedia":[{"embeddable":true,"href":"https:\/\/tangooled.com\/fr\/wp-json\/wp\/v2\/media\/14810"}],"wp:attachment":[{"href":"https:\/\/tangooled.com\/fr\/wp-json\/wp\/v2\/media?parent=34981"}],"wp:term":[{"taxonomy":"pcb-width","embeddable":true,"href":"https:\/\/tangooled.com\/fr\/wp-json\/wp\/v2\/pcb-width?post=34981"},{"taxonomy":"product-cat","embeddable":true,"href":"https:\/\/tangooled.com\/fr\/wp-json\/wp\/v2\/product-cat?post=34981"}],"curies":[{"name":"wp","href":"https:\/\/api.w.org\/{rel}","templated":true}]}}