{"id":34971,"date":"2025-07-01T02:43:16","date_gmt":"2025-07-01T10:43:16","guid":{"rendered":"https:\/\/tangooled.com\/?post_type=product&#038;p=34971"},"modified":"2026-01-25T19:53:34","modified_gmt":"2026-01-26T03:53:34","slug":"32mm-deep-recessed-led-strip-channel","status":"publish","type":"product","link":"https:\/\/tangooled.com\/fr\/product\/32mm-deep-recessed-led-strip-channel\/","title":{"rendered":"Canal de bande LED encastr\u00e9 de 32 mm de profondeur"},"content":{"rendered":"<div class=\"wp-block-group is-vertical is-layout-flex wp-container-core-group-is-layout-d255d7c4 wp-block-group-is-layout-flex\" style=\"padding-top:var(--wp--preset--spacing--80);padding-bottom:var(--wp--preset--spacing--80)\">\n<p>Notre profil R3532 est un canal LED encastr\u00e9 de 32 mm de profondeur. Il vous fournira une lumi\u00e8re douce et de haute qualit\u00e9. La base de ce profil mesure seulement 32 mm de profondeur et 35 mm de large, mais elle peut accueillir des bandes LED allant jusqu'\u00e0 25 mm de large pour une diffusion optimale de la lumi\u00e8re.<\/p>\n\n\n\n<p>The aluminum frame isn&#8217;t just for looks; it&#8217;s also a high-performance heatsink that keeps the LED strips&nbsp;functioning smoothly for a long period. The&nbsp;installation process is easy, starting with&nbsp;inserting&nbsp;special&nbsp;recessed&nbsp;buckles&nbsp;into&nbsp;the&nbsp;channel&#8217;s&nbsp;back slot, then pressing the profile into the ceiling&nbsp;or&nbsp;drywall&nbsp;groove,&nbsp;leaving&nbsp;a&nbsp;perfect,&nbsp;trimless&nbsp;finish.<\/p>\n\n\n\n<p>Ce luminaire est adapt\u00e9 aux projets d'architecture moderne car il fournit une lumi\u00e8re lin\u00e9aire discr\u00e8te et continue, id\u00e9ale pour des environnements professionnels, y compris les halls d'entreprise, les showrooms sp\u00e9cialis\u00e9s et les espaces de bureau modernes.<\/p>\n<\/div>\n\n\n\n<div class=\"wp-block-group has-background\" style=\"background-color:#f1f1f1;padding-top:var(--wp--preset--spacing--60);padding-bottom:var(--wp--preset--spacing--60)\"><div class=\"wp-block-group__inner-container is-layout-constrained wp-block-group-is-layout-constrained\">\n<div class=\"wp-block-group\" style=\"padding-top:var(--wp--preset--spacing--80);padding-bottom:var(--wp--preset--spacing--80)\"><div class=\"wp-block-group__inner-container is-layout-constrained wp-block-group-is-layout-constrained\">\n<h2 class=\"wp-block-heading\" style=\"padding-top:var(--wp--preset--spacing--40);padding-bottom:var(--wp--preset--spacing--40);font-size:25px;font-style:normal;font-weight:600;text-transform:capitalize\">Pourquoi choisir notre canal LED encastr\u00e9 de 32 mm ?<\/h2>\n\n\n\n<ul class=\"wp-block-list\">\n<li>Largeur interne de 25.6 mm : Cela convient aux bandes LED jusqu'\u00e0 25 mm de large, y compris les LEDs COB (Chip on Board) \u00e0 haute densit\u00e9 ou les SMD \u00e0 double rang\u00e9e, offrant la lumi\u00e8re la plus brillante et la plus uniforme.<\/li>\n\n\n\n<li>Design encastr\u00e9 : Les flasques \u00e0 encastrer facilitent l'installation dans le placopl\u00e2tre, rendant le logement LED invisible.<\/li>\n\n\n\n<li>Diffusion lisse et sans points : \u00c9quip\u00e9 d'un diffuseur en PC opale de haute qualit\u00e9 qui rend la sortie lumineuse uniforme et sans \u00e9blouissement, sans points ou zones chaudes de LEDs.<\/li>\n\n\n\n<li>Mat\u00e9riau de haute qualit\u00e9 : L'aluminium anodis\u00e9 est utilis\u00e9 pour fabriquer ce canal, ce qui aide les LEDs \u00e0 durer plus longtemps et \u00e0 mieux fonctionner en r\u00e9partissant la chaleur de mani\u00e8re uniforme.<\/li>\n\n\n\n<li>Peut \u00eatre utilis\u00e9 pour diff\u00e9rentes applications : id\u00e9al pour la maison, les entreprises et les projets architecturaux, y compris l'\u00e9clairage de cove, l'\u00e9clairage sous les armoires, l'\u00e9clairage mural encastr\u00e9 et l'\u00e9clairage ambiant au plafond.<\/li>\n<\/ul>\n<\/div><\/div>\n<\/div><\/div>\n\n\n\n<div class=\"wp-block-group\" style=\"padding-top:var(--wp--preset--spacing--60);padding-bottom:var(--wp--preset--spacing--60)\"><div class=\"wp-block-group__inner-container is-layout-constrained wp-block-group-is-layout-constrained\">\n<div class=\"wp-block-media-text has-media-on-the-right is-stacked-on-mobile\" style=\"grid-template-columns:auto 40%\"><div class=\"wp-block-media-text__content\">\n<h2 class=\"wp-block-heading\" style=\"padding-top:var(--wp--preset--spacing--40);padding-bottom:var(--wp--preset--spacing--40);font-size:25px;font-style:normal;font-weight:600;text-transform:capitalize\">Installation facile<\/h2>\n\n\n\n<ul class=\"wp-block-list\">\n<li>Faites une coupe nette et droite dans votre plafond ou votre placopl\u00e2tre.<\/li>\n\n\n\n<li>Utilisez les boucles encastr\u00e9es fournies avec l'extrusion en aluminium pour la maintenir en place.<\/li>\n\n\n\n<li>Mettez votre bande LED dans le canal et connectez les fils.<\/li>\n\n\n\n<li>Placez le diffuseur en position pour obtenir une lumi\u00e8re douce et lisse.<\/li>\n<\/ul>\n<\/div><figure class=\"wp-block-media-text__media\"><img loading=\"lazy\" decoding=\"async\" width=\"500\" height=\"500\" src=\"https:\/\/tangooled.com\/wp-content\/uploads\/2025\/07\/r3532-ins.webp\" alt=\"35mm recessed silver led strip light channel\" class=\"wp-image-41828 size-full\" srcset=\"https:\/\/tangooled.com\/wp-content\/uploads\/2025\/07\/r3532-ins.webp 500w, https:\/\/tangooled.com\/wp-content\/uploads\/2025\/07\/r3532-ins-300x300.webp 300w, https:\/\/tangooled.com\/wp-content\/uploads\/2025\/07\/r3532-ins-150x150.webp 150w\" sizes=\"auto, (max-width: 500px) 100vw, 500px\" \/><\/figure><\/div>\n<\/div><\/div>\n\n\n\n<div class=\"wp-block-group has-background is-vertical is-layout-flex wp-container-core-group-is-layout-b429018a wp-block-group-is-layout-flex\" style=\"background-color:#f1f1f1f2;padding-top:var(--wp--preset--spacing--70);padding-bottom:var(--wp--preset--spacing--70)\">\n<h2 class=\"wp-block-heading\" style=\"padding-top:var(--wp--preset--spacing--40);padding-bottom:var(--wp--preset--spacing--40);font-size:25px;font-style:normal;font-weight:600\">Qu'obtenez-vous lorsque vous l'achetez ?<\/h2>\n\n\n\n<ul class=\"wp-block-list\">\n<li>Un canal en aluminium encastr\u00e9 de 32 mm de profondeur<\/li>\n\n\n\n<li>1 Couverture diffuseur en polycarbonate opale<\/li>\n\n\n\n<li>Deux capuchons m\u00e9talliques peignables<\/li>\n\n\n\n<li>Boucles encastr\u00e9es pour fixer le canal en toute s\u00e9curit\u00e9.<\/li>\n<\/ul>\n<\/div>\n\n\n\n<div class=\"wp-block-group\" style=\"padding-top:var(--wp--preset--spacing--80);padding-bottom:var(--wp--preset--spacing--80)\"><div class=\"wp-block-group__inner-container is-layout-constrained wp-block-group-is-layout-constrained\">\n<h2 class=\"wp-block-heading\" style=\"padding-top:var(--wp--preset--spacing--40);padding-bottom:var(--wp--preset--spacing--40);font-size:25px;font-style:normal;font-weight:600;text-transform:capitalize\">Sc\u00e9narios d'utilisation id\u00e9aux pour notre canal LED encastr\u00e9 de 32 mm de profondeur<\/h2>\n\n\n\n<ul class=\"wp-block-list\">\n<li>\u00c9clairage de cove architectural : Utilisez le plafond pour cr\u00e9er des lignes de lumi\u00e8re continues pour un bel \u00e9clairage.<\/li>\n\n\n\n<li>\u00c9clairage mural encastr\u00e9 : Id\u00e9al pour les murs d'accentuation et l'\u00e9clairage de mise en valeur dans les h\u00f4tels, les lieux de travail et les d\u00e9taillants.<\/li>\n\n\n\n<li>Under-Cabinet and Shelf Lighting: This type of lighting makes it easier to see what you&#8217;re doing in kitchens and display cabinets.<\/li>\n\n\n\n<li>Espaces commerciaux : Parfait pour l'\u00e9clairage des bureaux, des halls d'h\u00f4tel et des magasins haut de gamme.<\/li>\n<\/ul>\n<\/div><\/div>\n\n\n\n<p><\/p>","protected":false},"featured_media":14815,"template":"","meta":{"_acf_changed":true,"_seopress_robots_primary_cat":"none","_seopress_titles_title":"32mm Deep Recessed LED Channel | Free-spot Aluminum Profile | TANGOOLED","_seopress_titles_desc":"Achieve flawless, dot-free lighting with our 32mm deep recessed LED channel. This extra-deep aluminum profile provides superior light diffusion for high-end architectural projects, ensuring a seamless linear glow.","_seopress_robots_index":""},"pcb-width":[230],"product-cat":[193],"class_list":{"0":"post-34971","1":"product","2":"type-product","3":"status-publish","4":"has-post-thumbnail","6":"pcb-width-20-25mm","7":"product-cat-recessed-profile"},"acf":[],"_links":{"self":[{"href":"https:\/\/tangooled.com\/fr\/wp-json\/wp\/v2\/product\/34971","targetHints":{"allow":["GET"]}}],"collection":[{"href":"https:\/\/tangooled.com\/fr\/wp-json\/wp\/v2\/product"}],"about":[{"href":"https:\/\/tangooled.com\/fr\/wp-json\/wp\/v2\/types\/product"}],"wp:featuredmedia":[{"embeddable":true,"href":"https:\/\/tangooled.com\/fr\/wp-json\/wp\/v2\/media\/14815"}],"wp:attachment":[{"href":"https:\/\/tangooled.com\/fr\/wp-json\/wp\/v2\/media?parent=34971"}],"wp:term":[{"taxonomy":"pcb-width","embeddable":true,"href":"https:\/\/tangooled.com\/fr\/wp-json\/wp\/v2\/pcb-width?post=34971"},{"taxonomy":"product-cat","embeddable":true,"href":"https:\/\/tangooled.com\/fr\/wp-json\/wp\/v2\/product-cat?post=34971"}],"curies":[{"name":"wp","href":"https:\/\/api.w.org\/{rel}","templated":true}]}}