{"id":34970,"date":"2025-07-01T02:35:07","date_gmt":"2025-07-01T10:35:07","guid":{"rendered":"https:\/\/tangooled.com\/?post_type=product&#038;p=34970"},"modified":"2026-01-25T19:38:18","modified_gmt":"2026-01-26T03:38:18","slug":"18mm-recessed-led-low-profile-channel-35x18mm","status":"publish","type":"product","link":"https:\/\/tangooled.com\/fr\/product\/18mm-recessed-led-low-profile-channel-35x18mm\/","title":{"rendered":"Canal en aluminium encastr\u00e9 LED basse profondeur de 18 mm"},"content":{"rendered":"<div class=\"wp-block-group is-vertical is-layout-flex wp-container-core-group-is-layout-d255d7c4 wp-block-group-is-layout-flex\" style=\"padding-top:var(--wp--preset--spacing--80);padding-bottom:var(--wp--preset--spacing--80)\">\n<p>Ce canal en aluminium encastr\u00e9 LED basse profondeur de 18 mm est un excellent moyen d'avoir un \u00e9clairage lin\u00e9aire qui est propre, lumineux et int\u00e9gr\u00e9. Ce canal en aluminium flans\u00e9 est con\u00e7u pour des installations o\u00f9 la profondeur est une consid\u00e9ration majeure. Il a une largeur de base de 35 mm et une hauteur de 18 mm.<br>La largeur int\u00e9rieure de ce profil peu profond est de 21 mm, ce qui est suffisant pour contenir des bandes LED larges typiques ou des bandes COB haute densit\u00e9. Ceci est essentiel pour assurer que l'effet d'\u00e9clairage est lisse et sans points. La structure robuste en aluminium aide \u00e9galement les bandes LED \u00e0 durer plus longtemps en permettant \u00e0 la chaleur de s'\u00e9chapper facilement.<br>It&#8217;s straightforward to set up: just fit the recessed buckle clips into the\u00a0channel\u2018s back\u00a0first, then set the profile in the cutout in the ceiling or drywall and hold it in place. This process ensures that the finished product appears neat and trimless, allowing the channel to blend in with its surroundings and look highly integrated.<\/p>\n<\/div>\n\n\n\n<div class=\"wp-block-group has-background is-vertical is-layout-flex wp-container-core-group-is-layout-d255d7c4 wp-block-group-is-layout-flex\" style=\"background-color:#f1f1f1;padding-top:var(--wp--preset--spacing--80);padding-bottom:var(--wp--preset--spacing--80)\">\n<div class=\"wp-block-group is-vertical is-layout-flex wp-container-core-group-is-layout-8cf370e7 wp-block-group-is-layout-flex\">\n<h2 class=\"wp-block-heading\" style=\"padding-top:var(--wp--preset--spacing--40);padding-bottom:var(--wp--preset--spacing--40);font-size:25px;font-style:normal;font-weight:600;text-transform:capitalize\">Pourquoi choisir le profil LED encastr\u00e9 basse profondeur de 18 mm ?<\/h2>\n\n\n\n<ul class=\"wp-block-list\">\n<li>Profil mince et bas : La hauteur de 18 mm s'adapte aux petits espaces comme les rainures de plaques de pl\u00e2tre et les armoires.<\/li>\n\n\n\n<li>Lumi\u00e8re lisse et sans points : Utilisez avec des diffuseurs opales et des bandes LED haute densit\u00e9 pour obtenir une lumi\u00e8re uniforme.<\/li>\n\n\n\n<li>Solide et durable : Fabriqu\u00e9 en aluminium anodis\u00e9, qui est r\u00e9sistant et garde vos LEDs au frais.<\/li>\n\n\n\n<li>Facile \u00e0 assembler : Le design flans\u00e9 cache les bords coup\u00e9s pour un fini propre et affleurant.<\/li>\n\n\n\n<li>Nombreuses utilisations : Id\u00e9al pour l'\u00e9clairage dans les plafonds, les \u00e9tag\u00e8res, les corniches, les pr\u00e9sentoirs de magasin et les murs.<\/li>\n<\/ul>\n<\/div>\n<\/div>\n\n\n\n<div class=\"wp-block-group\" style=\"padding-top:var(--wp--preset--spacing--60);padding-bottom:var(--wp--preset--spacing--60)\"><div class=\"wp-block-group__inner-container is-layout-constrained wp-block-group-is-layout-constrained\">\n<div class=\"wp-block-media-text has-media-on-the-right is-stacked-on-mobile\" style=\"grid-template-columns:auto 40%\"><div class=\"wp-block-media-text__content\">\n<h2 class=\"wp-block-heading\" style=\"padding-top:var(--wp--preset--spacing--40);padding-bottom:var(--wp--preset--spacing--40);font-size:25px;font-style:normal;font-weight:600;text-transform:capitalize\">Conseils d'installation faciles<\/h2>\n\n\n\n<ul class=\"wp-block-list\">\n<li>Faites une rainure dans le plafond, le pl\u00e2tre ou le bois o\u00f9 vous souhaitez le placer.<\/li>\n\n\n\n<li>Ins\u00e9rez le canal encastr\u00e9 de 18 mm dans la rainure.<\/li>\n\n\n\n<li>Utilisez des clips encastr\u00e9s ou du ruban adh\u00e9sif pour le maintenir en place.<\/li>\n\n\n\n<li>Placez votre bande LED dans le canal.<\/li>\n\n\n\n<li>Mettez le diffuseur pour obtenir une lumi\u00e8re douce et uniforme.<\/li>\n\n\n\n<li>Branchez l'alimentation et l'\u00e9quipement de contr\u00f4le appropri\u00e9s.<\/li>\n<\/ul>\n<\/div><figure class=\"wp-block-media-text__media\"><img loading=\"lazy\" decoding=\"async\" width=\"500\" height=\"500\" src=\"https:\/\/tangooled.com\/wp-content\/uploads\/2025\/07\/r3518-ins.webp\" alt=\"35x18mm led low profile recessed channel\" class=\"wp-image-41825 size-full\" srcset=\"https:\/\/tangooled.com\/wp-content\/uploads\/2025\/07\/r3518-ins.webp 500w, https:\/\/tangooled.com\/wp-content\/uploads\/2025\/07\/r3518-ins-300x300.webp 300w, https:\/\/tangooled.com\/wp-content\/uploads\/2025\/07\/r3518-ins-150x150.webp 150w\" sizes=\"auto, (max-width: 500px) 100vw, 500px\" \/><\/figure><\/div>\n<\/div><\/div>\n\n\n\n<div class=\"wp-block-group has-background\" style=\"background-color:#f1f1f1f2;padding-top:var(--wp--preset--spacing--80);padding-bottom:var(--wp--preset--spacing--80)\"><div class=\"wp-block-group__inner-container is-layout-constrained wp-block-group-is-layout-constrained\">\n<h2 class=\"wp-block-heading\" style=\"padding-top:var(--wp--preset--spacing--40);padding-bottom:var(--wp--preset--spacing--40);font-size:25px;font-style:normal;font-weight:600\">Le kit comprend<\/h2>\n\n\n\n<ul class=\"wp-block-list\">\n<li>1x canal en aluminium anodis\u00e9<\/li>\n\n\n\n<li>1x diffuseur assorti (opal, d\u00e9poli, transparent ou personnalis\u00e9)<\/li>\n\n\n\n<li>2x embouts en m\u00e9tal pour un fini soign\u00e9<\/li>\n\n\n\n<li>Clips encastr\u00e9s pour une installation s\u00e9curis\u00e9e<\/li>\n<\/ul>\n<\/div><\/div>\n\n\n\n<div class=\"wp-block-group\" style=\"padding-top:var(--wp--preset--spacing--80);padding-bottom:var(--wp--preset--spacing--80)\"><div class=\"wp-block-group__inner-container is-layout-constrained wp-block-group-is-layout-constrained\">\n<h2 class=\"wp-block-heading\" style=\"padding-top:var(--wp--preset--spacing--40);padding-bottom:var(--wp--preset--spacing--40);font-size:25px;font-style:normal;font-weight:600;text-transform:capitalize\">Utilisations et applications<\/h2>\n\n\n\n<ul class=\"wp-block-list\">\n<li>Installation de bandes LED \u00e0 l'int\u00e9rieur dans les bureaux, maisons, h\u00f4tels et magasins de d\u00e9tail.<\/li>\n\n\n\n<li>\u00c9clairage sous les armoires et travaux personnalis\u00e9s pour un \u00e9clairage de travail lumineux et soign\u00e9.<\/li>\n\n\n\n<li>\u00c9clairage indirect et en corniche pour cr\u00e9er une ambiance dans les maisons ou les entreprises.<\/li>\n\n\n\n<li>Low-profile closet and wardrobe lighting that doesn&#8217;t stand out when placed.<\/li>\n<\/ul>\n<\/div><\/div>\n\n\n\n<p><\/p>","protected":false},"featured_media":14828,"template":"","meta":{"_acf_changed":true,"_seopress_robots_primary_cat":"none","_seopress_titles_title":"18mm Recessed LED Low Profile Channel 35x18mm | TANGOOLED","_seopress_titles_desc":"Enhance your space with our 18mm recessed LED low profile channel 35x13mm. This thin and wide aluminum profile is designed for seamless integration in furniture and walls.","_seopress_robots_index":""},"pcb-width":[230],"product-cat":[193],"class_list":{"0":"post-34970","1":"product","2":"type-product","3":"status-publish","4":"has-post-thumbnail","6":"pcb-width-20-25mm","7":"product-cat-recessed-profile"},"acf":[],"_links":{"self":[{"href":"https:\/\/tangooled.com\/fr\/wp-json\/wp\/v2\/product\/34970","targetHints":{"allow":["GET"]}}],"collection":[{"href":"https:\/\/tangooled.com\/fr\/wp-json\/wp\/v2\/product"}],"about":[{"href":"https:\/\/tangooled.com\/fr\/wp-json\/wp\/v2\/types\/product"}],"wp:featuredmedia":[{"embeddable":true,"href":"https:\/\/tangooled.com\/fr\/wp-json\/wp\/v2\/media\/14828"}],"wp:attachment":[{"href":"https:\/\/tangooled.com\/fr\/wp-json\/wp\/v2\/media?parent=34970"}],"wp:term":[{"taxonomy":"pcb-width","embeddable":true,"href":"https:\/\/tangooled.com\/fr\/wp-json\/wp\/v2\/pcb-width?post=34970"},{"taxonomy":"product-cat","embeddable":true,"href":"https:\/\/tangooled.com\/fr\/wp-json\/wp\/v2\/product-cat?post=34970"}],"curies":[{"name":"wp","href":"https:\/\/api.w.org\/{rel}","templated":true}]}}