{"id":34968,"date":"2025-07-01T02:31:49","date_gmt":"2025-07-01T10:31:49","guid":{"rendered":"https:\/\/tangooled.com\/?post_type=product&#038;p=34968"},"modified":"2026-01-31T01:17:00","modified_gmt":"2026-01-31T09:17:00","slug":"13mm-deep-recessed-flange-led-light-channel-35x13mm","status":"publish","type":"product","link":"https:\/\/tangooled.com\/fr\/product\/13mm-deep-recessed-flange-led-light-channel-35x13mm\/","title":{"rendered":"canal lumineux LED encastr\u00e9 de 13 mm de profondeur"},"content":{"rendered":"<div class=\"wp-block-group is-vertical is-layout-flex wp-container-core-group-is-layout-d255d7c4 wp-block-group-is-layout-flex\" style=\"padding-top:var(--wp--preset--spacing--80);padding-bottom:var(--wp--preset--spacing--80)\">\n<p>Notre canal lumineux LED encastr\u00e9 de 13 mm de profondeur est une fa\u00e7on simple et discr\u00e8te d'ajouter de l'\u00e9clairage \u00e0 un espace. Ce canal est id\u00e9al pour les espaces restreints car il mesure seulement 13 mm de hauteur et 35 mm de largeur \u00e0 la base. Il dispose \u00e9galement d'une largeur int\u00e9rieure de 21 mm, ce qui signifie que vous pouvez utiliser une ou plusieurs bandes LED larges.<br>Le canal en aluminium pour les bandes lumineuses LED fonctionne bien comme dissipateur de chaleur, ce qui prolonge leur dur\u00e9e de vie. Le canal a des flasques et est con\u00e7u pour s'adapter parfaitement aux cloisons s\u00e8ches ou aux plafonds sans aucun espace. Le sch\u00e9ma montre comment faciliter l'installation : d'abord, fixez les boucles encastr\u00e9es dans la fente arri\u00e8re, puis poussez le canal fermement dans l' ouverture.<br>Ce canal peu profond est parfait pour ajouter une lumi\u00e8re ambiante dans les cuisines modernes et les couloirs, ainsi que pour l'\u00e9clairage d'accentuation dans l'architecture, sur les \u00e9tag\u00e8res et dans les cabines d'affichage.<\/p>\n<\/div>\n\n\n\n<div class=\"wp-block-group has-background is-vertical is-layout-flex wp-container-core-group-is-layout-d255d7c4 wp-block-group-is-layout-flex\" style=\"background-color:#f1f1f1;padding-top:var(--wp--preset--spacing--80);padding-bottom:var(--wp--preset--spacing--80)\">\n<div class=\"wp-block-group is-vertical is-layout-flex wp-container-core-group-is-layout-8cf370e7 wp-block-group-is-layout-flex\">\n<h2 class=\"wp-block-heading\" style=\"padding-top:var(--wp--preset--spacing--40);padding-bottom:var(--wp--preset--spacing--40);font-size:25px;font-style:normal;font-weight:600;text-transform:capitalize\">Pourquoi choisir le canal lumineux LED en aluminium encastr\u00e9 de 13 mm ?<\/h2>\n\n\n\n<ul class=\"wp-block-list\">\n<li>Le design du canal encastr\u00e9 lui donne un look propre et int\u00e9gr\u00e9<\/li>\n\n\n\n<li>Aluminium anodis\u00e9 6063-T5 pour aider \u00e0 garder les LEDs au frais<\/li>\n\n\n\n<li>Compatible avec de nombreuses bandes lumineuses LED<\/li>\n\n\n\n<li>Equip\u00e9 d'un diffuseur opale qui adoucit et \u00e9galise la lumi\u00e8re<\/li>\n\n\n\n<li>Facile \u00e0 installer pour les cloisons s\u00e8ches, les armoires, les meubles, et plus<\/li>\n\n\n\n<li>Disponible en finitions argent, noir et blanc<\/li>\n<\/ul>\n<\/div>\n<\/div>\n\n\n\n<div class=\"wp-block-group\" style=\"padding-top:var(--wp--preset--spacing--60);padding-bottom:var(--wp--preset--spacing--60)\"><div class=\"wp-block-group__inner-container is-layout-constrained wp-block-group-is-layout-constrained\">\n<div class=\"wp-block-media-text has-media-on-the-right is-stacked-on-mobile\" style=\"grid-template-columns:auto 40%\"><div class=\"wp-block-media-text__content\">\n<h2 class=\"wp-block-heading\" style=\"padding-top:var(--wp--preset--spacing--40);padding-bottom:var(--wp--preset--spacing--40);font-size:25px;font-style:normal;font-weight:600;text-transform:capitalize\">Comment installer<\/h2>\n\n\n\n<ul class=\"wp-block-list\">\n<li>D\u00e9coupez une rainure de 35 mm de large et 13 mm de profondeur dans votre surface.<\/li>\n\n\n\n<li>Nettoyez la rainure et pressez le canal en aluminium jusqu'au fond. La bordure \u00e0 flasques dissimulera les bords rugueux.<\/li>\n\n\n\n<li>Utilisez des boucles ou de la colle forte pour le maintenir en place.<\/li>\n\n\n\n<li>Mettez votre bande lumineuse LED \u00e0 l'int\u00e9rieur du canal.<\/li>\n\n\n\n<li>Placez le diffuseur d\u00e9poli pour adoucir et \u00e9claircir la lumi\u00e8re.<\/li>\n\n\n\n<li>Ajoutez des bouchons de fin pour terminer.<\/li>\n<\/ul>\n<\/div><figure class=\"wp-block-media-text__media\"><img loading=\"lazy\" decoding=\"async\" width=\"500\" height=\"500\" src=\"https:\/\/tangooled.com\/wp-content\/uploads\/2025\/07\/r3513-ins.webp\" alt=\"35x13mm recessed aluminum led light channel\" class=\"wp-image-41814 size-full\" srcset=\"https:\/\/tangooled.com\/wp-content\/uploads\/2025\/07\/r3513-ins.webp 500w, https:\/\/tangooled.com\/wp-content\/uploads\/2025\/07\/r3513-ins-300x300.webp 300w, https:\/\/tangooled.com\/wp-content\/uploads\/2025\/07\/r3513-ins-150x150.webp 150w\" sizes=\"auto, (max-width: 500px) 100vw, 500px\" \/><\/figure><\/div>\n<\/div><\/div>\n\n\n\n<div class=\"wp-block-group has-background is-vertical is-layout-flex wp-container-core-group-is-layout-b429018a wp-block-group-is-layout-flex\" style=\"background-color:#f1f1f1f2;padding-top:var(--wp--preset--spacing--70);padding-bottom:var(--wp--preset--spacing--70)\">\n<h2 class=\"wp-block-heading\" style=\"padding-top:var(--wp--preset--spacing--40);padding-bottom:var(--wp--preset--spacing--40);font-size:25px;font-style:normal;font-weight:600\">Que contient le kit ?<\/h2>\n\n\n\n<ul class=\"wp-block-list\">\n<li>1x canal en aluminium LED encastr\u00e9<\/li>\n\n\n\n<li>1x couvercle diffuseur opale pour rendre la lumi\u00e8re uniforme<\/li>\n\n\n\n<li>2x bouchons de fin pour garder le c\u00e2blage soign\u00e9 et s\u00e9curis\u00e9<\/li>\n\n\n\n<li>Boucles qui sont encastr\u00e9es pour un maintien solide<\/li>\n<\/ul>\n<\/div>\n\n\n\n<div class=\"wp-block-group is-vertical is-layout-flex wp-container-core-group-is-layout-d255d7c4 wp-block-group-is-layout-flex\" style=\"padding-top:var(--wp--preset--spacing--80);padding-bottom:var(--wp--preset--spacing--80)\">\n<h2 class=\"wp-block-heading\" style=\"padding-top:var(--wp--preset--spacing--40);padding-bottom:var(--wp--preset--spacing--40);font-size:25px;font-style:normal;font-weight:600;text-transform:capitalize\"> Parfait pour ces applications<\/h2>\n\n\n\n<ul class=\"wp-block-list\">\n<li>\u00c9clairage sous les armoires et sur les \u00e9tag\u00e8res : \u00c9clairez les cuisines, les garde-robes et les pr\u00e9sentoirs.<\/li>\n\n\n\n<li>\u00c9clairage de corniche et architectural : Cr\u00e9ez des lignes de lumi\u00e8re cach\u00e9es dans les murs et les plafonds.<\/li>\n\n\n\n<li>Pr\u00e9sentations de vente au d\u00e9tail et commerciales : Utilisez des LEDs brillantes et nettes pour mettre en valeur les produits.<\/li>\n\n\n\n<li>\u00c9clairage int\u00e9gr\u00e9 pour meubles et armoires : Lumi\u00e8res int\u00e9gr\u00e9es dans les placards et sur les \u00e9tag\u00e8res.<\/li>\n<\/ul>\n<\/div>\n\n\n\n<div class=\"wp-block-group has-background is-vertical is-layout-flex wp-container-core-group-is-layout-b429018a wp-block-group-is-layout-flex\" style=\"background-color:#f1f1f1f2;padding-top:var(--wp--preset--spacing--70);padding-bottom:var(--wp--preset--spacing--70)\">\n<h2 class=\"wp-block-heading\" style=\"padding-top:var(--wp--preset--spacing--40);padding-bottom:var(--wp--preset--spacing--40);font-size:25px;font-style:normal;font-weight:600;text-transform:capitalize\">produits qui pourraient vous plaire<\/h2>\n\n\n\n<ul class=\"wp-block-list\">\n<li><a href=\"https:\/\/tangooled.com\/fr\/product\/black-led-diffuser-aluminum-channel-for-12mm-tape-lights\/\"><mark style=\"background-color:rgba(0, 0, 0, 0)\" class=\"has-inline-color has-vivid-red-color\">Profil en aluminium avec diffuseur LED noir pour bandes de 12 mm<\/mark><\/a><\/li>\n\n\n\n<li><a href=\"https:\/\/tangooled.com\/fr\/product\/25x14m-surface-mounted-led-light-aluminum-profile\/\"><mark style=\"background-color:rgba(0, 0, 0, 0)\" class=\"has-inline-color has-vivid-red-color\">Profil en aluminium pour LED mont\u00e9 en surface de 25x14mm<\/mark><\/a><\/li>\n\n\n\n<li><a href=\"https:\/\/tangooled.com\/fr\/product\/led-strip-light-channel-aluminum-profile-with-diffused-cover-6mm-height\/\"><mark style=\"background-color:rgba(0, 0, 0, 0)\" class=\"has-inline-color has-vivid-red-color\">Profil en aluminium pour bande LED avec couvercle diffusant de 6 mm de hauteur<\/mark><\/a><\/li>\n\n\n\n<li><a href=\"https:\/\/tangooled.com\/fr\/product\/recessed-led-aluminum-profile-up-and-down-lighting-channel-for-cabinet\/\"><mark style=\"background-color:rgba(0, 0, 0, 0)\" class=\"has-inline-color has-vivid-red-color\">Profil en aluminium LED encastr\u00e9 pour \u00e9clairage sup\u00e9rieur et inf\u00e9rieur pour meuble<\/mark><\/a><\/li>\n<\/ul>\n<\/div>\n\n\n\n<p><\/p>","protected":false},"featured_media":14831,"template":"","meta":{"_acf_changed":true,"_seopress_robots_primary_cat":"none","_seopress_titles_title":"13mm Deep Recessed LED Channel Aluminum Lighting Profile | TANGOOLED","_seopress_titles_desc":"Experience smooth linear lighting with our 13mm deep recessed LED channel. This recessed aluminum profile is designed for a flush-mount finish, providing excellent heat dissipation for professional indoor projects.","_seopress_robots_index":""},"pcb-width":[229],"product-cat":[193],"class_list":{"0":"post-34968","1":"product","2":"type-product","3":"status-publish","4":"has-post-thumbnail","6":"pcb-width-15-20mm","7":"product-cat-recessed-profile"},"acf":[],"_links":{"self":[{"href":"https:\/\/tangooled.com\/fr\/wp-json\/wp\/v2\/product\/34968","targetHints":{"allow":["GET"]}}],"collection":[{"href":"https:\/\/tangooled.com\/fr\/wp-json\/wp\/v2\/product"}],"about":[{"href":"https:\/\/tangooled.com\/fr\/wp-json\/wp\/v2\/types\/product"}],"wp:featuredmedia":[{"embeddable":true,"href":"https:\/\/tangooled.com\/fr\/wp-json\/wp\/v2\/media\/14831"}],"wp:attachment":[{"href":"https:\/\/tangooled.com\/fr\/wp-json\/wp\/v2\/media?parent=34968"}],"wp:term":[{"taxonomy":"pcb-width","embeddable":true,"href":"https:\/\/tangooled.com\/fr\/wp-json\/wp\/v2\/pcb-width?post=34968"},{"taxonomy":"product-cat","embeddable":true,"href":"https:\/\/tangooled.com\/fr\/wp-json\/wp\/v2\/product-cat?post=34968"}],"curies":[{"name":"wp","href":"https:\/\/api.w.org\/{rel}","templated":true}]}}