{"id":34967,"date":"2025-07-01T02:24:45","date_gmt":"2025-07-01T10:24:45","guid":{"rendered":"https:\/\/tangooled.com\/?post_type=product&#038;p=34967"},"modified":"2026-02-02T22:23:22","modified_gmt":"2026-02-03T06:23:22","slug":"inner-31mm-led-recessed-aluminum-profile-for-double-led-strips","status":"publish","type":"product","link":"https:\/\/tangooled.com\/fr\/product\/inner-31mm-led-recessed-aluminum-profile-for-double-led-strips\/","title":{"rendered":"profil en aluminium encastr\u00e9 de 31 mm pour bandes doubles LED"},"content":{"rendered":"<div class=\"wp-block-group\" style=\"padding-top:var(--wp--preset--spacing--80);padding-bottom:var(--wp--preset--spacing--80)\"><div class=\"wp-block-group__inner-container is-layout-constrained wp-block-group-is-layout-constrained\">\n<p>Vous pouvez am\u00e9liorer votre \u00e9clairage avec notre profil en aluminium encastr\u00e9 de 31 mm, qui peut accueillir deux bandes LED c\u00f4te \u00e0 c\u00f4te. Fabriqu\u00e9 en alliage d'aluminium extrud\u00e9 6063-T5 et avec un couvercle en polycarbonate, ce profil LED maintient les LED haute puissance \u00e0 une temp\u00e9rature acceptable tout en diffusant la lumi\u00e8re de mani\u00e8re uniforme. Les dimensions ext\u00e9rieures de ce profil sont 34.6 mm par 25.8 mm, et la largeur int\u00e9rieure est de 31 mm. L'ensemble du syst\u00e8me est livr\u00e9 avec tous les accessoires n\u00e9cessaires et l'installation est facile en s'attachant \u00e0 la cavit\u00e9 du plafond avec des ressorts de montage, puis en \u00e9tant pouss\u00e9 \u00e0 plat. Ce design est id\u00e9al pour une utilisation int\u00e9rieure et est parfait pour des applications \u00e0 fort lumen comme l'\u00e9clairage g\u00e9n\u00e9ral dans les lieux de travail, les galeries, les grands espaces de vente au d\u00e9tail ou les milieux r\u00e9sidentiels modernes o\u00f9 des lignes de lumi\u00e8re brillantes et nettes sont n\u00e9cessaires.<\/p>\n<\/div><\/div>\n\n\n\n<div class=\"wp-block-group has-background is-vertical is-layout-flex wp-container-core-group-is-layout-d255d7c4 wp-block-group-is-layout-flex\" style=\"background-color:#f1f1f1;padding-top:var(--wp--preset--spacing--80);padding-bottom:var(--wp--preset--spacing--80)\">\n<div class=\"wp-block-group\"><div class=\"wp-block-group__inner-container is-layout-constrained wp-block-group-is-layout-constrained\">\n<h2 class=\"wp-block-heading\" style=\"padding-top:var(--wp--preset--spacing--40);padding-bottom:var(--wp--preset--spacing--40);font-size:25px;font-style:normal;font-weight:600;text-transform:capitalize\">Pourquoi choisir notre profil en aluminium encastr\u00e9 de 31 mm ?<\/h2>\n\n\n\n<ul class=\"wp-block-list\">\n<li>Largeur int\u00e9rieure de 31 mm : id\u00e9al pour deux bandes LED pouvant aller jusqu'\u00e0 12 mm de large chacune. Plus de lumi\u00e8re et plus de couleurs au choix.<\/li>\n\n\n\n<li>Design encastr\u00e9 : Les joints permettent de monter la lumi\u00e8re \u00e0 fleur de plaque de pl\u00e2tre, lui donnant un aspect moderne et sans bord.<\/li>\n\n\n\n<li>Mat\u00e9riau solide : Fabriqu\u00e9 en aluminium anodis\u00e9 6063-T5 de haute qualit\u00e9. Il est solide et absorbe la chaleur pour emp\u00eacher les LED de surchauffer.<\/li>\n\n\n\n<li>Smooth Light Effect: Use with frosted or opal diffusers to provide light that is even and doesn&#8217;t cause glare.<\/li>\n\n\n\n<li>Kit complet : Comprend des clips de montage, des capuchons de fin et un diffuseur pour rendre votre projet professionnel.<\/li>\n<\/ul>\n<\/div><\/div>\n<\/div>\n\n\n\n<div class=\"wp-block-group\" style=\"padding-top:var(--wp--preset--spacing--60);padding-bottom:var(--wp--preset--spacing--60)\"><div class=\"wp-block-group__inner-container is-layout-constrained wp-block-group-is-layout-constrained\">\n<div class=\"wp-block-media-text has-media-on-the-right is-stacked-on-mobile\" style=\"grid-template-columns:auto 40%\"><div class=\"wp-block-media-text__content\">\n<h2 class=\"wp-block-heading\" style=\"padding-top:var(--wp--preset--spacing--40);padding-bottom:var(--wp--preset--spacing--40);font-size:25px;font-style:normal;font-weight:600;text-transform:capitalize\">Kit d'installation complet et facile<\/h2>\n\n\n\n<p>Nous avons tout ce dont vous avez besoin pour une installation professionnelle :<\/p>\n\n\n\n<ul class=\"wp-block-list\">\n<li>Ressorts de montage solides<\/li>\n\n\n\n<li>Capuchons de fin d'aspect propre (avec et sans trou pour le fil)<\/li>\n\n\n\n<li>Couvercles pour diffuseurs \u00e0 clipser<\/li>\n<\/ul>\n<\/div><figure class=\"wp-block-media-text__media\"><img loading=\"lazy\" decoding=\"async\" width=\"500\" height=\"500\" src=\"https:\/\/tangooled.com\/wp-content\/uploads\/2025\/07\/rp31-ins.webp\" alt=\"inner 31mm width recessed aluminum profile for double led strips\" class=\"wp-image-41792 size-full\" srcset=\"https:\/\/tangooled.com\/wp-content\/uploads\/2025\/07\/rp31-ins.webp 500w, https:\/\/tangooled.com\/wp-content\/uploads\/2025\/07\/rp31-ins-300x300.webp 300w, https:\/\/tangooled.com\/wp-content\/uploads\/2025\/07\/rp31-ins-150x150.webp 150w\" sizes=\"auto, (max-width: 500px) 100vw, 500px\" \/><\/figure><\/div>\n<\/div><\/div>\n\n\n\n<div class=\"wp-block-group\" style=\"padding-top:var(--wp--preset--spacing--80);padding-bottom:var(--wp--preset--spacing--80)\"><div class=\"wp-block-group__inner-container is-layout-constrained wp-block-group-is-layout-constrained\">\n<div class=\"wp-block-group has-background\" style=\"background-color:#f1f1f1;padding-top:var(--wp--preset--spacing--80);padding-bottom:var(--wp--preset--spacing--80)\"><div class=\"wp-block-group__inner-container is-layout-constrained wp-block-group-is-layout-constrained\">\n<h2 class=\"wp-block-heading\" style=\"font-size:25px;font-style:normal;font-weight:600;text-transform:capitalize\">Sc\u00e9narios d'utilisation<\/h2>\n\n\n\n<ul class=\"wp-block-list\">\n<li>\u00c9clairage pour la maison : \u00c9clairage pour cuisines, salons, couloirs et placards<\/li>\n\n\n\n<li>\u00c9clairage pour les entreprises : Bureaux, commerces, h\u00f4tels, galeries et restaurants<\/li>\n\n\n\n<li>\u00c9clairage pour les b\u00e2timents : \u00c9clairage de corniche, \u00e9clairage de plafond sans bord et \u00e9clairage arri\u00e8re pour les pr\u00e9sentations de vente au d\u00e9tail<\/li>\n\n\n\n<li>\u00c9clairages personnalis\u00e9s : Utilisez plusieurs profils pour fabriquer des suspensions ou des luminaires lin\u00e9aires.<\/li>\n<\/ul>\n<\/div><\/div>\n<\/div><\/div>\n\n\n\n<div class=\"wp-block-group\" style=\"padding-top:var(--wp--preset--spacing--80);padding-bottom:var(--wp--preset--spacing--80)\"><div class=\"wp-block-group__inner-container is-layout-constrained wp-block-group-is-layout-constrained\">\n<h2 class=\"wp-block-heading\" style=\"padding-top:var(--wp--preset--spacing--40);padding-bottom:var(--wp--preset--spacing--40);font-size:25px;font-style:normal;font-weight:600;text-transform:capitalize\">r\u00e9sum\u00e9<\/h2>\n\n\n\n<p>Si vous souhaitez un \u00e9clairage lin\u00e9aire moderne, \u00e0 haute sortie et uniforme, notre profil en aluminium encastr\u00e9 de 31 mm pour bandes LED doubles est un choix id\u00e9al. Son design encastr\u00e9 se fond parfaitement avec les surfaces en plaques de pl\u00e2tre ou en pl\u00e2tre. Que votre projet soit r\u00e9sidentiel ou commercial, d\u00e9coratif ou fonctionnel, ce profil vous aide \u00e0 cr\u00e9er des effets d'\u00e9clairage \u00e9l\u00e9gants et professionnels.<\/p>\n<\/div><\/div>","protected":false},"featured_media":14320,"template":"","meta":{"_acf_changed":true,"_seopress_robots_primary_cat":"none","_seopress_titles_title":"31mm Inner Recessed LED Profile for Double Strips | TANGOOLED","_seopress_titles_desc":"The RP31 features 31mm inner width, making it the perfect recessed LED profile for high-output double row strips. Ideal for commercial primary lighting where maximum brightness is required.","_seopress_robots_index":""},"pcb-width":[228],"product-cat":[193],"class_list":{"0":"post-34967","1":"product","2":"type-product","3":"status-publish","4":"has-post-thumbnail","6":"pcb-width-6-12mm","7":"product-cat-recessed-profile"},"acf":[],"_links":{"self":[{"href":"https:\/\/tangooled.com\/fr\/wp-json\/wp\/v2\/product\/34967","targetHints":{"allow":["GET"]}}],"collection":[{"href":"https:\/\/tangooled.com\/fr\/wp-json\/wp\/v2\/product"}],"about":[{"href":"https:\/\/tangooled.com\/fr\/wp-json\/wp\/v2\/types\/product"}],"wp:featuredmedia":[{"embeddable":true,"href":"https:\/\/tangooled.com\/fr\/wp-json\/wp\/v2\/media\/14320"}],"wp:attachment":[{"href":"https:\/\/tangooled.com\/fr\/wp-json\/wp\/v2\/media?parent=34967"}],"wp:term":[{"taxonomy":"pcb-width","embeddable":true,"href":"https:\/\/tangooled.com\/fr\/wp-json\/wp\/v2\/pcb-width?post=34967"},{"taxonomy":"product-cat","embeddable":true,"href":"https:\/\/tangooled.com\/fr\/wp-json\/wp\/v2\/product-cat?post=34967"}],"curies":[{"name":"wp","href":"https:\/\/api.w.org\/{rel}","templated":true}]}}