{"id":34966,"date":"2025-07-01T02:22:37","date_gmt":"2025-07-01T10:22:37","guid":{"rendered":"https:\/\/tangooled.com\/?post_type=product&#038;p=34966"},"modified":"2026-01-25T19:12:54","modified_gmt":"2026-01-26T03:12:54","slug":"recessed-25mm-led-aluminum-channel-for-double-row-led-strips","status":"publish","type":"product","link":"https:\/\/tangooled.com\/fr\/product\/recessed-25mm-led-aluminum-channel-for-double-row-led-strips\/","title":{"rendered":"profil en aluminium LED encastr\u00e9 de 25 mm pour bandes LED \u00e0 double rang\u00e9e"},"content":{"rendered":"<div class=\"wp-block-group\" style=\"padding-top:var(--wp--preset--spacing--80);padding-bottom:var(--wp--preset--spacing--80)\"><div class=\"wp-block-group__inner-container is-layout-constrained wp-block-group-is-layout-constrained\">\n<p>Notre profil\u00e9 aluminium LED encastr\u00e9 de 25 mm est parfait pour de nombreuses solutions d'\u00e9clairage \u00e0 bande. Il a suffisamment d'espace pour deux rang\u00e9es de bandes LED, ce qui vous offre une lumi\u00e8re douce et homog\u00e8ne.<br>This aluminum profile is 35.6 mm wide on the outside and 13.8 mm tall overall. The internal width is 25.0 mm, which is perfect for carrying LED strips\u00a0that are wider. The channel is made of high-quality extruded 6063-T5 aluminum alloy, which helps it cool down fast.The diffuser is made of opal PC material, which hides the bright spots of the LEDs.<br>This 25mm recessed channel is for indoor use, and its wide shape makes it perfect for tasks that demand a lot of light all the time, like commercial task lighting, wide ambient lighting in ceilings, and modern houses and offices&#8217; architectural lighting.<\/p>\n<\/div><\/div>\n\n\n\n<div class=\"wp-block-group has-background is-vertical is-layout-flex wp-container-core-group-is-layout-d255d7c4 wp-block-group-is-layout-flex\" style=\"background-color:#f1f1f1;padding-top:var(--wp--preset--spacing--80);padding-bottom:var(--wp--preset--spacing--80)\">\n<div class=\"wp-block-group is-vertical is-layout-flex wp-container-core-group-is-layout-8cf370e7 wp-block-group-is-layout-flex\">\n<h2 class=\"wp-block-heading\" style=\"padding-top:var(--wp--preset--spacing--40);padding-bottom:var(--wp--preset--spacing--40);font-size:25px;font-style:normal;font-weight:600;text-transform:capitalize\">Pourquoi utiliser notre profil\u00e9 aluminium LED encastr\u00e9 de 25 mm ?<\/h2>\n\n\n\n<ul class=\"wp-block-list\">\n<li>prend en charge deux bandes LED : Il peut contenir des bandes LED \u00e0 double rang\u00e9e jusqu'\u00e0 12 mm de large, comme les types 2835 ou 5050.<\/li>\n\n\n\n<li>Installation encastr\u00e9e : Ce style s'int\u00e8gre parfaitement dans votre mur ou plafond, ce qui le rend esth\u00e9tique.<\/li>\n\n\n\n<li>Aluminium r\u00e9sistant : Le m\u00e9tal anodis\u00e9 6063-T5 aide les LEDs \u00e0 durer plus longtemps en dissipant la chaleur.<\/li>\n\n\n\n<li>Couverture diffuseuse d\u00e9poli : Adoucit la lumi\u00e8re et \u00e9limine les points lumineux.<\/li>\n\n\n\n<li>Prot\u00e8ge les bandes LED de la poussi\u00e8re et des dommages.<\/li>\n<\/ul>\n<\/div>\n<\/div>\n\n\n\n<div class=\"wp-block-group\" style=\"padding-top:var(--wp--preset--spacing--60);padding-bottom:var(--wp--preset--spacing--60)\"><div class=\"wp-block-group__inner-container is-layout-constrained wp-block-group-is-layout-constrained\">\n<div class=\"wp-block-media-text has-media-on-the-right is-stacked-on-mobile\"><div class=\"wp-block-media-text__content\">\n<h2 class=\"wp-block-heading\" style=\"padding-top:var(--wp--preset--spacing--40);padding-bottom:var(--wp--preset--spacing--40);font-size:25px;font-style:normal;font-weight:600;text-transform:capitalize\">Comment utiliser le canal LED encastr\u00e9 de 25 mm<\/h2>\n\n\n\n<ul class=\"wp-block-list\">\n<li>Faites une rainure dans le mur ou le plafond de la m\u00eame taille que le canal en aluminium.<\/li>\n\n\n\n<li>Ins\u00e9rez le canal dans la rainure afin qu'il soit nivel\u00e9 avec la surface.<\/li>\n\n\n\n<li>Utilisez des vis pour le maintenir en place.<\/li>\n\n\n\n<li>\u00c0 l'int\u00e9rieur, placez deux bandes LED l'une \u00e0 c\u00f4t\u00e9 de l'autre.<\/li>\n\n\n\n<li>Placez le couvercle du diffuseur d\u00e9poli.<\/li>\n\n\n\n<li>Pour les fermer, mettez des bouchons aux deux extr\u00e9mit\u00e9s.<\/li>\n\n\n\n<li>Branchez-le et profitez d'une lumi\u00e8re lumineuse et homog\u00e8ne !<\/li>\n<\/ul>\n<\/div><figure class=\"wp-block-media-text__media\"><img loading=\"lazy\" decoding=\"async\" width=\"500\" height=\"500\" src=\"https:\/\/tangooled.com\/wp-content\/uploads\/2025\/07\/rp25-ins.webp\" alt=\"recessed 25mm led aluminum channel for double row led strips\" class=\"wp-image-41788 size-full\" srcset=\"https:\/\/tangooled.com\/wp-content\/uploads\/2025\/07\/rp25-ins.webp 500w, https:\/\/tangooled.com\/wp-content\/uploads\/2025\/07\/rp25-ins-300x300.webp 300w, https:\/\/tangooled.com\/wp-content\/uploads\/2025\/07\/rp25-ins-150x150.webp 150w\" sizes=\"auto, (max-width: 500px) 100vw, 500px\" \/><\/figure><\/div>\n<\/div><\/div>\n\n\n\n<div class=\"wp-block-group has-background is-vertical is-layout-flex wp-container-core-group-is-layout-b429018a wp-block-group-is-layout-flex\" style=\"background-color:#f1f1f1f2;padding-top:var(--wp--preset--spacing--70);padding-bottom:var(--wp--preset--spacing--70)\">\n<h2 class=\"wp-block-heading\" style=\"padding-top:var(--wp--preset--spacing--40);padding-bottom:var(--wp--preset--spacing--40);font-size:25px;font-style:normal;font-weight:600;text-transform:capitalize\">what\u2018s in the kit?<\/h2>\n\n\n\n<ul class=\"wp-block-list\">\n<li>1x Profil\u00e9 aluminium de 25 mm anodis\u00e9<\/li>\n\n\n\n<li>1x Diffuseur en polycarbonate opale<\/li>\n\n\n\n<li>Deux bouchons d'extr\u00e9mit\u00e9<\/li>\n\n\n\n<li>Vis<\/li>\n<\/ul>\n<\/div>\n\n\n\n<div class=\"wp-block-group is-vertical is-layout-flex wp-container-core-group-is-layout-d255d7c4 wp-block-group-is-layout-flex\" style=\"padding-top:var(--wp--preset--spacing--80);padding-bottom:var(--wp--preset--spacing--80)\">\n<h2 class=\"wp-block-heading\" style=\"padding-top:var(--wp--preset--spacing--40);padding-bottom:var(--wp--preset--spacing--40);font-size:25px;font-style:normal;font-weight:600;text-transform:capitalize\">O\u00f9 pouvez-vous l'utiliser ?<\/h2>\n\n\n\n<p style=\"padding-right:var(--wp--preset--spacing--50);padding-left:var(--wp--preset--spacing--50)\">Notre canal aluminium de 25 mm encastr\u00e9 fonctionne bien dans beaucoup d'endroits :<\/p>\n\n\n\n<ul class=\"wp-block-list\">\n<li>Cr\u00e9ez des lignes de lumi\u00e8re droites et soign\u00e9es sur les murs et les plafonds.<\/li>\n\n\n\n<li>Sous les placards : \u00c9clairez les plans de travail de cuisine ou les \u00e9tag\u00e8res.<\/li>\n\n\n\n<li>\u00c9tag\u00e8res de vente : Utilisez une lumi\u00e8re uniforme pour mettre en valeur vos objets.<\/li>\n\n\n\n<li>Designs architecturaux : Donnez aux maisons et bureaux un look moderne.<\/li>\n<\/ul>\n<\/div>\n\n\n\n<div class=\"wp-block-group has-background is-vertical is-layout-flex wp-container-core-group-is-layout-b429018a wp-block-group-is-layout-flex\" style=\"background-color:#f1f1f1f2;padding-top:var(--wp--preset--spacing--70);padding-bottom:var(--wp--preset--spacing--70)\">\n<h2 class=\"wp-block-heading\" style=\"padding-top:var(--wp--preset--spacing--40);padding-right:0;padding-bottom:var(--wp--preset--spacing--40);padding-left:0;font-size:25px;font-style:normal;font-weight:600;text-transform:capitalize\">produits connexes qui pourraient vous plaire<\/h2>\n\n\n\n<ul class=\"wp-block-list\">\n<li><a href=\"https:\/\/tangooled.com\/fr\/product\/black-led-diffuser-aluminum-channel-for-12mm-tape-lights\/\"><mark style=\"background-color:rgba(0, 0, 0, 0)\" class=\"has-inline-color has-vivid-red-color\">Profil en aluminium avec diffuseur LED noir pour bandes de 12 mm<\/mark><\/a><\/li>\n\n\n\n<li><a href=\"https:\/\/tangooled.com\/fr\/product\/surface-mount-led-profile-with-frosted-diffuser-for-10mm-rope-lights\/\"><mark style=\"background-color:rgba(0, 0, 0, 0)\" class=\"has-inline-color has-vivid-red-color\">Profil LED \u00e0 montage en surface avec diffuseur d\u00e9poli pour bandes de 10 mm<\/mark><\/a><\/li>\n\n\n\n<li><a href=\"https:\/\/tangooled.com\/fr\/product\/25mm-u-shape-led-mounting-channel-for-15mm-double-row-led-strip-lights\/\"><mark style=\"background-color:rgba(0, 0, 0, 0)\" class=\"has-inline-color has-vivid-red-color\">Canal de montage LED en forme de U de 25 mm pour bandes LED \u00e0 double rang\u00e9e de 15 mm<\/mark><\/a><\/li>\n\n\n\n<li><a href=\"https:\/\/tangooled.com\/fr\/product\/aluminum-led-strip-extrusion-diffuser-channel-for-5050-double-row-led-strip\/\"><mark style=\"background-color:rgba(0, 0, 0, 0)\" class=\"has-inline-color has-vivid-red-color\">Profil de diffuseur en aluminium pour bande LED 5050 \u00e0 double rang\u00e9e<\/mark><\/a> <\/li>\n<\/ul>\n<\/div>\n\n\n\n<p><\/p>","protected":false},"featured_media":14325,"template":"","meta":{"_acf_changed":true,"_seopress_robots_primary_cat":"none","_seopress_titles_title":"25mm Recessed LED Aluminum Channel for Double Row Strip | TANGOOLED","_seopress_titles_desc":"Buy our 25mm recessed LED aluminum channel designed for double row LED strips. This professional recessed profile provides high brightness and efficient heat dissipation for large-scale linear lighting projects.","_seopress_robots_index":""},"pcb-width":[228],"product-cat":[193],"class_list":{"0":"post-34966","1":"product","2":"type-product","3":"status-publish","4":"has-post-thumbnail","6":"pcb-width-6-12mm","7":"product-cat-recessed-profile"},"acf":[],"_links":{"self":[{"href":"https:\/\/tangooled.com\/fr\/wp-json\/wp\/v2\/product\/34966","targetHints":{"allow":["GET"]}}],"collection":[{"href":"https:\/\/tangooled.com\/fr\/wp-json\/wp\/v2\/product"}],"about":[{"href":"https:\/\/tangooled.com\/fr\/wp-json\/wp\/v2\/types\/product"}],"wp:featuredmedia":[{"embeddable":true,"href":"https:\/\/tangooled.com\/fr\/wp-json\/wp\/v2\/media\/14325"}],"wp:attachment":[{"href":"https:\/\/tangooled.com\/fr\/wp-json\/wp\/v2\/media?parent=34966"}],"wp:term":[{"taxonomy":"pcb-width","embeddable":true,"href":"https:\/\/tangooled.com\/fr\/wp-json\/wp\/v2\/pcb-width?post=34966"},{"taxonomy":"product-cat","embeddable":true,"href":"https:\/\/tangooled.com\/fr\/wp-json\/wp\/v2\/product-cat?post=34966"}],"curies":[{"name":"wp","href":"https:\/\/api.w.org\/{rel}","templated":true}]}}