{"id":34963,"date":"2025-07-01T02:20:27","date_gmt":"2025-07-01T10:20:27","guid":{"rendered":"https:\/\/tangooled.com\/?post_type=product&#038;p=34963"},"modified":"2026-01-31T01:07:09","modified_gmt":"2026-01-31T09:07:09","slug":"23mm-deep-recessed-led-profile-for-15mm-strips","status":"publish","type":"product","link":"https:\/\/tangooled.com\/fr\/product\/23mm-deep-recessed-led-profile-for-15mm-strips\/","title":{"rendered":"Profil\u00e9 de canal LED en aluminium encastr\u00e9 de 23 mm pour bandes de 15 mm"},"content":{"rendered":"<div class=\"wp-block-group\" style=\"padding-top:var(--wp--preset--spacing--80);padding-bottom:var(--wp--preset--spacing--80)\"><div class=\"wp-block-group__inner-container is-layout-constrained wp-block-group-is-layout-constrained\">\n<p>Notre canal LED encastr\u00e9 de 23 mm est un profil\u00e9 en aluminium profond con\u00e7u pour un \u00e9clairage discret, qui cache votre bande LED de 15 mm \u00e0 plat \u00e0 l'int\u00e9rieur des murs ou des plafonds. Les LED peuvent briller sans points visibles car la largeur int\u00e9rieure est de 19,6 mm et la profondeur est de 23,3 mm. Le canal en aluminium&nbsp;sert de dissipateur thermique int\u00e9gr\u00e9, ce qui maintient vos bandes LED au frais et prolonge leur dur\u00e9e de vie. Ce profil\u00e9 est facile \u00e0 installer car il dispose d'un syst\u00e8me d'installation encastr\u00e9. Il est g\u00e9n\u00e9ralement maintenu en place par des clips \u00e0 ressort flexibles qui se verrouillent solidement dans le placopl\u00e2tre ou le panneau de plafond.<\/p>\n<\/div><\/div>\n\n\n\n<div class=\"wp-block-group has-background is-vertical is-layout-flex wp-container-core-group-is-layout-d255d7c4 wp-block-group-is-layout-flex\" style=\"background-color:#f1f1f1;padding-top:var(--wp--preset--spacing--80);padding-bottom:var(--wp--preset--spacing--80)\">\n<div class=\"wp-block-group is-vertical is-layout-flex wp-container-core-group-is-layout-8cf370e7 wp-block-group-is-layout-flex\">\n<h2 class=\"wp-block-heading\" style=\"padding-top:var(--wp--preset--spacing--40);padding-bottom:var(--wp--preset--spacing--40);font-size:25px;font-style:normal;font-weight:600;text-transform:capitalize\">Pourquoi choisir notre canal LED encastr\u00e9 de 23 mm ?<\/h2>\n\n\n\n<ul class=\"wp-block-list\">\n<li>Compatible avec les bandes LED de 15 mm, comme Philips Hue et les bandes RGBW \u00e0 double rang\u00e9e.<\/li>\n\n\n\n<li>Diffusion brillante et homog\u00e8ne sans points.<\/li>\n\n\n\n<li>Montage affleurant et design de finition pour cacher les bords visibles.<\/li>\n\n\n\n<li>Aluminium anodis\u00e9 suffisamment r\u00e9sistant pour supporter la chaleur et l'usure.<\/li>\n\n\n\n<li>Prot\u00e8ge les bandes LED de la salet\u00e9, de l'eau et des dommages.<\/li>\n\n\n\n<li>Il est fourni avec un diffuseur, des clips de montage \u00e0 ressort et des capuchons de finition.<\/li>\n\n\n\n<li>Vous pouvez le couper sur le terrain pour le rendre de n'importe quelle longueur ou forme de votre choix.<\/li>\n<\/ul>\n<\/div>\n<\/div>\n\n\n\n<div class=\"wp-block-group is-vertical is-layout-flex wp-container-core-group-is-layout-d255d7c4 wp-block-group-is-layout-flex\" style=\"padding-top:var(--wp--preset--spacing--80);padding-bottom:var(--wp--preset--spacing--80)\">\n<hr class=\"wp-block-separator has-alpha-channel-opacity\"\/>\n\n\n\n<div class=\"wp-block-media-text has-media-on-the-right is-stacked-on-mobile\" style=\"grid-template-columns:auto 40%\"><div class=\"wp-block-media-text__content\">\n<h2 class=\"wp-block-heading\" style=\"padding-top:var(--wp--preset--spacing--40);padding-bottom:var(--wp--preset--spacing--40);font-size:25px;text-transform:capitalize\">Comment utiliser le canal LED encastr\u00e9 de 23 mm ?<\/h2>\n\n\n\n<ul class=\"wp-block-list\">\n<li>\u00c9clairage des b\u00e2timents en pla\u00e7ant des lignes de lumi\u00e8re sur les plafonds, les murs et les sols.<\/li>\n\n\n\n<li>\u00c9clairage de travail sous les armoires : lumi\u00e8re vive et douce pour les zones de travail.<\/li>\n\n\n\n<li>\u00c9clairage pour les garde-robes et les meubles : lumi\u00e8re cach\u00e9e dans les placards et les armoires.<\/li>\n\n\n\n<li>\u00c9clairages pour magasins et entreprises : un \u00e9clairage clair et lumineux pour les articles.<\/li>\n<\/ul>\n<\/div><figure class=\"wp-block-media-text__media\"><img loading=\"lazy\" decoding=\"async\" width=\"500\" height=\"500\" src=\"https:\/\/tangooled.com\/wp-content\/uploads\/2025\/07\/rp22-ins.webp\" alt=\"22x23mm led strip channel for 15mm strip light ceiling recessed\" class=\"wp-image-41783 size-full\" srcset=\"https:\/\/tangooled.com\/wp-content\/uploads\/2025\/07\/rp22-ins.webp 500w, https:\/\/tangooled.com\/wp-content\/uploads\/2025\/07\/rp22-ins-300x300.webp 300w, https:\/\/tangooled.com\/wp-content\/uploads\/2025\/07\/rp22-ins-150x150.webp 150w\" sizes=\"auto, (max-width: 500px) 100vw, 500px\" \/><\/figure><\/div>\n<\/div>\n\n\n\n<div class=\"wp-block-group has-background is-vertical is-layout-flex wp-container-core-group-is-layout-b429018a wp-block-group-is-layout-flex\" style=\"background-color:#f1f1f1f2;padding-top:var(--wp--preset--spacing--70);padding-bottom:var(--wp--preset--spacing--70)\">\n<h2 class=\"wp-block-heading\" style=\"padding-top:var(--wp--preset--spacing--40);padding-bottom:var(--wp--preset--spacing--40);font-size:25px;font-style:normal;font-weight:600;text-transform:capitalize\">Que pouvez-vous obtenir dans un kit ?<\/h2>\n\n\n\n<ul class=\"wp-block-list\">\n<li>1x profil\u00e9 en aluminium encastr\u00e9 anodis\u00e9<\/li>\n\n\n\n<li>1x PC diffuseur de lumi\u00e8re en verre d\u00e9poli<\/li>\n\n\n\n<li>Deux bouchons d'extr\u00e9mit\u00e9<\/li>\n\n\n\n<li>Deux clips de montage \u00e0 ressort<\/li>\n<\/ul>\n<\/div>\n\n\n\n<div class=\"wp-block-group is-vertical is-layout-flex wp-container-core-group-is-layout-d255d7c4 wp-block-group-is-layout-flex\" style=\"padding-top:var(--wp--preset--spacing--80);padding-bottom:var(--wp--preset--spacing--80)\">\n<h2 class=\"wp-block-heading\" style=\"padding-top:var(--wp--preset--spacing--40);padding-bottom:var(--wp--preset--spacing--40);font-size:25px;font-style:normal;font-weight:600;text-transform:capitalize\">informations sur la compatibilit\u00e9<\/h2>\n\n\n\n<p style=\"padding-right:var(--wp--preset--spacing--50);padding-left:var(--wp--preset--spacing--50)\">Notre canal LED encastr\u00e9 de 23 mm convient aux bandes de LED de 15 mm de large, telles que 5050, 2835, COB, RGB et RGBW.<\/p>\n\n\n\n<ul class=\"wp-block-list\">\n<li>Diff\u00e9rentes tensions : bandes LED fonctionnant avec 12V et 24V.<\/li>\n\n\n\n<li>Compatible avec les marques populaires comme Philips Hue Lightstrip Plus (V4 et plus r\u00e9cent).<\/li>\n\n\n\n<li>Best for strips that aren&#8217;t waterproof or are IP65 waterproof and are put on properly.<\/li>\n<\/ul>\n<\/div>\n\n\n\n<div class=\"wp-block-group is-vertical is-layout-flex wp-container-core-group-is-layout-d255d7c4 wp-block-group-is-layout-flex\" style=\"padding-top:var(--wp--preset--spacing--80);padding-bottom:var(--wp--preset--spacing--80)\">\n<h2 class=\"wp-block-heading\" style=\"padding-top:var(--wp--preset--spacing--40);padding-bottom:var(--wp--preset--spacing--40);font-size:25px;font-style:normal;font-weight:600;text-transform:capitalize\">produits connexes qui pourraient vous plaire<\/h2>\n\n\n\n<p style=\"padding-right:var(--wp--preset--spacing--50);padding-left:var(--wp--preset--spacing--50)\">Explorez ces profils similaires pour diff\u00e9rentes tailles et finitions :<\/p>\n\n\n\n<ul class=\"wp-block-list\">\n<li><a href=\"https:\/\/tangooled.com\/fr\/product\/22x15mm-led-light-channel-aluminum-extrusion-for-flexible-strips\/\"><mark style=\"background-color:rgba(0, 0, 0, 0)\" class=\"has-inline-color has-vivid-red-color\">Canal LED de 22x15mm pour bandes flexibles<\/mark><\/a><\/li>\n\n\n\n<li><a href=\"https:\/\/tangooled.com\/fr\/product\/black-led-diffuser-aluminum-channel-for-12mm-tape-lights\/\"><mark style=\"background-color:rgba(0, 0, 0, 0)\" class=\"has-inline-color has-vivid-red-color\">Profil en aluminium avec diffuseur LED noir pour bandes de 12 mm<\/mark><\/a><\/li>\n\n\n\n<li><a href=\"https:\/\/tangooled.com\/fr\/product\/25x6mm-low-profile-led-strip-channel-for-10mm-led-strip-light\/\"><mark style=\"background-color:rgba(0, 0, 0, 0)\" class=\"has-inline-color has-vivid-red-color\">Ch\u00e2ssis de bande LED \u00e0 profil bas 25x6mm pour bande LED de 10mm<\/mark><\/a><\/li>\n\n\n\n<li><a href=\"https:\/\/tangooled.com\/fr\/product\/recessed-aluminum-led-channel-with-ceiling-buckle-for-led-10mm-strip-light\/\"><mark style=\"background-color:rgba(0, 0, 0, 0)\" class=\"has-inline-color has-vivid-red-color\">Canal LED en aluminium encastr\u00e9 avec boucle de plafond<\/mark><\/a><\/li>\n<\/ul>\n<\/div>\n\n\n\n<p><\/p>","protected":false},"featured_media":14331,"template":"","meta":{"_acf_changed":true,"_seopress_robots_primary_cat":"none","_seopress_titles_title":"23mm Deep Recessed LED Profile for 15mm Strips | TANGOOLED","_seopress_titles_desc":"Eliminate LED spotting with our 23mm deep recessed profile. Designed for 15mm wide LED strips, this extra-deep aluminum channel provides superior diffusion and professional heat dissipation for high-end linear lighting.","_seopress_robots_index":""},"pcb-width":[229],"product-cat":[193],"class_list":{"0":"post-34963","1":"product","2":"type-product","3":"status-publish","4":"has-post-thumbnail","6":"pcb-width-15-20mm","7":"product-cat-recessed-profile"},"acf":[],"_links":{"self":[{"href":"https:\/\/tangooled.com\/fr\/wp-json\/wp\/v2\/product\/34963","targetHints":{"allow":["GET"]}}],"collection":[{"href":"https:\/\/tangooled.com\/fr\/wp-json\/wp\/v2\/product"}],"about":[{"href":"https:\/\/tangooled.com\/fr\/wp-json\/wp\/v2\/types\/product"}],"wp:featuredmedia":[{"embeddable":true,"href":"https:\/\/tangooled.com\/fr\/wp-json\/wp\/v2\/media\/14331"}],"wp:attachment":[{"href":"https:\/\/tangooled.com\/fr\/wp-json\/wp\/v2\/media?parent=34963"}],"wp:term":[{"taxonomy":"pcb-width","embeddable":true,"href":"https:\/\/tangooled.com\/fr\/wp-json\/wp\/v2\/pcb-width?post=34963"},{"taxonomy":"product-cat","embeddable":true,"href":"https:\/\/tangooled.com\/fr\/wp-json\/wp\/v2\/product-cat?post=34963"}],"curies":[{"name":"wp","href":"https:\/\/api.w.org\/{rel}","templated":true}]}}