{"id":34962,"date":"2025-07-01T02:16:45","date_gmt":"2025-07-01T10:16:45","guid":{"rendered":"https:\/\/tangooled.com\/?post_type=product&#038;p=34962"},"modified":"2026-01-31T01:03:41","modified_gmt":"2026-01-31T09:03:41","slug":"15mm-deep-recessed-led-channel-for-double-row-strips","status":"publish","type":"product","link":"https:\/\/tangooled.com\/fr\/product\/15mm-deep-recessed-led-channel-for-double-row-strips\/","title":{"rendered":"Profil LED encastr\u00e9 de 15 mm pour bande lumineuse \u00e0 double rang\u00e9e"},"content":{"rendered":"<div class=\"wp-block-group is-vertical is-layout-flex wp-container-core-group-is-layout-d255d7c4 wp-block-group-is-layout-flex\" style=\"padding-top:var(--wp--preset--spacing--80);padding-bottom:var(--wp--preset--spacing--80)\">\n<p>Ce profil LED encastr\u00e9 de 15 mm est con\u00e7u pour les bandes LED \u00e0 double rang\u00e9e. La largeur int\u00e9rieure est de 19,6 mm, ce qui convient aux bandes LED de 15 mm de large telles que SMD5050, 2835 ou types RGB. Il s\u2019ins\u00e8re dans des rainures de 22,2 mm de large et 14 mm de hauteur. Les ailes couvrent le bord des rainures, ce qui en fait une solution d\u2019\u00e9clairage lin\u00e9aire parfaite. \u00c9quip\u00e9 d\u2019accessoires complets comme des bouchons d\u2019extr\u00e9mit\u00e9 et des clips de montage, ce profil permet une installation facile dans les plafonds, les murs, les meubles et de nombreux autres projets d\u2019\u00e9clairage architectural et commercial.<\/p>\n<\/div>\n\n\n\n<div class=\"wp-block-group has-background is-vertical is-layout-flex wp-container-core-group-is-layout-d255d7c4 wp-block-group-is-layout-flex\" style=\"background-color:#f1f1f1;padding-top:var(--wp--preset--spacing--80);padding-bottom:var(--wp--preset--spacing--80)\">\n<div class=\"wp-block-group is-vertical is-layout-flex wp-container-core-group-is-layout-8cf370e7 wp-block-group-is-layout-flex\">\n<h2 class=\"wp-block-heading\" style=\"padding-top:var(--wp--preset--spacing--40);padding-bottom:var(--wp--preset--spacing--40);font-size:25px;font-style:normal;font-weight:600\">Pourquoi choisir notre profil LED encastr\u00e9 de 15 mm ?<\/h2>\n\n\n\n<p style=\"padding-right:var(--wp--preset--spacing--50);padding-left:var(--wp--preset--spacing--50)\">Notre profil LED encastr\u00e9 de 15 mm est con\u00e7u pour vous aider \u00e0 obtenir une lumi\u00e8re forte, uniforme et coh\u00e9rente. La bande LED \u00e0 double rang\u00e9e s\u2019ins\u00e8re dans ce profil LED, rendant votre \u00e9clairage encore plus brillant et id\u00e9al pour \u00e9clairer une pi\u00e8ce, un corniche, une t\u00e2che ou en accent.<\/p>\n\n\n\n<ul class=\"wp-block-list\">\n<li>Fabriqu\u00e9 en aluminium anodis\u00e9 6063-T5 pour une excellente dissipation de la chaleur et une longue dur\u00e9e de vie.<\/li>\n\n\n\n<li>Comprend un diffuseur d\u00e9poli pour \u00e9viter un effet d'\u00e9clairage LED tachet\u00e9 ou ponctuel.<\/li>\n\n\n\n<li>Con\u00e7u pour un montage affleurant ou une installation encastr\u00e9e pour des finitions soign\u00e9es et nettes.<\/li>\n\n\n\n<li>Livr\u00e9 avec des bouchons d\u2019extr\u00e9mit\u00e9 et des clips de montage pour une installation facile.<\/li>\n\n\n\n<li>Fonctionne parfaitement avec les bandes lumineuses flexibles SMD 2835, 5050, 5630.<\/li>\n<\/ul>\n<\/div>\n<\/div>\n\n\n\n<div class=\"wp-block-group\" style=\"padding-top:var(--wp--preset--spacing--60);padding-bottom:var(--wp--preset--spacing--60)\"><div class=\"wp-block-group__inner-container is-layout-constrained wp-block-group-is-layout-constrained\">\n<div class=\"wp-block-media-text has-media-on-the-right is-stacked-on-mobile\"><div class=\"wp-block-media-text__content\">\n<h2 class=\"wp-block-heading\" style=\"padding-top:var(--wp--preset--spacing--40);padding-bottom:var(--wp--preset--spacing--40);font-size:25px;font-style:normal;font-weight:600;text-transform:capitalize\">Installation simplifi\u00e9e<\/h2>\n\n\n\n<ul class=\"wp-block-list\">\n<li>Faites une rainure dans votre plaque de pl\u00e2tre, bois ou mobilier.<\/li>\n\n\n\n<li>Positionnez le profil en le clipsant ou en le vissant avec les clips de montage fournis.<\/li>\n\n\n\n<li>Placez vos bandes LED \u00e0 double rang\u00e9e \u00e0 l'int\u00e9rieur du profil.<\/li>\n\n\n\n<li>Mettez le couvercle diffuseur opale au-dessus.<\/li>\n\n\n\n<li>Les bouchons d\u2019extr\u00e9mit\u00e9 scellent les extr\u00e9mit\u00e9s (un bouchon a un trou pour le passage d'un fil).<\/li>\n<\/ul>\n<\/div><figure class=\"wp-block-media-text__media\"><img loading=\"lazy\" decoding=\"async\" width=\"500\" height=\"500\" src=\"https:\/\/tangooled.com\/wp-content\/uploads\/2025\/07\/rp20b-ins.webp\" alt=\"recessed 22x15mm led strip lighting channel for double row led strip\" class=\"wp-image-41779 size-full\" srcset=\"https:\/\/tangooled.com\/wp-content\/uploads\/2025\/07\/rp20b-ins.webp 500w, https:\/\/tangooled.com\/wp-content\/uploads\/2025\/07\/rp20b-ins-300x300.webp 300w, https:\/\/tangooled.com\/wp-content\/uploads\/2025\/07\/rp20b-ins-150x150.webp 150w\" sizes=\"auto, (max-width: 500px) 100vw, 500px\" \/><\/figure><\/div>\n<\/div><\/div>\n\n\n\n<div class=\"wp-block-group has-background is-vertical is-layout-flex wp-container-core-group-is-layout-b429018a wp-block-group-is-layout-flex\" style=\"background-color:#f1f1f1f2;padding-top:var(--wp--preset--spacing--70);padding-bottom:var(--wp--preset--spacing--70)\">\n<h2 class=\"wp-block-heading\" style=\"font-size:25px;font-style:normal;font-weight:600;text-transform:capitalize\">Que contient un kit ?<\/h2>\n\n\n\n<ul class=\"wp-block-list\">\n<li>1x Profil en aluminium encastr\u00e9 anodis\u00e9 22x15 mm<\/li>\n\n\n\n<li>1x PC diffuseur de lumi\u00e8re en verre d\u00e9poli<\/li>\n\n\n\n<li>Deux bouchons d'extr\u00e9mit\u00e9 <\/li>\n\n\n\n<li>Deux clips de montage<\/li>\n<\/ul>\n<\/div>\n\n\n\n<div class=\"wp-block-group is-vertical is-layout-flex wp-container-core-group-is-layout-d255d7c4 wp-block-group-is-layout-flex\" style=\"padding-top:var(--wp--preset--spacing--80);padding-bottom:var(--wp--preset--spacing--80)\">\n<h2 class=\"wp-block-heading\" style=\"font-size:25px;font-style:normal;font-weight:600;text-transform:capitalize\">Utilisations et applications populaires<\/h2>\n\n\n\n<ul class=\"wp-block-list\">\n<li>Salons et cuisines : Id\u00e9al pour un \u00e9clairage lumineux sous les armoires ou dans la pi\u00e8ce principale.<\/li>\n\n\n\n<li>Bureaux et salles de r\u00e9union : Cette lumi\u00e8re est propre et s\u2019harmonise bien avec les plafonds.<\/li>\n\n\n\n<li>Vitrines de magasin : Utilisez une lumi\u00e8re vive et uniforme pour faire ressortir les objets.<\/li>\n\n\n\n<li>Cove lighting: This type of lighting creates soft, steady lines of light that don&#8217;t come straight from the source.<\/li>\n\n\n\n<li>Mobilier sur mesure : Transformez le style de vos comptoirs ou armoires.<\/li>\n<\/ul>\n<\/div>\n\n\n\n<div class=\"wp-block-group has-background is-vertical is-layout-flex wp-container-core-group-is-layout-b429018a wp-block-group-is-layout-flex\" style=\"background-color:#f1f1f1f2;padding-top:var(--wp--preset--spacing--70);padding-bottom:var(--wp--preset--spacing--70)\">\n<h2 class=\"wp-block-heading\" style=\"font-size:25px;font-style:normal;font-weight:600\">Choisissez-nous pour vos besoins en profil LED<\/h2>\n\n\n\n<ul class=\"wp-block-list\">\n<li>D\u00e9couvrez le profil de bande LED encastr\u00e9 avec diffuseur pour bandes LED doubles pour cabinetry sur mesure : <mark style=\"background-color:rgba(0, 0, 0, 0)\" class=\"has-inline-color has-vivid-red-color\"><a href=\"https:\/\/tangooled.com\/fr\/product\/cabinet-led-strip-channel-with-diffuser-for-double-led-strips\/\">Voir ici<\/a>.<\/mark><\/li>\n\n\n\n<li>Explorez l'extrusion de canal de lumi\u00e8re LED 22x15 mm en aluminium pour bandes flexibles pour des d\u00e9tails de canal similaires :<a href=\"https:\/\/tangooled.com\/fr\/product\/22x15mm-led-light-channel-aluminum-extrusion-for-flexible-strips\/\"> <mark style=\"background-color:rgba(0, 0, 0, 0)\" class=\"has-inline-color has-vivid-red-color\">Page produit<\/mark><\/a><\/li>\n\n\n\n<li>Pour un design plus fin, voir <a href=\"https:\/\/tangooled.com\/fr\/product\/led-light-diffuser-channel-aluminum-15x12mm-for-10mm-led-strips\/\"><mark style=\"background-color:rgba(0, 0, 0, 0)\" class=\"has-inline-color has-vivid-red-color\">Canal diffuseur de lumi\u00e8re LED en aluminium 15x12mm pour bandes LED de 10mm<\/mark><\/a><\/li>\n<\/ul>\n<\/div>\n\n\n\n<p><\/p>","protected":false},"featured_media":14337,"template":"","meta":{"_acf_changed":true,"_seopress_robots_primary_cat":"none","_seopress_titles_title":"15mm Deep Recessed LED Channel for Double Row Strips | TANGOOLED","_seopress_titles_desc":"Achieve a dot-free, high-output glow with our 15mm deep recessed LED channel. Designed to fit double row strip lights, this flanged aluminum profile ensures professional heat dissipation for bright linear lighting.","_seopress_robots_index":""},"pcb-width":[229],"product-cat":[193],"class_list":{"0":"post-34962","1":"product","2":"type-product","3":"status-publish","4":"has-post-thumbnail","6":"pcb-width-15-20mm","7":"product-cat-recessed-profile"},"acf":[],"_links":{"self":[{"href":"https:\/\/tangooled.com\/fr\/wp-json\/wp\/v2\/product\/34962","targetHints":{"allow":["GET"]}}],"collection":[{"href":"https:\/\/tangooled.com\/fr\/wp-json\/wp\/v2\/product"}],"about":[{"href":"https:\/\/tangooled.com\/fr\/wp-json\/wp\/v2\/types\/product"}],"wp:featuredmedia":[{"embeddable":true,"href":"https:\/\/tangooled.com\/fr\/wp-json\/wp\/v2\/media\/14337"}],"wp:attachment":[{"href":"https:\/\/tangooled.com\/fr\/wp-json\/wp\/v2\/media?parent=34962"}],"wp:term":[{"taxonomy":"pcb-width","embeddable":true,"href":"https:\/\/tangooled.com\/fr\/wp-json\/wp\/v2\/pcb-width?post=34962"},{"taxonomy":"product-cat","embeddable":true,"href":"https:\/\/tangooled.com\/fr\/wp-json\/wp\/v2\/product-cat?post=34962"}],"curies":[{"name":"wp","href":"https:\/\/api.w.org\/{rel}","templated":true}]}}